{"id":10396,"date":"2021-10-14T15:32:06","date_gmt":"2021-10-14T15:32:06","guid":{"rendered":"https:\/\/www.fumc.edu.co\/en\/?page_id=10396"},"modified":"2023-02-14T13:49:18","modified_gmt":"2023-02-14T13:49:18","slug":"investigacionprotocolos","status":"publish","type":"page","link":"https:\/\/www.fumc.edu.co\/en\/investigacionprotocolos\/","title":{"rendered":"investigacion\/protocolos"},"content":{"rendered":"<p>[vc_row][vc_column][vc_empty_space][\/vc_column][\/vc_row][vc_row][vc_column width=\u00bb1\/4&#8243;][vc_wp_custommenu nav_menu=\u00bb67&#8243; el_class=\u00bbwitemlist\u00bb][\/vc_column][vc_column width=\u00bb3\/4&#8243;][vc_column_text]<\/p>\n<h2>Health user care protocols (<span class=\"Y2IQFc\" lang=\"en\">patients<\/span>)<\/h2>\n<p>[\/vc_column_text][vc_empty_space][vc_row_inner][vc_column_inner width=\u00bb1\/2&#8243;][stm_icon_box icon=\u00bbfa-icon-stm_icon_book\u00bb icon_align=\u00bbright\u00bb icon_color=\u00bb#ffffff\u00bb title=\u00bbTamizaje de degluci\u00f3n\u00bb box_bg_color=\u00bb#0090bd\u00bb box_text_color=\u00bb#ffffff\u00bb link=\u00bburl:https%3A%2F%2F20.232.9.141%2Fdocumentos%2Finvestigacion%2Ftamizajedeladeglucion.pdf||target:%20_blank|\u00bb][\/stm_icon_box][vc_separator style=\u00bbshadow\u00bb][\/vc_column_inner][vc_column_inner width=\u00bb1\/2&#8243;][stm_icon_box icon=\u00bbfa-icon-stm_icon_users\u00bb icon_align=\u00bbright\u00bb icon_color=\u00bb#ffffff\u00bb title=\u00bbEvaluaci\u00f3n cl\u00ednica de la degluci\u00f3n\u00bb box_bg_color=\u00bb#0090bd\u00bb box_text_color=\u00bb#ffffff\u00bb link=\u00bburl:https%3A%2F%2F20.232.9.141%2Fdocumentos%2Finvestigacion%2Fevaluacionclinicadeladeglucion.pdf||target:%20_blank|\u00bb][\/stm_icon_box][vc_separator style=\u00bbshadow\u00bb][\/vc_column_inner][\/vc_row_inner][vc_empty_space][vc_row_inner][vc_column_inner width=\u00bb1\/2&#8243;][stm_icon_box icon=\u00bbfa-icon-stm_icon_license\u00bb icon_align=\u00bbright\u00bb icon_color=\u00bb#ffffff\u00bb title=\u00bbEndoscopia de la degluci\u00f3n\u00bb box_bg_color=\u00bb#0090bd\u00bb box_text_color=\u00bb#ffffff\u00bb link=\u00bburl:https%3A%2F%2F20.232.9.141%2Fdocumentos%2Finvestigacion%2Fendoscopiadeladeglucion.pdf||target:%20_blank|\u00bb][\/stm_icon_box][vc_separator style=\u00bbshadow\u00bb][\/vc_column_inner][vc_column_inner width=\u00bb1\/2&#8243;][stm_icon_box icon=\u00bbfa-icon-stm_icon_viral_marketing\u00bb icon_align=\u00bbright\u00bb icon_color=\u00bb#ffffff\u00bb title=\u00bbVideofluoroscopia de la degluci\u00f3n \u00bb box_bg_color=\u00bb#0090bd\u00bb box_text_color=\u00bb#ffffff\u00bb link=\u00bburl:https%3A%2F%2F20.232.9.141%2Fdocumentos%2Finvestigacion%2Fvideofluoroscopiadeladeglucion.pdf||target:%20_blank|\u00bb][\/stm_icon_box][vc_separator style=\u00bbshadow\u00bb][\/vc_column_inner][\/vc_row_inner][vc_empty_space][vc_row_inner][vc_column_inner width=\u00bb1\/2&#8243;][stm_icon_box icon=\u00bbfa-icon-stm_icon_drawing_tool_circle\u00bb icon_align=\u00bbright\u00bb icon_color=\u00bb#ffffff\u00bb title=\u00bbTratamiento de la disfagia en adultos\u00bb box_bg_color=\u00bb#0090bd\u00bb box_text_color=\u00bb#ffffff\u00bb link=\u00bburl:https%3A%2F%2F20.232.9.141%2Fdocumentos%2Finvestigacion%2Ftratamientodeladisfagiaenadultos.pdf||target:%20_blank|\u00bb][\/stm_icon_box][vc_separator style=\u00bbshadow\u00bb][\/vc_column_inner][vc_column_inner width=\u00bb1\/2&#8243;][stm_icon_box icon=\u00bbfa-icon-stm_icon_drawing_tool_point\u00bb icon_align=\u00bbright\u00bb icon_color=\u00bb#ffffff\u00bb title=\u00bbAdaptaci\u00f3n de las v\u00e1lvulas de habla \u00bb box_bg_color=\u00bb#0090bd\u00bb box_text_color=\u00bb#ffffff\u00bb link=\u00bburl:https%3A%2F%2F20.232.9.141%2Fdocumentos%2Finvestigacion%2Fadaptaciondevalvulasdehabla.pdf||target:%20_blank|\u00bb][\/stm_icon_box][vc_separator style=\u00bbshadow\u00bb][\/vc_column_inner][\/vc_row_inner][\/vc_column][\/vc_row]<\/p>\n","protected":false},"excerpt":{"rendered":"<p>[vc_row][vc_column][vc_empty_space][\/vc_column][\/vc_row][vc_row][vc_column width=\u00bb1\/4&#8243;][vc_wp_custommenu nav_menu=\u00bb67&#8243; el_class=\u00bbwitemlist\u00bb][\/vc_column][vc_column width=\u00bb3\/4&#8243;][vc_column_text] Health user care protocols (patients) [\/vc_column_text][vc_empty_space][vc_row_inner][vc_column_inner width=\u00bb1\/2&#8243;][stm_icon_box icon=\u00bbfa-icon-stm_icon_book\u00bb icon_align=\u00bbright\u00bb icon_color=\u00bb#ffffff\u00bb title=\u00bbTamizaje de degluci\u00f3n\u00bb box_bg_color=\u00bb#0090bd\u00bb box_text_color=\u00bb#ffffff\u00bb link=\u00bburl:https%3A%2F%2F20.232.9.141%2Fdocumentos%2Finvestigacion%2Ftamizajedeladeglucion.pdf||target:%20_blank|\u00bb][\/stm_icon_box][vc_separator style=\u00bbshadow\u00bb][\/vc_column_inner][vc_column_inner width=\u00bb1\/2&#8243;][stm_icon_box icon=\u00bbfa-icon-stm_icon_users\u00bb icon_align=\u00bbright\u00bb icon_color=\u00bb#ffffff\u00bb title=\u00bbEvaluaci\u00f3n cl\u00ednica de la degluci\u00f3n\u00bb box_bg_color=\u00bb#0090bd\u00bb box_text_color=\u00bb#ffffff\u00bb link=\u00bburl:https%3A%2F%2F20.232.9.141%2Fdocumentos%2Finvestigacion%2Fevaluacionclinicadeladeglucion.pdf||target:%20_blank|\u00bb][\/stm_icon_box][vc_separator style=\u00bbshadow\u00bb][\/vc_column_inner][\/vc_row_inner][vc_empty_space][vc_row_inner][vc_column_inner width=\u00bb1\/2&#8243;][stm_icon_box icon=\u00bbfa-icon-stm_icon_license\u00bb icon_align=\u00bbright\u00bb icon_color=\u00bb#ffffff\u00bb title=\u00bbEndoscopia de la degluci\u00f3n\u00bb box_bg_color=\u00bb#0090bd\u00bb box_text_color=\u00bb#ffffff\u00bb link=\u00bburl:https%3A%2F%2F20.232.9.141%2Fdocumentos%2Finvestigacion%2Fendoscopiadeladeglucion.pdf||target:%20_blank|\u00bb][\/stm_icon_box][vc_separator style=\u00bbshadow\u00bb][\/vc_column_inner][vc_column_inner width=\u00bb1\/2&#8243;][stm_icon_box icon=\u00bbfa-icon-stm_icon_viral_marketing\u00bb icon_align=\u00bbright\u00bb icon_color=\u00bb#ffffff\u00bb title=\u00bbVideofluoroscopia de la degluci\u00f3n [&hellip;]<\/p>\n","protected":false},"author":5,"featured_media":0,"parent":0,"menu_order":0,"comment_status":"closed","ping_status":"closed","template":"","meta":{"footnotes":""},"yoast_head":"<!-- This site is optimized with the Yoast SEO plugin v18.4.1 - https:\/\/yoast.com\/wordpress\/plugins\/seo\/ -->\n<title>investigacion\/protocolos - Maria Cano - en<\/title>\n<meta name=\"robots\" content=\"index, follow, max-snippet:-1, max-image-preview:large, max-video-preview:-1\" \/>\n<link rel=\"canonical\" href=\"https:\/\/www.fumc.edu.co\/en\/investigacionprotocolos\/\" \/>\n<meta property=\"og:locale\" content=\"es_ES\" \/>\n<meta property=\"og:type\" content=\"article\" \/>\n<meta property=\"og:title\" content=\"investigacion\/protocolos - Maria Cano - en\" \/>\n<meta property=\"og:description\" content=\"[vc_row][vc_column][vc_empty_space][\/vc_column][\/vc_row][vc_row][vc_column width=\u00bb1\/4&#8243;][vc_wp_custommenu nav_menu=\u00bb67&#8243; el_class=\u00bbwitemlist\u00bb][\/vc_column][vc_column width=\u00bb3\/4&#8243;][vc_column_text] Health user care protocols (patients) [\/vc_column_text][vc_empty_space][vc_row_inner][vc_column_inner width=\u00bb1\/2&#8243;][stm_icon_box icon=\u00bbfa-icon-stm_icon_book\u00bb icon_align=\u00bbright\u00bb icon_color=\u00bb#ffffff\u00bb title=\u00bbTamizaje de degluci\u00f3n\u00bb box_bg_color=\u00bb#0090bd\u00bb box_text_color=\u00bb#ffffff\u00bb link=\u00bburl:https%3A%2F%2F20.232.9.141%2Fdocumentos%2Finvestigacion%2Ftamizajedeladeglucion.pdf||target:%20_blank|\u00bb][\/stm_icon_box][vc_separator style=\u00bbshadow\u00bb][\/vc_column_inner][vc_column_inner width=\u00bb1\/2&#8243;][stm_icon_box icon=\u00bbfa-icon-stm_icon_users\u00bb icon_align=\u00bbright\u00bb icon_color=\u00bb#ffffff\u00bb title=\u00bbEvaluaci\u00f3n cl\u00ednica de la degluci\u00f3n\u00bb box_bg_color=\u00bb#0090bd\u00bb box_text_color=\u00bb#ffffff\u00bb link=\u00bburl:https%3A%2F%2F20.232.9.141%2Fdocumentos%2Finvestigacion%2Fevaluacionclinicadeladeglucion.pdf||target:%20_blank|\u00bb][\/stm_icon_box][vc_separator style=\u00bbshadow\u00bb][\/vc_column_inner][\/vc_row_inner][vc_empty_space][vc_row_inner][vc_column_inner width=\u00bb1\/2&#8243;][stm_icon_box icon=\u00bbfa-icon-stm_icon_license\u00bb icon_align=\u00bbright\u00bb icon_color=\u00bb#ffffff\u00bb title=\u00bbEndoscopia de la degluci\u00f3n\u00bb box_bg_color=\u00bb#0090bd\u00bb box_text_color=\u00bb#ffffff\u00bb link=\u00bburl:https%3A%2F%2F20.232.9.141%2Fdocumentos%2Finvestigacion%2Fendoscopiadeladeglucion.pdf||target:%20_blank|\u00bb][\/stm_icon_box][vc_separator style=\u00bbshadow\u00bb][\/vc_column_inner][vc_column_inner width=\u00bb1\/2&#8243;][stm_icon_box icon=\u00bbfa-icon-stm_icon_viral_marketing\u00bb icon_align=\u00bbright\u00bb icon_color=\u00bb#ffffff\u00bb title=\u00bbVideofluoroscopia de la degluci\u00f3n [&hellip;]\" \/>\n<meta property=\"og:url\" content=\"https:\/\/www.fumc.edu.co\/en\/investigacionprotocolos\/\" \/>\n<meta property=\"og:site_name\" content=\"Maria Cano - en\" \/>\n<meta property=\"article:modified_time\" content=\"2023-02-14T13:49:18+00:00\" \/>\n<meta name=\"twitter:card\" content=\"summary\" \/>\n<meta name=\"twitter:label1\" content=\"Tiempo de lectura\" \/>\n\t<meta name=\"twitter:data1\" content=\"2 minutos\" \/>\n<script type=\"application\/ld+json\" class=\"yoast-schema-graph\">{\"@context\":\"https:\/\/schema.org\",\"@graph\":[{\"@type\":\"WebSite\",\"@id\":\"https:\/\/www.fumc.edu.co\/en\/#website\",\"url\":\"https:\/\/www.fumc.edu.co\/en\/\",\"name\":\"Maria Cano - en\",\"description\":\"Otro sitio realizado con WordPress\",\"potentialAction\":[{\"@type\":\"SearchAction\",\"target\":{\"@type\":\"EntryPoint\",\"urlTemplate\":\"https:\/\/www.fumc.edu.co\/en\/?s={search_term_string}\"},\"query-input\":\"required name=search_term_string\"}],\"inLanguage\":\"es\"},{\"@type\":\"WebPage\",\"@id\":\"https:\/\/www.fumc.edu.co\/en\/investigacionprotocolos\/#webpage\",\"url\":\"https:\/\/www.fumc.edu.co\/en\/investigacionprotocolos\/\",\"name\":\"investigacion\/protocolos - Maria Cano - en\",\"isPartOf\":{\"@id\":\"https:\/\/www.fumc.edu.co\/en\/#website\"},\"datePublished\":\"2021-10-14T15:32:06+00:00\",\"dateModified\":\"2023-02-14T13:49:18+00:00\",\"breadcrumb\":{\"@id\":\"https:\/\/www.fumc.edu.co\/en\/investigacionprotocolos\/#breadcrumb\"},\"inLanguage\":\"es\",\"potentialAction\":[{\"@type\":\"ReadAction\",\"target\":[\"https:\/\/www.fumc.edu.co\/en\/investigacionprotocolos\/\"]}]},{\"@type\":\"BreadcrumbList\",\"@id\":\"https:\/\/www.fumc.edu.co\/en\/investigacionprotocolos\/#breadcrumb\",\"itemListElement\":[{\"@type\":\"ListItem\",\"position\":1,\"name\":\"Portada\",\"item\":\"https:\/\/www.fumc.edu.co\/en\/\"},{\"@type\":\"ListItem\",\"position\":2,\"name\":\"investigacion\/protocolos\"}]}]}<\/script>\n<!-- \/ Yoast SEO plugin. -->","yoast_head_json":{"title":"investigacion\/protocolos - Maria Cano - en","robots":{"index":"index","follow":"follow","max-snippet":"max-snippet:-1","max-image-preview":"max-image-preview:large","max-video-preview":"max-video-preview:-1"},"canonical":"https:\/\/www.fumc.edu.co\/en\/investigacionprotocolos\/","og_locale":"es_ES","og_type":"article","og_title":"investigacion\/protocolos - Maria Cano - en","og_description":"[vc_row][vc_column][vc_empty_space][\/vc_column][\/vc_row][vc_row][vc_column width=\u00bb1\/4&#8243;][vc_wp_custommenu nav_menu=\u00bb67&#8243; el_class=\u00bbwitemlist\u00bb][\/vc_column][vc_column width=\u00bb3\/4&#8243;][vc_column_text] Health user care protocols (patients) [\/vc_column_text][vc_empty_space][vc_row_inner][vc_column_inner width=\u00bb1\/2&#8243;][stm_icon_box icon=\u00bbfa-icon-stm_icon_book\u00bb icon_align=\u00bbright\u00bb icon_color=\u00bb#ffffff\u00bb title=\u00bbTamizaje de degluci\u00f3n\u00bb box_bg_color=\u00bb#0090bd\u00bb box_text_color=\u00bb#ffffff\u00bb link=\u00bburl:https%3A%2F%2F20.232.9.141%2Fdocumentos%2Finvestigacion%2Ftamizajedeladeglucion.pdf||target:%20_blank|\u00bb][\/stm_icon_box][vc_separator style=\u00bbshadow\u00bb][\/vc_column_inner][vc_column_inner width=\u00bb1\/2&#8243;][stm_icon_box icon=\u00bbfa-icon-stm_icon_users\u00bb icon_align=\u00bbright\u00bb icon_color=\u00bb#ffffff\u00bb title=\u00bbEvaluaci\u00f3n cl\u00ednica de la degluci\u00f3n\u00bb box_bg_color=\u00bb#0090bd\u00bb box_text_color=\u00bb#ffffff\u00bb link=\u00bburl:https%3A%2F%2F20.232.9.141%2Fdocumentos%2Finvestigacion%2Fevaluacionclinicadeladeglucion.pdf||target:%20_blank|\u00bb][\/stm_icon_box][vc_separator style=\u00bbshadow\u00bb][\/vc_column_inner][\/vc_row_inner][vc_empty_space][vc_row_inner][vc_column_inner width=\u00bb1\/2&#8243;][stm_icon_box icon=\u00bbfa-icon-stm_icon_license\u00bb icon_align=\u00bbright\u00bb icon_color=\u00bb#ffffff\u00bb title=\u00bbEndoscopia de la degluci\u00f3n\u00bb box_bg_color=\u00bb#0090bd\u00bb box_text_color=\u00bb#ffffff\u00bb link=\u00bburl:https%3A%2F%2F20.232.9.141%2Fdocumentos%2Finvestigacion%2Fendoscopiadeladeglucion.pdf||target:%20_blank|\u00bb][\/stm_icon_box][vc_separator style=\u00bbshadow\u00bb][\/vc_column_inner][vc_column_inner width=\u00bb1\/2&#8243;][stm_icon_box icon=\u00bbfa-icon-stm_icon_viral_marketing\u00bb icon_align=\u00bbright\u00bb icon_color=\u00bb#ffffff\u00bb title=\u00bbVideofluoroscopia de la degluci\u00f3n [&hellip;]","og_url":"https:\/\/www.fumc.edu.co\/en\/investigacionprotocolos\/","og_site_name":"Maria Cano - en","article_modified_time":"2023-02-14T13:49:18+00:00","twitter_card":"summary","twitter_misc":{"Tiempo de lectura":"2 minutos"},"schema":{"@context":"https:\/\/schema.org","@graph":[{"@type":"WebSite","@id":"https:\/\/www.fumc.edu.co\/en\/#website","url":"https:\/\/www.fumc.edu.co\/en\/","name":"Maria Cano - en","description":"Otro sitio realizado con WordPress","potentialAction":[{"@type":"SearchAction","target":{"@type":"EntryPoint","urlTemplate":"https:\/\/www.fumc.edu.co\/en\/?s={search_term_string}"},"query-input":"required name=search_term_string"}],"inLanguage":"es"},{"@type":"WebPage","@id":"https:\/\/www.fumc.edu.co\/en\/investigacionprotocolos\/#webpage","url":"https:\/\/www.fumc.edu.co\/en\/investigacionprotocolos\/","name":"investigacion\/protocolos - Maria Cano - en","isPartOf":{"@id":"https:\/\/www.fumc.edu.co\/en\/#website"},"datePublished":"2021-10-14T15:32:06+00:00","dateModified":"2023-02-14T13:49:18+00:00","breadcrumb":{"@id":"https:\/\/www.fumc.edu.co\/en\/investigacionprotocolos\/#breadcrumb"},"inLanguage":"es","potentialAction":[{"@type":"ReadAction","target":["https:\/\/www.fumc.edu.co\/en\/investigacionprotocolos\/"]}]},{"@type":"BreadcrumbList","@id":"https:\/\/www.fumc.edu.co\/en\/investigacionprotocolos\/#breadcrumb","itemListElement":[{"@type":"ListItem","position":1,"name":"Portada","item":"https:\/\/www.fumc.edu.co\/en\/"},{"@type":"ListItem","position":2,"name":"investigacion\/protocolos"}]}]}},"_links":{"self":[{"href":"https:\/\/www.fumc.edu.co\/en\/wp-json\/wp\/v2\/pages\/10396"}],"collection":[{"href":"https:\/\/www.fumc.edu.co\/en\/wp-json\/wp\/v2\/pages"}],"about":[{"href":"https:\/\/www.fumc.edu.co\/en\/wp-json\/wp\/v2\/types\/page"}],"author":[{"embeddable":true,"href":"https:\/\/www.fumc.edu.co\/en\/wp-json\/wp\/v2\/users\/5"}],"replies":[{"embeddable":true,"href":"https:\/\/www.fumc.edu.co\/en\/wp-json\/wp\/v2\/comments?post=10396"}],"version-history":[{"count":0,"href":"https:\/\/www.fumc.edu.co\/en\/wp-json\/wp\/v2\/pages\/10396\/revisions"}],"wp:attachment":[{"href":"https:\/\/www.fumc.edu.co\/en\/wp-json\/wp\/v2\/media?parent=10396"}],"curies":[{"name":"wp","href":"https:\/\/api.w.org\/{rel}","templated":true}]}}