{"id":10620,"date":"2022-02-03T20:01:54","date_gmt":"2022-02-03T20:01:54","guid":{"rendered":"https:\/\/www.fumc.edu.co\/en\/?page_id=10620"},"modified":"2026-05-04T20:54:04","modified_gmt":"2026-05-04T20:54:04","slug":"specialization-in-sports-psychology","status":"publish","type":"page","link":"https:\/\/www.fumc.edu.co\/en\/specialization-in-sports-psychology\/","title":{"rendered":"Specialization in Sports Psychology"},"content":{"rendered":"<p>[vc_row][vc_column][vc_column_text]<\/p>\n<h1 align=\"center\">Specialization in Sports Psychology<\/h1>\n<p>[\/vc_column_text][vc_separator style=\u00bbshadow\u00bb][vc_empty_space][\/vc_column][\/vc_row][vc_row css=\u00bb.vc_custom_1613423405741{background-color: #ffffff !important;}\u00bb][vc_column width=\u00bb2\/3&#8243;][vc_empty_space][vc_single_image image=\u00bb14887&#8243; img_size=\u00bbmedium\u00bb alignment=\u00bbcenter\u00bb onclick=\u00bbcustom_link\u00bb link=\u00bb https:\/\/api.whatsapp.com\/send?phone=573225602595&#8243;][vc_separator style=\u00bbshadow\u00bb][vc_empty_space][vc_column_text]<\/p>\n<h2>What is Specialization in Sports Psychology?<\/h2>\n<div class=\"wpb_text_column wpb_content_element \">\n<div class=\"wpb_wrapper\">The Mar\u00eda Cano University Foundation offers the first postgraduate program of <em>Specialization in Sport Psychology<\/em> under face-to-face and virtual modality in Colombia, in accordance with Law 30 of 1992. This postgraduate program enables the deepening and improvement of skills of Psychological Evaluation and Intervention oriented to physical and sports contexts, with emphasis on two fundamental pillars: 1. Promotion of physical activity, health, and quality of life and 2. Related Psychological Processes with sports initiation and performance. At the same time, it emphasizes interdisciplinary work, recognizing the contribution of applied sciences to physical activity and sports, such as sports training, sports medicine, physiotherapy, and nutrition, among others.<\/div>\n<\/div>\n<p>[\/vc_column_text][vc_column_text][\/vc_column_text][vc_tta_tabs][vc_tta_section title=\u00bbDetails:\u00bb tab_id=\u00bb1724341342688-227101f4-66a7&#8243;][vc_column_text]<strong>SNIES: 110827<\/strong><br \/>\n<strong>RC<\/strong> No. 024231 of December 23, 2021<br \/>\n<strong>Validity<\/strong>: 7 years<br \/>\n<strong>Duration<\/strong>: 2 semesters<br \/>\n<strong>Number of program credits<\/strong>: 30<br \/>\n<strong>Modality<\/strong>: In-person<br \/>\n<strong>Degree awarded<\/strong>: Specialist in Sports Psychology<br \/>\n<strong>City<\/strong>: Medell\u00edn<br \/>\n<strong>2026 semester fee<\/strong>: $7,270,440 per semester[\/vc_column_text][vc_column_text][\/vc_column_text][\/vc_tta_section][vc_tta_section title=\u00bbWhat does a Specialization do?\u00bb tab_id=\u00bb1724341342688-1df2d77d-93ec\u00bb][vc_column_text]<\/p>\n<h3>Professional profile:<\/h3>\n<p>The Specialist in Sports Psychology will be a specialist with skills for evaluation and intervention in psychological processes in sports initiation and performance, with a broad theoretical, practical, investigative, and interdisciplinary perspective. A professional capable of designing and implementing psychological plans, programs and projects oriented to the prevention of a sedentary lifestyle, the promotion of physical activity, health and quality of life in Colombia.<\/p>\n<p><strong>Admission profile<\/strong>:<\/p>\n<p>Based on the provisions of the Academic Regulations, the registered applicant must comply with the selection process and the requirements demanded in the postgraduate programs.<\/p>\n<p>Similarly, the applicant for the Specialization in Sports Psychology must show the following characteristics:<\/p>\n<ul>\n<li>Undergraduate degree in psychology from a legally recognized institution or, failing that, a foreign degree.<\/li>\n<li>Good basic communication skills.<\/li>\n<li>Willingness to use information and communication technologies.<\/li>\n<li>Capacity for independent learning.<\/li>\n<li>Ability to work collaboratively in different learning environments.<\/li>\n<\/ul>\n<p>[\/vc_column_text][\/vc_tta_section][vc_tta_section title=\u00bbWork profile\u00bb tab_id=\u00bb1724342703543-8fdfc5a5-0e29&#8243;][vc_column_text]<\/p>\n<h3>Occupational profile<\/h3>\n<p>The fields of performance of the Sports Psychology Specialist are mentioned below:<\/p>\n<ul>\n<li>Carrying out psychological evaluation and intervention processes in initiation and sports performance schools.<\/li>\n<li>Advise people related to sports and physical activity on psychological issues, including athletes, coaches, managers, parents, judges, among others.<\/li>\n<li>Advise applied science professionals on psychological issues, such as: doctors, nutritionists, physical trainers, methodologists, among others.<\/li>\n<li>Coordinate processes in sports psychology areas in public and private institutions, both at the level of conventional and Paralympic sports.<\/li>\n<li>Direct and implement psychological training plans, using different methodologies, techniques, and strategies.<\/li>\n<li>Direct and implement programs, plans and projects to promote physical activity, health, and quality of life in different institutions.<\/li>\n<li>Coordinate teams related to public health and the promotion of physical activity at local, regional, and national levels.<\/li>\n<li>Guide courses, workshops, and seminars on the psychology of physical activity and sports in university institutions.<\/li>\n<li>Lead and coordinate groups oriented to the study of the psychology of physical activity and sport.<\/li>\n<\/ul>\n<p>[\/vc_column_text][\/vc_tta_section][vc_tta_section title=\u00bbAdmission Requirements\u00bb tab_id=\u00bb1724342892363-7a56d5d3-96a0&#8243;][vc_column_text]<strong>Admission Requirements Undergraduate Programs<\/strong><\/p>\n<p><strong>Admission requirements New In-person and Virtual Undergraduate Applicant<\/strong><\/p>\n<p>To enter any of the undergraduate programs offered by Mar\u00eda Cano, the new applicant must complete the following procedure:<\/p>\n<ol>\n<li>Fill out the online registration form<\/li>\n<li>Make the payment of undergraduate registration fees <strong>$224.760<\/strong><\/li>\n<li>At the end of the registration form, upload to the platform the following documents one by one (in PDF format) as indicated at the end:<\/li>\n<\/ol>\n<ul>\n<li>Photocopy of the high school degree certificate or diploma, if you have not yet completed grade 11, original study certificate, issued by the school valid for no more than one month.<\/li>\n<li>Results of the ICFES tests (Saber 11), if you do not have the results you can attach the citation to the test.<\/li>\n<li>A legible photocopy of the identity document (enlarged).<\/li>\n<li>A 3&#215;4 size photo, light blue background.<\/li>\n<li>Documents are not received physically unless required during the admission process.<\/li>\n<\/ul>\n<ol start=\"4\">\n<li>Print the registration payment form at the end of online registration or make payment through PSE.<\/li>\n<\/ol>\n<p>*The Foundation reserves the right to admit and assign study schedules to students.[\/vc_column_text][\/vc_tta_section][\/vc_tta_tabs][vc_btn title=\u00bbDigital brochure\u00bb style=\u00bb3d\u00bb color=\u00bbprimary\u00bb size=\u00bblg\u00bb align=\u00bbcenter\u00bb css_animation=\u00bbbounceIn\u00bb button_block=\u00bbtrue\u00bb link=\u00bburl:https%3A%2F%2Fwww.fumc.edu.co%2Fdocumentos%2Fposgrados%2Fespecializacion_psicologiadeldeporte.pdf|||\u00bb][vc_btn title=\u00bbFind out here the requirements\u00bb style=\u00bb3d\u00bb color=\u00bbprimary\u00bb size=\u00bblg\u00bb align=\u00bbcenter\u00bb css_animation=\u00bbbounceIn\u00bb button_block=\u00bbtrue\u00bb link=\u00bburl:https%3A%2F%2Fwww.fumc.edu.co%2Fadmisiones-registro-control-academico%2Fadmision-posgrado%2F|||\u00bb][vc_btn title=\u00bbNeed Financing?\u00bb style=\u00bb3d\u00bb color=\u00bbprimary\u00bb size=\u00bblg\u00bb align=\u00bbcenter\u00bb css_animation=\u00bbbounceIn\u00bb button_block=\u00bbtrue\u00bb link=\u00bburl:https%3A%2F%2Fwww.fumc.edu.co%2Fentidades-financieras%2F%20|||\u00bb][vc_btn title=\u00bbSign Up\u00bb style=\u00bb3d\u00bb color=\u00bbmariacanoa\u00bb size=\u00bblg\u00bb align=\u00bbcenter\u00bb css_animation=\u00bbbounceIn\u00bb button_block=\u00bbtrue\u00bb link=\u00bburl:https%3A%2F%2Facademusoft.fumc.edu.co%2Ffumc%2Facademusoft%2Facademico%2FinscripcionLinea4%2FinicioSeguroInscripcion.jsp|||\u00bb][vc_btn title=\u00bbPay here your registration by PSE\u00bb style=\u00bb3d\u00bb color=\u00bbprimary\u00bb size=\u00bblg\u00bb align=\u00bbcenter\u00bb css_animation=\u00bbbounceIn\u00bb button_block=\u00bbtrue\u00bb link=\u00bburl:https%3A%2F%2Fwww.zonapagos.com%2Ft_mariacano%2Fpagos.asp|||\u00bb][vc_separator style=\u00bbshadow\u00bb][\/vc_column][vc_column width=\u00bb1\/3&#8243; css=\u00bb.vc_custom_1613423441393{background-color: #cecece !important;border-radius: 4px !important;}\u00bb][vc_empty_space height=\u00bb16px\u00bb][vc_raw_js]JTNDc2NyaXB0JTIwZGF0YS1iMjQtZm9ybSUzRCUyMmlubGluZSUyRjIxMCUyRnJpbnk3cCUyMiUyMGRhdGEtc2tpcC1tb3ZpbmclM0QlMjJ0cnVlJTIyJTNFJTBBJTI4ZnVuY3Rpb24lMjh3JTJDZCUyQ3UlMjklN0IlMEF2YXIlMjBzJTNEZC5jcmVhdGVFbGVtZW50JTI4JTI3c2NyaXB0JTI3JTI5JTNCcy5hc3luYyUzRHRydWUlM0JzLnNyYyUzRHUlMkIlMjclM0YlMjclMkIlMjhEYXRlLm5vdyUyOCUyOSUyRjE4MDAwMCU3QzAlMjklM0IlMEF2YXIlMjBoJTNEZC5nZXRFbGVtZW50c0J5VGFnTmFtZSUyOCUyN3NjcmlwdCUyNyUyOSU1QjAlNUQlM0JoLnBhcmVudE5vZGUuaW5zZXJ0QmVmb3JlJTI4cyUyQ2glMjklM0IlMEElN0QlMjklMjh3aW5kb3clMkNkb2N1bWVudCUyQyUyN2h0dHBzJTNBJTJGJTJGY2RuLmJpdHJpeDI0LmNvJTJGYjI4OTU0MTIzJTJGY3JtJTJGZm9ybSUyRmxvYWRlcl8yMTAuanMlMjclMjklM0IlMEElM0MlMkZzY3JpcHQlM0U=[\/vc_raw_js][vc_empty_space height=\u00bb16px\u00bb][vc_message message_box_style=\u00bb3d\u00bb message_box_color=\u00bbgrey\u00bb]Specialization Coordinator<br \/>\n<b>Manuel de Jes\u00fas Beltr\u00e1n Espitia<\/b><br \/>\n<a href=\"mailto:manuel.beltran@fumc.edu.co\"><span data-olk-copy-source=\"MessageBody\">manuel.beltran@fumc.edu.co<\/span><\/a><br \/>\nPBX (60+4) 540 12 20 \u2013\u00a0402 55 00 Ext.134<br \/>\n<a href=\"mailto:interesados@fumc.edu.co\">interesados@fumc.edu.co<\/a>[\/vc_message][vc_empty_space height=\u00bb20px\u00bb][vc_separator][\/vc_column][\/vc_row][vc_row][vc_column][vc_empty_space 0=\u00bb\u00bb][\/vc_column][\/vc_row][vc_row el_class=\u00bbwmalla wmallag\u00bb][vc_column width=\u00bb1\/4&#8243;][vc_column_text 0=\u00bb\u00bb]<\/p>\n<p class=\"malla_curricular\"><strong>Curriculum<\/strong><\/p>\n<p><strong>Study plan<\/strong>[\/vc_column_text][\/vc_column][vc_column width=\u00bb3\/4&#8243;][vc_column_text 0=\u00bb\u00bb]<span class=\"Y2IQFc\" lang=\"en\">Content<\/span>[\/vc_column_text][vc_empty_space 0=\u00bb\u00bb][vc_tta_tabs active_section=\u00bb1&#8243; el_class=\u00bbwmalla\u00bb][vc_tta_section title=\u00bbModule I\u00bb tab_id=\u00bb1496310901735-bf3946d2-995e\u00bb el_class=\u00bbwsemestre\u00bb][vc_column_text 0=\u00bb\u00bb]<\/p>\n<table width=\"449\">\n<tbody>\n<tr>\n<td width=\"302\">Procesos Psicol\u00f3gicos en la Iniciaci\u00f3n y el Rendimiento I<\/td>\n<td width=\"148\">4<\/td>\n<\/tr>\n<tr>\n<td width=\"302\">Epistemolog\u00eda de la Psicolog\u00eda del deporte<\/td>\n<td width=\"148\">4<\/td>\n<\/tr>\n<tr>\n<td width=\"302\">Psicolog\u00eda de la poblaci\u00f3n: jueces, entrenadores, organizaciones deportivas<\/td>\n<td width=\"148\">2<\/td>\n<\/tr>\n<tr>\n<td width=\"302\">Actividad F\u00edsica, Salud y Calidad de vida.<\/td>\n<td width=\"148\">4<\/td>\n<\/tr>\n<tr>\n<td width=\"302\">Seminario de investigaci\u00f3n I<\/td>\n<td width=\"148\">1<\/td>\n<\/tr>\n<\/tbody>\n<\/table>\n<p>[\/vc_column_text][vc_column_text 0=\u00bb\u00bb]<\/p>\n<p style=\"text-align: right;\">Cr\u00e9ditos\u00a0<strong>15<\/strong><\/p>\n<p>[\/vc_column_text][vc_column_text 0=\u00bb\u00bb][\/vc_column_text][\/vc_tta_section][vc_tta_section title=\u00bbModule II\u00bb tab_id=\u00bb1643905604221-90644ba0-1c97&#8243; el_class=\u00bbwsemestre\u00bb][vc_column_text 0=\u00bb\u00bb]<\/p>\n<table width=\"449\">\n<tbody>\n<tr>\n<td width=\"302\">Procesos Psicol\u00f3gicos en la Iniciaci\u00f3n y el Rendimiento.\u00a0 II<\/td>\n<td width=\"148\">4<\/td>\n<\/tr>\n<tr>\n<td width=\"302\">Evaluaci\u00f3n Psicol\u00f3gica en el contexto de la actividad f\u00edsica y el deporte<\/td>\n<td width=\"148\">4<\/td>\n<\/tr>\n<tr>\n<td width=\"302\">Psicolog\u00eda del Bienestar: entrenamiento, Rendimiento y Salud<\/td>\n<td width=\"148\">2<\/td>\n<\/tr>\n<tr>\n<td width=\"302\">Nuevas estrategias de intervenci\u00f3n psicol\u00f3gica. Teleasistencia<\/td>\n<td width=\"148\">1<\/td>\n<\/tr>\n<tr>\n<td width=\"302\">Electiva<\/td>\n<td width=\"148\">2<\/td>\n<\/tr>\n<tr>\n<td width=\"302\">Seminario de investigaci\u00f3n II<\/td>\n<td width=\"148\">2<\/td>\n<\/tr>\n<\/tbody>\n<\/table>\n<p>[\/vc_column_text][vc_column_text 0=\u00bb\u00bb]<\/p>\n<p style=\"text-align: right;\">Cr\u00e9ditos\u00a0<strong>15<\/strong><\/p>\n<p>[\/vc_column_text][vc_column_text 0=\u00bb\u00bb][\/vc_column_text][\/vc_tta_section][\/vc_tta_tabs][\/vc_column][\/vc_row][vc_row][vc_column width=\u00bb1\/2&#8243;][vc_btn title=\u00bbLearn about our Undergraduate offering here\u00bb style=\u00bb3d\u00bb color=\u00bbinfo\u00bb size=\u00bblg\u00bb align=\u00bbcenter\u00bb css_animation=\u00bbbounceIn\u00bb button_block=\u00bbtrue\u00bb link=\u00bburl:https%3A%2F%2Fwww.fumc.edu.co%2Fen%2Fpregrado%2F|||\u00bb][vc_empty_space][\/vc_column][vc_column width=\u00bb1\/2&#8243;][vc_btn title=\u00bbLearn about our offer in Labor Techniques here\u00bb style=\u00bb3d\u00bb color=\u00bbinfo\u00bb size=\u00bblg\u00bb align=\u00bbcenter\u00bb css_animation=\u00bbbounceIn\u00bb button_block=\u00bbtrue\u00bb link=\u00bburl:https%3A%2F%2Fwww.fumc.edu.co%2Fen%2Fetdh%2F|||\u00bb][vc_empty_space][\/vc_column][\/vc_row][vc_row 0=\u00bb\u00bb][\/vc_row][vc_row][vc_column][vc_column_text]<\/p>\n<p style=\"text-align: center;\"><span data-teams=\"true\"><strong>Note<\/strong>: Mar\u00eda Cano\u2019s undergraduate and graduate academic programs may include classes on Saturdays.<\/span><\/p>\n<p>[\/vc_column_text][\/vc_column][\/vc_row]<\/p>\n","protected":false},"excerpt":{"rendered":"<p>[vc_row][vc_column][vc_column_text] Specialization in Sports Psychology [\/vc_column_text][vc_separator style=\u00bbshadow\u00bb][vc_empty_space][\/vc_column][\/vc_row][vc_row css=\u00bb.vc_custom_1613423405741{background-color: #ffffff !important;}\u00bb][vc_column width=\u00bb2\/3&#8243;][vc_empty_space][vc_single_image image=\u00bb14887&#8243; img_size=\u00bbmedium\u00bb alignment=\u00bbcenter\u00bb onclick=\u00bbcustom_link\u00bb link=\u00bb https:\/\/api.whatsapp.com\/send?phone=573225602595&#8243;][vc_separator style=\u00bbshadow\u00bb][vc_empty_space][vc_column_text] What is Specialization in Sports Psychology? The Mar\u00eda Cano University Foundation offers the first postgraduate program of Specialization in Sport Psychology under face-to-face and virtual modality in Colombia, in accordance with Law 30 of 1992. This postgraduate [&hellip;]<\/p>\n","protected":false},"author":5,"featured_media":0,"parent":0,"menu_order":0,"comment_status":"closed","ping_status":"closed","template":"","meta":{"footnotes":""},"yoast_head":"<!-- This site is optimized with the Yoast SEO plugin v18.4.1 - https:\/\/yoast.com\/wordpress\/plugins\/seo\/ -->\n<title>Specialization in Sports Psychology - Maria Cano - en<\/title>\n<meta name=\"robots\" content=\"index, follow, max-snippet:-1, max-image-preview:large, max-video-preview:-1\" \/>\n<link rel=\"canonical\" href=\"https:\/\/www.fumc.edu.co\/en\/specialization-in-sports-psychology\/\" \/>\n<meta property=\"og:locale\" content=\"es_ES\" \/>\n<meta property=\"og:type\" content=\"article\" \/>\n<meta property=\"og:title\" content=\"Specialization in Sports Psychology - Maria Cano - en\" \/>\n<meta property=\"og:description\" content=\"[vc_row][vc_column][vc_column_text] Specialization in Sports Psychology [\/vc_column_text][vc_separator style=\u00bbshadow\u00bb][vc_empty_space][\/vc_column][\/vc_row][vc_row css=\u00bb.vc_custom_1613423405741{background-color: #ffffff !important;}\u00bb][vc_column width=\u00bb2\/3&#8243;][vc_empty_space][vc_single_image image=\u00bb14887&#8243; img_size=\u00bbmedium\u00bb alignment=\u00bbcenter\u00bb onclick=\u00bbcustom_link\u00bb link=\u00bb https:\/\/api.whatsapp.com\/send?phone=573225602595&#8243;][vc_separator style=\u00bbshadow\u00bb][vc_empty_space][vc_column_text] What is Specialization in Sports Psychology? The Mar\u00eda Cano University Foundation offers the first postgraduate program of Specialization in Sport Psychology under face-to-face and virtual modality in Colombia, in accordance with Law 30 of 1992. This postgraduate [&hellip;]\" \/>\n<meta property=\"og:url\" content=\"https:\/\/www.fumc.edu.co\/en\/specialization-in-sports-psychology\/\" \/>\n<meta property=\"og:site_name\" content=\"Maria Cano - en\" \/>\n<meta property=\"article:modified_time\" content=\"2026-05-04T20:54:04+00:00\" \/>\n<meta name=\"twitter:card\" content=\"summary\" \/>\n<meta name=\"twitter:label1\" content=\"Tiempo de lectura\" \/>\n\t<meta name=\"twitter:data1\" content=\"3 minutos\" \/>\n<script type=\"application\/ld+json\" class=\"yoast-schema-graph\">{\"@context\":\"https:\/\/schema.org\",\"@graph\":[{\"@type\":\"WebSite\",\"@id\":\"https:\/\/www.fumc.edu.co\/en\/#website\",\"url\":\"https:\/\/www.fumc.edu.co\/en\/\",\"name\":\"Maria Cano - en\",\"description\":\"Otro sitio realizado con WordPress\",\"potentialAction\":[{\"@type\":\"SearchAction\",\"target\":{\"@type\":\"EntryPoint\",\"urlTemplate\":\"https:\/\/www.fumc.edu.co\/en\/?s={search_term_string}\"},\"query-input\":\"required name=search_term_string\"}],\"inLanguage\":\"es\"},{\"@type\":\"WebPage\",\"@id\":\"https:\/\/www.fumc.edu.co\/en\/specialization-in-sports-psychology\/#webpage\",\"url\":\"https:\/\/www.fumc.edu.co\/en\/specialization-in-sports-psychology\/\",\"name\":\"Specialization in Sports Psychology - Maria Cano - en\",\"isPartOf\":{\"@id\":\"https:\/\/www.fumc.edu.co\/en\/#website\"},\"datePublished\":\"2022-02-03T20:01:54+00:00\",\"dateModified\":\"2026-05-04T20:54:04+00:00\",\"breadcrumb\":{\"@id\":\"https:\/\/www.fumc.edu.co\/en\/specialization-in-sports-psychology\/#breadcrumb\"},\"inLanguage\":\"es\",\"potentialAction\":[{\"@type\":\"ReadAction\",\"target\":[\"https:\/\/www.fumc.edu.co\/en\/specialization-in-sports-psychology\/\"]}]},{\"@type\":\"BreadcrumbList\",\"@id\":\"https:\/\/www.fumc.edu.co\/en\/specialization-in-sports-psychology\/#breadcrumb\",\"itemListElement\":[{\"@type\":\"ListItem\",\"position\":1,\"name\":\"Portada\",\"item\":\"https:\/\/www.fumc.edu.co\/en\/\"},{\"@type\":\"ListItem\",\"position\":2,\"name\":\"Specialization in Sports Psychology\"}]}]}<\/script>\n<!-- \/ Yoast SEO plugin. -->","yoast_head_json":{"title":"Specialization in Sports Psychology - Maria Cano - en","robots":{"index":"index","follow":"follow","max-snippet":"max-snippet:-1","max-image-preview":"max-image-preview:large","max-video-preview":"max-video-preview:-1"},"canonical":"https:\/\/www.fumc.edu.co\/en\/specialization-in-sports-psychology\/","og_locale":"es_ES","og_type":"article","og_title":"Specialization in Sports Psychology - Maria Cano - en","og_description":"[vc_row][vc_column][vc_column_text] Specialization in Sports Psychology [\/vc_column_text][vc_separator style=\u00bbshadow\u00bb][vc_empty_space][\/vc_column][\/vc_row][vc_row css=\u00bb.vc_custom_1613423405741{background-color: #ffffff !important;}\u00bb][vc_column width=\u00bb2\/3&#8243;][vc_empty_space][vc_single_image image=\u00bb14887&#8243; img_size=\u00bbmedium\u00bb alignment=\u00bbcenter\u00bb onclick=\u00bbcustom_link\u00bb link=\u00bb https:\/\/api.whatsapp.com\/send?phone=573225602595&#8243;][vc_separator style=\u00bbshadow\u00bb][vc_empty_space][vc_column_text] What is Specialization in Sports Psychology? The Mar\u00eda Cano University Foundation offers the first postgraduate program of Specialization in Sport Psychology under face-to-face and virtual modality in Colombia, in accordance with Law 30 of 1992. This postgraduate [&hellip;]","og_url":"https:\/\/www.fumc.edu.co\/en\/specialization-in-sports-psychology\/","og_site_name":"Maria Cano - en","article_modified_time":"2026-05-04T20:54:04+00:00","twitter_card":"summary","twitter_misc":{"Tiempo de lectura":"3 minutos"},"schema":{"@context":"https:\/\/schema.org","@graph":[{"@type":"WebSite","@id":"https:\/\/www.fumc.edu.co\/en\/#website","url":"https:\/\/www.fumc.edu.co\/en\/","name":"Maria Cano - en","description":"Otro sitio realizado con WordPress","potentialAction":[{"@type":"SearchAction","target":{"@type":"EntryPoint","urlTemplate":"https:\/\/www.fumc.edu.co\/en\/?s={search_term_string}"},"query-input":"required name=search_term_string"}],"inLanguage":"es"},{"@type":"WebPage","@id":"https:\/\/www.fumc.edu.co\/en\/specialization-in-sports-psychology\/#webpage","url":"https:\/\/www.fumc.edu.co\/en\/specialization-in-sports-psychology\/","name":"Specialization in Sports Psychology - Maria Cano - en","isPartOf":{"@id":"https:\/\/www.fumc.edu.co\/en\/#website"},"datePublished":"2022-02-03T20:01:54+00:00","dateModified":"2026-05-04T20:54:04+00:00","breadcrumb":{"@id":"https:\/\/www.fumc.edu.co\/en\/specialization-in-sports-psychology\/#breadcrumb"},"inLanguage":"es","potentialAction":[{"@type":"ReadAction","target":["https:\/\/www.fumc.edu.co\/en\/specialization-in-sports-psychology\/"]}]},{"@type":"BreadcrumbList","@id":"https:\/\/www.fumc.edu.co\/en\/specialization-in-sports-psychology\/#breadcrumb","itemListElement":[{"@type":"ListItem","position":1,"name":"Portada","item":"https:\/\/www.fumc.edu.co\/en\/"},{"@type":"ListItem","position":2,"name":"Specialization in Sports Psychology"}]}]}},"_links":{"self":[{"href":"https:\/\/www.fumc.edu.co\/en\/wp-json\/wp\/v2\/pages\/10620"}],"collection":[{"href":"https:\/\/www.fumc.edu.co\/en\/wp-json\/wp\/v2\/pages"}],"about":[{"href":"https:\/\/www.fumc.edu.co\/en\/wp-json\/wp\/v2\/types\/page"}],"author":[{"embeddable":true,"href":"https:\/\/www.fumc.edu.co\/en\/wp-json\/wp\/v2\/users\/5"}],"replies":[{"embeddable":true,"href":"https:\/\/www.fumc.edu.co\/en\/wp-json\/wp\/v2\/comments?post=10620"}],"version-history":[{"count":0,"href":"https:\/\/www.fumc.edu.co\/en\/wp-json\/wp\/v2\/pages\/10620\/revisions"}],"wp:attachment":[{"href":"https:\/\/www.fumc.edu.co\/en\/wp-json\/wp\/v2\/media?parent=10620"}],"curies":[{"name":"wp","href":"https:\/\/api.w.org\/{rel}","templated":true}]}}