{"id":11710,"date":"2022-12-19T15:26:28","date_gmt":"2022-12-19T15:26:28","guid":{"rendered":"https:\/\/www.fumc.edu.co\/en\/?page_id=11710"},"modified":"2023-02-17T18:32:24","modified_gmt":"2023-02-17T18:32:24","slug":"speakers-to-highlight","status":"publish","type":"page","link":"https:\/\/www.fumc.edu.co\/en\/speakers-to-highlight\/","title":{"rendered":"Speakers to highlight"},"content":{"rendered":"<p>[vc_row full_width=\u00bbstretch_row_content_no_spaces\u00bb][vc_column][vc_separator style=\u00bbshadow\u00bb][vc_single_image image=\u00bb11713&#8243; img_size=\u00bbfull\u00bb][vc_empty_space][vc_separator style=\u00bbshadow\u00bb][vc_empty_space][vc_column_text]<\/p>\n<h2 style=\"text-align: center;\"><strong>Speakers to Hioghlight<br \/>\n<\/strong><\/h2>\n<p>[\/vc_column_text][\/vc_column][\/vc_row][vc_row][vc_column width=\u00bb1\/4&#8243;][vc_empty_space][\/vc_column][vc_column width=\u00bb1\/4&#8243;][vc_empty_space][\/vc_column][vc_column width=\u00bb1\/4&#8243;][vc_empty_space][\/vc_column][vc_column width=\u00bb1\/4&#8243;][vc_empty_space][\/vc_column][\/vc_row][vc_row][vc_column width=\u00bb1\/4&#8243;][vc_row_inner][vc_column_inner][vc_single_image image=\u00bb11735&#8243; img_size=\u00bbfull\u00bb][vc_column_text]<\/p>\n<h2 style=\"text-align: center;\">Manuel Pando Moreno (M\u00e9xico)<\/h2>\n<ul>\n<li>B.A. in Psychology from the Universidad Aut\u00f3noma de Nuevo Le\u00f3n, Mexico. Master in Public Health Sciences from the University of Guadalajara, Mexico. PhD from the University of Rovira i Virgili, Tarragona, Spain. President of the Board of Directors of the International Institute for Social, Environmental and Occupational Health Research (IIISASO). President of the Occupational Health Research Program (PIENSO in Latin America).<\/li>\n<\/ul>\n<div><\/div>\n<p>[\/vc_column_text][\/vc_column_inner][\/vc_row_inner][\/vc_column][vc_column width=\u00bb1\/4&#8243;][vc_row_inner][vc_column_inner][vc_single_image image=\u00bb11732&#8243; img_size=\u00bbfull\u00bb][vc_column_text]<\/p>\n<h2 class=\"x_x_x_MsoNormal\" style=\"text-align: center;\">Yordan Rodr\u00edguez Ruiz (Cuba)<\/h2>\n<ul>\n<li>Full Professor and Senior Researcher of Ergonomics and OSH at the University of Antioquia. Industrial Engineer and Full-time Professor of the Faculty of Industrial Engineering at the Technological University of Havana, Cuba. Master in Human Resources Management and PhD in Technical Sciences with emphasis in Ergonomics. Master&#8217;s Degree in Occupational Risk Prevention. Best Doctoral Thesis in Technical Sciences in Cuba (2011). National Award of the Cuban Academy of Sciences (2011) and winner of the National Ergonomics Month Contest (2021) of the Ergonomics Society of the United States.<\/li>\n<\/ul>\n<p>[\/vc_column_text][\/vc_column_inner][\/vc_row_inner][\/vc_column][vc_column width=\u00bb1\/4&#8243;][vc_row_inner][vc_column_inner][vc_single_image image=\u00bb11733&#8243; img_size=\u00bbfull\u00bb][vc_column_text]<\/p>\n<h2 class=\"x_x_x_MsoNormal\" style=\"text-align: center;\">Jos\u00e9 Luis Calder\u00f3n Mafud (M\u00e9xico)<\/h2>\n<ul>\n<li class=\"x_elementToProof\">Organizational Psychologist from the University of Colima and Master in Organizational Development from the University of Guanajuato. He completed PhD studies in Psychology specializing in socialization, culture and organizational commitment. PhD in Psychology with honorable mention in 2015. Post Doctorate in Leadership and positive mental health at work. Second in healthy organizations and cognitive behavioral coaching model for Occupational Health at the University of Guadalajara.<\/li>\n<\/ul>\n<p>[\/vc_column_text][\/vc_column_inner][\/vc_row_inner][\/vc_column][vc_column width=\u00bb1\/4&#8243;][vc_row_inner][vc_column_inner][vc_single_image image=\u00bb11731&#8243; img_size=\u00bbfull\u00bb][vc_column_text]<\/p>\n<h2 class=\"x_x_x_MsoNormal\" style=\"text-align: center;\"><b>Ignacio Bermejo Bosch (Espa\u00f1a)<\/b><\/h2>\n<div class=\"x_elementToProof x_ContentPasted0\">\n<ul>\n<li>Industrial engineer, specialized in mechanics, from the Industrial Engineering School of the polytechnical university of Valencia. Master in Business Administration and MSc engineer. He has worked as a researcher in the development of medical devices, which has allowed him to participate in R+D+i projects, he has published articles and given presentations in the area. He is the inventor of three utility models and a European patent. He is currently the Director of Innovation in the area of rehabilitation and biomechanical assessment at the Institute of Biomechanics of Valencia (IBV).<\/li>\n<\/ul>\n<\/div>\n<p>[\/vc_column_text][\/vc_column_inner][\/vc_row_inner][\/vc_column][\/vc_row][vc_row][vc_column width=\u00bb1\/4&#8243;][vc_empty_space][\/vc_column][vc_column width=\u00bb1\/4&#8243;][vc_empty_space][\/vc_column][vc_column width=\u00bb1\/4&#8243;][vc_empty_space][\/vc_column][vc_column width=\u00bb1\/4&#8243;][vc_empty_space][\/vc_column][\/vc_row][vc_row][vc_column width=\u00bb1\/4&#8243;][vc_single_image image=\u00bb11729&#8243; img_size=\u00bbfull\u00bb][vc_column_text]<\/p>\n<h2 style=\"text-align: center;\">Lourdes Iribarren Llorente (Panam\u00e1)<\/h2>\n<ul>\n<li>She is a graduate in Physiotherapy from Universidad Especializada de las Am\u00e9ricas, specialist in Curriculum and specialist in Sports Physiology. Currently, she is Coordinator of the Faculty of Health Sciences and President of the Research Bioethics Committee of the Metropolitan University of Education, Science and Technology UMECIT. President of the Special Health and Hygiene Committee for the Prevention and Care of COVID-19.<\/li>\n<\/ul>\n<div><\/div>\n<p>[\/vc_column_text][\/vc_column][vc_column width=\u00bb1\/4&#8243;][vc_single_image image=\u00bb11730&#8243; img_size=\u00bbfull\u00bb][vc_column_text]<\/p>\n<h2 class=\"x_x_x_MsoNormal\" style=\"text-align: center;\">Luciana Mateus (Brasil)<\/h2>\n<ul>\n<li>Nurse from the University of Sao Paulo, specialist in Educational Management, Master in Health Sciences and MBA in Marketing. She has worked as an oncology nurse, course coordinator in academic nursing programs, manager of social projects and director of a training center. She is currently founder and CEO of Lumateus Health and Education Agency. Marketing.<\/li>\n<\/ul>\n<p>[\/vc_column_text][\/vc_column][vc_column width=\u00bb1\/4&#8243;][vc_single_image image=\u00bb11740&#8243; img_size=\u00bbfull\u00bb][vc_column_text]<\/p>\n<h2 class=\"x_x_x_MsoNormal\" style=\"text-align: center;\">Natalia Eugenia G\u00f3mez R\u00faa (Colombia)<\/h2>\n<ul>\n<li class=\"x_elementToProof\">Specialist lawyer and Master in Law and PhD in Public Health. She has worked as a consultant at AFP Seguro Social. Coordinator in the area of labor law and social security. Research coordinator, researcher and university professor in the area of social security, individual labor law and labor procedural law. Currently she is the Coordinator of postgraduate studies at the Faculty of Law of the CES University of Medellin.<\/li>\n<\/ul>\n<p>[\/vc_column_text][\/vc_column][vc_column width=\u00bb1\/4&#8243;][vc_single_image image=\u00bb11736&#8243; img_size=\u00bbfull\u00bb][vc_column_text]<\/p>\n<h2 class=\"x_x_x_MsoNormal\" style=\"text-align: center;\"><b>Ana Luc\u00eda Lagunes Guasca (M\u00e9xico)<\/b><\/h2>\n<div class=\"x_elementToProof x_ContentPasted0\">\n<ul>\n<li>Doctoral candidate in Occupational Health from the University of Guadalajara, Master in Education for Occupational Health Sciences. Interculturality and Sustainability from the Universidad Veracruzana. Degree in Psychology from Universidad Nacional Aut\u00f3noma de M\u00e9xico. Psychosocial companion.<\/li>\n<\/ul>\n<\/div>\n<p>[\/vc_column_text][\/vc_column][\/vc_row][vc_row][vc_column width=\u00bb1\/4&#8243;][vc_empty_space][\/vc_column][vc_column width=\u00bb1\/4&#8243;][vc_empty_space][\/vc_column][vc_column width=\u00bb1\/4&#8243;][vc_empty_space][\/vc_column][vc_column width=\u00bb1\/4&#8243;][vc_empty_space][\/vc_column][\/vc_row][vc_row][vc_column width=\u00bb1\/4&#8243;][vc_single_image image=\u00bb11725&#8243; img_size=\u00bbfull\u00bb][vc_column_text]<\/p>\n<h2 style=\"text-align: center;\">Juan Enrique Montoya Giraldo (Colombia)<\/h2>\n<ul>\n<li>Surgeon. Specialist in Occupational Health. With knowledge and experience in promotion, prevention, qualification and management of occupational diseases, reinstatement and relocations, disability and pension processes.He has worked as a qualifying physician. Currently he is Medical and Commercial Director IPS Medical Labor Board &#8211; Center for PCL qualification and labor reinstatement<\/li>\n<\/ul>\n<div><\/div>\n<p>[\/vc_column_text][\/vc_column][vc_column width=\u00bb1\/4&#8243;][vc_single_image image=\u00bb11726&#8243; img_size=\u00bbfull\u00bb][vc_column_text]<\/p>\n<h2 class=\"x_x_x_MsoNormal\" style=\"text-align: center;\">Jacqueline Cuellar Saavedra (Colombia)<\/h2>\n<ul>\n<li>Speech therapist, Master in Audiology.\u00a0 Expert in vertigo, tinnitus, clinical audiology, vestibular rehabilitation, auditory electrophysiology, hearing aids and hearing health. She has certifications in vestibular rehabilitation, concussion and hearing conservation. She has taught Audiology at the Academy of International Business (AIB) and Maria Cano. She has also been president of the Colombian Association of Speech Therapy and the Standing Committee of Scientific Societies in Occupational Health. She is currently an International Member of the American Academy of Audiology (AAA).<\/li>\n<\/ul>\n<p>[\/vc_column_text][\/vc_column][vc_column width=\u00bb1\/4&#8243;][vc_single_image image=\u00bb11728&#8243; img_size=\u00bbfull\u00bb][vc_column_text]<\/p>\n<h2 class=\"x_x_x_MsoNormal\" style=\"text-align: center;\">Diana Elizabeth Cuervo D\u00edaz (Colombia)<\/h2>\n<ul>\n<li class=\"x_elementToProof\">Physician, specialist in Occupational Health Administration and Social Security Law, PhD in Public Health. Post-doctorate in Constitutional Justice and Human Rights. She is currently a senior physician at the National Board of Disability Qualification; she is a research professor at the Faculty of Law of the Universidad Javeriana. She also promotes initiatives to promote disability prevention issues to work in Colombia and is a member of ICOH (International Commission on Occupational Health), member of Health Systems Global and of the Board of Directors of the Colombian Association of Public Health.<\/li>\n<\/ul>\n<p>[\/vc_column_text][\/vc_column][vc_column width=\u00bb1\/4&#8243;][vc_single_image image=\u00bb11739&#8243; img_size=\u00bbfull\u00bb][vc_column_text]<\/p>\n<h2 class=\"x_x_x_MsoNormal\" style=\"text-align: center;\"><b>Olga Beatriz Guzm\u00e1n (Colombia)<\/b><\/h2>\n<div class=\"x_elementToProof x_ContentPasted0\">\n<ul>\n<li>Occupational Therapist. Specialist in Occupational Health. Master in Occupational Risk Protection and Health Administration. Doctor in Occupational Health Sciences. She has worked as national leader of rehabilitation and labor relocation programs from professional competencies, advisor to the Ministry of Labor in the development and training of the Gatisst guides. She currently teaches at the National University of Colombia in Bogot\u00e1.<\/li>\n<\/ul>\n<\/div>\n<p>[\/vc_column_text][\/vc_column][\/vc_row][vc_row][vc_column width=\u00bb1\/4&#8243;][vc_empty_space][\/vc_column][vc_column width=\u00bb1\/4&#8243;][vc_empty_space][\/vc_column][vc_column width=\u00bb1\/4&#8243;][vc_empty_space][\/vc_column][vc_column width=\u00bb1\/4&#8243;][vc_empty_space][\/vc_column][\/vc_row][vc_row][vc_column width=\u00bb1\/4&#8243;][vc_single_image image=\u00bb11737&#8243; img_size=\u00bbfull\u00bb][vc_column_text]<\/p>\n<h2 style=\"text-align: center;\">Ana Milena Galarza (Colombia)<\/h2>\n<ul>\n<li>Doctor in Health from the Universidad del Valle. Master in Administration of Educational Institutions from the Instituto Tecnol\u00f3gico y de Estudios Superiores de Monterrey, Mexico. Specialist in pedagogy for the development of autonomous learning from UNAD.\u00a0 Occupational Therapist from Universidad del Valle. University teacher at Universidad del Valle, Fundaci\u00f3n Universitaria Antonio Jos\u00e9 Camacho, Universidad Libre and Universidad Pedag\u00f3gica Nacional.<\/li>\n<\/ul>\n<div><\/div>\n<p>[\/vc_column_text][\/vc_column][vc_column width=\u00bb1\/4&#8243;][vc_single_image image=\u00bb11734&#8243; img_size=\u00bbfull\u00bb][vc_column_text]<\/p>\n<h2 class=\"x_x_x_MsoNormal\" style=\"text-align: center;\">Esperanza Rodr\u00edguez Ferro (Colombia)<\/h2>\n<ul>\n<li>Occupational Therapist. Master in education. Master in disability and social inclusion. Specialist in Occupational Health Administration. She has worked as an instructor certified by CEMECE of Mexico in the International Classification of Functioning, Disability and Health. She is director of Proyectos Ambiente Consultores, president of CCTO 2020-2022 and coordinator of labor, occupational and social rehabilitation at the Centro Integral de Rehabilitaci\u00f3n de Colombia CIREC.<\/li>\n<\/ul>\n<p>[\/vc_column_text][\/vc_column][vc_column width=\u00bb1\/4&#8243;][vc_single_image image=\u00bb11727&#8243; img_size=\u00bbfull\u00bb][vc_column_text]<\/p>\n<h2 class=\"x_x_x_MsoNormal\" style=\"text-align: center;\">Janeth Fernanda Jim\u00e9nez Rey (Ecuador)<\/h2>\n<ul>\n<li class=\"x_elementToProof\">General practitioner.\u00a0 Master in Safety, Occupational Health and Community Relations.\u00a0 Master in Ergonomics. Specialist in muscular injuries in musicians and PhD student in Occupational Health Sciences with a Diploma in Psychosocial Risks.<\/li>\n<\/ul>\n<p>[\/vc_column_text][\/vc_column][vc_column width=\u00bb1\/4&#8243;][vc_single_image image=\u00bb11937&#8243; img_size=\u00bbfull\u00bb][vc_column_text]<\/p>\n<h2 class=\"x_x_x_MsoNormal\" style=\"text-align: center;\">Elizabeth G\u00f3mez Renter\u00eda (M\u00e9xico)<\/h2>\n<ul>\n<li class=\"x_elementToProof\">M\u00e9dico Cirujano Partero por la Universidad de Guadalajara y Maestra en Ciencias de la Salud en el Trabajo por la Universidad de Guadalajara. Acad\u00e9mica de la Universidad de Guadalajara en la Carrera de Medicina, en la Licenciatura de Salud P\u00fablica y en Posgrado en Maestr\u00eda en Gesti\u00f3n en Seguridad y Salud en el trabajo. Es parte del equipo acad\u00e9mico del Instituto PIENSO en Latinoam\u00e9rica AC, en el Programa de investigaci\u00f3n en Salud Ocupacional en Am\u00e9rica Latina desde el 2015. Vinculada con Ingredion M\u00e9xico,\u00a0<span class=\"x_ContentPasted0\">\u00a0<\/span>Pertenece al Colegio de Especialistas en Salud Ocupacional de Jalisco A.C. Desde el 2006<\/li>\n<\/ul>\n<p>[\/vc_column_text][\/vc_column][\/vc_row]<\/p>\n","protected":false},"excerpt":{"rendered":"<p>[vc_row full_width=\u00bbstretch_row_content_no_spaces\u00bb][vc_column][vc_separator style=\u00bbshadow\u00bb][vc_single_image image=\u00bb11713&#8243; img_size=\u00bbfull\u00bb][vc_empty_space][vc_separator style=\u00bbshadow\u00bb][vc_empty_space][vc_column_text] Speakers to Hioghlight [\/vc_column_text][\/vc_column][\/vc_row][vc_row][vc_column width=\u00bb1\/4&#8243;][vc_empty_space][\/vc_column][vc_column width=\u00bb1\/4&#8243;][vc_empty_space][\/vc_column][vc_column width=\u00bb1\/4&#8243;][vc_empty_space][\/vc_column][vc_column width=\u00bb1\/4&#8243;][vc_empty_space][\/vc_column][\/vc_row][vc_row][vc_column width=\u00bb1\/4&#8243;][vc_row_inner][vc_column_inner][vc_single_image image=\u00bb11735&#8243; img_size=\u00bbfull\u00bb][vc_column_text] Manuel Pando Moreno (M\u00e9xico) B.A. in Psychology from the Universidad Aut\u00f3noma de Nuevo Le\u00f3n, Mexico. Master in Public Health Sciences from the University of Guadalajara, Mexico. PhD from the University of Rovira i Virgili, Tarragona, Spain. President of [&hellip;]<\/p>\n","protected":false},"author":5,"featured_media":0,"parent":0,"menu_order":0,"comment_status":"closed","ping_status":"closed","template":"","meta":{"footnotes":""},"yoast_head":"<!-- This site is optimized with the Yoast SEO plugin v18.4.1 - https:\/\/yoast.com\/wordpress\/plugins\/seo\/ -->\n<title>Speakers to highlight - Maria Cano - en<\/title>\n<meta name=\"robots\" content=\"index, follow, max-snippet:-1, max-image-preview:large, max-video-preview:-1\" \/>\n<link rel=\"canonical\" href=\"https:\/\/www.fumc.edu.co\/en\/speakers-to-highlight\/\" \/>\n<meta property=\"og:locale\" content=\"es_ES\" \/>\n<meta property=\"og:type\" content=\"article\" \/>\n<meta property=\"og:title\" content=\"Speakers to highlight - Maria Cano - en\" \/>\n<meta property=\"og:description\" content=\"[vc_row full_width=\u00bbstretch_row_content_no_spaces\u00bb][vc_column][vc_separator style=\u00bbshadow\u00bb][vc_single_image image=\u00bb11713&#8243; img_size=\u00bbfull\u00bb][vc_empty_space][vc_separator style=\u00bbshadow\u00bb][vc_empty_space][vc_column_text] Speakers to Hioghlight [\/vc_column_text][\/vc_column][\/vc_row][vc_row][vc_column width=\u00bb1\/4&#8243;][vc_empty_space][\/vc_column][vc_column width=\u00bb1\/4&#8243;][vc_empty_space][\/vc_column][vc_column width=\u00bb1\/4&#8243;][vc_empty_space][\/vc_column][vc_column width=\u00bb1\/4&#8243;][vc_empty_space][\/vc_column][\/vc_row][vc_row][vc_column width=\u00bb1\/4&#8243;][vc_row_inner][vc_column_inner][vc_single_image image=\u00bb11735&#8243; img_size=\u00bbfull\u00bb][vc_column_text] Manuel Pando Moreno (M\u00e9xico) B.A. in Psychology from the Universidad Aut\u00f3noma de Nuevo Le\u00f3n, Mexico. Master in Public Health Sciences from the University of Guadalajara, Mexico. PhD from the University of Rovira i Virgili, Tarragona, Spain. President of [&hellip;]\" \/>\n<meta property=\"og:url\" content=\"https:\/\/www.fumc.edu.co\/en\/speakers-to-highlight\/\" \/>\n<meta property=\"og:site_name\" content=\"Maria Cano - en\" \/>\n<meta property=\"article:modified_time\" content=\"2023-02-17T18:32:24+00:00\" \/>\n<meta name=\"twitter:card\" content=\"summary\" \/>\n<meta name=\"twitter:label1\" content=\"Tiempo de lectura\" \/>\n\t<meta name=\"twitter:data1\" content=\"6 minutos\" \/>\n<script type=\"application\/ld+json\" class=\"yoast-schema-graph\">{\"@context\":\"https:\/\/schema.org\",\"@graph\":[{\"@type\":\"WebSite\",\"@id\":\"https:\/\/www.fumc.edu.co\/en\/#website\",\"url\":\"https:\/\/www.fumc.edu.co\/en\/\",\"name\":\"Maria Cano - en\",\"description\":\"Otro sitio realizado con WordPress\",\"potentialAction\":[{\"@type\":\"SearchAction\",\"target\":{\"@type\":\"EntryPoint\",\"urlTemplate\":\"https:\/\/www.fumc.edu.co\/en\/?s={search_term_string}\"},\"query-input\":\"required name=search_term_string\"}],\"inLanguage\":\"es\"},{\"@type\":\"WebPage\",\"@id\":\"https:\/\/www.fumc.edu.co\/en\/speakers-to-highlight\/#webpage\",\"url\":\"https:\/\/www.fumc.edu.co\/en\/speakers-to-highlight\/\",\"name\":\"Speakers to highlight - Maria Cano - en\",\"isPartOf\":{\"@id\":\"https:\/\/www.fumc.edu.co\/en\/#website\"},\"datePublished\":\"2022-12-19T15:26:28+00:00\",\"dateModified\":\"2023-02-17T18:32:24+00:00\",\"breadcrumb\":{\"@id\":\"https:\/\/www.fumc.edu.co\/en\/speakers-to-highlight\/#breadcrumb\"},\"inLanguage\":\"es\",\"potentialAction\":[{\"@type\":\"ReadAction\",\"target\":[\"https:\/\/www.fumc.edu.co\/en\/speakers-to-highlight\/\"]}]},{\"@type\":\"BreadcrumbList\",\"@id\":\"https:\/\/www.fumc.edu.co\/en\/speakers-to-highlight\/#breadcrumb\",\"itemListElement\":[{\"@type\":\"ListItem\",\"position\":1,\"name\":\"Portada\",\"item\":\"https:\/\/www.fumc.edu.co\/en\/\"},{\"@type\":\"ListItem\",\"position\":2,\"name\":\"Speakers to highlight\"}]}]}<\/script>\n<!-- \/ Yoast SEO plugin. -->","yoast_head_json":{"title":"Speakers to highlight - Maria Cano - en","robots":{"index":"index","follow":"follow","max-snippet":"max-snippet:-1","max-image-preview":"max-image-preview:large","max-video-preview":"max-video-preview:-1"},"canonical":"https:\/\/www.fumc.edu.co\/en\/speakers-to-highlight\/","og_locale":"es_ES","og_type":"article","og_title":"Speakers to highlight - Maria Cano - en","og_description":"[vc_row full_width=\u00bbstretch_row_content_no_spaces\u00bb][vc_column][vc_separator style=\u00bbshadow\u00bb][vc_single_image image=\u00bb11713&#8243; img_size=\u00bbfull\u00bb][vc_empty_space][vc_separator style=\u00bbshadow\u00bb][vc_empty_space][vc_column_text] Speakers to Hioghlight [\/vc_column_text][\/vc_column][\/vc_row][vc_row][vc_column width=\u00bb1\/4&#8243;][vc_empty_space][\/vc_column][vc_column width=\u00bb1\/4&#8243;][vc_empty_space][\/vc_column][vc_column width=\u00bb1\/4&#8243;][vc_empty_space][\/vc_column][vc_column width=\u00bb1\/4&#8243;][vc_empty_space][\/vc_column][\/vc_row][vc_row][vc_column width=\u00bb1\/4&#8243;][vc_row_inner][vc_column_inner][vc_single_image image=\u00bb11735&#8243; img_size=\u00bbfull\u00bb][vc_column_text] Manuel Pando Moreno (M\u00e9xico) B.A. in Psychology from the Universidad Aut\u00f3noma de Nuevo Le\u00f3n, Mexico. Master in Public Health Sciences from the University of Guadalajara, Mexico. PhD from the University of Rovira i Virgili, Tarragona, Spain. President of [&hellip;]","og_url":"https:\/\/www.fumc.edu.co\/en\/speakers-to-highlight\/","og_site_name":"Maria Cano - en","article_modified_time":"2023-02-17T18:32:24+00:00","twitter_card":"summary","twitter_misc":{"Tiempo de lectura":"6 minutos"},"schema":{"@context":"https:\/\/schema.org","@graph":[{"@type":"WebSite","@id":"https:\/\/www.fumc.edu.co\/en\/#website","url":"https:\/\/www.fumc.edu.co\/en\/","name":"Maria Cano - en","description":"Otro sitio realizado con WordPress","potentialAction":[{"@type":"SearchAction","target":{"@type":"EntryPoint","urlTemplate":"https:\/\/www.fumc.edu.co\/en\/?s={search_term_string}"},"query-input":"required name=search_term_string"}],"inLanguage":"es"},{"@type":"WebPage","@id":"https:\/\/www.fumc.edu.co\/en\/speakers-to-highlight\/#webpage","url":"https:\/\/www.fumc.edu.co\/en\/speakers-to-highlight\/","name":"Speakers to highlight - Maria Cano - en","isPartOf":{"@id":"https:\/\/www.fumc.edu.co\/en\/#website"},"datePublished":"2022-12-19T15:26:28+00:00","dateModified":"2023-02-17T18:32:24+00:00","breadcrumb":{"@id":"https:\/\/www.fumc.edu.co\/en\/speakers-to-highlight\/#breadcrumb"},"inLanguage":"es","potentialAction":[{"@type":"ReadAction","target":["https:\/\/www.fumc.edu.co\/en\/speakers-to-highlight\/"]}]},{"@type":"BreadcrumbList","@id":"https:\/\/www.fumc.edu.co\/en\/speakers-to-highlight\/#breadcrumb","itemListElement":[{"@type":"ListItem","position":1,"name":"Portada","item":"https:\/\/www.fumc.edu.co\/en\/"},{"@type":"ListItem","position":2,"name":"Speakers to highlight"}]}]}},"_links":{"self":[{"href":"https:\/\/www.fumc.edu.co\/en\/wp-json\/wp\/v2\/pages\/11710"}],"collection":[{"href":"https:\/\/www.fumc.edu.co\/en\/wp-json\/wp\/v2\/pages"}],"about":[{"href":"https:\/\/www.fumc.edu.co\/en\/wp-json\/wp\/v2\/types\/page"}],"author":[{"embeddable":true,"href":"https:\/\/www.fumc.edu.co\/en\/wp-json\/wp\/v2\/users\/5"}],"replies":[{"embeddable":true,"href":"https:\/\/www.fumc.edu.co\/en\/wp-json\/wp\/v2\/comments?post=11710"}],"version-history":[{"count":0,"href":"https:\/\/www.fumc.edu.co\/en\/wp-json\/wp\/v2\/pages\/11710\/revisions"}],"wp:attachment":[{"href":"https:\/\/www.fumc.edu.co\/en\/wp-json\/wp\/v2\/media?parent=11710"}],"curies":[{"name":"wp","href":"https:\/\/api.w.org\/{rel}","templated":true}]}}