{"id":15046,"date":"2026-01-23T14:21:54","date_gmt":"2026-01-23T14:21:54","guid":{"rendered":"https:\/\/www.fumc.edu.co\/en\/?page_id=15046"},"modified":"2026-01-23T21:11:34","modified_gmt":"2026-01-23T21:11:34","slug":"financial-rights","status":"publish","type":"page","link":"https:\/\/www.fumc.edu.co\/en\/financial-rights\/","title":{"rendered":"Financial Rights"},"content":{"rendered":"<p>[vc_row full_width=\u00bbstretch_row_content_no_spaces\u00bb][vc_column][vc_single_image image=\u00bb11828&#8243; img_size=\u00bbfull\u00bb alignment=\u00bbcenter\u00bb css_animation=\u00bbfadeIn\u00bb][\/vc_column][\/vc_row][vc_row][vc_column][vc_empty_space][\/vc_column][\/vc_row][vc_row el_class=\u00bbwadmisiones\u00bb][vc_column width=\u00bb1\/3&#8243; el_class=\u00bbwitemlist\u00bb][vc_wp_custommenu nav_menu=\u00bb51&#8243;][\/vc_column][vc_column width=\u00bb2\/3&#8243;][vc_column_text]<\/p>\n<h1>Financial Rights 2026<\/h1>\n<p>Below you will find all the values \u200b\u200bassociated with the different programs offered by the Mar\u00eda Cano University Foundation. Learn about each Rectoral Resolution by clicking on each of the following items:<\/p>\n<p><b><a href=\"https:\/\/www.fumc.edu.co\/documentos\/normatividadinst\/1174_Derechos_pecuniarios_2026.pdf\">Resoluci\u00f3n Rectoral 1174 de 2025 Derechos pecuniarios pregrado y posgrado a\u00f1o 2026<\/a><\/b><\/p>\n<p><b><a href=\"https:\/\/www.fumc.edu.co\/documentos\/normatividadinst\/1181_Derechos_pecuniarios_ETDH_2026.pdf\">Resoluci\u00f3n Rectoral 1181 de 2026 Derechos pecuniarios ETDH y subsistema SFT sede Medell\u00edn<\/a><\/b><\/p>\n<p><b><a href=\"https:\/\/www.fumc.edu.co\/documentos\/normatividadinst\/1174_Derechos_pecuniarios_2026.pdf\">Resoluci\u00f3n Rectoral 1182 de 2026 Derechos pecuniarios ETDH en conocimientos en ingl\u00e9s A1, A2, B1 y B2 Medell\u00edn<\/a><\/b><\/p>\n<p><b><a href=\"https:\/\/www.fumc.edu.co\/documentos\/normatividadinst\/1183_Derechos_pecuniarios_centro_de_idiomas_2026_popayan.pdf\">Resoluci\u00f3n Rectoral 1183 de 2026 Derechos pecuniarios ETDH en conocimientos en ingl\u00e9s A1, A2, B1 y B2 Popay\u00e1n<\/a><\/b><\/p>\n<p><b><a href=\"https:\/\/www.fumc.edu.co\/documentos\/normatividadinst\/1184_Derechos_pecuniarios_cntro_de_idiomas_2026_neiva.pdf\">Resoluci\u00f3n Rectoral 1184 de 2026 Derechos pecuniarios ETDH en conocimientos en ingl\u00e9s A1, A2, B1 y B2 Neiva<\/a><\/b><\/p>\n<p><b><a href=\"https:\/\/www.fumc.edu.co\/documentos\/normatividadinst\/1185_Esp_fonoaudiologia_cuidado_critico.pdf\">Resoluci\u00f3n Rectoral 1185 de 2026 Derechos de matr\u00edcula para la Especializaci\u00f3n en Fonoaudiolog\u00eda en Cuidado Cr\u00edtico, Presencial en la sede Medell\u00edn<\/a><\/b><\/p>\n<p><b><a href=\"https:\/\/www.fumc.edu.co\/documentos\/normatividadinst\/1186_pregrado_actividad_fisica_y_deporte.pdf\">Resoluci\u00f3n Rectoral 1186 de 2026 Por medio de la cual se fija el valor de los derechos de matr\u00edcula para el pregrado en Actividad F\u00edsica y Deporte en las sedes Cali y Neiva para el periodo 2026<\/a><\/b><\/p>\n<p><a href=\"https:\/\/www.fumc.edu.co\/documentos\/normatividadinst\/1187_Derechos_pecuniarios_centro_de_idiomas_2026_cali.pdf\"><b>Resoluci\u00f3n Rectoral 1187 de 2026 Derechos pecuniarios ETDH en conocimientos en ingl\u00e9s A1, A2, B1 y B2 Cali<\/b><\/a><\/p>\n<h1><\/h1>\n<p>&nbsp;[\/vc_column_text][\/vc_column][\/vc_row]<\/p>\n","protected":false},"excerpt":{"rendered":"<p>[vc_row full_width=\u00bbstretch_row_content_no_spaces\u00bb][vc_column][vc_single_image image=\u00bb11828&#8243; img_size=\u00bbfull\u00bb alignment=\u00bbcenter\u00bb css_animation=\u00bbfadeIn\u00bb][\/vc_column][\/vc_row][vc_row][vc_column][vc_empty_space][\/vc_column][\/vc_row][vc_row el_class=\u00bbwadmisiones\u00bb][vc_column width=\u00bb1\/3&#8243; el_class=\u00bbwitemlist\u00bb][vc_wp_custommenu nav_menu=\u00bb51&#8243;][\/vc_column][vc_column width=\u00bb2\/3&#8243;][vc_column_text] Financial Rights 2026 Below you will find all the values \u200b\u200bassociated with the different programs offered by the Mar\u00eda Cano University Foundation. Learn about each Rectoral Resolution by clicking on each of the following items: Resoluci\u00f3n Rectoral 1174 de 2025 Derechos pecuniarios pregrado y [&hellip;]<\/p>\n","protected":false},"author":5,"featured_media":0,"parent":0,"menu_order":0,"comment_status":"closed","ping_status":"closed","template":"","meta":{"footnotes":""},"yoast_head":"<!-- This site is optimized with the Yoast SEO plugin v18.4.1 - https:\/\/yoast.com\/wordpress\/plugins\/seo\/ -->\n<title>Financial Rights - Maria Cano - en<\/title>\n<meta name=\"robots\" content=\"index, follow, max-snippet:-1, max-image-preview:large, max-video-preview:-1\" \/>\n<link rel=\"canonical\" href=\"https:\/\/www.fumc.edu.co\/en\/financial-rights\/\" \/>\n<meta property=\"og:locale\" content=\"es_ES\" \/>\n<meta property=\"og:type\" content=\"article\" \/>\n<meta property=\"og:title\" content=\"Financial Rights - Maria Cano - en\" \/>\n<meta property=\"og:description\" content=\"[vc_row full_width=\u00bbstretch_row_content_no_spaces\u00bb][vc_column][vc_single_image image=\u00bb11828&#8243; img_size=\u00bbfull\u00bb alignment=\u00bbcenter\u00bb css_animation=\u00bbfadeIn\u00bb][\/vc_column][\/vc_row][vc_row][vc_column][vc_empty_space][\/vc_column][\/vc_row][vc_row el_class=\u00bbwadmisiones\u00bb][vc_column width=\u00bb1\/3&#8243; el_class=\u00bbwitemlist\u00bb][vc_wp_custommenu nav_menu=\u00bb51&#8243;][\/vc_column][vc_column width=\u00bb2\/3&#8243;][vc_column_text] Financial Rights 2026 Below you will find all the values \u200b\u200bassociated with the different programs offered by the Mar\u00eda Cano University Foundation. Learn about each Rectoral Resolution by clicking on each of the following items: Resoluci\u00f3n Rectoral 1174 de 2025 Derechos pecuniarios pregrado y [&hellip;]\" \/>\n<meta property=\"og:url\" content=\"https:\/\/www.fumc.edu.co\/en\/financial-rights\/\" \/>\n<meta property=\"og:site_name\" content=\"Maria Cano - en\" \/>\n<meta property=\"article:modified_time\" content=\"2026-01-23T21:11:34+00:00\" \/>\n<meta name=\"twitter:card\" content=\"summary\" \/>\n<meta name=\"twitter:label1\" content=\"Tiempo de lectura\" \/>\n\t<meta name=\"twitter:data1\" content=\"1 minuto\" \/>\n<script type=\"application\/ld+json\" class=\"yoast-schema-graph\">{\"@context\":\"https:\/\/schema.org\",\"@graph\":[{\"@type\":\"WebSite\",\"@id\":\"https:\/\/www.fumc.edu.co\/en\/#website\",\"url\":\"https:\/\/www.fumc.edu.co\/en\/\",\"name\":\"Maria Cano - en\",\"description\":\"Otro sitio realizado con WordPress\",\"potentialAction\":[{\"@type\":\"SearchAction\",\"target\":{\"@type\":\"EntryPoint\",\"urlTemplate\":\"https:\/\/www.fumc.edu.co\/en\/?s={search_term_string}\"},\"query-input\":\"required name=search_term_string\"}],\"inLanguage\":\"es\"},{\"@type\":\"WebPage\",\"@id\":\"https:\/\/www.fumc.edu.co\/en\/financial-rights\/#webpage\",\"url\":\"https:\/\/www.fumc.edu.co\/en\/financial-rights\/\",\"name\":\"Financial Rights - Maria Cano - en\",\"isPartOf\":{\"@id\":\"https:\/\/www.fumc.edu.co\/en\/#website\"},\"datePublished\":\"2026-01-23T14:21:54+00:00\",\"dateModified\":\"2026-01-23T21:11:34+00:00\",\"breadcrumb\":{\"@id\":\"https:\/\/www.fumc.edu.co\/en\/financial-rights\/#breadcrumb\"},\"inLanguage\":\"es\",\"potentialAction\":[{\"@type\":\"ReadAction\",\"target\":[\"https:\/\/www.fumc.edu.co\/en\/financial-rights\/\"]}]},{\"@type\":\"BreadcrumbList\",\"@id\":\"https:\/\/www.fumc.edu.co\/en\/financial-rights\/#breadcrumb\",\"itemListElement\":[{\"@type\":\"ListItem\",\"position\":1,\"name\":\"Portada\",\"item\":\"https:\/\/www.fumc.edu.co\/en\/\"},{\"@type\":\"ListItem\",\"position\":2,\"name\":\"Financial Rights\"}]}]}<\/script>\n<!-- \/ Yoast SEO plugin. -->","yoast_head_json":{"title":"Financial Rights - Maria Cano - en","robots":{"index":"index","follow":"follow","max-snippet":"max-snippet:-1","max-image-preview":"max-image-preview:large","max-video-preview":"max-video-preview:-1"},"canonical":"https:\/\/www.fumc.edu.co\/en\/financial-rights\/","og_locale":"es_ES","og_type":"article","og_title":"Financial Rights - Maria Cano - en","og_description":"[vc_row full_width=\u00bbstretch_row_content_no_spaces\u00bb][vc_column][vc_single_image image=\u00bb11828&#8243; img_size=\u00bbfull\u00bb alignment=\u00bbcenter\u00bb css_animation=\u00bbfadeIn\u00bb][\/vc_column][\/vc_row][vc_row][vc_column][vc_empty_space][\/vc_column][\/vc_row][vc_row el_class=\u00bbwadmisiones\u00bb][vc_column width=\u00bb1\/3&#8243; el_class=\u00bbwitemlist\u00bb][vc_wp_custommenu nav_menu=\u00bb51&#8243;][\/vc_column][vc_column width=\u00bb2\/3&#8243;][vc_column_text] Financial Rights 2026 Below you will find all the values \u200b\u200bassociated with the different programs offered by the Mar\u00eda Cano University Foundation. Learn about each Rectoral Resolution by clicking on each of the following items: Resoluci\u00f3n Rectoral 1174 de 2025 Derechos pecuniarios pregrado y [&hellip;]","og_url":"https:\/\/www.fumc.edu.co\/en\/financial-rights\/","og_site_name":"Maria Cano - en","article_modified_time":"2026-01-23T21:11:34+00:00","twitter_card":"summary","twitter_misc":{"Tiempo de lectura":"1 minuto"},"schema":{"@context":"https:\/\/schema.org","@graph":[{"@type":"WebSite","@id":"https:\/\/www.fumc.edu.co\/en\/#website","url":"https:\/\/www.fumc.edu.co\/en\/","name":"Maria Cano - en","description":"Otro sitio realizado con WordPress","potentialAction":[{"@type":"SearchAction","target":{"@type":"EntryPoint","urlTemplate":"https:\/\/www.fumc.edu.co\/en\/?s={search_term_string}"},"query-input":"required name=search_term_string"}],"inLanguage":"es"},{"@type":"WebPage","@id":"https:\/\/www.fumc.edu.co\/en\/financial-rights\/#webpage","url":"https:\/\/www.fumc.edu.co\/en\/financial-rights\/","name":"Financial Rights - Maria Cano - en","isPartOf":{"@id":"https:\/\/www.fumc.edu.co\/en\/#website"},"datePublished":"2026-01-23T14:21:54+00:00","dateModified":"2026-01-23T21:11:34+00:00","breadcrumb":{"@id":"https:\/\/www.fumc.edu.co\/en\/financial-rights\/#breadcrumb"},"inLanguage":"es","potentialAction":[{"@type":"ReadAction","target":["https:\/\/www.fumc.edu.co\/en\/financial-rights\/"]}]},{"@type":"BreadcrumbList","@id":"https:\/\/www.fumc.edu.co\/en\/financial-rights\/#breadcrumb","itemListElement":[{"@type":"ListItem","position":1,"name":"Portada","item":"https:\/\/www.fumc.edu.co\/en\/"},{"@type":"ListItem","position":2,"name":"Financial Rights"}]}]}},"_links":{"self":[{"href":"https:\/\/www.fumc.edu.co\/en\/wp-json\/wp\/v2\/pages\/15046"}],"collection":[{"href":"https:\/\/www.fumc.edu.co\/en\/wp-json\/wp\/v2\/pages"}],"about":[{"href":"https:\/\/www.fumc.edu.co\/en\/wp-json\/wp\/v2\/types\/page"}],"author":[{"embeddable":true,"href":"https:\/\/www.fumc.edu.co\/en\/wp-json\/wp\/v2\/users\/5"}],"replies":[{"embeddable":true,"href":"https:\/\/www.fumc.edu.co\/en\/wp-json\/wp\/v2\/comments?post=15046"}],"version-history":[{"count":0,"href":"https:\/\/www.fumc.edu.co\/en\/wp-json\/wp\/v2\/pages\/15046\/revisions"}],"wp:attachment":[{"href":"https:\/\/www.fumc.edu.co\/en\/wp-json\/wp\/v2\/media?parent=15046"}],"curies":[{"name":"wp","href":"https:\/\/api.w.org\/{rel}","templated":true}]}}