{"id":1704,"date":"2017-06-10T19:45:41","date_gmt":"2017-06-10T19:45:41","guid":{"rendered":"http:\/\/10.13.33.7\/?page_id=1704"},"modified":"2019-01-24T19:52:02","modified_gmt":"2019-01-24T19:52:02","slug":"fisioterapia-rehabilitacion-columna-pelvis","status":"publish","type":"page","link":"https:\/\/www.fumc.edu.co\/en\/formacion-continua\/fisioterapia-rehabilitacion-columna-pelvis\/","title":{"rendered":"Fisioterapia en Rehabilitaci\u00f3n de Columna y Pelvis"},"content":{"rendered":"<p>[vc_row][vc_column][vc_custom_heading text=\u00bbFisioterapia en Rehabilitaci\u00f3n de Columna y Pelvis\u00bb font_container=\u00bbtag:h1|text_align:left\u00bb google_fonts=\u00bbfont_family:Didact%20Gothic%3Aregular|font_style:400%20regular%3A400%3Anormal\u00bb][\/vc_column][\/vc_row][vc_row][vc_column width=\u00bb1\/2&#8243;][vc_single_image image=\u00bb2134&#8243; img_size=\u00bbfull\u00bb][\/vc_column][vc_column width=\u00bb1\/2&#8243;][vc_column_text]Las disfunciones de la columna son uno de los problemas m\u00e1s comunes e incapacitantes que se manifiestan en alguna etapa de la vida del ser humano. Un alto porcentaje de la poblaci\u00f3n a nivel mundial sufre en alg\u00fan momento de la vida y en forma ocasional el dolor de espalda, situaci\u00f3n que genera un alto impacto a nivel social ya sea por ausentismo laboral o escolar. No existe un programa terap\u00e9utico \u00fanico que haya mostrado ser objetivamente m\u00e1s eficaz para todos los pacientes con dolor lumbar; de ah\u00ed los diferentes tratamientos y t\u00e9cnicas de rehabilitaci\u00f3n, ante este s\u00edntoma originado por diferentes circunstancias.<\/p>\n<p>La Fundaci\u00f3n Universitaria Mar\u00eda Cano, presenta el Diplomado en Fisioterapia en Rehabilitaci\u00f3n de Columna y Pelvis, como una alternativa de cualificaci\u00f3n para los profesionales y estudiantes de Fisioterapia, facilitando el desarrollo de habilidades para la aplicaci\u00f3n de t\u00e9cnicas de rehabilitaci\u00f3n activa en columna y pelvis, haciendo \u00e9nfasis no solo en la pr\u00e1ctica, sino en la creatividad para la realizaci\u00f3n de nuevos ejercicios y programas de rehabilitaci\u00f3n, teniendo en cuenta la anatom\u00eda osteomuscular, la biomec\u00e1nica de la estructura vertebral y los factores que pueden desencadenar cualquier lesi\u00f3n.[\/vc_column_text][\/vc_column][\/vc_row][vc_row][vc_column][vc_tta_tour active_section=\u00bb1&#8243; el_class=\u00bbwsede\u00bb][vc_tta_section title=\u00bbMedell\u00edn\u00bb tab_id=\u00bb1496311981022-aaf6caec-471d\u00bb el_class=\u00bbwsedes\u00bb][vc_row_inner][vc_column_inner el_class=\u00bbwright\u00bb][vc_column_text]<strong>Plan de estudios<\/strong><br \/>\n<strong>Duraci\u00f3n:<\/strong> 120 Horas<br \/>\n<strong>Valor:<\/strong> $2.760.000<br \/>\n<strong>Dirigido a:<\/strong> Profesionales y estudiantes del \u00e1rea de fisioterapia.<br \/>\n<strong>Tel\u00e9fonos:<\/strong> 402 55 61<\/p>\n<p><a href=\"\/directorio\">Informes<\/a>[\/vc_column_text][\/vc_column_inner][\/vc_row_inner][\/vc_tta_section][\/vc_tta_tour][\/vc_column][\/vc_row][vc_row][vc_column][vc_empty_space][\/vc_column][\/vc_row][vc_row full_width=\u00bbstretch_row_content_no_spaces\u00bb][vc_column][vc_cta h2=\u00bb\u00bfDesea m\u00e1s informaci\u00f3n sobre este programa?\u00bb txt_align=\u00bbcenter\u00bb shape=\u00bbsquare\u00bb][\/vc_cta][\/vc_column][\/vc_row][vc_row][vc_column]<div role=\"form\" class=\"wpcf7\" id=\"wpcf7-f1855-o1\" lang=\"en-US\" dir=\"ltr\">\n<div class=\"screen-reader-response\"><p role=\"status\" aria-live=\"polite\" aria-atomic=\"true\"><\/p> <ul><\/ul><\/div>\n<form action=\"\/en\/wp-json\/wp\/v2\/pages\/1704#wpcf7-f1855-o1\" method=\"post\" class=\"wpcf7-form init\" novalidate=\"novalidate\" data-status=\"init\">\n<div style=\"display: none;\">\n<input type=\"hidden\" name=\"_wpcf7\" value=\"1855\" \/>\n<input type=\"hidden\" name=\"_wpcf7_version\" value=\"5.5.6\" \/>\n<input type=\"hidden\" name=\"_wpcf7_locale\" value=\"en_US\" \/>\n<input type=\"hidden\" name=\"_wpcf7_unit_tag\" value=\"wpcf7-f1855-o1\" \/>\n<input type=\"hidden\" name=\"_wpcf7_container_post\" value=\"0\" \/>\n<input type=\"hidden\" name=\"_wpcf7_posted_data_hash\" value=\"\" \/>\n<\/div>\n<div class=\"vc_row wpb_row vc_row-fluid\">\n<div class=\"wpb_column vc_column_container vc_col-sm-12\">\n<div class=\"vc_column-inner \">\n<div class=\"wpb_wrapper\">\n<div class=\"vc_empty_space\" style=\"height: 32px\">\n\t\t\t\t\t<span class=\"vc_empty_space_inner\"><\/span>\n\t\t\t\t<\/div>\n<\/div>\n<\/div>\n<\/div>\n<\/div>\n<div class=\"row\">\n<div class=\"col-xs-12 col-sm-6 col-md-6 col-lg-6\">\n<div class=\"form-group\">\n\t\t\t<label>Full name<\/label><br \/>\n\t\t\t<span class=\"wpcf7-form-control-wrap txtName\"><input type=\"text\" name=\"txtName\" value=\"\" size=\"40\" class=\"wpcf7-form-control wpcf7-text wpcf7-validates-as-required form-control\" aria-required=\"true\" aria-invalid=\"false\" placeholder=\"Full name\" \/><\/span>\n\t\t<\/div>\n<\/div>\n<div class=\"col-xs-12 col-sm-6 col-md-6 col-lg-6\">\n<div class=\"form-group\">\n\t\t\t<label>Email address<\/label><br \/>\n\t\t\t<span class=\"wpcf7-form-control-wrap txtEmail\"><input type=\"email\" name=\"txtEmail\" value=\"\" size=\"40\" class=\"wpcf7-form-control wpcf7-text wpcf7-email wpcf7-validates-as-required wpcf7-validates-as-email form-control\" aria-required=\"true\" aria-invalid=\"false\" placeholder=\"Email address\" \/><\/span>\n\t\t<\/div>\n<\/div>\n<\/div>\n<div class=\"row\">\n<div class=\"col-xs-12 col-sm-6 col-md-6 col-lg-6\">\n<div class=\"form-group\">\n\t\t\t<label>Telephone number<\/label><br \/>\n\t\t\t<span class=\"wpcf7-form-control-wrap txtPhone\"><input type=\"text\" name=\"txtPhone\" value=\"\" size=\"40\" class=\"wpcf7-form-control wpcf7-text wpcf7-validates-as-required form-control\" aria-required=\"true\" aria-invalid=\"false\" placeholder=\"Telephone number\" \/><\/span>\n\t\t<\/div>\n<\/div>\n<div class=\"col-xs-12 col-sm-6 col-md-6 col-lg-6\">\n<div class=\"form-group\">\n\t\t\t<label>City<\/label><br \/>\n\t\t\t<span class=\"wpcf7-form-control-wrap txtCiudad\"><input type=\"text\" name=\"txtCiudad\" value=\"\" size=\"40\" class=\"wpcf7-form-control wpcf7-text wpcf7-validates-as-required form-control\" aria-required=\"true\" aria-invalid=\"false\" placeholder=\"City\" \/><\/span>\n\t\t<\/div>\n<\/div>\n<\/div>\n<div class=\"row\">\n<div class=\"col-xs-12 col-sm-12 col-md-12 col-lg-12\">\n<div class=\"form-group\">\n\t\t\t<label>Birth date<\/label><br \/>\n\t\t\t<span class=\"wpcf7-form-control-wrap txtDate\"><input type=\"date\" name=\"txtDate\" value=\"\" class=\"wpcf7-form-control wpcf7-date wpcf7-validates-as-date form-control\" aria-invalid=\"false\" placeholder=\"Birth date\" \/><\/span>\n\t\t<\/div>\n<\/div>\n<\/div>\n<div class=\"row\">\n<div class=\"col-xs-12 col-sm-12 col-md-12 col-lg-12\">\n\t\t<input type=\"submit\" value=\"Submit\" class=\"wpcf7-form-control has-spinner wpcf7-submit btn btn-default\" \/><\/p>\n<input type=\"hidden\" name=\"txtProgram\" value=\"post_title\" class=\"wpcf7-form-control wpcf7-hidden\" \/>\n<\/div>\n<\/div>\n<div class=\"stm_colored_separator\">\n<div class=\"triangled_colored_separator\" style=\"background-color:#fdc735; \">\n<div class=\"triangle\" style=\"border-bottom-color:#fdc735;\"><\/div>\n<\/div>\n<\/div>\n<div class=\"vc_row wpb_row vc_row-fluid\">\n<div class=\"wpb_column vc_column_container vc_col-sm-12\">\n<div class=\"vc_column-inner \">\n<div class=\"wpb_wrapper\">\n<div class=\"vc_empty_space\" style=\"height: 32px\">\n\t\t\t\t\t<span class=\"vc_empty_space_inner\"><\/span>\n\t\t\t\t<\/div>\n<\/div>\n<\/div>\n<\/div>\n<\/div>\n<div class=\"wpcf7-response-output\" aria-hidden=\"true\"><\/div><\/form><\/div>[\/vc_column][\/vc_row][vc_row][vc_column][vc_column_text]<\/p>\n<h3>Objetivos<\/h3>\n<p>Revisar las diferentes entidades patol\u00f3gicas que ocasionan la disfunci\u00f3n de la columna vertebral.<br \/>\nnalizar la aplicabilidad de cada una de las t\u00e9cnicas de rehabilitaci\u00f3n de columna y pelvis, teniendo en cuenta las especificidades de los pacientes.<br \/>\nDiferenciar y aplicar cada uno de los enfoques de tratamiento de columna y pelvis, teniendo en cuenta las nuevas tendencias.<br \/>\nBrindar a los profesionales en formaci\u00f3n, los conocimientos necesarios, para la intervenci\u00f3n fisioterap\u00e9utica del paciente con disfunci\u00f3n de la columna vertebral; haciendo \u00e9nfasis en la revisi\u00f3n de las patolog\u00edas causantes del dolor de espalda.<br \/>\nProfundizar en t\u00e9cnicas fisioterap\u00e9uticas y en nuevas modalidades sobre el ejercicio terap\u00e9utico integrado para la rehabilitaci\u00f3n de la columna; logrando que el profesional realice tratamientos integrales e individualizados, seg\u00fan el caso del paciente.<br \/>\nObtener una eficiencia est\u00e1tica y din\u00e1mica \u00f3ptima, mejorando la calidad de vida del individuo y su readaptaci\u00f3n laboral, social y recreativa.[\/vc_column_text][\/vc_column][\/vc_row][vc_row][vc_column][vc_empty_space][\/vc_column][\/vc_row][vc_row][vc_column width=\u00bb1\/4&#8243;][vc_column_text]<\/p>\n<h3>MALLA CURRICULAR<\/h3>\n<h2>Plan de Estudios<\/h2>\n<p>[\/vc_column_text][\/vc_column][vc_column width=\u00bb3\/4&#8243;][vc_column_text]Contenido program\u00e1tico[\/vc_column_text][vc_tta_tabs active_section=\u00bb1&#8243; el_class=\u00bbwmalla\u00bb][vc_tta_section title=\u00bbM\u00f3dulo I\u00bb tab_id=\u00bb1496310901735-bf3946d2-995e\u00bb el_class=\u00bbwsemestre\u00bb][vc_column_text]<\/p>\n<p style=\"text-align: right;\">Anatom\u00eda -Biomec\u00e1nica &#8211; Patolog\u00eda del raquis vertebral<\/p>\n<p>[\/vc_column_text][vc_column_text]<\/p>\n<ul>\n<li>Anatom\u00eda<\/li>\n<li>Conceptos generales del dolor lumbar<\/li>\n<li>Fisiopatolog\u00eda del dolor lumbar y clasificaci\u00f3n del dolor lumbar<\/li>\n<li>Estudio por im\u00e1genes<\/li>\n<li>Enfermedad degenerativa discal<\/li>\n<li>S\u00edndrome de compresi\u00f3n radicular<\/li>\n<li>Espondilolistesis<\/li>\n<li>Canal lumbar y cervical estrecho<\/li>\n<li>Deformidades en columna<\/li>\n<li>Traumatismos de la columna vertebral y pelvis<\/li>\n<li>Tumores espinales<\/li>\n<li>Des\u00f3rdenes inflamatorios en columna<\/li>\n<li>Infecciones de la columna vertebral<\/li>\n<li>Osteoporosis en columna vertebral<\/li>\n<li>Fibromialgia y dolor miofascial<\/li>\n<\/ul>\n<p>[\/vc_column_text][\/vc_tta_section][vc_tta_section title=\u00bbM\u00f3dulo II\u00bb tab_id=\u00bb1496863949583-4995e6cc-d855&#8243; el_class=\u00bbwsemestre\u00bb][vc_column_text]<\/p>\n<p style=\"text-align: right;\">T\u00e9cnicas de rehabilitaci\u00f3n fisioterap\u00e9utica en columna y pelvis<\/p>\n<p>[\/vc_column_text][vc_column_text]<\/p>\n<ul>\n<li>Programa de ejercicios de estabilizaci\u00f3n de la columna vertebral<\/li>\n<li>T\u00e9cnica de Mckenzie<\/li>\n<li>Fisioterapia en escoliosis<\/li>\n<li>T\u00e9cnica de ejercicios de Kester, William y Risser para el dolor lumbar<\/li>\n<li>Fisioterapia en traumatismos vertebrales<\/li>\n<li>Ejercicio terap\u00e9utico uso del bal\u00f3n. Balonterapia en columna vertebral<\/li>\n<li>Ejercicios terap\u00e9uticos para el tratamiento de la columna cervical y articulaci\u00f3n sacroiliaca<\/li>\n<\/ul>\n<p>[\/vc_column_text][\/vc_tta_section][vc_tta_section title=\u00bbM\u00f3dulo III\u00bb tab_id=\u00bb1497120933796-7b0e9b41-93bf\u00bb el_class=\u00bbwsemestre\u00bb][vc_column_text]<\/p>\n<p style=\"text-align: right;\">Nuevos enfoques de tratamiento fisioterap\u00e9utico en columna y pelvis<\/p>\n<p>[\/vc_column_text][vc_column_text]<\/p>\n<ul>\n<li>Shiatsu<\/li>\n<li>Osteopatia.<\/li>\n<li>La educaci\u00f3n som\u00e1tica y su utilidad en el tratamiento de columna<\/li>\n<\/ul>\n<p>[\/vc_column_text][\/vc_tta_section][\/vc_tta_tabs][\/vc_column][\/vc_row]<\/p>\n","protected":false},"excerpt":{"rendered":"<p>[vc_row][vc_column][vc_custom_heading text=\u00bbFisioterapia en Rehabilitaci\u00f3n de Columna y Pelvis\u00bb font_container=\u00bbtag:h1|text_align:left\u00bb google_fonts=\u00bbfont_family:Didact%20Gothic%3Aregular|font_style:400%20regular%3A400%3Anormal\u00bb][\/vc_column][\/vc_row][vc_row][vc_column width=\u00bb1\/2&#8243;][vc_single_image image=\u00bb2134&#8243; img_size=\u00bbfull\u00bb][\/vc_column][vc_column width=\u00bb1\/2&#8243;][vc_column_text]Las disfunciones de la columna son uno de los problemas m\u00e1s comunes e incapacitantes que se manifiestan en alguna etapa de la vida del ser humano. Un alto porcentaje de la poblaci\u00f3n a nivel mundial sufre en alg\u00fan momento de la vida [&hellip;]<\/p>\n","protected":false},"author":1,"featured_media":0,"parent":1923,"menu_order":0,"comment_status":"closed","ping_status":"closed","template":"","meta":{"footnotes":""},"yoast_head":"<!-- This site is optimized with the Yoast SEO plugin v18.4.1 - https:\/\/yoast.com\/wordpress\/plugins\/seo\/ -->\n<title>Fisioterapia en Rehabilitaci\u00f3n de Columna y Pelvis - Maria Cano - en<\/title>\n<meta name=\"robots\" content=\"index, follow, max-snippet:-1, max-image-preview:large, max-video-preview:-1\" \/>\n<link rel=\"canonical\" href=\"https:\/\/www.fumc.edu.co\/en\/formacion-continua\/fisioterapia-rehabilitacion-columna-pelvis\/\" \/>\n<meta property=\"og:locale\" content=\"es_ES\" \/>\n<meta property=\"og:type\" content=\"article\" \/>\n<meta property=\"og:title\" content=\"Fisioterapia en Rehabilitaci\u00f3n de Columna y Pelvis - Maria Cano - en\" \/>\n<meta property=\"og:description\" content=\"[vc_row][vc_column][vc_custom_heading text=\u00bbFisioterapia en Rehabilitaci\u00f3n de Columna y Pelvis\u00bb font_container=\u00bbtag:h1|text_align:left\u00bb google_fonts=\u00bbfont_family:Didact%20Gothic%3Aregular|font_style:400%20regular%3A400%3Anormal\u00bb][\/vc_column][\/vc_row][vc_row][vc_column width=\u00bb1\/2&#8243;][vc_single_image image=\u00bb2134&#8243; img_size=\u00bbfull\u00bb][\/vc_column][vc_column width=\u00bb1\/2&#8243;][vc_column_text]Las disfunciones de la columna son uno de los problemas m\u00e1s comunes e incapacitantes que se manifiestan en alguna etapa de la vida del ser humano. Un alto porcentaje de la poblaci\u00f3n a nivel mundial sufre en alg\u00fan momento de la vida [&hellip;]\" \/>\n<meta property=\"og:url\" content=\"https:\/\/www.fumc.edu.co\/en\/formacion-continua\/fisioterapia-rehabilitacion-columna-pelvis\/\" \/>\n<meta property=\"og:site_name\" content=\"Maria Cano - en\" \/>\n<meta property=\"article:modified_time\" content=\"2019-01-24T19:52:02+00:00\" \/>\n<meta name=\"twitter:card\" content=\"summary\" \/>\n<meta name=\"twitter:label1\" content=\"Tiempo de lectura\" \/>\n\t<meta name=\"twitter:data1\" content=\"5 minutos\" \/>\n<script type=\"application\/ld+json\" class=\"yoast-schema-graph\">{\"@context\":\"https:\/\/schema.org\",\"@graph\":[{\"@type\":\"WebSite\",\"@id\":\"https:\/\/www.fumc.edu.co\/en\/#website\",\"url\":\"https:\/\/www.fumc.edu.co\/en\/\",\"name\":\"Maria Cano - en\",\"description\":\"Otro sitio realizado con WordPress\",\"potentialAction\":[{\"@type\":\"SearchAction\",\"target\":{\"@type\":\"EntryPoint\",\"urlTemplate\":\"https:\/\/www.fumc.edu.co\/en\/?s={search_term_string}\"},\"query-input\":\"required name=search_term_string\"}],\"inLanguage\":\"es\"},{\"@type\":\"WebPage\",\"@id\":\"https:\/\/www.fumc.edu.co\/en\/formacion-continua\/fisioterapia-rehabilitacion-columna-pelvis\/#webpage\",\"url\":\"https:\/\/www.fumc.edu.co\/en\/formacion-continua\/fisioterapia-rehabilitacion-columna-pelvis\/\",\"name\":\"Fisioterapia en Rehabilitaci\u00f3n de Columna y Pelvis - Maria Cano - en\",\"isPartOf\":{\"@id\":\"https:\/\/www.fumc.edu.co\/en\/#website\"},\"datePublished\":\"2017-06-10T19:45:41+00:00\",\"dateModified\":\"2019-01-24T19:52:02+00:00\",\"breadcrumb\":{\"@id\":\"https:\/\/www.fumc.edu.co\/en\/formacion-continua\/fisioterapia-rehabilitacion-columna-pelvis\/#breadcrumb\"},\"inLanguage\":\"es\",\"potentialAction\":[{\"@type\":\"ReadAction\",\"target\":[\"https:\/\/www.fumc.edu.co\/en\/formacion-continua\/fisioterapia-rehabilitacion-columna-pelvis\/\"]}]},{\"@type\":\"BreadcrumbList\",\"@id\":\"https:\/\/www.fumc.edu.co\/en\/formacion-continua\/fisioterapia-rehabilitacion-columna-pelvis\/#breadcrumb\",\"itemListElement\":[{\"@type\":\"ListItem\",\"position\":1,\"name\":\"Portada\",\"item\":\"https:\/\/www.fumc.edu.co\/en\/\"},{\"@type\":\"ListItem\",\"position\":2,\"name\":\"Continuing education\",\"item\":\"https:\/\/www.fumc.edu.co\/en\/formacion-continua\/\"},{\"@type\":\"ListItem\",\"position\":3,\"name\":\"Fisioterapia en Rehabilitaci\u00f3n de Columna y Pelvis\"}]}]}<\/script>\n<!-- \/ Yoast SEO plugin. -->","yoast_head_json":{"title":"Fisioterapia en Rehabilitaci\u00f3n de Columna y Pelvis - Maria Cano - en","robots":{"index":"index","follow":"follow","max-snippet":"max-snippet:-1","max-image-preview":"max-image-preview:large","max-video-preview":"max-video-preview:-1"},"canonical":"https:\/\/www.fumc.edu.co\/en\/formacion-continua\/fisioterapia-rehabilitacion-columna-pelvis\/","og_locale":"es_ES","og_type":"article","og_title":"Fisioterapia en Rehabilitaci\u00f3n de Columna y Pelvis - Maria Cano - en","og_description":"[vc_row][vc_column][vc_custom_heading text=\u00bbFisioterapia en Rehabilitaci\u00f3n de Columna y Pelvis\u00bb font_container=\u00bbtag:h1|text_align:left\u00bb google_fonts=\u00bbfont_family:Didact%20Gothic%3Aregular|font_style:400%20regular%3A400%3Anormal\u00bb][\/vc_column][\/vc_row][vc_row][vc_column width=\u00bb1\/2&#8243;][vc_single_image image=\u00bb2134&#8243; img_size=\u00bbfull\u00bb][\/vc_column][vc_column width=\u00bb1\/2&#8243;][vc_column_text]Las disfunciones de la columna son uno de los problemas m\u00e1s comunes e incapacitantes que se manifiestan en alguna etapa de la vida del ser humano. Un alto porcentaje de la poblaci\u00f3n a nivel mundial sufre en alg\u00fan momento de la vida [&hellip;]","og_url":"https:\/\/www.fumc.edu.co\/en\/formacion-continua\/fisioterapia-rehabilitacion-columna-pelvis\/","og_site_name":"Maria Cano - en","article_modified_time":"2019-01-24T19:52:02+00:00","twitter_card":"summary","twitter_misc":{"Tiempo de lectura":"5 minutos"},"schema":{"@context":"https:\/\/schema.org","@graph":[{"@type":"WebSite","@id":"https:\/\/www.fumc.edu.co\/en\/#website","url":"https:\/\/www.fumc.edu.co\/en\/","name":"Maria Cano - en","description":"Otro sitio realizado con WordPress","potentialAction":[{"@type":"SearchAction","target":{"@type":"EntryPoint","urlTemplate":"https:\/\/www.fumc.edu.co\/en\/?s={search_term_string}"},"query-input":"required name=search_term_string"}],"inLanguage":"es"},{"@type":"WebPage","@id":"https:\/\/www.fumc.edu.co\/en\/formacion-continua\/fisioterapia-rehabilitacion-columna-pelvis\/#webpage","url":"https:\/\/www.fumc.edu.co\/en\/formacion-continua\/fisioterapia-rehabilitacion-columna-pelvis\/","name":"Fisioterapia en Rehabilitaci\u00f3n de Columna y Pelvis - Maria Cano - en","isPartOf":{"@id":"https:\/\/www.fumc.edu.co\/en\/#website"},"datePublished":"2017-06-10T19:45:41+00:00","dateModified":"2019-01-24T19:52:02+00:00","breadcrumb":{"@id":"https:\/\/www.fumc.edu.co\/en\/formacion-continua\/fisioterapia-rehabilitacion-columna-pelvis\/#breadcrumb"},"inLanguage":"es","potentialAction":[{"@type":"ReadAction","target":["https:\/\/www.fumc.edu.co\/en\/formacion-continua\/fisioterapia-rehabilitacion-columna-pelvis\/"]}]},{"@type":"BreadcrumbList","@id":"https:\/\/www.fumc.edu.co\/en\/formacion-continua\/fisioterapia-rehabilitacion-columna-pelvis\/#breadcrumb","itemListElement":[{"@type":"ListItem","position":1,"name":"Portada","item":"https:\/\/www.fumc.edu.co\/en\/"},{"@type":"ListItem","position":2,"name":"Continuing education","item":"https:\/\/www.fumc.edu.co\/en\/formacion-continua\/"},{"@type":"ListItem","position":3,"name":"Fisioterapia en Rehabilitaci\u00f3n de Columna y Pelvis"}]}]}},"_links":{"self":[{"href":"https:\/\/www.fumc.edu.co\/en\/wp-json\/wp\/v2\/pages\/1704"}],"collection":[{"href":"https:\/\/www.fumc.edu.co\/en\/wp-json\/wp\/v2\/pages"}],"about":[{"href":"https:\/\/www.fumc.edu.co\/en\/wp-json\/wp\/v2\/types\/page"}],"author":[{"embeddable":true,"href":"https:\/\/www.fumc.edu.co\/en\/wp-json\/wp\/v2\/users\/1"}],"replies":[{"embeddable":true,"href":"https:\/\/www.fumc.edu.co\/en\/wp-json\/wp\/v2\/comments?post=1704"}],"version-history":[{"count":0,"href":"https:\/\/www.fumc.edu.co\/en\/wp-json\/wp\/v2\/pages\/1704\/revisions"}],"up":[{"embeddable":true,"href":"https:\/\/www.fumc.edu.co\/en\/wp-json\/wp\/v2\/pages\/1923"}],"wp:attachment":[{"href":"https:\/\/www.fumc.edu.co\/en\/wp-json\/wp\/v2\/media?parent=1704"}],"curies":[{"name":"wp","href":"https:\/\/api.w.org\/{rel}","templated":true}]}}