{"id":1736,"date":"2017-06-11T04:08:34","date_gmt":"2017-06-11T04:08:34","guid":{"rendered":"http:\/\/10.13.33.7\/?page_id=1736"},"modified":"2019-01-24T20:44:46","modified_gmt":"2019-01-24T20:44:46","slug":"logistica-internacional","status":"publish","type":"page","link":"https:\/\/www.fumc.edu.co\/en\/formacion-continua\/logistica-internacional\/","title":{"rendered":"Log\u00edstica internacional"},"content":{"rendered":"<p>[vc_row][vc_column][vc_custom_heading text=\u00bbLog\u00edstica internacional\u00bb font_container=\u00bbtag:h1|text_align:left\u00bb google_fonts=\u00bbfont_family:Didact%20Gothic%3Aregular|font_style:400%20regular%3A400%3Anormal\u00bb][\/vc_column][\/vc_row][vc_row][vc_column width=\u00bb1\/2&#8243;][vc_single_image image=\u00bb2133&#8243; img_size=\u00bbfull\u00bb][\/vc_column][vc_column width=\u00bb1\/2&#8243;][vc_column_text]En los \u00faltimos a\u00f1os, Colombia est\u00e1 asumiendo grandes retos en la movilizaci\u00f3n de carga y pasajeros, situaci\u00f3n que se convierte en una excelente oportunidad de formalizar y regular la prestaci\u00f3n del servicio y as\u00ed incrementar los indicadores internacionales que hacen competitivo el sector en una econom\u00eda globalizada. Esta situaci\u00f3n demanda la exigencia en la formaci\u00f3n de competencias y toma de decisiones oportunas en los negocios frente al desempe\u00f1o los empresarios, operadores y usuarios del servicio de transporte de carga y pasajeros en el pa\u00eds y en especial de la regi\u00f3n ya que es un punto de transferencia de carga importante para el comercio nacional e internacional.<\/p>\n<p>La Fundaci\u00f3n Universitaria Mar\u00eda Cano presenta el Diplomado en Log\u00edstica internacional, una alterativa de cualificaci\u00f3n que les permitir\u00e1 a sus participantes intervenir activamente en la cadena log\u00edstica de la producci\u00f3n y comercializaci\u00f3n de bienes y servicios en el comercio internacional, con capacidad para identificar y administrar los riesgos y contribuir en la rentabilizaci\u00f3n de las operaciones en armon\u00eda con la formaci\u00f3n profesional, acorde con los avances del presente siglo y seg\u00fan normas internacionales vigentes[\/vc_column_text][\/vc_column][\/vc_row][vc_row el_class=\u00bbwsedes\u00bb][vc_column][vc_tta_tour active_section=\u00bb1&#8243; el_class=\u00bbwsedeg\u00bb][vc_tta_section title=\u00bbMedell\u00edn\u00bb tab_id=\u00bb1496311981022-aaf6caec-471d\u00bb el_class=\u00bbwsedes\u00bb][vc_row_inner][vc_column_inner][vc_column_text]<strong>Plan de estudios<\/strong><br \/>\n<strong>Duraci\u00f3n:<\/strong> 120 Horas<br \/>\n<strong>Valor:<\/strong> $2.760.000<br \/>\n<strong>Dirigido a:<\/strong> Profesionales o futuros profesionales de programas de Negocios Internacionales, Administraci\u00f3n de Empresas, o en carreras afines, que deseen e profundizar y reflexionar sobre los nuevos escenarios del sistema de la Negociaci\u00f3n Internacional, que ha venido propiciando la econom\u00eda de la globalizaci\u00f3n.<br \/>\n<strong>Tel\u00e9fonos:<\/strong> 402 55 61<\/p>\n<p><a href=\"\/directorio\" target=\"_blanck\">informes<\/a>[\/vc_column_text][\/vc_column_inner][\/vc_row_inner][\/vc_tta_section][\/vc_tta_tour][\/vc_column][\/vc_row][vc_row][vc_column][vc_empty_space][\/vc_column][\/vc_row][vc_row full_width=\u00bbstretch_row_content_no_spaces\u00bb el_class=\u00bbwheadingg\u00bb][vc_column][vc_cta h2=\u00bb\u00bfDesea m\u00e1s informaci\u00f3n sobre este programa?\u00bb txt_align=\u00bbcenter\u00bb shape=\u00bbsquare\u00bb][\/vc_cta][\/vc_column][\/vc_row][vc_row][vc_column]<div role=\"form\" class=\"wpcf7\" id=\"wpcf7-f1855-o1\" lang=\"en-US\" dir=\"ltr\">\n<div class=\"screen-reader-response\"><p role=\"status\" aria-live=\"polite\" aria-atomic=\"true\"><\/p> <ul><\/ul><\/div>\n<form action=\"\/en\/wp-json\/wp\/v2\/pages\/1736#wpcf7-f1855-o1\" method=\"post\" class=\"wpcf7-form init\" novalidate=\"novalidate\" data-status=\"init\">\n<div style=\"display: none;\">\n<input type=\"hidden\" name=\"_wpcf7\" value=\"1855\" \/>\n<input type=\"hidden\" name=\"_wpcf7_version\" value=\"5.5.6\" \/>\n<input type=\"hidden\" name=\"_wpcf7_locale\" value=\"en_US\" \/>\n<input type=\"hidden\" name=\"_wpcf7_unit_tag\" value=\"wpcf7-f1855-o1\" \/>\n<input type=\"hidden\" name=\"_wpcf7_container_post\" value=\"0\" \/>\n<input type=\"hidden\" name=\"_wpcf7_posted_data_hash\" value=\"\" \/>\n<\/div>\n<div class=\"vc_row wpb_row vc_row-fluid\">\n<div class=\"wpb_column vc_column_container vc_col-sm-12\">\n<div class=\"vc_column-inner \">\n<div class=\"wpb_wrapper\">\n<div class=\"vc_empty_space\" style=\"height: 32px\">\n\t\t\t\t\t<span class=\"vc_empty_space_inner\"><\/span>\n\t\t\t\t<\/div>\n<\/div>\n<\/div>\n<\/div>\n<\/div>\n<div class=\"row\">\n<div class=\"col-xs-12 col-sm-6 col-md-6 col-lg-6\">\n<div class=\"form-group\">\n\t\t\t<label>Full name<\/label><br \/>\n\t\t\t<span class=\"wpcf7-form-control-wrap txtName\"><input type=\"text\" name=\"txtName\" value=\"\" size=\"40\" class=\"wpcf7-form-control wpcf7-text wpcf7-validates-as-required form-control\" aria-required=\"true\" aria-invalid=\"false\" placeholder=\"Full name\" \/><\/span>\n\t\t<\/div>\n<\/div>\n<div class=\"col-xs-12 col-sm-6 col-md-6 col-lg-6\">\n<div class=\"form-group\">\n\t\t\t<label>Email address<\/label><br \/>\n\t\t\t<span class=\"wpcf7-form-control-wrap txtEmail\"><input type=\"email\" name=\"txtEmail\" value=\"\" size=\"40\" class=\"wpcf7-form-control wpcf7-text wpcf7-email wpcf7-validates-as-required wpcf7-validates-as-email form-control\" aria-required=\"true\" aria-invalid=\"false\" placeholder=\"Email address\" \/><\/span>\n\t\t<\/div>\n<\/div>\n<\/div>\n<div class=\"row\">\n<div class=\"col-xs-12 col-sm-6 col-md-6 col-lg-6\">\n<div class=\"form-group\">\n\t\t\t<label>Telephone number<\/label><br \/>\n\t\t\t<span class=\"wpcf7-form-control-wrap txtPhone\"><input type=\"text\" name=\"txtPhone\" value=\"\" size=\"40\" class=\"wpcf7-form-control wpcf7-text wpcf7-validates-as-required form-control\" aria-required=\"true\" aria-invalid=\"false\" placeholder=\"Telephone number\" \/><\/span>\n\t\t<\/div>\n<\/div>\n<div class=\"col-xs-12 col-sm-6 col-md-6 col-lg-6\">\n<div class=\"form-group\">\n\t\t\t<label>City<\/label><br \/>\n\t\t\t<span class=\"wpcf7-form-control-wrap txtCiudad\"><input type=\"text\" name=\"txtCiudad\" value=\"\" size=\"40\" class=\"wpcf7-form-control wpcf7-text wpcf7-validates-as-required form-control\" aria-required=\"true\" aria-invalid=\"false\" placeholder=\"City\" \/><\/span>\n\t\t<\/div>\n<\/div>\n<\/div>\n<div class=\"row\">\n<div class=\"col-xs-12 col-sm-12 col-md-12 col-lg-12\">\n<div class=\"form-group\">\n\t\t\t<label>Birth date<\/label><br \/>\n\t\t\t<span class=\"wpcf7-form-control-wrap txtDate\"><input type=\"date\" name=\"txtDate\" value=\"\" class=\"wpcf7-form-control wpcf7-date wpcf7-validates-as-date form-control\" aria-invalid=\"false\" placeholder=\"Birth date\" \/><\/span>\n\t\t<\/div>\n<\/div>\n<\/div>\n<div class=\"row\">\n<div class=\"col-xs-12 col-sm-12 col-md-12 col-lg-12\">\n\t\t<input type=\"submit\" value=\"Submit\" class=\"wpcf7-form-control has-spinner wpcf7-submit btn btn-default\" \/><\/p>\n<input type=\"hidden\" name=\"txtProgram\" value=\"post_title\" class=\"wpcf7-form-control wpcf7-hidden\" \/>\n<\/div>\n<\/div>\n<div class=\"stm_colored_separator\">\n<div class=\"triangled_colored_separator\" style=\"background-color:#fdc735; \">\n<div class=\"triangle\" style=\"border-bottom-color:#fdc735;\"><\/div>\n<\/div>\n<\/div>\n<div class=\"vc_row wpb_row vc_row-fluid\">\n<div class=\"wpb_column vc_column_container vc_col-sm-12\">\n<div class=\"vc_column-inner \">\n<div class=\"wpb_wrapper\">\n<div class=\"vc_empty_space\" style=\"height: 32px\">\n\t\t\t\t\t<span class=\"vc_empty_space_inner\"><\/span>\n\t\t\t\t<\/div>\n<\/div>\n<\/div>\n<\/div>\n<\/div>\n<div class=\"wpcf7-response-output\" aria-hidden=\"true\"><\/div><\/form><\/div>[\/vc_column][\/vc_row][vc_row][vc_column][vc_column_text]<\/p>\n<h3>Objetivos<\/h3>\n<p>Desarrollar habilidades en el uso de la log\u00edstica internacional en los estudiantes del diplomado, para su aplicaci\u00f3n en la negociaci\u00f3n, a nivel global.<br \/>\nLograr que los estudiantes del diplomado, encuentren en la log\u00edstica internacional, una herramienta de soporte para su gesti\u00f3n como profesionales.<br \/>\nProfundizar en el an\u00e1lisis y desarrollo de los diferentes procesos log\u00edsticos de una organizaci\u00f3n, identificando las interrelaciones que se dan entre ellos y sus puntos cr\u00edticos.<br \/>\nReconocer la importancia de la log\u00edstica internacional, como medio para mejorar la eficiencia, la rentabilidad y competitividad empresarial.[\/vc_column_text][\/vc_column][\/vc_row][vc_row][vc_column][vc_empty_space][\/vc_column][\/vc_row][vc_row el_class=\u00bbwmalla wmallag\u00bb][vc_column width=\u00bb1\/4&#8243;][vc_column_text]<\/p>\n<h3 class=\"malla_curricular\">MALLA CURRICULAR<\/h3>\n<h2>Plan de Estudios<\/h2>\n<p>[\/vc_column_text][\/vc_column][vc_column width=\u00bb3\/4&#8243;][vc_column_text]Contenido program\u00e1tico[\/vc_column_text][vc_tta_tabs active_section=\u00bb1&#8243; el_class=\u00bbwmalla\u00bb][vc_tta_section title=\u00bbM\u00f3dulo I\u00bb tab_id=\u00bb1496310901735-bf3946d2-995e\u00bb el_class=\u00bbwsemestre\u00bb][vc_column_text]<\/p>\n<p style=\"text-align: right;\">Filosof\u00eda de la gesti\u00f3n log\u00edstica<\/p>\n<p>[\/vc_column_text][vc_column_text]<\/p>\n<ul>\n<li>Bases de la log\u00edstica<\/li>\n<li>Log\u00edstica en la empresa<\/li>\n<li>Evaluaci\u00f3n de la gesti\u00f3n log\u00edstica<\/li>\n<li>C\u00e1lculos de los costes de aprovisionamiento<\/li>\n<li>Previsiones de compras<\/li>\n<li>Pol\u00edticas de aprovisionamiento<\/li>\n<li>Negocios con proveedores<\/li>\n<li>Calidad log\u00edstica como estrategia competitiva<\/li>\n<li>Servicio log\u00edstico de atenci\u00f3n al cliente<\/li>\n<li>M\u00e9todos de control de la calidad<\/li>\n<li>Calidad total en la log\u00edstica<\/li>\n<\/ul>\n<p>[\/vc_column_text][\/vc_tta_section][vc_tta_section title=\u00bbM\u00f3dulo II\u00bb tab_id=\u00bb1496863949583-4995e6cc-d855&#8243; el_class=\u00bbwsemestre\u00bb][vc_column_text]<\/p>\n<p style=\"text-align: right;\">Almacenes<\/p>\n<p>[\/vc_column_text][vc_column_text]<\/p>\n<ul>\n<li>Clasificaci\u00f3n de los almacenes<\/li>\n<li>Zonas de almac\u00e9n<\/li>\n<li>Dise\u00f1o de almacenes<\/li>\n<li>Ubicaci\u00f3n de mercanc\u00eda<\/li>\n<li>Almac\u00e9n de clase mundial<\/li>\n<li>Toma de decisiones log\u00edsticas<\/li>\n<li>Planificaci\u00f3n log\u00edstica (Teor\u00eda de restricciones)<\/li>\n<li>Sistema de informaci\u00f3n log\u00edstica<\/li>\n<li>Auditor\u00eda log\u00edstica<\/li>\n<li>Herramientas inform\u00e1ticas<\/li>\n<\/ul>\n<p>[\/vc_column_text][\/vc_tta_section][vc_tta_section title=\u00bbM\u00f3dulo III\u00bb tab_id=\u00bb1497120933796-7b0e9b41-93bf\u00bb el_class=\u00bbwsemestre\u00bb][vc_column_text]<\/p>\n<p style=\"text-align: right;\">Gesti\u00f3n y control de stocks<\/p>\n<p>[\/vc_column_text][vc_column_text]<\/p>\n<ul>\n<li>Funci\u00f3n de los stocks<\/li>\n<li>Optimizaci\u00f3n de inventarios<\/li>\n<li>An\u00e1lisis ABC<\/li>\n<li>Ruptura de los stocks<\/li>\n<li>Previsi\u00f3n de la demanda<\/li>\n<li>Tipos de procesos productivos<\/li>\n<li>MRP Material Requirement Planning<\/li>\n<li>MRP II Manufacturing Resource Planning<\/li>\n<li>Just in Time<\/li>\n<\/ul>\n<p>[\/vc_column_text][\/vc_tta_section][vc_tta_section title=\u00bbM\u00f3dulo IV\u00bb tab_id=\u00bb1497121463377-e25dfdda-24e7&#8243; el_class=\u00bbwsemestre\u00bb][vc_column_text]<\/p>\n<p style=\"text-align: right;\">Manipulaci\u00f3n y clasificaci\u00f3n de mercanc\u00edas, transporte y distribuci\u00f3n<\/p>\n<p>[\/vc_column_text][vc_column_text]<\/p>\n<ul>\n<li>Tipos de transporte y equipos de transporte<\/li>\n<li>Transporte multimodal<\/li>\n<li>Optimizaci\u00f3n de medios de rutas<\/li>\n<li>Canales de distribuci\u00f3n<\/li>\n<li>Clasificaci\u00f3n de servicios<\/li>\n<li>Elecci\u00f3n de operadores log\u00edsticos<\/li>\n<li>Evoluci\u00f3n y perspectivas del sector<\/li>\n<\/ul>\n<p>[\/vc_column_text][\/vc_tta_section][\/vc_tta_tabs][\/vc_column][\/vc_row]<\/p>\n","protected":false},"excerpt":{"rendered":"<p>[vc_row][vc_column][vc_custom_heading text=\u00bbLog\u00edstica internacional\u00bb font_container=\u00bbtag:h1|text_align:left\u00bb google_fonts=\u00bbfont_family:Didact%20Gothic%3Aregular|font_style:400%20regular%3A400%3Anormal\u00bb][\/vc_column][\/vc_row][vc_row][vc_column width=\u00bb1\/2&#8243;][vc_single_image image=\u00bb2133&#8243; img_size=\u00bbfull\u00bb][\/vc_column][vc_column width=\u00bb1\/2&#8243;][vc_column_text]En los \u00faltimos a\u00f1os, Colombia est\u00e1 asumiendo grandes retos en la movilizaci\u00f3n de carga y pasajeros, situaci\u00f3n que se convierte en una excelente oportunidad de formalizar y regular la prestaci\u00f3n del servicio y as\u00ed incrementar los indicadores internacionales que hacen competitivo el sector en una econom\u00eda globalizada. [&hellip;]<\/p>\n","protected":false},"author":1,"featured_media":0,"parent":1923,"menu_order":0,"comment_status":"closed","ping_status":"closed","template":"","meta":{"footnotes":""},"yoast_head":"<!-- This site is optimized with the Yoast SEO plugin v18.4.1 - https:\/\/yoast.com\/wordpress\/plugins\/seo\/ -->\n<title>Log\u00edstica internacional - Maria Cano - en<\/title>\n<meta name=\"robots\" content=\"index, follow, max-snippet:-1, max-image-preview:large, max-video-preview:-1\" \/>\n<link rel=\"canonical\" href=\"https:\/\/www.fumc.edu.co\/en\/formacion-continua\/logistica-internacional\/\" \/>\n<meta property=\"og:locale\" content=\"es_ES\" \/>\n<meta property=\"og:type\" content=\"article\" \/>\n<meta property=\"og:title\" content=\"Log\u00edstica internacional - Maria Cano - en\" \/>\n<meta property=\"og:description\" content=\"[vc_row][vc_column][vc_custom_heading text=\u00bbLog\u00edstica internacional\u00bb font_container=\u00bbtag:h1|text_align:left\u00bb google_fonts=\u00bbfont_family:Didact%20Gothic%3Aregular|font_style:400%20regular%3A400%3Anormal\u00bb][\/vc_column][\/vc_row][vc_row][vc_column width=\u00bb1\/2&#8243;][vc_single_image image=\u00bb2133&#8243; img_size=\u00bbfull\u00bb][\/vc_column][vc_column width=\u00bb1\/2&#8243;][vc_column_text]En los \u00faltimos a\u00f1os, Colombia est\u00e1 asumiendo grandes retos en la movilizaci\u00f3n de carga y pasajeros, situaci\u00f3n que se convierte en una excelente oportunidad de formalizar y regular la prestaci\u00f3n del servicio y as\u00ed incrementar los indicadores internacionales que hacen competitivo el sector en una econom\u00eda globalizada. [&hellip;]\" \/>\n<meta property=\"og:url\" content=\"https:\/\/www.fumc.edu.co\/en\/formacion-continua\/logistica-internacional\/\" \/>\n<meta property=\"og:site_name\" content=\"Maria Cano - en\" \/>\n<meta property=\"article:modified_time\" content=\"2019-01-24T20:44:46+00:00\" \/>\n<meta name=\"twitter:card\" content=\"summary\" \/>\n<meta name=\"twitter:label1\" content=\"Tiempo de lectura\" \/>\n\t<meta name=\"twitter:data1\" content=\"5 minutos\" \/>\n<script type=\"application\/ld+json\" class=\"yoast-schema-graph\">{\"@context\":\"https:\/\/schema.org\",\"@graph\":[{\"@type\":\"WebSite\",\"@id\":\"https:\/\/www.fumc.edu.co\/en\/#website\",\"url\":\"https:\/\/www.fumc.edu.co\/en\/\",\"name\":\"Maria Cano - en\",\"description\":\"Otro sitio realizado con WordPress\",\"potentialAction\":[{\"@type\":\"SearchAction\",\"target\":{\"@type\":\"EntryPoint\",\"urlTemplate\":\"https:\/\/www.fumc.edu.co\/en\/?s={search_term_string}\"},\"query-input\":\"required name=search_term_string\"}],\"inLanguage\":\"es\"},{\"@type\":\"WebPage\",\"@id\":\"https:\/\/www.fumc.edu.co\/en\/formacion-continua\/logistica-internacional\/#webpage\",\"url\":\"https:\/\/www.fumc.edu.co\/en\/formacion-continua\/logistica-internacional\/\",\"name\":\"Log\u00edstica internacional - Maria Cano - en\",\"isPartOf\":{\"@id\":\"https:\/\/www.fumc.edu.co\/en\/#website\"},\"datePublished\":\"2017-06-11T04:08:34+00:00\",\"dateModified\":\"2019-01-24T20:44:46+00:00\",\"breadcrumb\":{\"@id\":\"https:\/\/www.fumc.edu.co\/en\/formacion-continua\/logistica-internacional\/#breadcrumb\"},\"inLanguage\":\"es\",\"potentialAction\":[{\"@type\":\"ReadAction\",\"target\":[\"https:\/\/www.fumc.edu.co\/en\/formacion-continua\/logistica-internacional\/\"]}]},{\"@type\":\"BreadcrumbList\",\"@id\":\"https:\/\/www.fumc.edu.co\/en\/formacion-continua\/logistica-internacional\/#breadcrumb\",\"itemListElement\":[{\"@type\":\"ListItem\",\"position\":1,\"name\":\"Portada\",\"item\":\"https:\/\/www.fumc.edu.co\/en\/\"},{\"@type\":\"ListItem\",\"position\":2,\"name\":\"Continuing education\",\"item\":\"https:\/\/www.fumc.edu.co\/en\/formacion-continua\/\"},{\"@type\":\"ListItem\",\"position\":3,\"name\":\"Log\u00edstica internacional\"}]}]}<\/script>\n<!-- \/ Yoast SEO plugin. -->","yoast_head_json":{"title":"Log\u00edstica internacional - Maria Cano - en","robots":{"index":"index","follow":"follow","max-snippet":"max-snippet:-1","max-image-preview":"max-image-preview:large","max-video-preview":"max-video-preview:-1"},"canonical":"https:\/\/www.fumc.edu.co\/en\/formacion-continua\/logistica-internacional\/","og_locale":"es_ES","og_type":"article","og_title":"Log\u00edstica internacional - Maria Cano - en","og_description":"[vc_row][vc_column][vc_custom_heading text=\u00bbLog\u00edstica internacional\u00bb font_container=\u00bbtag:h1|text_align:left\u00bb google_fonts=\u00bbfont_family:Didact%20Gothic%3Aregular|font_style:400%20regular%3A400%3Anormal\u00bb][\/vc_column][\/vc_row][vc_row][vc_column width=\u00bb1\/2&#8243;][vc_single_image image=\u00bb2133&#8243; img_size=\u00bbfull\u00bb][\/vc_column][vc_column width=\u00bb1\/2&#8243;][vc_column_text]En los \u00faltimos a\u00f1os, Colombia est\u00e1 asumiendo grandes retos en la movilizaci\u00f3n de carga y pasajeros, situaci\u00f3n que se convierte en una excelente oportunidad de formalizar y regular la prestaci\u00f3n del servicio y as\u00ed incrementar los indicadores internacionales que hacen competitivo el sector en una econom\u00eda globalizada. [&hellip;]","og_url":"https:\/\/www.fumc.edu.co\/en\/formacion-continua\/logistica-internacional\/","og_site_name":"Maria Cano - en","article_modified_time":"2019-01-24T20:44:46+00:00","twitter_card":"summary","twitter_misc":{"Tiempo de lectura":"5 minutos"},"schema":{"@context":"https:\/\/schema.org","@graph":[{"@type":"WebSite","@id":"https:\/\/www.fumc.edu.co\/en\/#website","url":"https:\/\/www.fumc.edu.co\/en\/","name":"Maria Cano - en","description":"Otro sitio realizado con WordPress","potentialAction":[{"@type":"SearchAction","target":{"@type":"EntryPoint","urlTemplate":"https:\/\/www.fumc.edu.co\/en\/?s={search_term_string}"},"query-input":"required name=search_term_string"}],"inLanguage":"es"},{"@type":"WebPage","@id":"https:\/\/www.fumc.edu.co\/en\/formacion-continua\/logistica-internacional\/#webpage","url":"https:\/\/www.fumc.edu.co\/en\/formacion-continua\/logistica-internacional\/","name":"Log\u00edstica internacional - Maria Cano - en","isPartOf":{"@id":"https:\/\/www.fumc.edu.co\/en\/#website"},"datePublished":"2017-06-11T04:08:34+00:00","dateModified":"2019-01-24T20:44:46+00:00","breadcrumb":{"@id":"https:\/\/www.fumc.edu.co\/en\/formacion-continua\/logistica-internacional\/#breadcrumb"},"inLanguage":"es","potentialAction":[{"@type":"ReadAction","target":["https:\/\/www.fumc.edu.co\/en\/formacion-continua\/logistica-internacional\/"]}]},{"@type":"BreadcrumbList","@id":"https:\/\/www.fumc.edu.co\/en\/formacion-continua\/logistica-internacional\/#breadcrumb","itemListElement":[{"@type":"ListItem","position":1,"name":"Portada","item":"https:\/\/www.fumc.edu.co\/en\/"},{"@type":"ListItem","position":2,"name":"Continuing education","item":"https:\/\/www.fumc.edu.co\/en\/formacion-continua\/"},{"@type":"ListItem","position":3,"name":"Log\u00edstica internacional"}]}]}},"_links":{"self":[{"href":"https:\/\/www.fumc.edu.co\/en\/wp-json\/wp\/v2\/pages\/1736"}],"collection":[{"href":"https:\/\/www.fumc.edu.co\/en\/wp-json\/wp\/v2\/pages"}],"about":[{"href":"https:\/\/www.fumc.edu.co\/en\/wp-json\/wp\/v2\/types\/page"}],"author":[{"embeddable":true,"href":"https:\/\/www.fumc.edu.co\/en\/wp-json\/wp\/v2\/users\/1"}],"replies":[{"embeddable":true,"href":"https:\/\/www.fumc.edu.co\/en\/wp-json\/wp\/v2\/comments?post=1736"}],"version-history":[{"count":0,"href":"https:\/\/www.fumc.edu.co\/en\/wp-json\/wp\/v2\/pages\/1736\/revisions"}],"up":[{"embeddable":true,"href":"https:\/\/www.fumc.edu.co\/en\/wp-json\/wp\/v2\/pages\/1923"}],"wp:attachment":[{"href":"https:\/\/www.fumc.edu.co\/en\/wp-json\/wp\/v2\/media?parent=1736"}],"curies":[{"name":"wp","href":"https:\/\/api.w.org\/{rel}","templated":true}]}}