{"id":1763,"date":"2017-06-13T20:27:41","date_gmt":"2017-06-13T20:27:41","guid":{"rendered":"http:\/\/10.13.33.7\/?page_id=1763"},"modified":"2019-01-24T20:50:41","modified_gmt":"2019-01-24T20:50:41","slug":"finanzas-aplicadas-las-niif","status":"publish","type":"page","link":"https:\/\/www.fumc.edu.co\/en\/formacion-continua\/finanzas-aplicadas-las-niif\/","title":{"rendered":"Finanzas aplicadas a las NIIF"},"content":{"rendered":"<p>[vc_row][vc_column][vc_custom_heading text=\u00bbFinanzas aplicadas a las NIIF\u00bb font_container=\u00bbtag:h1|text_align:left\u00bb google_fonts=\u00bbfont_family:Didact%20Gothic%3Aregular|font_style:400%20regular%3A400%3Anormal\u00bb][\/vc_column][\/vc_row][vc_row][vc_column width=\u00bb1\/2&#8243;][vc_single_image image=\u00bb2133&#8243; img_size=\u00bbfull\u00bb][\/vc_column][vc_column width=\u00bb1\/2&#8243;][vc_column_text]El uso de diferentes normas para la preparaci\u00f3n de informaci\u00f3n financiera y principios contables en los diferentes pa\u00edses ha tenido efectos adversos en los flujos de capital en general, en los costos asociados con la preparaci\u00f3n de informaci\u00f3n para las bolsas de valores de los diferentes pa\u00edses y en la exposici\u00f3n al riesgo de los inversionistas derivada de la confusi\u00f3n al interpretar estados financieros. Estas tendencias llevan hacia el desarrollo de una serie de normas globales de contabilidad, las Normas Internacionales de Informaci\u00f3n Financiera NIIF.<\/p>\n<p>La Fundaci\u00f3n Universitaria Mar\u00eda Cano, presenta el Diplomado en Finanzas aplicadas a las NIFF a trav\u00e9s del cual el participante podr\u00e1 dimensionar la importancia de considerar que la transici\u00f3n a las NIIF no es s\u00f3lo un cambio de pol\u00edticas de contabilidad, pues su adopci\u00f3n impacta todos los aspectos de las compa\u00f1\u00edas, incluyendo sistemas de reporte financiero, control interno, impuestos, tesorer\u00eda, manejo del efectivo, asuntos legales, entre otros. La conversi\u00f3n a las NIIF requiere una transformaci\u00f3n que involucra empleados, procesos y sistemas.[\/vc_column_text][\/vc_column][\/vc_row][vc_row el_class=\u00bbwsedes\u00bb][vc_column][vc_tta_tour active_section=\u00bb1&#8243; el_class=\u00bbwsedeg\u00bb][vc_tta_section title=\u00bbMedell\u00edn\u00bb tab_id=\u00bb1496311981022-aaf6caec-471d\u00bb el_class=\u00bbwsedes\u00bb][vc_row_inner][vc_column_inner el_class=\u00bbwleft\u00bb][vc_column_text]<strong>Plan de estudios<\/strong><br \/>\n<strong>Duraci\u00f3n:<\/strong> 120 Horas<br \/>\n<strong>Valor:<\/strong> $2.827.000<br \/>\n<strong>Dirigido a:<\/strong> Gerentes generales &#8211; Gerentes financieros, asesores, analistas y ejecutivos del \u00e1rea de finanzas &#8211; Auditores &#8211; Contadores &#8211; Administradores &#8211; Estudiantes de contadur\u00eda p\u00fablica, administraci\u00f3n de empresas y carreras afines.<br \/>\n<strong>Tel\u00e9fonos:<\/strong> 402 55 61<\/p>\n<p><a href=\"\/directorio\">Informes<\/a>[\/vc_column_text][\/vc_column_inner][\/vc_row_inner][\/vc_tta_section][\/vc_tta_tour][\/vc_column][\/vc_row][vc_row][vc_column][vc_empty_space][\/vc_column][\/vc_row][vc_row full_width=\u00bbstretch_row_content_no_spaces\u00bb el_class=\u00bbwheadingg\u00bb][vc_column][vc_cta h2=\u00bb\u00bfDesea m\u00e1s informaci\u00f3n sobre este programa?\u00bb txt_align=\u00bbcenter\u00bb shape=\u00bbsquare\u00bb][\/vc_cta][\/vc_column][\/vc_row][vc_row][vc_column]<div role=\"form\" class=\"wpcf7\" id=\"wpcf7-f1855-o1\" lang=\"en-US\" dir=\"ltr\">\n<div class=\"screen-reader-response\"><p role=\"status\" aria-live=\"polite\" aria-atomic=\"true\"><\/p> <ul><\/ul><\/div>\n<form action=\"\/en\/wp-json\/wp\/v2\/pages\/1763#wpcf7-f1855-o1\" method=\"post\" class=\"wpcf7-form init\" novalidate=\"novalidate\" data-status=\"init\">\n<div style=\"display: none;\">\n<input type=\"hidden\" name=\"_wpcf7\" value=\"1855\" \/>\n<input type=\"hidden\" name=\"_wpcf7_version\" value=\"5.5.6\" \/>\n<input type=\"hidden\" name=\"_wpcf7_locale\" value=\"en_US\" \/>\n<input type=\"hidden\" name=\"_wpcf7_unit_tag\" value=\"wpcf7-f1855-o1\" \/>\n<input type=\"hidden\" name=\"_wpcf7_container_post\" value=\"0\" \/>\n<input type=\"hidden\" name=\"_wpcf7_posted_data_hash\" value=\"\" \/>\n<\/div>\n<div class=\"vc_row wpb_row vc_row-fluid\">\n<div class=\"wpb_column vc_column_container vc_col-sm-12\">\n<div class=\"vc_column-inner \">\n<div class=\"wpb_wrapper\">\n<div class=\"vc_empty_space\" style=\"height: 32px\">\n\t\t\t\t\t<span class=\"vc_empty_space_inner\"><\/span>\n\t\t\t\t<\/div>\n<\/div>\n<\/div>\n<\/div>\n<\/div>\n<div class=\"row\">\n<div class=\"col-xs-12 col-sm-6 col-md-6 col-lg-6\">\n<div class=\"form-group\">\n\t\t\t<label>Full name<\/label><br \/>\n\t\t\t<span class=\"wpcf7-form-control-wrap txtName\"><input type=\"text\" name=\"txtName\" value=\"\" size=\"40\" class=\"wpcf7-form-control wpcf7-text wpcf7-validates-as-required form-control\" aria-required=\"true\" aria-invalid=\"false\" placeholder=\"Full name\" \/><\/span>\n\t\t<\/div>\n<\/div>\n<div class=\"col-xs-12 col-sm-6 col-md-6 col-lg-6\">\n<div class=\"form-group\">\n\t\t\t<label>Email address<\/label><br \/>\n\t\t\t<span class=\"wpcf7-form-control-wrap txtEmail\"><input type=\"email\" name=\"txtEmail\" value=\"\" size=\"40\" class=\"wpcf7-form-control wpcf7-text wpcf7-email wpcf7-validates-as-required wpcf7-validates-as-email form-control\" aria-required=\"true\" aria-invalid=\"false\" placeholder=\"Email address\" \/><\/span>\n\t\t<\/div>\n<\/div>\n<\/div>\n<div class=\"row\">\n<div class=\"col-xs-12 col-sm-6 col-md-6 col-lg-6\">\n<div class=\"form-group\">\n\t\t\t<label>Telephone number<\/label><br \/>\n\t\t\t<span class=\"wpcf7-form-control-wrap txtPhone\"><input type=\"text\" name=\"txtPhone\" value=\"\" size=\"40\" class=\"wpcf7-form-control wpcf7-text wpcf7-validates-as-required form-control\" aria-required=\"true\" aria-invalid=\"false\" placeholder=\"Telephone number\" \/><\/span>\n\t\t<\/div>\n<\/div>\n<div class=\"col-xs-12 col-sm-6 col-md-6 col-lg-6\">\n<div class=\"form-group\">\n\t\t\t<label>City<\/label><br \/>\n\t\t\t<span class=\"wpcf7-form-control-wrap txtCiudad\"><input type=\"text\" name=\"txtCiudad\" value=\"\" size=\"40\" class=\"wpcf7-form-control wpcf7-text wpcf7-validates-as-required form-control\" aria-required=\"true\" aria-invalid=\"false\" placeholder=\"City\" \/><\/span>\n\t\t<\/div>\n<\/div>\n<\/div>\n<div class=\"row\">\n<div class=\"col-xs-12 col-sm-12 col-md-12 col-lg-12\">\n<div class=\"form-group\">\n\t\t\t<label>Birth date<\/label><br \/>\n\t\t\t<span class=\"wpcf7-form-control-wrap txtDate\"><input type=\"date\" name=\"txtDate\" value=\"\" class=\"wpcf7-form-control wpcf7-date wpcf7-validates-as-date form-control\" aria-invalid=\"false\" placeholder=\"Birth date\" \/><\/span>\n\t\t<\/div>\n<\/div>\n<\/div>\n<div class=\"row\">\n<div class=\"col-xs-12 col-sm-12 col-md-12 col-lg-12\">\n\t\t<input type=\"submit\" value=\"Submit\" class=\"wpcf7-form-control has-spinner wpcf7-submit btn btn-default\" \/><\/p>\n<input type=\"hidden\" name=\"txtProgram\" value=\"post_title\" class=\"wpcf7-form-control wpcf7-hidden\" \/>\n<\/div>\n<\/div>\n<div class=\"stm_colored_separator\">\n<div class=\"triangled_colored_separator\" style=\"background-color:#fdc735; \">\n<div class=\"triangle\" style=\"border-bottom-color:#fdc735;\"><\/div>\n<\/div>\n<\/div>\n<div class=\"vc_row wpb_row vc_row-fluid\">\n<div class=\"wpb_column vc_column_container vc_col-sm-12\">\n<div class=\"vc_column-inner \">\n<div class=\"wpb_wrapper\">\n<div class=\"vc_empty_space\" style=\"height: 32px\">\n\t\t\t\t\t<span class=\"vc_empty_space_inner\"><\/span>\n\t\t\t\t<\/div>\n<\/div>\n<\/div>\n<\/div>\n<\/div>\n<div class=\"wpcf7-response-output\" aria-hidden=\"true\"><\/div><\/form><\/div>[\/vc_column][\/vc_row][vc_row][vc_column width=\u00bb1\/2&#8243;][vc_column_text]<\/p>\n<h3>Objetivo general<\/h3>\n<p>Aplicar la nueva normatividad internacional al entorno empresarial colombiano en su marco financiero.[\/vc_column_text][\/vc_column][vc_column width=\u00bb1\/2&#8243;][vc_column_text]<\/p>\n<h3>Objetivos especificos<\/h3>\n<p>Conocer las generalidades, principios y conceptos de las Normas Internacionales de informaci\u00f3n Financiera.<br \/>\nDiferenciar conceptualmente entre actividad financiera e informaci\u00f3n financiera.<br \/>\nEstructurar los estados financieros con base en las NIIF.<br \/>\nInterpretar la informaci\u00f3n financiera de acuerdo con los requerimientos nacionales e internacionales de la nueva normatividad.[\/vc_column_text][\/vc_column][\/vc_row][vc_row][vc_column][vc_empty_space][\/vc_column][\/vc_row][vc_row el_class=\u00bbwmalla wmallag\u00bb][vc_column width=\u00bb1\/4&#8243;][vc_column_text]<\/p>\n<h3 class=\"malla_curricular\">MALLA CURRICULAR<\/h3>\n<h2>Plan de Estudios<\/h2>\n<p>[\/vc_column_text][\/vc_column][vc_column width=\u00bb3\/4&#8243;][vc_column_text]Contenido program\u00e1tico[\/vc_column_text][vc_tta_tabs active_section=\u00bb1&#8243; el_class=\u00bbwmalla\u00bb][vc_tta_section title=\u00bbM\u00f3dulo I\u00bb tab_id=\u00bb1496310901735-bf3946d2-995e\u00bb el_class=\u00bbwsemestre\u00bb][vc_column_text]<\/p>\n<p style=\"text-align: right;\">Generalidades de las NIIF<\/p>\n<p>[\/vc_column_text][vc_column_text]<\/p>\n<ul>\n<li>Introducci\u00f3n conceptual a las NIIF<\/li>\n<li>Cambios IASC al IASB<\/li>\n<li>Que son las Normas Internacionales de Informaci\u00f3n Financiera<\/li>\n<li>Est\u00e1ndares vigentes de las NIIF<\/li>\n<li>Interpretaciones de las NIIF<\/li>\n<\/ul>\n<p>[\/vc_column_text][\/vc_tta_section][vc_tta_section title=\u00bbM\u00f3dulo II\u00bb tab_id=\u00bb1496863949583-4995e6cc-d855&#8243; el_class=\u00bbwsemestre\u00bb][vc_column_text]<\/p>\n<p style=\"text-align: right;\">La empresa y la actividad financiera<\/p>\n<p>[\/vc_column_text][vc_column_text]<\/p>\n<ul>\n<li>Grupos, transici\u00f3n, aplicaci\u00f3n y obligaci\u00f3n<\/li>\n<li>Interpretaci\u00f3n en la presentaci\u00f3n y revelaci\u00f3n de activos<\/li>\n<li>Interpretaci\u00f3n en la presentaci\u00f3n y revelaci\u00f3n de pasivos y patrimonio<\/li>\n<li>Interpretaci\u00f3n en la presentaci\u00f3n y revelaci\u00f3n de ingresos, costos y gastos<\/li>\n<\/ul>\n<p>[\/vc_column_text][\/vc_tta_section][vc_tta_section title=\u00bbM\u00f3dulo III\u00bb tab_id=\u00bb1497120933796-7b0e9b41-93bf\u00bb el_class=\u00bbwsemestre\u00bb][vc_column_text]<\/p>\n<p style=\"text-align: right;\">An\u00e1lisis y diagn\u00f3stico de los estados financieros con base en las NIIF<\/p>\n<p>[\/vc_column_text][vc_column_text]<\/p>\n<ul>\n<li>Interpretaci\u00f3n en la presentaci\u00f3n y revelaci\u00f3n de hechos econ\u00f3micos en grupos empresariales<\/li>\n<li>Presentaci\u00f3n y revelaci\u00f3n de informaci\u00f3n financiera<\/li>\n<\/ul>\n<p>[\/vc_column_text][\/vc_tta_section][vc_tta_section title=\u00bbM\u00f3dulo IV\u00bb tab_id=\u00bb1497384647378-5e55983f-6566&#8243; el_class=\u00bbwsemestre\u00bb][vc_column_text]<\/p>\n<p style=\"text-align: right;\">Interpretaci\u00f3n, adecuaci\u00f3n y ajuste entre las normas contables y las NIIF<\/p>\n<p>[\/vc_column_text][vc_column_text]<\/p>\n<ul>\n<li>Marco legal e interpretaci\u00f3n financiera actual<\/li>\n<li>An\u00e1lisis y diagn\u00f3stico de los estados financieros, aplicados a las NIIF<\/li>\n<li>Relaci\u00f3n entre las NIIF y la eficiencia en gesti\u00f3n empresarial<\/li>\n<li>Las NIIF y el control de la gesti\u00f3n<\/li>\n<\/ul>\n<p>[\/vc_column_text][\/vc_tta_section][\/vc_tta_tabs][\/vc_column][\/vc_row]<\/p>\n","protected":false},"excerpt":{"rendered":"<p>[vc_row][vc_column][vc_custom_heading text=\u00bbFinanzas aplicadas a las NIIF\u00bb font_container=\u00bbtag:h1|text_align:left\u00bb google_fonts=\u00bbfont_family:Didact%20Gothic%3Aregular|font_style:400%20regular%3A400%3Anormal\u00bb][\/vc_column][\/vc_row][vc_row][vc_column width=\u00bb1\/2&#8243;][vc_single_image image=\u00bb2133&#8243; img_size=\u00bbfull\u00bb][\/vc_column][vc_column width=\u00bb1\/2&#8243;][vc_column_text]El uso de diferentes normas para la preparaci\u00f3n de informaci\u00f3n financiera y principios contables en los diferentes pa\u00edses ha tenido efectos adversos en los flujos de capital en general, en los costos asociados con la preparaci\u00f3n de informaci\u00f3n para las bolsas de valores de [&hellip;]<\/p>\n","protected":false},"author":1,"featured_media":0,"parent":1923,"menu_order":0,"comment_status":"closed","ping_status":"closed","template":"","meta":{"footnotes":""},"yoast_head":"<!-- This site is optimized with the Yoast SEO plugin v18.4.1 - https:\/\/yoast.com\/wordpress\/plugins\/seo\/ -->\n<title>Finanzas aplicadas a las NIIF - Maria Cano - en<\/title>\n<meta name=\"robots\" content=\"index, follow, max-snippet:-1, max-image-preview:large, max-video-preview:-1\" \/>\n<link rel=\"canonical\" href=\"https:\/\/www.fumc.edu.co\/en\/formacion-continua\/finanzas-aplicadas-las-niif\/\" \/>\n<meta property=\"og:locale\" content=\"es_ES\" \/>\n<meta property=\"og:type\" content=\"article\" \/>\n<meta property=\"og:title\" content=\"Finanzas aplicadas a las NIIF - Maria Cano - en\" \/>\n<meta property=\"og:description\" content=\"[vc_row][vc_column][vc_custom_heading text=\u00bbFinanzas aplicadas a las NIIF\u00bb font_container=\u00bbtag:h1|text_align:left\u00bb google_fonts=\u00bbfont_family:Didact%20Gothic%3Aregular|font_style:400%20regular%3A400%3Anormal\u00bb][\/vc_column][\/vc_row][vc_row][vc_column width=\u00bb1\/2&#8243;][vc_single_image image=\u00bb2133&#8243; img_size=\u00bbfull\u00bb][\/vc_column][vc_column width=\u00bb1\/2&#8243;][vc_column_text]El uso de diferentes normas para la preparaci\u00f3n de informaci\u00f3n financiera y principios contables en los diferentes pa\u00edses ha tenido efectos adversos en los flujos de capital en general, en los costos asociados con la preparaci\u00f3n de informaci\u00f3n para las bolsas de valores de [&hellip;]\" \/>\n<meta property=\"og:url\" content=\"https:\/\/www.fumc.edu.co\/en\/formacion-continua\/finanzas-aplicadas-las-niif\/\" \/>\n<meta property=\"og:site_name\" content=\"Maria Cano - en\" \/>\n<meta property=\"article:modified_time\" content=\"2019-01-24T20:50:41+00:00\" \/>\n<meta name=\"twitter:card\" content=\"summary\" \/>\n<meta name=\"twitter:label1\" content=\"Tiempo de lectura\" \/>\n\t<meta name=\"twitter:data1\" content=\"4 minutos\" \/>\n<script type=\"application\/ld+json\" class=\"yoast-schema-graph\">{\"@context\":\"https:\/\/schema.org\",\"@graph\":[{\"@type\":\"WebSite\",\"@id\":\"https:\/\/www.fumc.edu.co\/en\/#website\",\"url\":\"https:\/\/www.fumc.edu.co\/en\/\",\"name\":\"Maria Cano - en\",\"description\":\"Otro sitio realizado con WordPress\",\"potentialAction\":[{\"@type\":\"SearchAction\",\"target\":{\"@type\":\"EntryPoint\",\"urlTemplate\":\"https:\/\/www.fumc.edu.co\/en\/?s={search_term_string}\"},\"query-input\":\"required name=search_term_string\"}],\"inLanguage\":\"es\"},{\"@type\":\"WebPage\",\"@id\":\"https:\/\/www.fumc.edu.co\/en\/formacion-continua\/finanzas-aplicadas-las-niif\/#webpage\",\"url\":\"https:\/\/www.fumc.edu.co\/en\/formacion-continua\/finanzas-aplicadas-las-niif\/\",\"name\":\"Finanzas aplicadas a las NIIF - Maria Cano - en\",\"isPartOf\":{\"@id\":\"https:\/\/www.fumc.edu.co\/en\/#website\"},\"datePublished\":\"2017-06-13T20:27:41+00:00\",\"dateModified\":\"2019-01-24T20:50:41+00:00\",\"breadcrumb\":{\"@id\":\"https:\/\/www.fumc.edu.co\/en\/formacion-continua\/finanzas-aplicadas-las-niif\/#breadcrumb\"},\"inLanguage\":\"es\",\"potentialAction\":[{\"@type\":\"ReadAction\",\"target\":[\"https:\/\/www.fumc.edu.co\/en\/formacion-continua\/finanzas-aplicadas-las-niif\/\"]}]},{\"@type\":\"BreadcrumbList\",\"@id\":\"https:\/\/www.fumc.edu.co\/en\/formacion-continua\/finanzas-aplicadas-las-niif\/#breadcrumb\",\"itemListElement\":[{\"@type\":\"ListItem\",\"position\":1,\"name\":\"Portada\",\"item\":\"https:\/\/www.fumc.edu.co\/en\/\"},{\"@type\":\"ListItem\",\"position\":2,\"name\":\"Continuing education\",\"item\":\"https:\/\/www.fumc.edu.co\/en\/formacion-continua\/\"},{\"@type\":\"ListItem\",\"position\":3,\"name\":\"Finanzas aplicadas a las NIIF\"}]}]}<\/script>\n<!-- \/ Yoast SEO plugin. -->","yoast_head_json":{"title":"Finanzas aplicadas a las NIIF - Maria Cano - en","robots":{"index":"index","follow":"follow","max-snippet":"max-snippet:-1","max-image-preview":"max-image-preview:large","max-video-preview":"max-video-preview:-1"},"canonical":"https:\/\/www.fumc.edu.co\/en\/formacion-continua\/finanzas-aplicadas-las-niif\/","og_locale":"es_ES","og_type":"article","og_title":"Finanzas aplicadas a las NIIF - Maria Cano - en","og_description":"[vc_row][vc_column][vc_custom_heading text=\u00bbFinanzas aplicadas a las NIIF\u00bb font_container=\u00bbtag:h1|text_align:left\u00bb google_fonts=\u00bbfont_family:Didact%20Gothic%3Aregular|font_style:400%20regular%3A400%3Anormal\u00bb][\/vc_column][\/vc_row][vc_row][vc_column width=\u00bb1\/2&#8243;][vc_single_image image=\u00bb2133&#8243; img_size=\u00bbfull\u00bb][\/vc_column][vc_column width=\u00bb1\/2&#8243;][vc_column_text]El uso de diferentes normas para la preparaci\u00f3n de informaci\u00f3n financiera y principios contables en los diferentes pa\u00edses ha tenido efectos adversos en los flujos de capital en general, en los costos asociados con la preparaci\u00f3n de informaci\u00f3n para las bolsas de valores de [&hellip;]","og_url":"https:\/\/www.fumc.edu.co\/en\/formacion-continua\/finanzas-aplicadas-las-niif\/","og_site_name":"Maria Cano - en","article_modified_time":"2019-01-24T20:50:41+00:00","twitter_card":"summary","twitter_misc":{"Tiempo de lectura":"4 minutos"},"schema":{"@context":"https:\/\/schema.org","@graph":[{"@type":"WebSite","@id":"https:\/\/www.fumc.edu.co\/en\/#website","url":"https:\/\/www.fumc.edu.co\/en\/","name":"Maria Cano - en","description":"Otro sitio realizado con WordPress","potentialAction":[{"@type":"SearchAction","target":{"@type":"EntryPoint","urlTemplate":"https:\/\/www.fumc.edu.co\/en\/?s={search_term_string}"},"query-input":"required name=search_term_string"}],"inLanguage":"es"},{"@type":"WebPage","@id":"https:\/\/www.fumc.edu.co\/en\/formacion-continua\/finanzas-aplicadas-las-niif\/#webpage","url":"https:\/\/www.fumc.edu.co\/en\/formacion-continua\/finanzas-aplicadas-las-niif\/","name":"Finanzas aplicadas a las NIIF - Maria Cano - en","isPartOf":{"@id":"https:\/\/www.fumc.edu.co\/en\/#website"},"datePublished":"2017-06-13T20:27:41+00:00","dateModified":"2019-01-24T20:50:41+00:00","breadcrumb":{"@id":"https:\/\/www.fumc.edu.co\/en\/formacion-continua\/finanzas-aplicadas-las-niif\/#breadcrumb"},"inLanguage":"es","potentialAction":[{"@type":"ReadAction","target":["https:\/\/www.fumc.edu.co\/en\/formacion-continua\/finanzas-aplicadas-las-niif\/"]}]},{"@type":"BreadcrumbList","@id":"https:\/\/www.fumc.edu.co\/en\/formacion-continua\/finanzas-aplicadas-las-niif\/#breadcrumb","itemListElement":[{"@type":"ListItem","position":1,"name":"Portada","item":"https:\/\/www.fumc.edu.co\/en\/"},{"@type":"ListItem","position":2,"name":"Continuing education","item":"https:\/\/www.fumc.edu.co\/en\/formacion-continua\/"},{"@type":"ListItem","position":3,"name":"Finanzas aplicadas a las NIIF"}]}]}},"_links":{"self":[{"href":"https:\/\/www.fumc.edu.co\/en\/wp-json\/wp\/v2\/pages\/1763"}],"collection":[{"href":"https:\/\/www.fumc.edu.co\/en\/wp-json\/wp\/v2\/pages"}],"about":[{"href":"https:\/\/www.fumc.edu.co\/en\/wp-json\/wp\/v2\/types\/page"}],"author":[{"embeddable":true,"href":"https:\/\/www.fumc.edu.co\/en\/wp-json\/wp\/v2\/users\/1"}],"replies":[{"embeddable":true,"href":"https:\/\/www.fumc.edu.co\/en\/wp-json\/wp\/v2\/comments?post=1763"}],"version-history":[{"count":0,"href":"https:\/\/www.fumc.edu.co\/en\/wp-json\/wp\/v2\/pages\/1763\/revisions"}],"up":[{"embeddable":true,"href":"https:\/\/www.fumc.edu.co\/en\/wp-json\/wp\/v2\/pages\/1923"}],"wp:attachment":[{"href":"https:\/\/www.fumc.edu.co\/en\/wp-json\/wp\/v2\/media?parent=1763"}],"curies":[{"name":"wp","href":"https:\/\/api.w.org\/{rel}","templated":true}]}}