{"id":1915,"date":"2017-06-22T14:39:37","date_gmt":"2017-06-22T14:39:37","guid":{"rendered":"http:\/\/10.13.33.7\/?page_id=1915"},"modified":"2023-02-08T14:40:05","modified_gmt":"2023-02-08T14:40:05","slug":"convenios","status":"publish","type":"page","link":"https:\/\/www.fumc.edu.co\/en\/internacionalizacion\/convenios\/","title":{"rendered":"Convenios"},"content":{"rendered":"<p>[vc_row full_width=\u00bbstretch_row_content_no_spaces\u00bb][vc_column][vc_single_image image=\u00bb11819&#8243; img_size=\u00bbfull\u00bb alignment=\u00bbcenter\u00bb css_animation=\u00bbfadeIn\u00bb][\/vc_column][\/vc_row][vc_row][vc_column][vc_empty_space][\/vc_column][\/vc_row][vc_row el_class=\u00bbwppal\u00bb][vc_column width=\u00bb1\/3&#8243; el_class=\u00bbwitemlist\u00bb][vc_wp_custommenu nav_menu=\u00bb38&#8243;][\/vc_column][vc_column width=\u00bb2\/3&#8243;][vc_tta_tour][vc_tta_section title=\u00bbNational\u00bb tab_id=\u00bb1498141908819-025367bb-a841&#8243;][vc_column_text el_class=\u00bbwnacional\u00bb]<\/p>\n<p>Asociaci\u00f3n\u00a0 Internacional de Inform\u00e1tica Forense<br \/>\nCorporaci\u00f3n Tecnol\u00f3gica de Bogot\u00e1<br \/>\nCorporaci\u00f3n Universitaria Ibero Americana<br \/>\nCorporaci\u00f3n Universitaria Alexander Von Humboldt<br \/>\nCorporaci\u00f3n Universitaria Minuto de Dios Seccional Antioquia-Choc\u00f3<br \/>\nCorporaci\u00f3n Universitaria Aut\u00f3noma del Cauca<br \/>\nCorporaci\u00f3n Universitaria del Huila<br \/>\nCorporaci\u00f3n Universitaria Lasallista<br \/>\nComuna Project<br \/>\nCiudad Don Bosco<br \/>\nCl\u00ednica de Otorrinolaringolog\u00eda de Antioquia<br \/>\nEscuela Colombiana de Rehabilitaci\u00f3n ECR<br \/>\nFundaci\u00f3n Universitaria Konrad Lorenz<br \/>\nFundaci\u00f3n de Atenci\u00f3n a la Ni\u00f1ez FAN<br \/>\nFundaci\u00f3n Tecnol\u00f3gica Antonio de Ar\u00e9valo TECNAR<br \/>\nFundaci\u00f3n Universitaria Cat\u00f3lica del Norte<br \/>\nInstituci\u00f3n Universitaria Colegio Mayor del Cauca<br \/>\nInstituci\u00f3n Universitaria Salazar y Herrera IUSH<br \/>\nPolit\u00e9cnico Mayor<br \/>\nPolit\u00e9cnico Grancolombiano<br \/>\nRed Colombiana de Posgrados<br \/>\nUniversidad Aut\u00f3noma Latinoamericana UNAULA<br \/>\nUniversidad de Antioquia<br \/>\nUniversidad de Boyac\u00e1<br \/>\nUniversidad de Santander<br \/>\nUniversidad Cooperativa de Colombia<br \/>\nUniversidad Pontificia Bolivariana<br \/>\nUniversidad de Boyac\u00e1<br \/>\nUniversidad Surcolombiana<br \/>\nUniversidad EAFIT<br \/>\nUniversidad de Pamplona<br \/>\nUniversidad del Valle<br \/>\nUniversidad de Sucre<br \/>\nUniversidad de Investigaci\u00f3n y Desarrollo UDI<br \/>\nUniversidad del Cauca<br \/>\nUniversidad de Ciencias Aplicadas y Ambientales<br \/>\nUniversidad Central<br \/>\nUniversidad Nacional Abierta y a Distancia UNAD<br \/>\nUniversidad de San Buenaventura Cartagena<br \/>\nUniversidad de San Buenaventura Medell\u00edn<br \/>\nUniversidad Cat\u00f3lica Luis Amig\u00f3<br \/>\nUniversidad de Santander<\/p>\n<p>[\/vc_column_text][\/vc_tta_section][vc_tta_section title=\u00bbInternational\u00bb tab_id=\u00bb1498141908839-bf16a338-2935&#8243;][vc_column_text el_class=\u00bbwinternacional\u00bb]Argentina<\/p>\n<p>Educado Argentina<br \/>\nUniversidad Blas Pascal<br \/>\nUniversidad Abierta Interamericana<br \/>\nFacultad de Medicina Universidad de Buenos Aires<\/p>\n<p>Bolivia<\/p>\n<p>Universidad UCATEC<\/p>\n<p>Brasil<\/p>\n<p>Universidad de la Salle<br \/>\nUniversidade S\u00e3o Judas Tadeu &#8211; Vestibular S\u00e3o Judas<\/p>\n<p>Canad\u00e1<\/p>\n<p>University of Victoria<\/p>\n<p>Chile<\/p>\n<p>Universidad de los Lagos<br \/>\nUniversidad de Talca<br \/>\nUniversidad de Temuco<\/p>\n<p>Estados Unidos<\/p>\n<p>The American Institute of Balance<\/p>\n<p>Espa\u00f1a<\/p>\n<p>Instituto de Biomec\u00e1nica de Valencia<br \/>\nUniversidad de Sevilla<br \/>\nUniversidad Internacional de la Rioja<br \/>\nInstituto Superior de Estudios Psicol\u00f3gicos<br \/>\nCentro de Estudios Financieros<br \/>\nUniversidad Cat\u00f3lica de Valencia<br \/>\nUniversidad a Distancia de Madrid<\/p>\n<p>M\u00e9xico<\/p>\n<p>Universidad Aut\u00f3noma del Estado de Morelos<br \/>\nUniversidad de la Salle Noreste<br \/>\nUniversidad de la Salle Chihuahua<br \/>\nUniversidad Aut\u00f3noma de Quer\u00e9taro<\/p>\n<p>Panam\u00e1<\/p>\n<p>Universidad Americana<\/p>\n<p>Per\u00fa<\/p>\n<p>Universidad Mar\u00eda Auxiliadora<\/p>\n<p>Polonia<\/p>\n<p>Helena Chodkowska University of Technology and Economics<\/p>\n<p>Rep\u00fablica Dominicana<\/p>\n<p>Universidad Abierta para Adultos<\/p>\n<p>[\/vc_column_text][\/vc_tta_section][\/vc_tta_tour][\/vc_column][\/vc_row][vc_row][vc_column][vc_gmaps link=\u00bb#E-8_JTNDaWZyYW1lJTIwc3JjJTNEJTIyaHR0cHMlM0ElMkYlMkZ3d3cuZ29vZ2xlLmNvbSUyRm1hcHMlMkZkJTJGZW1iZWQlM0ZtaWQlM0QxYk16b2xWWG1mbUhHWHlFYnFOWS03ZDZuYmFEM0lBNEglMjIlMjB3aWR0aCUzRCUyMjY0MCUyMiUyMGhlaWdodCUzRCUyMjQ4MCUyMiUzRSUzQyUyRmlmcmFtZSUzRQ==\u00bb][\/vc_column][\/vc_row]<\/p>\n","protected":false},"excerpt":{"rendered":"<p>[vc_row full_width=\u00bbstretch_row_content_no_spaces\u00bb][vc_column][vc_single_image image=\u00bb11819&#8243; img_size=\u00bbfull\u00bb alignment=\u00bbcenter\u00bb css_animation=\u00bbfadeIn\u00bb][\/vc_column][\/vc_row][vc_row][vc_column][vc_empty_space][\/vc_column][\/vc_row][vc_row el_class=\u00bbwppal\u00bb][vc_column width=\u00bb1\/3&#8243; el_class=\u00bbwitemlist\u00bb][vc_wp_custommenu nav_menu=\u00bb38&#8243;][\/vc_column][vc_column width=\u00bb2\/3&#8243;][vc_tta_tour][vc_tta_section title=\u00bbNational\u00bb tab_id=\u00bb1498141908819-025367bb-a841&#8243;][vc_column_text el_class=\u00bbwnacional\u00bb] Asociaci\u00f3n\u00a0 Internacional de Inform\u00e1tica Forense Corporaci\u00f3n Tecnol\u00f3gica de Bogot\u00e1 Corporaci\u00f3n Universitaria Ibero Americana Corporaci\u00f3n Universitaria Alexander Von Humboldt Corporaci\u00f3n Universitaria Minuto de Dios Seccional Antioquia-Choc\u00f3 Corporaci\u00f3n Universitaria Aut\u00f3noma del Cauca Corporaci\u00f3n Universitaria del Huila Corporaci\u00f3n Universitaria Lasallista Comuna Project Ciudad Don [&hellip;]<\/p>\n","protected":false},"author":1,"featured_media":0,"parent":1912,"menu_order":0,"comment_status":"closed","ping_status":"closed","template":"","meta":{"footnotes":""},"yoast_head":"<!-- This site is optimized with the Yoast SEO plugin v18.4.1 - https:\/\/yoast.com\/wordpress\/plugins\/seo\/ -->\n<title>Convenios - Maria Cano - en<\/title>\n<meta name=\"robots\" content=\"index, follow, max-snippet:-1, max-image-preview:large, max-video-preview:-1\" \/>\n<link rel=\"canonical\" href=\"https:\/\/www.fumc.edu.co\/en\/internacionalizacion\/convenios\/\" \/>\n<meta property=\"og:locale\" content=\"es_ES\" \/>\n<meta property=\"og:type\" content=\"article\" \/>\n<meta property=\"og:title\" content=\"Convenios - Maria Cano - en\" \/>\n<meta property=\"og:description\" content=\"[vc_row full_width=\u00bbstretch_row_content_no_spaces\u00bb][vc_column][vc_single_image image=\u00bb11819&#8243; img_size=\u00bbfull\u00bb alignment=\u00bbcenter\u00bb css_animation=\u00bbfadeIn\u00bb][\/vc_column][\/vc_row][vc_row][vc_column][vc_empty_space][\/vc_column][\/vc_row][vc_row el_class=\u00bbwppal\u00bb][vc_column width=\u00bb1\/3&#8243; el_class=\u00bbwitemlist\u00bb][vc_wp_custommenu nav_menu=\u00bb38&#8243;][\/vc_column][vc_column width=\u00bb2\/3&#8243;][vc_tta_tour][vc_tta_section title=\u00bbNational\u00bb tab_id=\u00bb1498141908819-025367bb-a841&#8243;][vc_column_text el_class=\u00bbwnacional\u00bb] Asociaci\u00f3n\u00a0 Internacional de Inform\u00e1tica Forense Corporaci\u00f3n Tecnol\u00f3gica de Bogot\u00e1 Corporaci\u00f3n Universitaria Ibero Americana Corporaci\u00f3n Universitaria Alexander Von Humboldt Corporaci\u00f3n Universitaria Minuto de Dios Seccional Antioquia-Choc\u00f3 Corporaci\u00f3n Universitaria Aut\u00f3noma del Cauca Corporaci\u00f3n Universitaria del Huila Corporaci\u00f3n Universitaria Lasallista Comuna Project Ciudad Don [&hellip;]\" \/>\n<meta property=\"og:url\" content=\"https:\/\/www.fumc.edu.co\/en\/internacionalizacion\/convenios\/\" \/>\n<meta property=\"og:site_name\" content=\"Maria Cano - en\" \/>\n<meta property=\"article:modified_time\" content=\"2023-02-08T14:40:05+00:00\" \/>\n<meta name=\"twitter:card\" content=\"summary\" \/>\n<meta name=\"twitter:label1\" content=\"Tiempo de lectura\" \/>\n\t<meta name=\"twitter:data1\" content=\"2 minutos\" \/>\n<script type=\"application\/ld+json\" class=\"yoast-schema-graph\">{\"@context\":\"https:\/\/schema.org\",\"@graph\":[{\"@type\":\"WebSite\",\"@id\":\"https:\/\/www.fumc.edu.co\/en\/#website\",\"url\":\"https:\/\/www.fumc.edu.co\/en\/\",\"name\":\"Maria Cano - en\",\"description\":\"Otro sitio realizado con WordPress\",\"potentialAction\":[{\"@type\":\"SearchAction\",\"target\":{\"@type\":\"EntryPoint\",\"urlTemplate\":\"https:\/\/www.fumc.edu.co\/en\/?s={search_term_string}\"},\"query-input\":\"required name=search_term_string\"}],\"inLanguage\":\"es\"},{\"@type\":\"WebPage\",\"@id\":\"https:\/\/www.fumc.edu.co\/en\/internacionalizacion\/convenios\/#webpage\",\"url\":\"https:\/\/www.fumc.edu.co\/en\/internacionalizacion\/convenios\/\",\"name\":\"Convenios - Maria Cano - en\",\"isPartOf\":{\"@id\":\"https:\/\/www.fumc.edu.co\/en\/#website\"},\"datePublished\":\"2017-06-22T14:39:37+00:00\",\"dateModified\":\"2023-02-08T14:40:05+00:00\",\"breadcrumb\":{\"@id\":\"https:\/\/www.fumc.edu.co\/en\/internacionalizacion\/convenios\/#breadcrumb\"},\"inLanguage\":\"es\",\"potentialAction\":[{\"@type\":\"ReadAction\",\"target\":[\"https:\/\/www.fumc.edu.co\/en\/internacionalizacion\/convenios\/\"]}]},{\"@type\":\"BreadcrumbList\",\"@id\":\"https:\/\/www.fumc.edu.co\/en\/internacionalizacion\/convenios\/#breadcrumb\",\"itemListElement\":[{\"@type\":\"ListItem\",\"position\":1,\"name\":\"Portada\",\"item\":\"https:\/\/www.fumc.edu.co\/en\/\"},{\"@type\":\"ListItem\",\"position\":2,\"name\":\"Internacionalizaci\u00f3n\",\"item\":\"https:\/\/www.fumc.edu.co\/en\/internacionalizacion\/\"},{\"@type\":\"ListItem\",\"position\":3,\"name\":\"Convenios\"}]}]}<\/script>\n<!-- \/ Yoast SEO plugin. -->","yoast_head_json":{"title":"Convenios - Maria Cano - en","robots":{"index":"index","follow":"follow","max-snippet":"max-snippet:-1","max-image-preview":"max-image-preview:large","max-video-preview":"max-video-preview:-1"},"canonical":"https:\/\/www.fumc.edu.co\/en\/internacionalizacion\/convenios\/","og_locale":"es_ES","og_type":"article","og_title":"Convenios - Maria Cano - en","og_description":"[vc_row full_width=\u00bbstretch_row_content_no_spaces\u00bb][vc_column][vc_single_image image=\u00bb11819&#8243; img_size=\u00bbfull\u00bb alignment=\u00bbcenter\u00bb css_animation=\u00bbfadeIn\u00bb][\/vc_column][\/vc_row][vc_row][vc_column][vc_empty_space][\/vc_column][\/vc_row][vc_row el_class=\u00bbwppal\u00bb][vc_column width=\u00bb1\/3&#8243; el_class=\u00bbwitemlist\u00bb][vc_wp_custommenu nav_menu=\u00bb38&#8243;][\/vc_column][vc_column width=\u00bb2\/3&#8243;][vc_tta_tour][vc_tta_section title=\u00bbNational\u00bb tab_id=\u00bb1498141908819-025367bb-a841&#8243;][vc_column_text el_class=\u00bbwnacional\u00bb] Asociaci\u00f3n\u00a0 Internacional de Inform\u00e1tica Forense Corporaci\u00f3n Tecnol\u00f3gica de Bogot\u00e1 Corporaci\u00f3n Universitaria Ibero Americana Corporaci\u00f3n Universitaria Alexander Von Humboldt Corporaci\u00f3n Universitaria Minuto de Dios Seccional Antioquia-Choc\u00f3 Corporaci\u00f3n Universitaria Aut\u00f3noma del Cauca Corporaci\u00f3n Universitaria del Huila Corporaci\u00f3n Universitaria Lasallista Comuna Project Ciudad Don [&hellip;]","og_url":"https:\/\/www.fumc.edu.co\/en\/internacionalizacion\/convenios\/","og_site_name":"Maria Cano - en","article_modified_time":"2023-02-08T14:40:05+00:00","twitter_card":"summary","twitter_misc":{"Tiempo de lectura":"2 minutos"},"schema":{"@context":"https:\/\/schema.org","@graph":[{"@type":"WebSite","@id":"https:\/\/www.fumc.edu.co\/en\/#website","url":"https:\/\/www.fumc.edu.co\/en\/","name":"Maria Cano - en","description":"Otro sitio realizado con WordPress","potentialAction":[{"@type":"SearchAction","target":{"@type":"EntryPoint","urlTemplate":"https:\/\/www.fumc.edu.co\/en\/?s={search_term_string}"},"query-input":"required name=search_term_string"}],"inLanguage":"es"},{"@type":"WebPage","@id":"https:\/\/www.fumc.edu.co\/en\/internacionalizacion\/convenios\/#webpage","url":"https:\/\/www.fumc.edu.co\/en\/internacionalizacion\/convenios\/","name":"Convenios - Maria Cano - en","isPartOf":{"@id":"https:\/\/www.fumc.edu.co\/en\/#website"},"datePublished":"2017-06-22T14:39:37+00:00","dateModified":"2023-02-08T14:40:05+00:00","breadcrumb":{"@id":"https:\/\/www.fumc.edu.co\/en\/internacionalizacion\/convenios\/#breadcrumb"},"inLanguage":"es","potentialAction":[{"@type":"ReadAction","target":["https:\/\/www.fumc.edu.co\/en\/internacionalizacion\/convenios\/"]}]},{"@type":"BreadcrumbList","@id":"https:\/\/www.fumc.edu.co\/en\/internacionalizacion\/convenios\/#breadcrumb","itemListElement":[{"@type":"ListItem","position":1,"name":"Portada","item":"https:\/\/www.fumc.edu.co\/en\/"},{"@type":"ListItem","position":2,"name":"Internacionalizaci\u00f3n","item":"https:\/\/www.fumc.edu.co\/en\/internacionalizacion\/"},{"@type":"ListItem","position":3,"name":"Convenios"}]}]}},"_links":{"self":[{"href":"https:\/\/www.fumc.edu.co\/en\/wp-json\/wp\/v2\/pages\/1915"}],"collection":[{"href":"https:\/\/www.fumc.edu.co\/en\/wp-json\/wp\/v2\/pages"}],"about":[{"href":"https:\/\/www.fumc.edu.co\/en\/wp-json\/wp\/v2\/types\/page"}],"author":[{"embeddable":true,"href":"https:\/\/www.fumc.edu.co\/en\/wp-json\/wp\/v2\/users\/1"}],"replies":[{"embeddable":true,"href":"https:\/\/www.fumc.edu.co\/en\/wp-json\/wp\/v2\/comments?post=1915"}],"version-history":[{"count":0,"href":"https:\/\/www.fumc.edu.co\/en\/wp-json\/wp\/v2\/pages\/1915\/revisions"}],"up":[{"embeddable":true,"href":"https:\/\/www.fumc.edu.co\/en\/wp-json\/wp\/v2\/pages\/1912"}],"wp:attachment":[{"href":"https:\/\/www.fumc.edu.co\/en\/wp-json\/wp\/v2\/media?parent=1915"}],"curies":[{"name":"wp","href":"https:\/\/api.w.org\/{rel}","templated":true}]}}