{"id":2019,"date":"2017-07-20T21:53:07","date_gmt":"2017-07-20T21:53:07","guid":{"rendered":"http:\/\/10.13.33.7\/?page_id=2019"},"modified":"2019-08-01T21:08:39","modified_gmt":"2019-08-01T21:08:39","slug":"convenios-interbibliotecarios","status":"publish","type":"page","link":"https:\/\/www.fumc.edu.co\/en\/biblioteca\/convenios-interbibliotecarios\/","title":{"rendered":"Interlibrary Agreements"},"content":{"rendered":"<p>[vc_row el_class=\u00bbwgraduados\u00bb][vc_column][vc_row_inner][vc_column_inner width=\u00bb1\/2&#8243;][vc_column_text]<\/p>\n<h1>Library<\/h1>\n<h3>Interlibrary Agreements<\/h3>\n<p>The Mar\u00eda Cano University Foundation library has borrowing agreements and information services with the following institutions:[\/vc_column_text][\/vc_column_inner][vc_column_inner width=\u00bb1\/2&#8243;][vc_single_image image=\u00bb6396&#8243; img_size=\u00bbfull\u00bb alignment=\u00bbcenter\u00bb css_animation=\u00bbfadeIn\u00bb][\/vc_column_inner][\/vc_row_inner][\/vc_column][\/vc_row][vc_row][vc_column][vc_empty_space][\/vc_column][\/vc_row][vc_row][vc_column width=\u00bb1\/3&#8243; el_class=\u00bbwitemlist\u00bb][vc_wp_custommenu nav_menu=\u00bb30&#8243;][\/vc_column][vc_column width=\u00bb2\/3&#8243;][vc_column_text]<a href=\"http:\/\/biblioteca.ucn.edu.co\/Paginas\/Inicio.aspx\" target=\"_blank\" rel=\"noopener noreferrer\">Universidad Cat\u00f3lica de Oriente<\/a><br \/>\n<a href=\"http:\/\/www.esap.edu.co\/portal\/index.php\/olib-web-biblioteca\/\" target=\"_blank\" rel=\"noopener noreferrer\">Escuela Superior de Administraci\u00f3n P\u00fablica ESAP<\/a><br \/>\n<a href=\"http:\/\/www.ucc.edu.co\/biblioteca\/Paginas\/inicio.aspx\" target=\"_blank\" rel=\"noopener noreferrer\">Universidad Cooperativa de Colombia<\/a><br \/>\n<a href=\"http:\/\/www.pascualbravo.edu.co\/index.php\/biblioteca-cti\" target=\"_blank\" rel=\"noopener noreferrer\">Instituci\u00f3n Universitaria Pascual Bravo<\/a><br \/>\n<a href=\"http:\/\/biblioteca.usbmed.edu.co\/\" target=\"_blank\" rel=\"noopener noreferrer\">Universidad de San Buenaventura<\/a><br \/>\n<a href=\"http:\/\/biblioteca.uniminuto.edu\/\" target=\"_blank\" rel=\"noopener noreferrer\">Corporaci\u00f3n Universitaria Minuto de Dios, UNIMINUTO-Biblioteca Padre Rafael Garc\u00eda Herreros<\/a><br \/>\n<a href=\"http:\/\/www.esumer.edu.co\/extension\/item\/336-biblioteca\" target=\"_blank\" rel=\"noopener noreferrer\">Instituci\u00f3n Universitaria ESUMER<\/a><br \/>\n<a href=\"http:\/\/www.iue.edu.co\/portal\/biblioteca.html\" target=\"_blank\" rel=\"noopener noreferrer\">Instituci\u00f3n Universitaria de Envigado<\/a><br \/>\n<a href=\"http:\/\/www.colmayor.edu.co\/load.php?name=paginas&amp;id=75\" target=\"_blank\" rel=\"noopener noreferrer\">Instituci\u00f3n Universitaria Colegio Mayor de Antioquia<\/a><br \/>\n<a href=\"http:\/\/biblioteca.unisabaneta.edu.co\/\" target=\"_blank\" rel=\"noopener noreferrer\">Corporaci\u00f3n Universitaria de Sabaneta -UNISABANETA<\/a><br \/>\n<a href=\"http:\/\/www.uniremington.edu.co\/biblioteca.html\" target=\"_blank\" rel=\"noopener noreferrer\">Corporaci\u00f3n Universitaria REMINGTON<\/a><br \/>\n<a href=\"http:\/\/www.funlam.edu.co\/modules\/departamentobiblioteca\/\" target=\"_blank\" rel=\"noopener noreferrer\">Fundaci\u00f3n Universitaria Luis Amig\u00f3<\/a><br \/>\n<a href=\"http:\/\/www.itm.edu.co\/biblioteca\/\" target=\"_blank\" rel=\"noopener noreferrer\">Instituto Tecnol\u00f3gico Metropolitano<\/a><br \/>\n<a href=\"http:\/\/www.politecnicojic.edu.co\/index.php\/bibliotecas\" target=\"_blank\" rel=\"noopener noreferrer\">Polit\u00e9cnico Colombiano Jaime Isaza Cadavid<\/a><br \/>\n<a href=\"http:\/\/www.tdea.edu.co\/index.php\/es\/biblioteca2\" target=\"_blank\" rel=\"noopener noreferrer\">Tecnol\u00f3gico de Antioquia<\/a><br \/>\n<a href=\"http:\/\/bibliotecas.unal.edu.co\/\" target=\"_blank\" rel=\"noopener noreferrer\">Universidad Nacional de Colombia<\/a><br \/>\n<a href=\"http:\/\/www.corpoasa.edu.co\/2016-07-19-19-16-46\" target=\"_blank\" rel=\"noopener noreferrer\">Academia Superior de Artes<\/a><br \/>\n<a href=\"http:\/\/repository.unac.edu.co\/jspui\/\" target=\"_blank\" rel=\"noopener noreferrer\">Corporaci\u00f3n Universitaria Adventista<\/a><br \/>\n<a href=\"http:\/\/bibliotecaideas.com\/\" target=\"_blank\" rel=\"noopener noreferrer\">Corporaci\u00f3n Universitaria de Colombia, IDEAS<\/a><br \/>\n<a href=\"http:\/\/www.escolme.edu.co\/biblioteca\/\" target=\"_blank\" rel=\"noopener noreferrer\">Institucion Universitaria Escolme<\/a><br \/>\n<a href=\"www.unisbc.edu.co\/servicio-biblioteca\" target=\"_blank\" rel=\"noopener noreferrer\">Fundaci\u00f3n Universitaria Seminario Biblico de Colombia, FUSBC<\/a><br \/>\n<a href=\"http:\/\/biblioteca.usta.edu.co\/ \" target=\"_blank\" rel=\"noopener noreferrer\">Universidad Santo Tom\u00e1s<\/a><br \/>\n<a href=\"www.iush.edu.co\/es\/Universidad\/Biblioteca\" target=\"_blank\" rel=\"noopener noreferrer\">Instituci\u00f3n Universitaria Salazar y Herrera<\/a><br \/>\n<a href=\"www.lasallista.edu.co\/index.php\/biblioteca\" target=\"_blank\" rel=\"noopener noreferrer\">Corporaci\u00f3n Universitaria Lasallista<\/a><br \/>\n<a href=\"http:\/\/aplicaciones.ceipa.edu.co\/biblioteca\/biblio_digital\/catalogo\/catalogo.jsp\" target=\"_blank\" rel=\"noopener noreferrer\">Instituci\u00f3n Universitaria CEIPA<\/a><br \/>\n<a href=\"www.uam.edu.co\/medellin\/biblioteca-conocenos\/\" target=\"_blank\" rel=\"noopener noreferrer\">Aut\u00f3noma de las Am\u00e9ricas<\/a><br \/>\n<a href=\"https:\/\/www.cesde.edu.co\/biblioteca\" target=\"_blank\" rel=\"noopener noreferrer\">Cesde S.A.<\/a><br \/>\n<a href=\"http:\/\/biblioteca.ucn.edu.co\/\" target=\"_blank\" rel=\"noopener noreferrer\">F. Univ. Cat\u00f3lica del Norte<\/a><br \/>\n<a href=\"http:\/\/bibliotecas.uniclaretiana.edu.co\/\" target=\"_blank\" rel=\"noopener noreferrer\">F. Universitaria Claretiana &#8211; Uniclaretiana<\/a><br \/>\n<a href=\"http:\/\/www.sanmartin.edu.co\/1\/?page_id=7862\" target=\"_blank\" rel=\"noopener noreferrer\">Fundaci\u00f3n Universitaria San Mart\u00edn <\/a><br \/>\n<a href=\"http:\/\/americana.edu.co\/biblioteca\/\" target=\"_blank\" rel=\"noopener noreferrer\">Corporaci\u00f3n Universitaria Americana<\/a><br \/>\n<a href=\"www.udecolombia.edu.co\/biblioteca\/\" target=\"_blank\" rel=\"noopener noreferrer\">Corporaci\u00f3n Universitaria U de Colombia.<\/a><br \/>\n<a href=\"http:\/\/www.unaula.edu.co\/biblioteca\/inicio\" target=\"_blank\" rel=\"noopener noreferrer\">Universidad Aut\u00f3noma Latinoamericana<\/a><br \/>\n<a href=\"www.poli.edu.co\/content\/biblioteca\" target=\"_blank\" rel=\"noopener noreferrer\">Politecnico Grancolombiano<\/a><br \/>\n<a href=\"http:\/\/ciad.fumc.edu.co\/\" target=\"_blank\" rel=\"noopener noreferrer\">Fundaci\u00f2n Universitaria Mar\u00eda Cano<\/a><br \/>\n<a href=\"www.areandina.edu.co\/content\/biblioteca\" target=\"_blank\" rel=\"noopener noreferrer\">Fundaci\u00f3n Universitaria del Area Andina<\/a><br \/>\n<a href=\"https:\/\/opac.ecci.edu.co\/\" target=\"_blank\" rel=\"noopener noreferrer\">Universidad ECCI<\/a><br \/>\n<a href=\"www.cinde.org.co\" target=\"_blank\" rel=\"noopener noreferrer\">Fundaci\u00f3n Centro Internacional de Educaci\u00f3n y Desarrollo Humano. CINDE<\/a><br \/>\n<a href=\"http:\/\/bellasartesmed.edu.co\/\" target=\"_blank\" rel=\"noopener noreferrer\">Fundacion Universitaria Bellas Artes<\/a><br \/>\n<a href=\"http:\/\/www.atec.edu.co\/index.php?option=com_content&amp;view=article&amp;id=10&amp;Itemid=119\" target=\"_blank\" rel=\"noopener noreferrer\">Corporaci\u00f3n Academia Tecnol\u00f3gica de Colombia. ATEC.<\/a><br \/>\n<a href=\"http:\/\/bibliotecafundadores.ces.edu.co\/\" target=\"_blank\" rel=\"noopener noreferrer\">Universidad CES<\/a><br \/>\n<a href=\"http:\/\/www.pmfs.edu.co\/index.php\/biblio\" target=\"_blank\" rel=\"noopener noreferrer\">Corporaci\u00f3n Universitaria Politecnico Marco Fidel Suarez<\/a>[\/vc_column_text][\/vc_column][\/vc_row]<\/p>\n","protected":false},"excerpt":{"rendered":"<p>[vc_row el_class=\u00bbwgraduados\u00bb][vc_column][vc_row_inner][vc_column_inner width=\u00bb1\/2&#8243;][vc_column_text] Library Interlibrary Agreements The Mar\u00eda Cano University Foundation library has borrowing agreements and information services with the following institutions:[\/vc_column_text][\/vc_column_inner][vc_column_inner width=\u00bb1\/2&#8243;][vc_single_image image=\u00bb6396&#8243; img_size=\u00bbfull\u00bb alignment=\u00bbcenter\u00bb css_animation=\u00bbfadeIn\u00bb][\/vc_column_inner][\/vc_row_inner][\/vc_column][\/vc_row][vc_row][vc_column][vc_empty_space][\/vc_column][\/vc_row][vc_row][vc_column width=\u00bb1\/3&#8243; el_class=\u00bbwitemlist\u00bb][vc_wp_custommenu nav_menu=\u00bb30&#8243;][\/vc_column][vc_column width=\u00bb2\/3&#8243;][vc_column_text]Universidad Cat\u00f3lica de Oriente Escuela Superior de Administraci\u00f3n P\u00fablica ESAP Universidad Cooperativa de Colombia Instituci\u00f3n Universitaria Pascual Bravo Universidad de San Buenaventura Corporaci\u00f3n Universitaria Minuto [&hellip;]<\/p>\n","protected":false},"author":1,"featured_media":0,"parent":1988,"menu_order":0,"comment_status":"closed","ping_status":"closed","template":"","meta":{"footnotes":""},"yoast_head":"<!-- This site is optimized with the Yoast SEO plugin v18.4.1 - https:\/\/yoast.com\/wordpress\/plugins\/seo\/ -->\n<title>Interlibrary Agreements - Maria Cano - en<\/title>\n<meta name=\"robots\" content=\"index, follow, max-snippet:-1, max-image-preview:large, max-video-preview:-1\" \/>\n<link rel=\"canonical\" href=\"https:\/\/www.fumc.edu.co\/en\/biblioteca\/convenios-interbibliotecarios\/\" \/>\n<meta property=\"og:locale\" content=\"es_ES\" \/>\n<meta property=\"og:type\" content=\"article\" \/>\n<meta property=\"og:title\" content=\"Interlibrary Agreements - Maria Cano - en\" \/>\n<meta property=\"og:description\" content=\"[vc_row el_class=\u00bbwgraduados\u00bb][vc_column][vc_row_inner][vc_column_inner width=\u00bb1\/2&#8243;][vc_column_text] Library Interlibrary Agreements The Mar\u00eda Cano University Foundation library has borrowing agreements and information services with the following institutions:[\/vc_column_text][\/vc_column_inner][vc_column_inner width=\u00bb1\/2&#8243;][vc_single_image image=\u00bb6396&#8243; img_size=\u00bbfull\u00bb alignment=\u00bbcenter\u00bb css_animation=\u00bbfadeIn\u00bb][\/vc_column_inner][\/vc_row_inner][\/vc_column][\/vc_row][vc_row][vc_column][vc_empty_space][\/vc_column][\/vc_row][vc_row][vc_column width=\u00bb1\/3&#8243; el_class=\u00bbwitemlist\u00bb][vc_wp_custommenu nav_menu=\u00bb30&#8243;][\/vc_column][vc_column width=\u00bb2\/3&#8243;][vc_column_text]Universidad Cat\u00f3lica de Oriente Escuela Superior de Administraci\u00f3n P\u00fablica ESAP Universidad Cooperativa de Colombia Instituci\u00f3n Universitaria Pascual Bravo Universidad de San Buenaventura Corporaci\u00f3n Universitaria Minuto [&hellip;]\" \/>\n<meta property=\"og:url\" content=\"https:\/\/www.fumc.edu.co\/en\/biblioteca\/convenios-interbibliotecarios\/\" \/>\n<meta property=\"og:site_name\" content=\"Maria Cano - en\" \/>\n<meta property=\"article:modified_time\" content=\"2019-08-01T21:08:39+00:00\" \/>\n<meta name=\"twitter:card\" content=\"summary\" \/>\n<meta name=\"twitter:label1\" content=\"Tiempo de lectura\" \/>\n\t<meta name=\"twitter:data1\" content=\"2 minutos\" \/>\n<script type=\"application\/ld+json\" class=\"yoast-schema-graph\">{\"@context\":\"https:\/\/schema.org\",\"@graph\":[{\"@type\":\"WebSite\",\"@id\":\"https:\/\/www.fumc.edu.co\/en\/#website\",\"url\":\"https:\/\/www.fumc.edu.co\/en\/\",\"name\":\"Maria Cano - en\",\"description\":\"Otro sitio realizado con WordPress\",\"potentialAction\":[{\"@type\":\"SearchAction\",\"target\":{\"@type\":\"EntryPoint\",\"urlTemplate\":\"https:\/\/www.fumc.edu.co\/en\/?s={search_term_string}\"},\"query-input\":\"required name=search_term_string\"}],\"inLanguage\":\"es\"},{\"@type\":\"WebPage\",\"@id\":\"https:\/\/www.fumc.edu.co\/en\/biblioteca\/convenios-interbibliotecarios\/#webpage\",\"url\":\"https:\/\/www.fumc.edu.co\/en\/biblioteca\/convenios-interbibliotecarios\/\",\"name\":\"Interlibrary Agreements - Maria Cano - en\",\"isPartOf\":{\"@id\":\"https:\/\/www.fumc.edu.co\/en\/#website\"},\"datePublished\":\"2017-07-20T21:53:07+00:00\",\"dateModified\":\"2019-08-01T21:08:39+00:00\",\"breadcrumb\":{\"@id\":\"https:\/\/www.fumc.edu.co\/en\/biblioteca\/convenios-interbibliotecarios\/#breadcrumb\"},\"inLanguage\":\"es\",\"potentialAction\":[{\"@type\":\"ReadAction\",\"target\":[\"https:\/\/www.fumc.edu.co\/en\/biblioteca\/convenios-interbibliotecarios\/\"]}]},{\"@type\":\"BreadcrumbList\",\"@id\":\"https:\/\/www.fumc.edu.co\/en\/biblioteca\/convenios-interbibliotecarios\/#breadcrumb\",\"itemListElement\":[{\"@type\":\"ListItem\",\"position\":1,\"name\":\"Portada\",\"item\":\"https:\/\/www.fumc.edu.co\/en\/\"},{\"@type\":\"ListItem\",\"position\":2,\"name\":\"Library\",\"item\":\"https:\/\/www.fumc.edu.co\/en\/biblioteca\/\"},{\"@type\":\"ListItem\",\"position\":3,\"name\":\"Interlibrary Agreements\"}]}]}<\/script>\n<!-- \/ Yoast SEO plugin. -->","yoast_head_json":{"title":"Interlibrary Agreements - Maria Cano - en","robots":{"index":"index","follow":"follow","max-snippet":"max-snippet:-1","max-image-preview":"max-image-preview:large","max-video-preview":"max-video-preview:-1"},"canonical":"https:\/\/www.fumc.edu.co\/en\/biblioteca\/convenios-interbibliotecarios\/","og_locale":"es_ES","og_type":"article","og_title":"Interlibrary Agreements - Maria Cano - en","og_description":"[vc_row el_class=\u00bbwgraduados\u00bb][vc_column][vc_row_inner][vc_column_inner width=\u00bb1\/2&#8243;][vc_column_text] Library Interlibrary Agreements The Mar\u00eda Cano University Foundation library has borrowing agreements and information services with the following institutions:[\/vc_column_text][\/vc_column_inner][vc_column_inner width=\u00bb1\/2&#8243;][vc_single_image image=\u00bb6396&#8243; img_size=\u00bbfull\u00bb alignment=\u00bbcenter\u00bb css_animation=\u00bbfadeIn\u00bb][\/vc_column_inner][\/vc_row_inner][\/vc_column][\/vc_row][vc_row][vc_column][vc_empty_space][\/vc_column][\/vc_row][vc_row][vc_column width=\u00bb1\/3&#8243; el_class=\u00bbwitemlist\u00bb][vc_wp_custommenu nav_menu=\u00bb30&#8243;][\/vc_column][vc_column width=\u00bb2\/3&#8243;][vc_column_text]Universidad Cat\u00f3lica de Oriente Escuela Superior de Administraci\u00f3n P\u00fablica ESAP Universidad Cooperativa de Colombia Instituci\u00f3n Universitaria Pascual Bravo Universidad de San Buenaventura Corporaci\u00f3n Universitaria Minuto [&hellip;]","og_url":"https:\/\/www.fumc.edu.co\/en\/biblioteca\/convenios-interbibliotecarios\/","og_site_name":"Maria Cano - en","article_modified_time":"2019-08-01T21:08:39+00:00","twitter_card":"summary","twitter_misc":{"Tiempo de lectura":"2 minutos"},"schema":{"@context":"https:\/\/schema.org","@graph":[{"@type":"WebSite","@id":"https:\/\/www.fumc.edu.co\/en\/#website","url":"https:\/\/www.fumc.edu.co\/en\/","name":"Maria Cano - en","description":"Otro sitio realizado con WordPress","potentialAction":[{"@type":"SearchAction","target":{"@type":"EntryPoint","urlTemplate":"https:\/\/www.fumc.edu.co\/en\/?s={search_term_string}"},"query-input":"required name=search_term_string"}],"inLanguage":"es"},{"@type":"WebPage","@id":"https:\/\/www.fumc.edu.co\/en\/biblioteca\/convenios-interbibliotecarios\/#webpage","url":"https:\/\/www.fumc.edu.co\/en\/biblioteca\/convenios-interbibliotecarios\/","name":"Interlibrary Agreements - Maria Cano - en","isPartOf":{"@id":"https:\/\/www.fumc.edu.co\/en\/#website"},"datePublished":"2017-07-20T21:53:07+00:00","dateModified":"2019-08-01T21:08:39+00:00","breadcrumb":{"@id":"https:\/\/www.fumc.edu.co\/en\/biblioteca\/convenios-interbibliotecarios\/#breadcrumb"},"inLanguage":"es","potentialAction":[{"@type":"ReadAction","target":["https:\/\/www.fumc.edu.co\/en\/biblioteca\/convenios-interbibliotecarios\/"]}]},{"@type":"BreadcrumbList","@id":"https:\/\/www.fumc.edu.co\/en\/biblioteca\/convenios-interbibliotecarios\/#breadcrumb","itemListElement":[{"@type":"ListItem","position":1,"name":"Portada","item":"https:\/\/www.fumc.edu.co\/en\/"},{"@type":"ListItem","position":2,"name":"Library","item":"https:\/\/www.fumc.edu.co\/en\/biblioteca\/"},{"@type":"ListItem","position":3,"name":"Interlibrary Agreements"}]}]}},"_links":{"self":[{"href":"https:\/\/www.fumc.edu.co\/en\/wp-json\/wp\/v2\/pages\/2019"}],"collection":[{"href":"https:\/\/www.fumc.edu.co\/en\/wp-json\/wp\/v2\/pages"}],"about":[{"href":"https:\/\/www.fumc.edu.co\/en\/wp-json\/wp\/v2\/types\/page"}],"author":[{"embeddable":true,"href":"https:\/\/www.fumc.edu.co\/en\/wp-json\/wp\/v2\/users\/1"}],"replies":[{"embeddable":true,"href":"https:\/\/www.fumc.edu.co\/en\/wp-json\/wp\/v2\/comments?post=2019"}],"version-history":[{"count":0,"href":"https:\/\/www.fumc.edu.co\/en\/wp-json\/wp\/v2\/pages\/2019\/revisions"}],"up":[{"embeddable":true,"href":"https:\/\/www.fumc.edu.co\/en\/wp-json\/wp\/v2\/pages\/1988"}],"wp:attachment":[{"href":"https:\/\/www.fumc.edu.co\/en\/wp-json\/wp\/v2\/media?parent=2019"}],"curies":[{"name":"wp","href":"https:\/\/api.w.org\/{rel}","templated":true}]}}