{"id":2191,"date":"2017-07-23T15:32:03","date_gmt":"2017-07-23T15:32:03","guid":{"rendered":"http:\/\/10.13.33.7\/?page_id=2191"},"modified":"2023-02-08T15:56:55","modified_gmt":"2023-02-08T15:56:55","slug":"convocatorias-y-becas","status":"publish","type":"page","link":"https:\/\/www.fumc.edu.co\/en\/internacionalizacion\/convocatorias-y-becas\/","title":{"rendered":"Convocatorias y becas"},"content":{"rendered":"<p>[vc_row full_width=\u00bbstretch_row_content_no_spaces\u00bb][vc_column][vc_single_image image=\u00bb11819&#8243; img_size=\u00bbfull\u00bb alignment=\u00bbcenter\u00bb css_animation=\u00bbfadeIn\u00bb][\/vc_column][\/vc_row][vc_row][vc_column][vc_empty_space][\/vc_column][\/vc_row][vc_row el_class=\u00bbwppal\u00bb][vc_column width=\u00bb1\/3&#8243; el_class=\u00bbwitemlist\u00bb][vc_wp_custommenu nav_menu=\u00bb38&#8243;][\/vc_column][vc_column width=\u00bb2\/3&#8243;][vc_tta_tour][vc_tta_section title=\u00bbNational\u00bb tab_id=\u00bb1498141908819-025367bb-a841&#8243;][vc_column_text el_class=\u00bbwnacional\u00bb]<\/p>\n<ul>\n<li>Asociaci\u00f3n\u00a0 Internacional de Inform\u00e1tica Forense<\/li>\n<li><a href=\"https:\/\/www.ctb.edu.co\/\">Corporaci\u00f3n Tecnol\u00f3gica de Bogot\u00e1\u00a0<\/a><\/li>\n<li><a href=\"https:\/\/www.universidad-ibero.com.co\/\">Corporaci\u00f3n Universitaria Ibero Americana<\/a><\/li>\n<li><a href=\"https:\/\/www.cue.edu.co\/\">Corporaci\u00f3n Universitaria Alexander Von Humboldt<\/a><\/li>\n<li><a href=\"https:\/\/www.uniminuto.edu\/antioquia-y-choco\">Corporaci\u00f3n Universitaria Minuto de Dios Seccional Antioquia-Choc\u00f3<\/a><\/li>\n<li><a href=\"https:\/\/www.uniautonoma.edu.co\/\">Corporaci\u00f3n Universitaria Aut\u00f3noma del Cauca<\/a><\/li>\n<li><a href=\"https:\/\/corhuila.edu.co\/\">Corporaci\u00f3n Universitaria del Huila<\/a><\/li>\n<li><a href=\"https:\/\/www.unilasallista.edu.co\/\">Corporaci\u00f3n Universitaria Lasallista<\/a><\/li>\n<li><a href=\"https:\/\/www.comunaproject.org\/\">Comuna Project<\/a><\/li>\n<li><a href=\"https:\/\/ciudaddonbosco.org\/\">Ciudad Don Bosco<\/a><\/li>\n<li><a href=\"https:\/\/www.clinicaorlant.com\/\">Cl\u00ednica de Otorrinolaringolog\u00eda de Antioquia<\/a><\/li>\n<li><a href=\"https:\/\/www.ecr.edu.co\/\">Escuela Colombiana de Rehabilitaci\u00f3n ECR<\/a><\/li>\n<li><a href=\"https:\/\/www.konradlorenz.edu.co\/\">Fundaci\u00f3n Universitaria Konrad Lorenz<\/a><\/li>\n<li><a href=\"https:\/\/fan.org.co\/\">Fundaci\u00f3n de Atenci\u00f3n a la Ni\u00f1ez FAN<\/a><\/li>\n<li><a href=\"http:\/\/www.tecnar.edu.co\/\" target=\"_blank\" rel=\"noopener noreferrer\">Fundaci\u00f3n Tecnol\u00f3gica Antonio de Ar\u00e9valo TECNAR<\/a><\/li>\n<li><a href=\"http:\/\/www.ucn.edu.co\/Paginas\/Inicio.aspx\" target=\"_blank\" rel=\"noopener noreferrer\">Fundaci\u00f3n Universitaria Cat\u00f3lica del Norte<\/a><\/li>\n<li><a href=\"https:\/\/unimayor.edu.co\/web\/\">Instituci\u00f3n Universitaria Colegio Mayor del Cauca<\/a><\/li>\n<li><a href=\"https:\/\/www.iush.edu.co\/\">Instituci\u00f3n Universitaria Salazar y Herrera IUSH<\/a><\/li>\n<li><a href=\"http:\/\/www.politecnicomayor.edu.co\/\" target=\"_blank\" rel=\"noopener noreferrer\">Polit\u00e9cnico Mayor<\/a><\/li>\n<li><a href=\"https:\/\/www.poli.edu.co\/\">Polit\u00e9cnico Grancolombiano<\/a><\/li>\n<li><a href=\"https:\/\/redcolombianadeposgrados.org\/\">Red Colombiana de Posgrados<\/a><\/li>\n<li><a href=\"http:\/\/www.unaula.edu.co\/\" target=\"_blank\" rel=\"noopener noreferrer\">Universidad Aut\u00f3noma Latinoamericana UNAULA<\/a><\/li>\n<li><a href=\"http:\/\/www.udea.edu.co\" target=\"_blank\" rel=\"noopener noreferrer\">Universidad de Antioquia<\/a><\/li>\n<li><a href=\"http:\/\/www.uniboyaca.edu.co\/\" target=\"_blank\" rel=\"noopener noreferrer\">Universidad de Boyac\u00e1<\/a><\/li>\n<li><a href=\"http:\/\/www.udes.edu.co\/\" target=\"_blank\" rel=\"noopener noreferrer\">Universidad de Santander<\/a><\/li>\n<li><a href=\"https:\/\/www.ucc.edu.co\/\">Universidad Cooperativa de Colombia<\/a><\/li>\n<li><a href=\"https:\/\/www.upb.edu.co\/es\/home\">Universidad Pontificia Bolivariana<\/a><\/li>\n<li><a href=\"https:\/\/www.uniboyaca.edu.co\/es\">Universidad de Boyac\u00e1<\/a><\/li>\n<li><a href=\"https:\/\/www.usco.edu.co\/es\/\">Universidad Surcolombiana<\/a><\/li>\n<li><a href=\"https:\/\/www.eafit.edu.co\/\">Universidad EAFIT<\/a><\/li>\n<li><a href=\"https:\/\/www.unipamplona.edu.co\/\">Universidad de Pamplona<\/a><\/li>\n<li><a href=\"https:\/\/www.univalle.edu.co\/\">Universidad del Valle<\/a><\/li>\n<li><a href=\"https:\/\/www.unisucre.edu.co\/index.php\/es\/\">Universidad de Sucre<\/a><\/li>\n<li><a href=\"https:\/\/web.udi.edu.co\/\">Universidad de Investigaci\u00f3n y Desarrollo UDI<\/a><\/li>\n<li><a href=\"http:\/\/www.unicauca.edu.co\/versionP\/\">Universidad del Cauca<\/a><\/li>\n<li><a href=\"https:\/\/www.udca.edu.co\/\">Universidad de Ciencias Aplicadas y Ambientales<\/a><\/li>\n<li><a href=\"https:\/\/www.ucentral.edu.co\/\">Universidad Central<\/a><\/li>\n<li><a href=\"https:\/\/www.unad.edu.co\/\">Universidad Nacional Abierta y a Distancia UNAD<\/a><\/li>\n<li><a href=\"http:\/\/www.usbcartagena.edu.co\/new\/\">Universidad de San Buenaventura Cartagena<\/a><\/li>\n<li><a href=\"https:\/\/www.usbmed.edu.co\/\">Universidad de San Buenaventura Medell\u00edn<\/a><\/li>\n<li><a href=\"https:\/\/www.funlam.edu.co\/\">Universidad Cat\u00f3lica Luis Amig\u00f3<\/a><\/li>\n<li><a href=\"https:\/\/udes.edu.co\/\">Universidad de Santander<\/a><\/li>\n<\/ul>\n<p>[\/vc_column_text][\/vc_tta_section][vc_tta_section title=\u00bbInternational\u00bb tab_id=\u00bb1498141908839-bf16a338-2935&#8243;][vc_column_text el_class=\u00bbwinternacional\u00bb]<strong>Argentina<\/strong><\/p>\n<ul>\n<li><a href=\"http:\/\/www.eduargentina.org\/\" target=\"_blank\" rel=\"noopener noreferrer\">Educado Argentina<\/a><\/li>\n<li><a href=\"https:\/\/www.ubp.edu.ar\/\">Universidad Blas Pascal<\/a><\/li>\n<li><a href=\"https:\/\/uai.edu.ar\/\">Universidad Abierta Interamericana<\/a><\/li>\n<li><a href=\"https:\/\/www.fmed.uba.ar\/\">Facultad de Medicina Universidad de Buenos Aires<\/a><\/li>\n<\/ul>\n<p><strong>Bolivia<\/strong><\/p>\n<ul>\n<li><a href=\"https:\/\/ucatec.edu.bo\/\">Universidad UCATEC<\/a><\/li>\n<\/ul>\n<p><strong>Brasil<\/strong><\/p>\n<ul>\n<li>\u00a0<a href=\"https:\/\/www.unilasalle.edu.br\/\">Universidad de la Salle<\/a><\/li>\n<li>\n<div class=\"CCgQ5 vCa9Yd QfkTvb MUxGbd v0nnCb\" role=\"heading\" aria-level=\"3\"><a href=\"https:\/\/www.usjt.br\/\">Universidade S\u00e3o Judas Tadeu &#8211; Vestibular S\u00e3o Judas<\/a><\/div>\n<\/li>\n<\/ul>\n<p><strong>Canad\u00e1<\/strong><\/p>\n<ul>\n<li>\u00a0<a href=\"https:\/\/www.uvic.ca\/\">University of Victoria<\/a><\/li>\n<\/ul>\n<p><strong>Chile<\/strong><\/p>\n<ul>\n<li><a href=\"http:\/\/www.ulagos.cl\/\" target=\"_blank\" rel=\"noopener noreferrer\">Universidad de los Lagos<\/a><\/li>\n<li><a href=\"http:\/\/www.utalca.cl\/link.cgi\/#\/link.cgi\/\" target=\"_blank\" rel=\"noopener noreferrer\">Universidad de Talca<\/a><\/li>\n<li><a href=\"https:\/\/www.uct.cl\/\" target=\"_blank\" rel=\"noopener noreferrer\">Universidad de Temuco<\/a><\/li>\n<\/ul>\n<p><strong>Estados Unidos<\/strong><\/p>\n<ul>\n<li><a href=\"https:\/\/www.dizzy.com\/\" target=\"_blank\" rel=\"noopener noreferrer\">The American Institute of Balance<\/a><\/li>\n<\/ul>\n<p><strong>Espa\u00f1a<\/strong><\/p>\n<ul>\n<li><a href=\"http:\/\/www.ibv.org\/\" target=\"_blank\" rel=\"noopener noreferrer\">Instituto de Biomec\u00e1nica de Valencia<\/a><\/li>\n<li><a href=\"http:\/\/www.us.es\/\" target=\"_blank\" rel=\"noopener noreferrer\">Universidad de Sevilla<\/a><\/li>\n<li><a href=\"http:\/\/www.unir.net\/\" target=\"_blank\" rel=\"noopener noreferrer\">Universidad Internacional de la Rioja<\/a><\/li>\n<li><a href=\"https:\/\/estudios.uoc.edu\/\">Instituto Superior de Estudios Psicol\u00f3gicos<\/a><\/li>\n<li><a href=\"https:\/\/www.masterstudies.co\/universidades\/Espana\/Centro-De-Estudios-Financieros-CEF\/\">Centro de Estudios Financieros<\/a><\/li>\n<li><a href=\"https:\/\/www.ucv.es\/\">Universidad Cat\u00f3lica de Valencia<\/a><\/li>\n<li><a href=\"https:\/\/www.udima.es\/\">Universidad a Distancia de Madrid<\/a><\/li>\n<\/ul>\n<p><strong>M\u00e9xico<\/strong><\/p>\n<ul>\n<li><a href=\"http:\/\/www.uaem.mx\/\" target=\"_blank\" rel=\"noopener noreferrer\">Universidad Aut\u00f3noma del Estado de Morelos<\/a><\/li>\n<li><a href=\"https:\/\/www.lasallenoroeste.edu.mx\/\">Universidad de la Salle Noreste<\/a><\/li>\n<li><a href=\"https:\/\/www.ulsachihuahua.edu.mx\/\">Universidad de la Salle Chihuahua\u00a0<\/a><\/li>\n<li><a href=\"https:\/\/www.uaq.mx\/\">Universidad Aut\u00f3noma de Quer\u00e9taro<\/a><\/li>\n<\/ul>\n<p><strong>Panam\u00e1<\/strong><\/p>\n<ul>\n<li><a href=\"https:\/\/uam.edu.pa\/\">Universidad Americana<\/a><\/li>\n<\/ul>\n<p><strong>Per\u00fa<\/strong><\/p>\n<ul>\n<li><a href=\"https:\/\/uma.edu.pe\/\">Universidad Mar\u00eda Auxiliadora<\/a><\/li>\n<\/ul>\n<p><strong>Polonia<\/strong><\/p>\n<ul>\n<li><a href=\"https:\/\/www.uth.edu.pl\/about-university\">Helena Chodkowska University of Technology and Economics<\/a><\/li>\n<\/ul>\n<p><strong>Rep\u00fablica Dominicana<\/strong><\/p>\n<ul>\n<li><a href=\"https:\/\/www.uapa.edu.do\/\">Universidad Abierta para Adultos<\/a><\/li>\n<\/ul>\n<p>[\/vc_column_text][\/vc_tta_section][\/vc_tta_tour][\/vc_column][\/vc_row][vc_row][vc_column][vc_gmaps link=\u00bb#E-8_JTNDaWZyYW1lJTIwc3JjJTNEJTIyaHR0cHMlM0ElMkYlMkZ3d3cuZ29vZ2xlLmNvbSUyRm1hcHMlMkZkJTJGZW1iZWQlM0ZtaWQlM0QxYk16b2xWWG1mbUhHWHlFYnFOWS03ZDZuYmFEM0lBNEglMjIlMjB3aWR0aCUzRCUyMjY0MCUyMiUyMGhlaWdodCUzRCUyMjQ4MCUyMiUzRSUzQyUyRmlmcmFtZSUzRQ==\u00bb][\/vc_column][\/vc_row]<\/p>\n","protected":false},"excerpt":{"rendered":"<p>[vc_row full_width=\u00bbstretch_row_content_no_spaces\u00bb][vc_column][vc_single_image image=\u00bb11819&#8243; img_size=\u00bbfull\u00bb alignment=\u00bbcenter\u00bb css_animation=\u00bbfadeIn\u00bb][\/vc_column][\/vc_row][vc_row][vc_column][vc_empty_space][\/vc_column][\/vc_row][vc_row el_class=\u00bbwppal\u00bb][vc_column width=\u00bb1\/3&#8243; el_class=\u00bbwitemlist\u00bb][vc_wp_custommenu nav_menu=\u00bb38&#8243;][\/vc_column][vc_column width=\u00bb2\/3&#8243;][vc_tta_tour][vc_tta_section title=\u00bbNational\u00bb tab_id=\u00bb1498141908819-025367bb-a841&#8243;][vc_column_text el_class=\u00bbwnacional\u00bb] Asociaci\u00f3n\u00a0 Internacional de Inform\u00e1tica Forense Corporaci\u00f3n Tecnol\u00f3gica de Bogot\u00e1\u00a0 Corporaci\u00f3n Universitaria Ibero Americana Corporaci\u00f3n Universitaria Alexander Von Humboldt Corporaci\u00f3n Universitaria Minuto de Dios Seccional Antioquia-Choc\u00f3 Corporaci\u00f3n Universitaria Aut\u00f3noma del Cauca Corporaci\u00f3n Universitaria del Huila Corporaci\u00f3n Universitaria Lasallista Comuna Project Ciudad Don [&hellip;]<\/p>\n","protected":false},"author":1,"featured_media":0,"parent":1912,"menu_order":0,"comment_status":"closed","ping_status":"closed","template":"","meta":{"footnotes":""},"yoast_head":"<!-- This site is optimized with the Yoast SEO plugin v18.4.1 - https:\/\/yoast.com\/wordpress\/plugins\/seo\/ -->\n<title>Convocatorias y becas - Maria Cano - en<\/title>\n<meta name=\"robots\" content=\"index, follow, max-snippet:-1, max-image-preview:large, max-video-preview:-1\" \/>\n<link rel=\"canonical\" href=\"https:\/\/www.fumc.edu.co\/en\/internacionalizacion\/convocatorias-y-becas\/\" \/>\n<meta property=\"og:locale\" content=\"es_ES\" \/>\n<meta property=\"og:type\" content=\"article\" \/>\n<meta property=\"og:title\" content=\"Convocatorias y becas - Maria Cano - en\" \/>\n<meta property=\"og:description\" content=\"[vc_row full_width=\u00bbstretch_row_content_no_spaces\u00bb][vc_column][vc_single_image image=\u00bb11819&#8243; img_size=\u00bbfull\u00bb alignment=\u00bbcenter\u00bb css_animation=\u00bbfadeIn\u00bb][\/vc_column][\/vc_row][vc_row][vc_column][vc_empty_space][\/vc_column][\/vc_row][vc_row el_class=\u00bbwppal\u00bb][vc_column width=\u00bb1\/3&#8243; el_class=\u00bbwitemlist\u00bb][vc_wp_custommenu nav_menu=\u00bb38&#8243;][\/vc_column][vc_column width=\u00bb2\/3&#8243;][vc_tta_tour][vc_tta_section title=\u00bbNational\u00bb tab_id=\u00bb1498141908819-025367bb-a841&#8243;][vc_column_text el_class=\u00bbwnacional\u00bb] Asociaci\u00f3n\u00a0 Internacional de Inform\u00e1tica Forense Corporaci\u00f3n Tecnol\u00f3gica de Bogot\u00e1\u00a0 Corporaci\u00f3n Universitaria Ibero Americana Corporaci\u00f3n Universitaria Alexander Von Humboldt Corporaci\u00f3n Universitaria Minuto de Dios Seccional Antioquia-Choc\u00f3 Corporaci\u00f3n Universitaria Aut\u00f3noma del Cauca Corporaci\u00f3n Universitaria del Huila Corporaci\u00f3n Universitaria Lasallista Comuna Project Ciudad Don [&hellip;]\" \/>\n<meta property=\"og:url\" content=\"https:\/\/www.fumc.edu.co\/en\/internacionalizacion\/convocatorias-y-becas\/\" \/>\n<meta property=\"og:site_name\" content=\"Maria Cano - en\" \/>\n<meta property=\"article:modified_time\" content=\"2023-02-08T15:56:55+00:00\" \/>\n<meta name=\"twitter:card\" content=\"summary\" \/>\n<meta name=\"twitter:label1\" content=\"Tiempo de lectura\" \/>\n\t<meta name=\"twitter:data1\" content=\"2 minutos\" \/>\n<script type=\"application\/ld+json\" class=\"yoast-schema-graph\">{\"@context\":\"https:\/\/schema.org\",\"@graph\":[{\"@type\":\"WebSite\",\"@id\":\"https:\/\/www.fumc.edu.co\/en\/#website\",\"url\":\"https:\/\/www.fumc.edu.co\/en\/\",\"name\":\"Maria Cano - en\",\"description\":\"Otro sitio realizado con WordPress\",\"potentialAction\":[{\"@type\":\"SearchAction\",\"target\":{\"@type\":\"EntryPoint\",\"urlTemplate\":\"https:\/\/www.fumc.edu.co\/en\/?s={search_term_string}\"},\"query-input\":\"required name=search_term_string\"}],\"inLanguage\":\"es\"},{\"@type\":\"WebPage\",\"@id\":\"https:\/\/www.fumc.edu.co\/en\/internacionalizacion\/convocatorias-y-becas\/#webpage\",\"url\":\"https:\/\/www.fumc.edu.co\/en\/internacionalizacion\/convocatorias-y-becas\/\",\"name\":\"Convocatorias y becas - Maria Cano - en\",\"isPartOf\":{\"@id\":\"https:\/\/www.fumc.edu.co\/en\/#website\"},\"datePublished\":\"2017-07-23T15:32:03+00:00\",\"dateModified\":\"2023-02-08T15:56:55+00:00\",\"breadcrumb\":{\"@id\":\"https:\/\/www.fumc.edu.co\/en\/internacionalizacion\/convocatorias-y-becas\/#breadcrumb\"},\"inLanguage\":\"es\",\"potentialAction\":[{\"@type\":\"ReadAction\",\"target\":[\"https:\/\/www.fumc.edu.co\/en\/internacionalizacion\/convocatorias-y-becas\/\"]}]},{\"@type\":\"BreadcrumbList\",\"@id\":\"https:\/\/www.fumc.edu.co\/en\/internacionalizacion\/convocatorias-y-becas\/#breadcrumb\",\"itemListElement\":[{\"@type\":\"ListItem\",\"position\":1,\"name\":\"Portada\",\"item\":\"https:\/\/www.fumc.edu.co\/en\/\"},{\"@type\":\"ListItem\",\"position\":2,\"name\":\"Internacionalizaci\u00f3n\",\"item\":\"https:\/\/www.fumc.edu.co\/en\/internacionalizacion\/\"},{\"@type\":\"ListItem\",\"position\":3,\"name\":\"Convocatorias y becas\"}]}]}<\/script>\n<!-- \/ Yoast SEO plugin. -->","yoast_head_json":{"title":"Convocatorias y becas - Maria Cano - en","robots":{"index":"index","follow":"follow","max-snippet":"max-snippet:-1","max-image-preview":"max-image-preview:large","max-video-preview":"max-video-preview:-1"},"canonical":"https:\/\/www.fumc.edu.co\/en\/internacionalizacion\/convocatorias-y-becas\/","og_locale":"es_ES","og_type":"article","og_title":"Convocatorias y becas - Maria Cano - en","og_description":"[vc_row full_width=\u00bbstretch_row_content_no_spaces\u00bb][vc_column][vc_single_image image=\u00bb11819&#8243; img_size=\u00bbfull\u00bb alignment=\u00bbcenter\u00bb css_animation=\u00bbfadeIn\u00bb][\/vc_column][\/vc_row][vc_row][vc_column][vc_empty_space][\/vc_column][\/vc_row][vc_row el_class=\u00bbwppal\u00bb][vc_column width=\u00bb1\/3&#8243; el_class=\u00bbwitemlist\u00bb][vc_wp_custommenu nav_menu=\u00bb38&#8243;][\/vc_column][vc_column width=\u00bb2\/3&#8243;][vc_tta_tour][vc_tta_section title=\u00bbNational\u00bb tab_id=\u00bb1498141908819-025367bb-a841&#8243;][vc_column_text el_class=\u00bbwnacional\u00bb] Asociaci\u00f3n\u00a0 Internacional de Inform\u00e1tica Forense Corporaci\u00f3n Tecnol\u00f3gica de Bogot\u00e1\u00a0 Corporaci\u00f3n Universitaria Ibero Americana Corporaci\u00f3n Universitaria Alexander Von Humboldt Corporaci\u00f3n Universitaria Minuto de Dios Seccional Antioquia-Choc\u00f3 Corporaci\u00f3n Universitaria Aut\u00f3noma del Cauca Corporaci\u00f3n Universitaria del Huila Corporaci\u00f3n Universitaria Lasallista Comuna Project Ciudad Don [&hellip;]","og_url":"https:\/\/www.fumc.edu.co\/en\/internacionalizacion\/convocatorias-y-becas\/","og_site_name":"Maria Cano - en","article_modified_time":"2023-02-08T15:56:55+00:00","twitter_card":"summary","twitter_misc":{"Tiempo de lectura":"2 minutos"},"schema":{"@context":"https:\/\/schema.org","@graph":[{"@type":"WebSite","@id":"https:\/\/www.fumc.edu.co\/en\/#website","url":"https:\/\/www.fumc.edu.co\/en\/","name":"Maria Cano - en","description":"Otro sitio realizado con WordPress","potentialAction":[{"@type":"SearchAction","target":{"@type":"EntryPoint","urlTemplate":"https:\/\/www.fumc.edu.co\/en\/?s={search_term_string}"},"query-input":"required name=search_term_string"}],"inLanguage":"es"},{"@type":"WebPage","@id":"https:\/\/www.fumc.edu.co\/en\/internacionalizacion\/convocatorias-y-becas\/#webpage","url":"https:\/\/www.fumc.edu.co\/en\/internacionalizacion\/convocatorias-y-becas\/","name":"Convocatorias y becas - Maria Cano - en","isPartOf":{"@id":"https:\/\/www.fumc.edu.co\/en\/#website"},"datePublished":"2017-07-23T15:32:03+00:00","dateModified":"2023-02-08T15:56:55+00:00","breadcrumb":{"@id":"https:\/\/www.fumc.edu.co\/en\/internacionalizacion\/convocatorias-y-becas\/#breadcrumb"},"inLanguage":"es","potentialAction":[{"@type":"ReadAction","target":["https:\/\/www.fumc.edu.co\/en\/internacionalizacion\/convocatorias-y-becas\/"]}]},{"@type":"BreadcrumbList","@id":"https:\/\/www.fumc.edu.co\/en\/internacionalizacion\/convocatorias-y-becas\/#breadcrumb","itemListElement":[{"@type":"ListItem","position":1,"name":"Portada","item":"https:\/\/www.fumc.edu.co\/en\/"},{"@type":"ListItem","position":2,"name":"Internacionalizaci\u00f3n","item":"https:\/\/www.fumc.edu.co\/en\/internacionalizacion\/"},{"@type":"ListItem","position":3,"name":"Convocatorias y becas"}]}]}},"_links":{"self":[{"href":"https:\/\/www.fumc.edu.co\/en\/wp-json\/wp\/v2\/pages\/2191"}],"collection":[{"href":"https:\/\/www.fumc.edu.co\/en\/wp-json\/wp\/v2\/pages"}],"about":[{"href":"https:\/\/www.fumc.edu.co\/en\/wp-json\/wp\/v2\/types\/page"}],"author":[{"embeddable":true,"href":"https:\/\/www.fumc.edu.co\/en\/wp-json\/wp\/v2\/users\/1"}],"replies":[{"embeddable":true,"href":"https:\/\/www.fumc.edu.co\/en\/wp-json\/wp\/v2\/comments?post=2191"}],"version-history":[{"count":0,"href":"https:\/\/www.fumc.edu.co\/en\/wp-json\/wp\/v2\/pages\/2191\/revisions"}],"up":[{"embeddable":true,"href":"https:\/\/www.fumc.edu.co\/en\/wp-json\/wp\/v2\/pages\/1912"}],"wp:attachment":[{"href":"https:\/\/www.fumc.edu.co\/en\/wp-json\/wp\/v2\/media?parent=2191"}],"curies":[{"name":"wp","href":"https:\/\/api.w.org\/{rel}","templated":true}]}}