{"id":2206,"date":"2017-07-23T16:25:05","date_gmt":"2017-07-23T16:25:05","guid":{"rendered":"http:\/\/10.13.33.7\/?page_id=2206"},"modified":"2019-10-30T20:11:41","modified_gmt":"2019-10-30T20:11:41","slug":"oferta-virtual","status":"publish","type":"page","link":"https:\/\/www.fumc.edu.co\/en\/centro-de-educacion-abierta-y-a-distancia-virtual\/oferta-virtual\/","title":{"rendered":"Virtual programs offer"},"content":{"rendered":"<p>[vc_row full_width=\u00bbstretch_row_content_no_spaces\u00bb][vc_column][vc_single_image image=\u00bb8201&#8243; img_size=\u00bbfull\u00bb alignment=\u00bbcenter\u00bb css_animation=\u00bbfadeIn\u00bb][\/vc_column][\/vc_row][vc_row][vc_column][vc_empty_space][\/vc_column][\/vc_row][vc_row el_class=\u00bbwadmisiones\u00bb][vc_column width=\u00bb1\/3&#8243; el_class=\u00bbwitemlist\u00bb][vc_wp_custommenu nav_menu=\u00bb39&#8243;][\/vc_column][vc_column width=\u00bb2\/3&#8243;][vc_column_text]<\/p>\n<h1>Virtual Courses<\/h1>\n<p>Mar\u00eda Cano University Foundation accompanies the implementation and execution of:<\/p>\n<ul>\n<li>Online undergraduate academic programs<\/li>\n<li>Online postgraduate academic Programs<\/li>\n<li>Distance postgraduate academic Programs<\/li>\n<li>Online subjects for students of the campus-based modality<\/li>\n<li>Extension courses<\/li>\n<\/ul>\n<p>[\/vc_column_text][vc_empty_space][vc_tta_accordion active_section=\u00bb1&#8243; el_class=\u00bbwaccordion\u00bb][vc_tta_section title=\u00bbVirtual Undergraduate courses\u00bb tab_id=\u00bbpregradosvirtuales\u00bb][vc_wp_custommenu nav_menu=\u00bb40&#8243;][vc_empty_space][vc_column_text]We invite you to know the courses of this 2nd semester &#8211; 2018 for the four periods:<\/p>\n<ul>\n<li><a href=\"https:\/\/www.fumc.edu.co\/en\/documentos\/virtualidad\/Administracion_empresas_2019_2.pdf\"><span style=\"color: #3366ff;\"><span style=\"color: #000000;\">Online Business Administration Program &#8211;<\/span><strong><span style=\"color: #000000;\"> Click here.<\/span><\/strong><\/span><\/a><\/li>\n<li><a href=\"https:\/\/www.fumc.edu.co\/en\/documentos\/virtualidad\/Contaduria_publica_virtual_2019_2.pdf\"><span style=\"color: #3366ff;\"><span style=\"color: #000000;\">Online Public Accounting Program &#8211;<\/span><strong><span style=\"color: #000000;\"> Click here.<\/span><\/strong><\/span><\/a><\/li>\n<\/ul>\n<p>[\/vc_column_text][vc_empty_space][vc_message color=\u00bbinfo\u00bb]<strong>Remember how to enter Mariacanovirtual:\u00a0<\/strong>Click on the Mariacanovirtual icon in the institutional website or type in your browser <a href=\"http:\/\/mariacanovirtual.fumc.edu.co\">http:\/\/mariacanovirtual.fumc.edu.co<\/a>[\/vc_message][vc_column_text]<strong>Estudiantes nuevos de primer semestre. <\/strong>En el Centro de Educaci\u00f3n Abierta y a Distancia Virtual te estar\u00e1n suministrando los datos de usuario y contrase\u00f1a en el momento que seas citado a la inducci\u00f3n[\/vc_column_text][\/vc_tta_section][vc_tta_section title=\u00bbVirtual Postgraduate courses\u00bb tab_id=\u00bbposgradosvirtuales\u00bb][vc_wp_custommenu nav_menu=\u00bb41&#8243;][\/vc_tta_section][vc_tta_section title=\u00bbPost-graduate virtual course\u00bb tab_id=\u00bbposgradosadistancia\u00bb][vc_wp_custommenu nav_menu=\u00bb42&#8243;][\/vc_tta_section][vc_tta_section title=\u00bbVirtual courses\u00bb tab_id=\u00bbasignaturasvirtuales\u00bb][vc_column_text]It is now possible to study virtual subjects by being a student of the face-to-face modality.<\/p>\n<p>We invite you to know the availability for 2018-1.<\/p>\n<p>Online courses are organized in periods of 4 weeks during the semester. Keep in mind that these require more intensive work than campus-based courses.<br \/>\nWe continue to increase the offer of virtual courses for campus-based students.<\/p>\n<p>We invite you to know the offer of subjects for each period. <a href=\"https:\/\/www.fumc.edu.co\/en\/documentos\/virtualidad\/Asignaturas_virtuales_2019_2.pdf\"><strong>Click here<\/strong><\/a><\/p>\n<p>Important:<br \/>\nTo be a student in an online subject you must take the induction to learn about the modality and use of Mariacanovirtual. You will receive an email before the beginning of the semester or the academic period of the course. If you do not receive it, please contact <a href=\"mailto:claudia.vasquez@fumc.edu.co\">claudia.vasquez@fumc.edu.co<\/a><\/p>\n<p>Students who only have <strong>online Mar\u00eda Cano<\/strong> training will receive the <strong>induction<\/strong> from <strong>September 3 to 16, 2018.<\/strong>[\/vc_column_text][vc_empty_space][vc_message color=\u00bbinfo\u00bb]<strong>Recuerda c\u00f3mo ingresar a Mariacanovirtual:\u00a0<\/strong>Haz clic en el icono Mariacanovirtual en el portal institucional o\u00a0digita en tu navegador <a href=\"http:\/\/mariacanovirtual.fumc.edu.co\">http:\/\/mariacanovirtual.fumc.edu.co<\/a>[\/vc_message][\/vc_tta_section][vc_tta_section title=\u00bbDiploma courses with option for a degree\u00bb tab_id=\u00bbdiplomadosopci\u00f3nat\u00edtulo\u00bb][vc_wp_custommenu nav_menu=\u00bb32&#8243;][vc_wp_custommenu nav_menu=\u00bb33&#8243;][vc_wp_custommenu nav_menu=\u00bb34&#8243;][\/vc_tta_section][\/vc_tta_accordion][\/vc_column][\/vc_row]<\/p>\n","protected":false},"excerpt":{"rendered":"<p>[vc_row full_width=\u00bbstretch_row_content_no_spaces\u00bb][vc_column][vc_single_image image=\u00bb8201&#8243; img_size=\u00bbfull\u00bb alignment=\u00bbcenter\u00bb css_animation=\u00bbfadeIn\u00bb][\/vc_column][\/vc_row][vc_row][vc_column][vc_empty_space][\/vc_column][\/vc_row][vc_row el_class=\u00bbwadmisiones\u00bb][vc_column width=\u00bb1\/3&#8243; el_class=\u00bbwitemlist\u00bb][vc_wp_custommenu nav_menu=\u00bb39&#8243;][\/vc_column][vc_column width=\u00bb2\/3&#8243;][vc_column_text] Virtual Courses Mar\u00eda Cano University Foundation accompanies the implementation and execution of: Online undergraduate academic programs Online postgraduate academic Programs Distance postgraduate academic Programs Online subjects for students of the campus-based modality Extension courses [\/vc_column_text][vc_empty_space][vc_tta_accordion active_section=\u00bb1&#8243; el_class=\u00bbwaccordion\u00bb][vc_tta_section title=\u00bbVirtual Undergraduate courses\u00bb tab_id=\u00bbpregradosvirtuales\u00bb][vc_wp_custommenu nav_menu=\u00bb40&#8243;][vc_empty_space][vc_column_text]We invite you [&hellip;]<\/p>\n","protected":false},"author":1,"featured_media":0,"parent":2198,"menu_order":0,"comment_status":"closed","ping_status":"closed","template":"","meta":{"footnotes":""},"yoast_head":"<!-- This site is optimized with the Yoast SEO plugin v18.4.1 - https:\/\/yoast.com\/wordpress\/plugins\/seo\/ -->\n<title>Virtual programs offer - Maria Cano - en<\/title>\n<meta name=\"robots\" content=\"index, follow, max-snippet:-1, max-image-preview:large, max-video-preview:-1\" \/>\n<link rel=\"canonical\" href=\"https:\/\/www.fumc.edu.co\/en\/centro-de-educacion-abierta-y-a-distancia-virtual\/oferta-virtual\/\" \/>\n<meta property=\"og:locale\" content=\"es_ES\" \/>\n<meta property=\"og:type\" content=\"article\" \/>\n<meta property=\"og:title\" content=\"Virtual programs offer - Maria Cano - en\" \/>\n<meta property=\"og:description\" content=\"[vc_row full_width=\u00bbstretch_row_content_no_spaces\u00bb][vc_column][vc_single_image image=\u00bb8201&#8243; img_size=\u00bbfull\u00bb alignment=\u00bbcenter\u00bb css_animation=\u00bbfadeIn\u00bb][\/vc_column][\/vc_row][vc_row][vc_column][vc_empty_space][\/vc_column][\/vc_row][vc_row el_class=\u00bbwadmisiones\u00bb][vc_column width=\u00bb1\/3&#8243; el_class=\u00bbwitemlist\u00bb][vc_wp_custommenu nav_menu=\u00bb39&#8243;][\/vc_column][vc_column width=\u00bb2\/3&#8243;][vc_column_text] Virtual Courses Mar\u00eda Cano University Foundation accompanies the implementation and execution of: Online undergraduate academic programs Online postgraduate academic Programs Distance postgraduate academic Programs Online subjects for students of the campus-based modality Extension courses [\/vc_column_text][vc_empty_space][vc_tta_accordion active_section=\u00bb1&#8243; el_class=\u00bbwaccordion\u00bb][vc_tta_section title=\u00bbVirtual Undergraduate courses\u00bb tab_id=\u00bbpregradosvirtuales\u00bb][vc_wp_custommenu nav_menu=\u00bb40&#8243;][vc_empty_space][vc_column_text]We invite you [&hellip;]\" \/>\n<meta property=\"og:url\" content=\"https:\/\/www.fumc.edu.co\/en\/centro-de-educacion-abierta-y-a-distancia-virtual\/oferta-virtual\/\" \/>\n<meta property=\"og:site_name\" content=\"Maria Cano - en\" \/>\n<meta property=\"article:modified_time\" content=\"2019-10-30T20:11:41+00:00\" \/>\n<meta name=\"twitter:card\" content=\"summary\" \/>\n<meta name=\"twitter:label1\" content=\"Tiempo de lectura\" \/>\n\t<meta name=\"twitter:data1\" content=\"3 minutos\" \/>\n<script type=\"application\/ld+json\" class=\"yoast-schema-graph\">{\"@context\":\"https:\/\/schema.org\",\"@graph\":[{\"@type\":\"WebSite\",\"@id\":\"https:\/\/www.fumc.edu.co\/en\/#website\",\"url\":\"https:\/\/www.fumc.edu.co\/en\/\",\"name\":\"Maria Cano - en\",\"description\":\"Otro sitio realizado con WordPress\",\"potentialAction\":[{\"@type\":\"SearchAction\",\"target\":{\"@type\":\"EntryPoint\",\"urlTemplate\":\"https:\/\/www.fumc.edu.co\/en\/?s={search_term_string}\"},\"query-input\":\"required name=search_term_string\"}],\"inLanguage\":\"es\"},{\"@type\":\"WebPage\",\"@id\":\"https:\/\/www.fumc.edu.co\/en\/centro-de-educacion-abierta-y-a-distancia-virtual\/oferta-virtual\/#webpage\",\"url\":\"https:\/\/www.fumc.edu.co\/en\/centro-de-educacion-abierta-y-a-distancia-virtual\/oferta-virtual\/\",\"name\":\"Virtual programs offer - Maria Cano - en\",\"isPartOf\":{\"@id\":\"https:\/\/www.fumc.edu.co\/en\/#website\"},\"datePublished\":\"2017-07-23T16:25:05+00:00\",\"dateModified\":\"2019-10-30T20:11:41+00:00\",\"breadcrumb\":{\"@id\":\"https:\/\/www.fumc.edu.co\/en\/centro-de-educacion-abierta-y-a-distancia-virtual\/oferta-virtual\/#breadcrumb\"},\"inLanguage\":\"es\",\"potentialAction\":[{\"@type\":\"ReadAction\",\"target\":[\"https:\/\/www.fumc.edu.co\/en\/centro-de-educacion-abierta-y-a-distancia-virtual\/oferta-virtual\/\"]}]},{\"@type\":\"BreadcrumbList\",\"@id\":\"https:\/\/www.fumc.edu.co\/en\/centro-de-educacion-abierta-y-a-distancia-virtual\/oferta-virtual\/#breadcrumb\",\"itemListElement\":[{\"@type\":\"ListItem\",\"position\":1,\"name\":\"Portada\",\"item\":\"https:\/\/www.fumc.edu.co\/en\/\"},{\"@type\":\"ListItem\",\"position\":2,\"name\":\"Center for open and virtual distance education\",\"item\":\"https:\/\/www.fumc.edu.co\/en\/centro-de-educacion-abierta-y-a-distancia-virtual\/\"},{\"@type\":\"ListItem\",\"position\":3,\"name\":\"Virtual programs offer\"}]}]}<\/script>\n<!-- \/ Yoast SEO plugin. -->","yoast_head_json":{"title":"Virtual programs offer - Maria Cano - en","robots":{"index":"index","follow":"follow","max-snippet":"max-snippet:-1","max-image-preview":"max-image-preview:large","max-video-preview":"max-video-preview:-1"},"canonical":"https:\/\/www.fumc.edu.co\/en\/centro-de-educacion-abierta-y-a-distancia-virtual\/oferta-virtual\/","og_locale":"es_ES","og_type":"article","og_title":"Virtual programs offer - Maria Cano - en","og_description":"[vc_row full_width=\u00bbstretch_row_content_no_spaces\u00bb][vc_column][vc_single_image image=\u00bb8201&#8243; img_size=\u00bbfull\u00bb alignment=\u00bbcenter\u00bb css_animation=\u00bbfadeIn\u00bb][\/vc_column][\/vc_row][vc_row][vc_column][vc_empty_space][\/vc_column][\/vc_row][vc_row el_class=\u00bbwadmisiones\u00bb][vc_column width=\u00bb1\/3&#8243; el_class=\u00bbwitemlist\u00bb][vc_wp_custommenu nav_menu=\u00bb39&#8243;][\/vc_column][vc_column width=\u00bb2\/3&#8243;][vc_column_text] Virtual Courses Mar\u00eda Cano University Foundation accompanies the implementation and execution of: Online undergraduate academic programs Online postgraduate academic Programs Distance postgraduate academic Programs Online subjects for students of the campus-based modality Extension courses [\/vc_column_text][vc_empty_space][vc_tta_accordion active_section=\u00bb1&#8243; el_class=\u00bbwaccordion\u00bb][vc_tta_section title=\u00bbVirtual Undergraduate courses\u00bb tab_id=\u00bbpregradosvirtuales\u00bb][vc_wp_custommenu nav_menu=\u00bb40&#8243;][vc_empty_space][vc_column_text]We invite you [&hellip;]","og_url":"https:\/\/www.fumc.edu.co\/en\/centro-de-educacion-abierta-y-a-distancia-virtual\/oferta-virtual\/","og_site_name":"Maria Cano - en","article_modified_time":"2019-10-30T20:11:41+00:00","twitter_card":"summary","twitter_misc":{"Tiempo de lectura":"3 minutos"},"schema":{"@context":"https:\/\/schema.org","@graph":[{"@type":"WebSite","@id":"https:\/\/www.fumc.edu.co\/en\/#website","url":"https:\/\/www.fumc.edu.co\/en\/","name":"Maria Cano - en","description":"Otro sitio realizado con WordPress","potentialAction":[{"@type":"SearchAction","target":{"@type":"EntryPoint","urlTemplate":"https:\/\/www.fumc.edu.co\/en\/?s={search_term_string}"},"query-input":"required name=search_term_string"}],"inLanguage":"es"},{"@type":"WebPage","@id":"https:\/\/www.fumc.edu.co\/en\/centro-de-educacion-abierta-y-a-distancia-virtual\/oferta-virtual\/#webpage","url":"https:\/\/www.fumc.edu.co\/en\/centro-de-educacion-abierta-y-a-distancia-virtual\/oferta-virtual\/","name":"Virtual programs offer - Maria Cano - en","isPartOf":{"@id":"https:\/\/www.fumc.edu.co\/en\/#website"},"datePublished":"2017-07-23T16:25:05+00:00","dateModified":"2019-10-30T20:11:41+00:00","breadcrumb":{"@id":"https:\/\/www.fumc.edu.co\/en\/centro-de-educacion-abierta-y-a-distancia-virtual\/oferta-virtual\/#breadcrumb"},"inLanguage":"es","potentialAction":[{"@type":"ReadAction","target":["https:\/\/www.fumc.edu.co\/en\/centro-de-educacion-abierta-y-a-distancia-virtual\/oferta-virtual\/"]}]},{"@type":"BreadcrumbList","@id":"https:\/\/www.fumc.edu.co\/en\/centro-de-educacion-abierta-y-a-distancia-virtual\/oferta-virtual\/#breadcrumb","itemListElement":[{"@type":"ListItem","position":1,"name":"Portada","item":"https:\/\/www.fumc.edu.co\/en\/"},{"@type":"ListItem","position":2,"name":"Center for open and virtual distance education","item":"https:\/\/www.fumc.edu.co\/en\/centro-de-educacion-abierta-y-a-distancia-virtual\/"},{"@type":"ListItem","position":3,"name":"Virtual programs offer"}]}]}},"_links":{"self":[{"href":"https:\/\/www.fumc.edu.co\/en\/wp-json\/wp\/v2\/pages\/2206"}],"collection":[{"href":"https:\/\/www.fumc.edu.co\/en\/wp-json\/wp\/v2\/pages"}],"about":[{"href":"https:\/\/www.fumc.edu.co\/en\/wp-json\/wp\/v2\/types\/page"}],"author":[{"embeddable":true,"href":"https:\/\/www.fumc.edu.co\/en\/wp-json\/wp\/v2\/users\/1"}],"replies":[{"embeddable":true,"href":"https:\/\/www.fumc.edu.co\/en\/wp-json\/wp\/v2\/comments?post=2206"}],"version-history":[{"count":0,"href":"https:\/\/www.fumc.edu.co\/en\/wp-json\/wp\/v2\/pages\/2206\/revisions"}],"up":[{"embeddable":true,"href":"https:\/\/www.fumc.edu.co\/en\/wp-json\/wp\/v2\/pages\/2198"}],"wp:attachment":[{"href":"https:\/\/www.fumc.edu.co\/en\/wp-json\/wp\/v2\/media?parent=2206"}],"curies":[{"name":"wp","href":"https:\/\/api.w.org\/{rel}","templated":true}]}}