{"id":2537,"date":"2017-08-13T20:38:41","date_gmt":"2017-08-13T20:38:41","guid":{"rendered":"http:\/\/10.13.33.7\/?page_id=2537"},"modified":"2024-12-26T16:37:01","modified_gmt":"2024-12-26T16:37:01","slug":"institucional","status":"publish","type":"page","link":"https:\/\/www.fumc.edu.co\/en\/institucional\/","title":{"rendered":"Institutional"},"content":{"rendered":"<p>[vc_row full_width=\u00bbstretch_row_content_no_spaces\u00bb][vc_column][vc_single_image image=\u00bb11828&#8243; img_size=\u00bbfull\u00bb alignment=\u00bbcenter\u00bb css_animation=\u00bbfadeIn\u00bb][\/vc_column][\/vc_row][vc_row][vc_column][vc_empty_space][\/vc_column][\/vc_row][vc_row el_class=\u00bbwadmisiones\u00bb][vc_column width=\u00bb1\/3&#8243; el_class=\u00bbwitemlist\u00bb][vc_wp_custommenu nav_menu=\u00bb51&#8243;][\/vc_column][vc_column width=\u00bb2\/3&#8243;][vc_column_text]<\/p>\n<h1>About Maria Cano<\/h1>\n<p>Approaching 38 years of work at the national level, the Mar\u00eda Cano University Foundation has consolidated three faculties: Health Sciences, Business Sciences and Engineering. Through the Faculty of Health Sciences, it offers the programs of Physiotherapy (at the Medell\u00edn, Cali, Neiva and Popay\u00e1n campuses), Psychology, Occupational Therapy, Speech Therapy (at the Medell\u00edn, Cali, Neiva and Popay\u00e1n campuses) and Nutrition and Dietetics. (in Medell\u00edn and Popay\u00e1n); in the Faculty of Business Sciences it presents the Business Administration and Public Accounting programs, under in-person and virtual methodology; Likewise, the Faculty of Engineering offers the Software Engineering and Technology in Implementation of Digital Solutions program at the Medell\u00edn headquarters.<\/p>\n<p>The Physiotherapy (Medell\u00edn, Cali, Neiva and Popay\u00e1n) &#8211; Psychology (Medell\u00edn) &#8211; Speech Therapy (Medell\u00edn) and Business Administration (in-person Medell\u00edn) programs have High Quality Accreditation, granted by the Ministry of National Education.<\/p>\n<p>Mar\u00eda Cano also presents the Advanced and Continuing Training Center, which offers specializations in Sports Physiotherapy, Cardiopulmonary Physiotherapy, Neurorehabilitation Physiotherapy, Health Services Management, Occupational Health and Safety Management, Senior Management, Cybersecurity, Public Health, Relational Marketing Management, Comprehensive Early Childhood Care, Audiology, Human Talent Management, Psychology Sports, Tax Management, Project Management and Evaluation; The Institution has a wide range of graduates that contribute to the professional qualification of Colombians.<\/p>\n<p>The IPS Mar\u00eda Cano offers the services of Physiotherapy, Movement Analysis Laboratory, Audiology, Speech Therapy, Psychology, Nutrition and Dietetics, Occupational Therapy, General Medicine, Optometry and Safety and Health at Work.<\/p>\n<p>After more than three decades of experience in the Colombian educational sector, the Mar\u00eda Cano University Foundation is present in the departments of Antioquia, Huila, Cauca, Valle de Cauca and the Mariacanovirtual campus, where it is committed to continuing to consolidate the principles that build the future of Colombia, through comprehensive training, the generation and development of knowledge in all forms and expressions, to increasingly consolidate itself as a factor of scientific, cultural, economic and ethical development at the local, regional, national level. and international.<\/p>\n<p>Rectors:<\/p>\n<p>During its 36 years of existence, Maria Cano University Foundation has had four rectors:<\/p>\n<ul>\n<li>Ligia Gonz\u00e1lez Betancur: From January 1989 to August 1993<\/li>\n<li>Jairo Hern\u00e1ndez Navas: From August 1993 to March 1995<\/li>\n<li>Pr\u00f3spero Jos\u00e9 Posada Myer: March 1995 until April 2016<\/li>\n<li>Hugo Alberto Valencia Porras: Current<\/li>\n<\/ul>\n<p><strong>#M\u00e1sMar\u00edaCano<\/strong>[\/vc_column_text][\/vc_column][\/vc_row]<\/p>\n","protected":false},"excerpt":{"rendered":"<p>[vc_row full_width=\u00bbstretch_row_content_no_spaces\u00bb][vc_column][vc_single_image image=\u00bb11828&#8243; img_size=\u00bbfull\u00bb alignment=\u00bbcenter\u00bb css_animation=\u00bbfadeIn\u00bb][\/vc_column][\/vc_row][vc_row][vc_column][vc_empty_space][\/vc_column][\/vc_row][vc_row el_class=\u00bbwadmisiones\u00bb][vc_column width=\u00bb1\/3&#8243; el_class=\u00bbwitemlist\u00bb][vc_wp_custommenu nav_menu=\u00bb51&#8243;][\/vc_column][vc_column width=\u00bb2\/3&#8243;][vc_column_text] About Maria Cano Approaching 38 years of work at the national level, the Mar\u00eda Cano University Foundation has consolidated three faculties: Health Sciences, Business Sciences and Engineering. Through the Faculty of Health Sciences, it offers the programs of Physiotherapy (at the Medell\u00edn, Cali, Neiva [&hellip;]<\/p>\n","protected":false},"author":1,"featured_media":0,"parent":0,"menu_order":0,"comment_status":"closed","ping_status":"closed","template":"","meta":{"footnotes":""},"yoast_head":"<!-- This site is optimized with the Yoast SEO plugin v18.4.1 - https:\/\/yoast.com\/wordpress\/plugins\/seo\/ -->\n<title>Institutional - Maria Cano - en<\/title>\n<meta name=\"robots\" content=\"index, follow, max-snippet:-1, max-image-preview:large, max-video-preview:-1\" \/>\n<link rel=\"canonical\" href=\"https:\/\/www.fumc.edu.co\/en\/institucional\/\" \/>\n<meta property=\"og:locale\" content=\"es_ES\" \/>\n<meta property=\"og:type\" content=\"article\" \/>\n<meta property=\"og:title\" content=\"Institutional - Maria Cano - en\" \/>\n<meta property=\"og:description\" content=\"[vc_row full_width=\u00bbstretch_row_content_no_spaces\u00bb][vc_column][vc_single_image image=\u00bb11828&#8243; img_size=\u00bbfull\u00bb alignment=\u00bbcenter\u00bb css_animation=\u00bbfadeIn\u00bb][\/vc_column][\/vc_row][vc_row][vc_column][vc_empty_space][\/vc_column][\/vc_row][vc_row el_class=\u00bbwadmisiones\u00bb][vc_column width=\u00bb1\/3&#8243; el_class=\u00bbwitemlist\u00bb][vc_wp_custommenu nav_menu=\u00bb51&#8243;][\/vc_column][vc_column width=\u00bb2\/3&#8243;][vc_column_text] About Maria Cano Approaching 38 years of work at the national level, the Mar\u00eda Cano University Foundation has consolidated three faculties: Health Sciences, Business Sciences and Engineering. Through the Faculty of Health Sciences, it offers the programs of Physiotherapy (at the Medell\u00edn, Cali, Neiva [&hellip;]\" \/>\n<meta property=\"og:url\" content=\"https:\/\/www.fumc.edu.co\/en\/institucional\/\" \/>\n<meta property=\"og:site_name\" content=\"Maria Cano - en\" \/>\n<meta property=\"article:modified_time\" content=\"2024-12-26T16:37:01+00:00\" \/>\n<meta name=\"twitter:card\" content=\"summary\" \/>\n<meta name=\"twitter:label1\" content=\"Tiempo de lectura\" \/>\n\t<meta name=\"twitter:data1\" content=\"2 minutos\" \/>\n<script type=\"application\/ld+json\" class=\"yoast-schema-graph\">{\"@context\":\"https:\/\/schema.org\",\"@graph\":[{\"@type\":\"WebSite\",\"@id\":\"https:\/\/www.fumc.edu.co\/en\/#website\",\"url\":\"https:\/\/www.fumc.edu.co\/en\/\",\"name\":\"Maria Cano - en\",\"description\":\"Otro sitio realizado con WordPress\",\"potentialAction\":[{\"@type\":\"SearchAction\",\"target\":{\"@type\":\"EntryPoint\",\"urlTemplate\":\"https:\/\/www.fumc.edu.co\/en\/?s={search_term_string}\"},\"query-input\":\"required name=search_term_string\"}],\"inLanguage\":\"es\"},{\"@type\":\"WebPage\",\"@id\":\"https:\/\/www.fumc.edu.co\/en\/institucional\/#webpage\",\"url\":\"https:\/\/www.fumc.edu.co\/en\/institucional\/\",\"name\":\"Institutional - Maria Cano - en\",\"isPartOf\":{\"@id\":\"https:\/\/www.fumc.edu.co\/en\/#website\"},\"datePublished\":\"2017-08-13T20:38:41+00:00\",\"dateModified\":\"2024-12-26T16:37:01+00:00\",\"breadcrumb\":{\"@id\":\"https:\/\/www.fumc.edu.co\/en\/institucional\/#breadcrumb\"},\"inLanguage\":\"es\",\"potentialAction\":[{\"@type\":\"ReadAction\",\"target\":[\"https:\/\/www.fumc.edu.co\/en\/institucional\/\"]}]},{\"@type\":\"BreadcrumbList\",\"@id\":\"https:\/\/www.fumc.edu.co\/en\/institucional\/#breadcrumb\",\"itemListElement\":[{\"@type\":\"ListItem\",\"position\":1,\"name\":\"Portada\",\"item\":\"https:\/\/www.fumc.edu.co\/en\/\"},{\"@type\":\"ListItem\",\"position\":2,\"name\":\"Institutional\"}]}]}<\/script>\n<!-- \/ Yoast SEO plugin. -->","yoast_head_json":{"title":"Institutional - Maria Cano - en","robots":{"index":"index","follow":"follow","max-snippet":"max-snippet:-1","max-image-preview":"max-image-preview:large","max-video-preview":"max-video-preview:-1"},"canonical":"https:\/\/www.fumc.edu.co\/en\/institucional\/","og_locale":"es_ES","og_type":"article","og_title":"Institutional - Maria Cano - en","og_description":"[vc_row full_width=\u00bbstretch_row_content_no_spaces\u00bb][vc_column][vc_single_image image=\u00bb11828&#8243; img_size=\u00bbfull\u00bb alignment=\u00bbcenter\u00bb css_animation=\u00bbfadeIn\u00bb][\/vc_column][\/vc_row][vc_row][vc_column][vc_empty_space][\/vc_column][\/vc_row][vc_row el_class=\u00bbwadmisiones\u00bb][vc_column width=\u00bb1\/3&#8243; el_class=\u00bbwitemlist\u00bb][vc_wp_custommenu nav_menu=\u00bb51&#8243;][\/vc_column][vc_column width=\u00bb2\/3&#8243;][vc_column_text] About Maria Cano Approaching 38 years of work at the national level, the Mar\u00eda Cano University Foundation has consolidated three faculties: Health Sciences, Business Sciences and Engineering. Through the Faculty of Health Sciences, it offers the programs of Physiotherapy (at the Medell\u00edn, Cali, Neiva [&hellip;]","og_url":"https:\/\/www.fumc.edu.co\/en\/institucional\/","og_site_name":"Maria Cano - en","article_modified_time":"2024-12-26T16:37:01+00:00","twitter_card":"summary","twitter_misc":{"Tiempo de lectura":"2 minutos"},"schema":{"@context":"https:\/\/schema.org","@graph":[{"@type":"WebSite","@id":"https:\/\/www.fumc.edu.co\/en\/#website","url":"https:\/\/www.fumc.edu.co\/en\/","name":"Maria Cano - en","description":"Otro sitio realizado con WordPress","potentialAction":[{"@type":"SearchAction","target":{"@type":"EntryPoint","urlTemplate":"https:\/\/www.fumc.edu.co\/en\/?s={search_term_string}"},"query-input":"required name=search_term_string"}],"inLanguage":"es"},{"@type":"WebPage","@id":"https:\/\/www.fumc.edu.co\/en\/institucional\/#webpage","url":"https:\/\/www.fumc.edu.co\/en\/institucional\/","name":"Institutional - Maria Cano - en","isPartOf":{"@id":"https:\/\/www.fumc.edu.co\/en\/#website"},"datePublished":"2017-08-13T20:38:41+00:00","dateModified":"2024-12-26T16:37:01+00:00","breadcrumb":{"@id":"https:\/\/www.fumc.edu.co\/en\/institucional\/#breadcrumb"},"inLanguage":"es","potentialAction":[{"@type":"ReadAction","target":["https:\/\/www.fumc.edu.co\/en\/institucional\/"]}]},{"@type":"BreadcrumbList","@id":"https:\/\/www.fumc.edu.co\/en\/institucional\/#breadcrumb","itemListElement":[{"@type":"ListItem","position":1,"name":"Portada","item":"https:\/\/www.fumc.edu.co\/en\/"},{"@type":"ListItem","position":2,"name":"Institutional"}]}]}},"_links":{"self":[{"href":"https:\/\/www.fumc.edu.co\/en\/wp-json\/wp\/v2\/pages\/2537"}],"collection":[{"href":"https:\/\/www.fumc.edu.co\/en\/wp-json\/wp\/v2\/pages"}],"about":[{"href":"https:\/\/www.fumc.edu.co\/en\/wp-json\/wp\/v2\/types\/page"}],"author":[{"embeddable":true,"href":"https:\/\/www.fumc.edu.co\/en\/wp-json\/wp\/v2\/users\/1"}],"replies":[{"embeddable":true,"href":"https:\/\/www.fumc.edu.co\/en\/wp-json\/wp\/v2\/comments?post=2537"}],"version-history":[{"count":0,"href":"https:\/\/www.fumc.edu.co\/en\/wp-json\/wp\/v2\/pages\/2537\/revisions"}],"wp:attachment":[{"href":"https:\/\/www.fumc.edu.co\/en\/wp-json\/wp\/v2\/media?parent=2537"}],"curies":[{"name":"wp","href":"https:\/\/api.w.org\/{rel}","templated":true}]}}