{"id":2576,"date":"2017-08-14T09:26:28","date_gmt":"2017-08-14T09:26:28","guid":{"rendered":"http:\/\/10.13.33.7\/?page_id=2576"},"modified":"2024-03-08T19:13:45","modified_gmt":"2024-03-08T19:13:45","slug":"e-libros","status":"publish","type":"page","link":"https:\/\/www.fumc.edu.co\/en\/publicaciones\/e-libros\/","title":{"rendered":"E-libros"},"content":{"rendered":"<p>[vc_row full_width=\u00bbstretch_row_content_no_spaces\u00bb][vc_column][vc_single_image image=\u00bb11903&#8243; img_size=\u00bbfull\u00bb alignment=\u00bbcenter\u00bb css_animation=\u00bbfadeIn\u00bb][\/vc_column][\/vc_row][vc_row][vc_column][vc_empty_space][\/vc_column][\/vc_row][vc_row el_class=\u00bbwadmisiones\u00bb][vc_column width=\u00bb1\/3&#8243; el_class=\u00bbwitemlist\u00bb][vc_wp_custommenu nav_menu=\u00bb52&#8243;][\/vc_column][vc_column width=\u00bb2\/3&#8243;][vc_column_text]<\/p>\n<h1>From the Editorial Fund<\/h1>\n<p>[\/vc_column_text][vc_column_text]<\/p>\n<ul>\n<li><a href=\"https:\/\/www.fumc.edu.co\/documentos\/elibros\/Humberto_serna_gomez_testimonio_de_un_maestro.pdf\">Humberto Serna G\u00f3mez: testimonio de un maestro<\/a><\/li>\n<li><a href=\"https:\/\/www.fumc.edu.co\/documentos\/elibros\/la_gestion_institucional_y_empresarial_en_un_entorno_de_incertidumbre_y_riesgos_repensando_los_modelos_de_negocios.pdf\">La gesti\u00f3n institucional y empresarial en un entorno de incertidumbre y riesgos: repensando los modelos de negocios<\/a><\/li>\n<li><a href=\"https:\/\/www.fumc.edu.co\/documentos\/elibros\/la_psicologia_en_las_organizaciones_experiencias_de_investigacion_.pdf\">Psicolog\u00eda en las organizaciones: experiencias de investigaci\u00f3n<\/a><\/li>\n<li><a href=\"https:\/\/www.fumc.edu.co\/documentos\/elibros\/psicologia_clinica_una_perspectiva_humanista_.pdf\">Psicolog\u00eda cl\u00ednica una perspectiva humanista<\/a><\/li>\n<li><a href=\"https:\/\/www.fumc.edu.co\/documentos\/elibros\/la_paidea_como_propuesta_pedagogica_en_la_fundacion_universitaria_maria_cano.pdf.pdf\">La paideia como propuesta pedag\u00f3gica en la Fundaci\u00f3n Universitaria Mar\u00eda Cano<\/a><\/li>\n<li><a href=\"https:\/\/www.fumc.edu.co\/documentos\/elibros\/principios_didacticos_para_la_formacion_profesional_en_la_educacion_superior.pdf\">Principios did\u00e1cticos para la formaci\u00f3n profesional en la educaci\u00f3n superior<\/a><\/li>\n<li><a href=\"https:\/\/www.fumc.edu.co\/documentos\/elibros\/sistema_institucional_de_evaluacion_de_los_aprendizajes.pdf\">Sistema institucional de evaluaci\u00f3n de los aprendizajes<\/a><\/li>\n<li><a href=\"https:\/\/www.fumc.edu.co\/\/documentos\/elibros\/libro_un_espiritu_incansable.pdf\">Un esp\u00edritu incansable: Ligia Gonz\u00e1lez Betancur\u00a0<\/a><\/li>\n<li>\n<div><a href=\"https:\/\/www.fumc.edu.co\/documentos\/elibros\/libro_lagerencia_retosydesafios.pdf\">La gerencia, retos y desaf\u00edos<\/a><\/div>\n<\/li>\n<li><a href=\"https:\/\/www.fumc.edu.co\/documentos\/elibros\/libro_educacioninclusiva.pdf\">Educaci\u00f3n inclusiva: una apuesta por el reconocimiento de la diversidad<\/a><\/li>\n<li><a href=\"https:\/\/20.232.9.141\/documentos\/salud\/cartilla_desarrollodelaproducciondelhabla.pdf\">Cartilla Desarrollo de la Producci\u00f3n del Habla\u00a0<\/a><\/li>\n<li><a href=\"https:\/\/20.232.9.141\/documentos\/elibros\/Libro_ciclos_estrategicos.pdf\">Libro Ciclos Estrat\u00e9gicos: Libro de Casos<\/a><\/li>\n<li><a href=\"\/documentos\/elibros\/Manual_mercadeo_relacional.pdf\">Manual de Mercadeo Relacional<\/a><\/li>\n<li><a href=\"http:\/\/ediciones.ucc.edu.co\/index.php\/ucc\/catalog\/book\/85\">Historia de la plaza minorista Jos\u00e9 Mar\u00eda Villa: Basti\u00f3n de la econom\u00eda popular en Medell\u00edn &#8211; <strong>Coedici\u00f3n con Editorial UCC<\/strong><\/a><\/li>\n<li><a href=\"https:\/\/revistas.ucc.edu.co\/index.php\/dodo\/article\/view\/2085\" target=\"_blank\" rel=\"noopener noreferrer\">Planeaci\u00f3n estrat\u00e9gica para Mipymes<\/a><\/li>\n<li><a href=\"\/documentos\/elibros\/Aprendizajes desde la academia sobre las PYMES.pdf\" target=\"_blank\" rel=\"noopener noreferrer\">Aprendizajes desde la academia sobre las PYMES<\/a><\/li>\n<li><a href=\"\/documentos\/elibros\/Caso Ecopetrol - Vision Estrategica al 2020.pdf\" target=\"_blank\" rel=\"noopener noreferrer\">Caso Ecopetrol &#8211; Visi\u00f3n Estrat\u00e9gica al 2020<\/a><\/li>\n<li><a href=\"\/documentos\/elibros\/Casos de crecimiento empresarial.pdf\" target=\"_blank\" rel=\"noopener noreferrer\">Casos de crecimiento empresarial<\/a><\/li>\n<li><a href=\"\/documentos\/elibros\/Compendio de pruebas semiologicas para fisioterapeutas.pdf\" target=\"_blank\" rel=\"noopener noreferrer\">Compendio de pruebas semiol\u00f3gicas para fisioterapeutas<\/a><\/li>\n<li><a href=\"\/documentos\/elibros\/El papel del fonoaudiologo en el abordaje de la poblacion sorda.pdf\" target=\"_blank\" rel=\"noopener noreferrer\">El papel del fonoaudi\u00f3logo en el abordaje de la poblaci\u00f3n sorda<\/a><\/li>\n<li><a href=\"\/documentos\/elibros\/El poder del conocimiento en el mundo de las organizaciones.pdf\" target=\"_blank\" rel=\"noopener noreferrer\">El poder del conocimiento en el mundo de las organizaciones<\/a><\/li>\n<li><a href=\"\/documentos\/elibros\/La_economi\u0301a_barrial_en_la_ciudad_de_medelli\u0301n.pdf\" target=\"_blank\" rel=\"noopener noreferrer\">La economi\u0301a barrial en la ciudad de medelli\u0301n.pdf<\/a><\/li>\n<li><a href=\"\/documentos\/elibros\/La Gerencia de empresas de servicios-el nuevo reto en la gestion empresarial.pdf\" target=\"_blank\" rel=\"noopener noreferrer\">La gerencia de empresas de servicios-el nuevo reto en la gesti\u00f3n empresarial<\/a><\/li>\n<li><a href=\"\/documentos\/elibros\/La globalizacion y su impacto en la cultura y valores organizacionales.pdf\" target=\"_blank\" rel=\"noopener noreferrer\">La globalizaci\u00f3n y su impacto en la cultura y valores organizacionales<\/a><\/li>\n<li><a href=\"\/documentos\/elibros\/Las empresas colombianas frente a los retos de mercados globales.pdf\" target=\"_blank\" rel=\"noopener noreferrer\">Las empresas colombianas frente a los retos de mercados globales<\/a><\/li>\n<li><a href=\"\/documentos\/elibros\/Las estructuras organizacionales como constructoras de la historia.pdf\" target=\"_blank\" rel=\"noopener noreferrer\">Las estructuras organizacionales como constructoras de la historia<\/a><\/li>\n<li><a href=\"\/documentos\/elibros\/Las organizaciones de educacion superior y la importancia de su proyeccion social en el ambito de sus areas de influencia.pdf\" target=\"_blank\" rel=\"noopener noreferrer\">Las organizaciones de educaci\u00f3n superior y la importancia de su proyecci\u00f3n social en el \u00e1mbito de sus \u00e1reas de influencia<\/a><\/li>\n<li><a href=\"\/documentos\/elibros\/Busqueda_recuperacion_analisis de informacion_especializada.pdf\" target=\"_blank\" rel=\"noopener noreferrer\">Manuales para la peque\u00f1a y mediana empresa &#8211; B\u00fasqueda, recuperaci\u00f3n y an\u00e1lisis de informaci\u00f3n especializada<\/a><\/li>\n<li><a href=\"\/documentos\/elibros\/Diagnostico_estrategico.pdf\" target=\"_blank\" rel=\"noopener noreferrer\">Manuales para la peque\u00f1a y mediana empresa &#8211; Diagnostico estrat\u00e9gico<\/a><\/li>\n<li><a href=\"\/documentos\/elibros\/Grupos_primarios.pdf\" target=\"_blank\" rel=\"noopener noreferrer\">Manuales para la peque\u00f1a y mediana empresa &#8211; Grupos primarios<\/a><\/li>\n<li><a href=\"\/documentos\/elibros\/Momentos_de_verdad.pdf\" target=\"_blank\" rel=\"noopener noreferrer\">Manuales para la peque\u00f1a y mediana empresa &#8211; Momentos de verdad<\/a><\/li>\n<li><a href=\"\/documentos\/elibros\/Servicio_al_cliente.pdf\" target=\"_blank\" rel=\"noopener noreferrer\">Manuales para la peque\u00f1a y mediana empresa &#8211; Servicio al cliente<\/a><\/li>\n<li><a href=\"\/documentos\/elibros\/Modelos Gerenciales-un marco conceptual 1era Ed 2014.pdf\" target=\"_blank\" rel=\"noopener noreferrer\">Modelos Gerenciales-un marco conceptual 1era Ed 2014<\/a><\/li>\n<li><a href=\"\/documentos\/elibros\/Modelos Gerenciales-un marco conceptual 2da Ed 2015.pdf\" target=\"_blank\" rel=\"noopener noreferrer\">Modelos Gerenciales-un marco conceptual 2da Ed 2015<\/a><\/li>\n<\/ul>\n<p>[\/vc_column_text][\/vc_column][\/vc_row]<\/p>\n","protected":false},"excerpt":{"rendered":"<p>[vc_row full_width=\u00bbstretch_row_content_no_spaces\u00bb][vc_column][vc_single_image image=\u00bb11903&#8243; img_size=\u00bbfull\u00bb alignment=\u00bbcenter\u00bb css_animation=\u00bbfadeIn\u00bb][\/vc_column][\/vc_row][vc_row][vc_column][vc_empty_space][\/vc_column][\/vc_row][vc_row el_class=\u00bbwadmisiones\u00bb][vc_column width=\u00bb1\/3&#8243; el_class=\u00bbwitemlist\u00bb][vc_wp_custommenu nav_menu=\u00bb52&#8243;][\/vc_column][vc_column width=\u00bb2\/3&#8243;][vc_column_text] From the Editorial Fund [\/vc_column_text][vc_column_text] Humberto Serna G\u00f3mez: testimonio de un maestro La gesti\u00f3n institucional y empresarial en un entorno de incertidumbre y riesgos: repensando los modelos de negocios Psicolog\u00eda en las organizaciones: experiencias de investigaci\u00f3n Psicolog\u00eda cl\u00ednica una perspectiva humanista La paideia como [&hellip;]<\/p>\n","protected":false},"author":1,"featured_media":0,"parent":2571,"menu_order":0,"comment_status":"closed","ping_status":"closed","template":"","meta":{"footnotes":""},"yoast_head":"<!-- This site is optimized with the Yoast SEO plugin v18.4.1 - https:\/\/yoast.com\/wordpress\/plugins\/seo\/ -->\n<title>E-libros - Maria Cano - en<\/title>\n<meta name=\"robots\" content=\"index, follow, max-snippet:-1, max-image-preview:large, max-video-preview:-1\" \/>\n<link rel=\"canonical\" href=\"https:\/\/www.fumc.edu.co\/en\/publicaciones\/e-libros\/\" \/>\n<meta property=\"og:locale\" content=\"es_ES\" \/>\n<meta property=\"og:type\" content=\"article\" \/>\n<meta property=\"og:title\" content=\"E-libros - Maria Cano - en\" \/>\n<meta property=\"og:description\" content=\"[vc_row full_width=\u00bbstretch_row_content_no_spaces\u00bb][vc_column][vc_single_image image=\u00bb11903&#8243; img_size=\u00bbfull\u00bb alignment=\u00bbcenter\u00bb css_animation=\u00bbfadeIn\u00bb][\/vc_column][\/vc_row][vc_row][vc_column][vc_empty_space][\/vc_column][\/vc_row][vc_row el_class=\u00bbwadmisiones\u00bb][vc_column width=\u00bb1\/3&#8243; el_class=\u00bbwitemlist\u00bb][vc_wp_custommenu nav_menu=\u00bb52&#8243;][\/vc_column][vc_column width=\u00bb2\/3&#8243;][vc_column_text] From the Editorial Fund [\/vc_column_text][vc_column_text] Humberto Serna G\u00f3mez: testimonio de un maestro La gesti\u00f3n institucional y empresarial en un entorno de incertidumbre y riesgos: repensando los modelos de negocios Psicolog\u00eda en las organizaciones: experiencias de investigaci\u00f3n Psicolog\u00eda cl\u00ednica una perspectiva humanista La paideia como [&hellip;]\" \/>\n<meta property=\"og:url\" content=\"https:\/\/www.fumc.edu.co\/en\/publicaciones\/e-libros\/\" \/>\n<meta property=\"og:site_name\" content=\"Maria Cano - en\" \/>\n<meta property=\"article:modified_time\" content=\"2024-03-08T19:13:45+00:00\" \/>\n<meta name=\"twitter:card\" content=\"summary\" \/>\n<meta name=\"twitter:label1\" content=\"Tiempo de lectura\" \/>\n\t<meta name=\"twitter:data1\" content=\"2 minutos\" \/>\n<script type=\"application\/ld+json\" class=\"yoast-schema-graph\">{\"@context\":\"https:\/\/schema.org\",\"@graph\":[{\"@type\":\"WebSite\",\"@id\":\"https:\/\/www.fumc.edu.co\/en\/#website\",\"url\":\"https:\/\/www.fumc.edu.co\/en\/\",\"name\":\"Maria Cano - en\",\"description\":\"Otro sitio realizado con WordPress\",\"potentialAction\":[{\"@type\":\"SearchAction\",\"target\":{\"@type\":\"EntryPoint\",\"urlTemplate\":\"https:\/\/www.fumc.edu.co\/en\/?s={search_term_string}\"},\"query-input\":\"required name=search_term_string\"}],\"inLanguage\":\"es\"},{\"@type\":\"WebPage\",\"@id\":\"https:\/\/www.fumc.edu.co\/en\/publicaciones\/e-libros\/#webpage\",\"url\":\"https:\/\/www.fumc.edu.co\/en\/publicaciones\/e-libros\/\",\"name\":\"E-libros - Maria Cano - en\",\"isPartOf\":{\"@id\":\"https:\/\/www.fumc.edu.co\/en\/#website\"},\"datePublished\":\"2017-08-14T09:26:28+00:00\",\"dateModified\":\"2024-03-08T19:13:45+00:00\",\"breadcrumb\":{\"@id\":\"https:\/\/www.fumc.edu.co\/en\/publicaciones\/e-libros\/#breadcrumb\"},\"inLanguage\":\"es\",\"potentialAction\":[{\"@type\":\"ReadAction\",\"target\":[\"https:\/\/www.fumc.edu.co\/en\/publicaciones\/e-libros\/\"]}]},{\"@type\":\"BreadcrumbList\",\"@id\":\"https:\/\/www.fumc.edu.co\/en\/publicaciones\/e-libros\/#breadcrumb\",\"itemListElement\":[{\"@type\":\"ListItem\",\"position\":1,\"name\":\"Portada\",\"item\":\"https:\/\/www.fumc.edu.co\/en\/\"},{\"@type\":\"ListItem\",\"position\":2,\"name\":\"PUBLICATIONS\",\"item\":\"https:\/\/www.fumc.edu.co\/en\/publicaciones\/\"},{\"@type\":\"ListItem\",\"position\":3,\"name\":\"E-libros\"}]}]}<\/script>\n<!-- \/ Yoast SEO plugin. -->","yoast_head_json":{"title":"E-libros - Maria Cano - en","robots":{"index":"index","follow":"follow","max-snippet":"max-snippet:-1","max-image-preview":"max-image-preview:large","max-video-preview":"max-video-preview:-1"},"canonical":"https:\/\/www.fumc.edu.co\/en\/publicaciones\/e-libros\/","og_locale":"es_ES","og_type":"article","og_title":"E-libros - Maria Cano - en","og_description":"[vc_row full_width=\u00bbstretch_row_content_no_spaces\u00bb][vc_column][vc_single_image image=\u00bb11903&#8243; img_size=\u00bbfull\u00bb alignment=\u00bbcenter\u00bb css_animation=\u00bbfadeIn\u00bb][\/vc_column][\/vc_row][vc_row][vc_column][vc_empty_space][\/vc_column][\/vc_row][vc_row el_class=\u00bbwadmisiones\u00bb][vc_column width=\u00bb1\/3&#8243; el_class=\u00bbwitemlist\u00bb][vc_wp_custommenu nav_menu=\u00bb52&#8243;][\/vc_column][vc_column width=\u00bb2\/3&#8243;][vc_column_text] From the Editorial Fund [\/vc_column_text][vc_column_text] Humberto Serna G\u00f3mez: testimonio de un maestro La gesti\u00f3n institucional y empresarial en un entorno de incertidumbre y riesgos: repensando los modelos de negocios Psicolog\u00eda en las organizaciones: experiencias de investigaci\u00f3n Psicolog\u00eda cl\u00ednica una perspectiva humanista La paideia como [&hellip;]","og_url":"https:\/\/www.fumc.edu.co\/en\/publicaciones\/e-libros\/","og_site_name":"Maria Cano - en","article_modified_time":"2024-03-08T19:13:45+00:00","twitter_card":"summary","twitter_misc":{"Tiempo de lectura":"2 minutos"},"schema":{"@context":"https:\/\/schema.org","@graph":[{"@type":"WebSite","@id":"https:\/\/www.fumc.edu.co\/en\/#website","url":"https:\/\/www.fumc.edu.co\/en\/","name":"Maria Cano - en","description":"Otro sitio realizado con WordPress","potentialAction":[{"@type":"SearchAction","target":{"@type":"EntryPoint","urlTemplate":"https:\/\/www.fumc.edu.co\/en\/?s={search_term_string}"},"query-input":"required name=search_term_string"}],"inLanguage":"es"},{"@type":"WebPage","@id":"https:\/\/www.fumc.edu.co\/en\/publicaciones\/e-libros\/#webpage","url":"https:\/\/www.fumc.edu.co\/en\/publicaciones\/e-libros\/","name":"E-libros - Maria Cano - en","isPartOf":{"@id":"https:\/\/www.fumc.edu.co\/en\/#website"},"datePublished":"2017-08-14T09:26:28+00:00","dateModified":"2024-03-08T19:13:45+00:00","breadcrumb":{"@id":"https:\/\/www.fumc.edu.co\/en\/publicaciones\/e-libros\/#breadcrumb"},"inLanguage":"es","potentialAction":[{"@type":"ReadAction","target":["https:\/\/www.fumc.edu.co\/en\/publicaciones\/e-libros\/"]}]},{"@type":"BreadcrumbList","@id":"https:\/\/www.fumc.edu.co\/en\/publicaciones\/e-libros\/#breadcrumb","itemListElement":[{"@type":"ListItem","position":1,"name":"Portada","item":"https:\/\/www.fumc.edu.co\/en\/"},{"@type":"ListItem","position":2,"name":"PUBLICATIONS","item":"https:\/\/www.fumc.edu.co\/en\/publicaciones\/"},{"@type":"ListItem","position":3,"name":"E-libros"}]}]}},"_links":{"self":[{"href":"https:\/\/www.fumc.edu.co\/en\/wp-json\/wp\/v2\/pages\/2576"}],"collection":[{"href":"https:\/\/www.fumc.edu.co\/en\/wp-json\/wp\/v2\/pages"}],"about":[{"href":"https:\/\/www.fumc.edu.co\/en\/wp-json\/wp\/v2\/types\/page"}],"author":[{"embeddable":true,"href":"https:\/\/www.fumc.edu.co\/en\/wp-json\/wp\/v2\/users\/1"}],"replies":[{"embeddable":true,"href":"https:\/\/www.fumc.edu.co\/en\/wp-json\/wp\/v2\/comments?post=2576"}],"version-history":[{"count":0,"href":"https:\/\/www.fumc.edu.co\/en\/wp-json\/wp\/v2\/pages\/2576\/revisions"}],"up":[{"embeddable":true,"href":"https:\/\/www.fumc.edu.co\/en\/wp-json\/wp\/v2\/pages\/2571"}],"wp:attachment":[{"href":"https:\/\/www.fumc.edu.co\/en\/wp-json\/wp\/v2\/media?parent=2576"}],"curies":[{"name":"wp","href":"https:\/\/api.w.org\/{rel}","templated":true}]}}