{"id":2603,"date":"2017-08-17T03:09:42","date_gmt":"2017-08-17T03:09:42","guid":{"rendered":"http:\/\/10.13.33.7\/?page_id=2603"},"modified":"2017-08-17T04:09:55","modified_gmt":"2017-08-17T04:09:55","slug":"diplomado-psicoterapia-pareja","status":"publish","type":"page","link":"https:\/\/www.fumc.edu.co\/en\/formacion-continua\/diplomado-psicoterapia-pareja\/","title":{"rendered":"Diplomado en psicoterapia de pareja"},"content":{"rendered":"<p>[vc_row][vc_column][vc_custom_heading text=\u00bbDiplomado en psicoterapia de pareja\u00bb font_container=\u00bbtag:h1|text_align:left\u00bb google_fonts=\u00bbfont_family:Didact%20Gothic%3Aregular|font_style:400%20regular%3A400%3Anormal\u00bb][\/vc_column][\/vc_row][vc_row][vc_column width=\u00bb1\/2&#8243;][vc_single_image image=\u00bb1845&#8243; img_size=\u00bbfull\u00bb][\/vc_column][vc_column width=\u00bb1\/2&#8243;][vc_column_text]Cada \u00e9poca trae consigo unos modos particulares de relacionarse y de manifestar las problem\u00e1ticas que aquejan al ser humano en diversos aspectos de sus vidas; de manera privilegiada concierne la relaci\u00f3n con los otros, especialmente con quien se establece un v\u00ednculo afectivo sobre la base de la intimidad.<\/p>\n<p>La relaci\u00f3n de pareja no escapa a las dolencias humanas; por el contrario, las estad\u00edsticas muestran que \u201centre enero y mayo del 2015 se registraron 7.721 divorcios en el pa\u00eds, lo que representa un aumento del 11,22 por ciento respecto al mismo periodo a\u00f1o anterior, en el que se presentaron 6.942 rupturas de pareja [\u2026]. Seg\u00fan los datos de las 898 notarias del pa\u00eds, las ciudades con mayor tasa de divorcio son Medell\u00edn, con 44,19 por ciento de aumento (685); Bogot\u00e1 12,13 por ciento (1.987), y Cali 2,54 por ciento (434)\u201d. (El tiempo, 26 de junio de 2015)<\/p>\n<p>Lo anterior, da cuenta de la necesidad de ofertar a las relaciones de pareja posibilidades para revisar sus procesos, incluyendo sus dificultades de la mano de profesionales, cuya experticia les permita indagar, reconocer, asumir y tomar elecciones \u00a0como resultado de un proceso.[\/vc_column_text][\/vc_column][\/vc_row][vc_row el_class=\u00bbwsedes\u00bb][vc_column][vc_tta_tour active_section=\u00bb1&#8243; el_class=\u00bbwsedea\u00bb][vc_tta_section title=\u00bbMedell\u00edn\u00bb tab_id=\u00bbmedellin\u00bb][vc_row_inner][vc_column_inner el_class=\u00bbwright\u00bb][vc_column_text]<strong>Plan de estudios<\/strong><br \/>\n<strong>Duraci\u00f3n:<\/strong> 120 horas<br \/>\n<strong>Valor:<\/strong> $2.258.000<br \/>\n<strong>Disigido a:\u00a0<\/strong>Estudiantes, egresados y dem\u00e1s profesionales de psicolog\u00eda que deseen afianzar conocimientos te\u00f3ricos y pr\u00e1cticos en la psicoterapia de pareja desde un abordaje din\u00e1mico, humanista, cognitivo y sist\u00e9mico.[\/vc_column_text][vc_btn title=\u00bbInformes\u00bb shape=\u00bbsquare\u00bb color=\u00bbmariacanob\u00bb i_icon_fontawesome=\u00bbfa fa-phone\u00bb add_icon=\u00bbtrue\u00bb link=\u00bburl:%2Fdirectorio%2F|title:Directorio||\u00bb][\/vc_column_inner][\/vc_row_inner][\/vc_tta_section][\/vc_tta_tour][\/vc_column][\/vc_row][vc_row][vc_column][vc_empty_space][\/vc_column][\/vc_row][vc_row full_width=\u00bbstretch_row_content_no_spaces\u00bb el_class=\u00bbwheadinga\u00bb][vc_column][vc_cta h2=\u00bb\u00bfDesea m\u00e1s informaci\u00f3n sobre este programa?\u00bb txt_align=\u00bbcenter\u00bb shape=\u00bbsquare\u00bb][\/vc_cta][\/vc_column][\/vc_row][vc_row][vc_column]<div role=\"form\" class=\"wpcf7\" id=\"wpcf7-f1855-o1\" lang=\"en-US\" dir=\"ltr\">\n<div class=\"screen-reader-response\"><p role=\"status\" aria-live=\"polite\" aria-atomic=\"true\"><\/p> <ul><\/ul><\/div>\n<form action=\"\/en\/wp-json\/wp\/v2\/pages\/2603#wpcf7-f1855-o1\" method=\"post\" class=\"wpcf7-form init\" novalidate=\"novalidate\" data-status=\"init\">\n<div style=\"display: none;\">\n<input type=\"hidden\" name=\"_wpcf7\" value=\"1855\" \/>\n<input type=\"hidden\" name=\"_wpcf7_version\" value=\"5.5.6\" \/>\n<input type=\"hidden\" name=\"_wpcf7_locale\" value=\"en_US\" \/>\n<input type=\"hidden\" name=\"_wpcf7_unit_tag\" value=\"wpcf7-f1855-o1\" \/>\n<input type=\"hidden\" name=\"_wpcf7_container_post\" value=\"0\" \/>\n<input type=\"hidden\" name=\"_wpcf7_posted_data_hash\" value=\"\" \/>\n<\/div>\n<div class=\"vc_row wpb_row vc_row-fluid\">\n<div class=\"wpb_column vc_column_container vc_col-sm-12\">\n<div class=\"vc_column-inner \">\n<div class=\"wpb_wrapper\">\n<div class=\"vc_empty_space\" style=\"height: 32px\">\n\t\t\t\t\t<span class=\"vc_empty_space_inner\"><\/span>\n\t\t\t\t<\/div>\n<\/div>\n<\/div>\n<\/div>\n<\/div>\n<div class=\"row\">\n<div class=\"col-xs-12 col-sm-6 col-md-6 col-lg-6\">\n<div class=\"form-group\">\n\t\t\t<label>Full name<\/label><br \/>\n\t\t\t<span class=\"wpcf7-form-control-wrap txtName\"><input type=\"text\" name=\"txtName\" value=\"\" size=\"40\" class=\"wpcf7-form-control wpcf7-text wpcf7-validates-as-required form-control\" aria-required=\"true\" aria-invalid=\"false\" placeholder=\"Full name\" \/><\/span>\n\t\t<\/div>\n<\/div>\n<div class=\"col-xs-12 col-sm-6 col-md-6 col-lg-6\">\n<div class=\"form-group\">\n\t\t\t<label>Email address<\/label><br \/>\n\t\t\t<span class=\"wpcf7-form-control-wrap txtEmail\"><input type=\"email\" name=\"txtEmail\" value=\"\" size=\"40\" class=\"wpcf7-form-control wpcf7-text wpcf7-email wpcf7-validates-as-required wpcf7-validates-as-email form-control\" aria-required=\"true\" aria-invalid=\"false\" placeholder=\"Email address\" \/><\/span>\n\t\t<\/div>\n<\/div>\n<\/div>\n<div class=\"row\">\n<div class=\"col-xs-12 col-sm-6 col-md-6 col-lg-6\">\n<div class=\"form-group\">\n\t\t\t<label>Telephone number<\/label><br \/>\n\t\t\t<span class=\"wpcf7-form-control-wrap txtPhone\"><input type=\"text\" name=\"txtPhone\" value=\"\" size=\"40\" class=\"wpcf7-form-control wpcf7-text wpcf7-validates-as-required form-control\" aria-required=\"true\" aria-invalid=\"false\" placeholder=\"Telephone number\" \/><\/span>\n\t\t<\/div>\n<\/div>\n<div class=\"col-xs-12 col-sm-6 col-md-6 col-lg-6\">\n<div class=\"form-group\">\n\t\t\t<label>City<\/label><br \/>\n\t\t\t<span class=\"wpcf7-form-control-wrap txtCiudad\"><input type=\"text\" name=\"txtCiudad\" value=\"\" size=\"40\" class=\"wpcf7-form-control wpcf7-text wpcf7-validates-as-required form-control\" aria-required=\"true\" aria-invalid=\"false\" placeholder=\"City\" \/><\/span>\n\t\t<\/div>\n<\/div>\n<\/div>\n<div class=\"row\">\n<div class=\"col-xs-12 col-sm-12 col-md-12 col-lg-12\">\n<div class=\"form-group\">\n\t\t\t<label>Birth date<\/label><br \/>\n\t\t\t<span class=\"wpcf7-form-control-wrap txtDate\"><input type=\"date\" name=\"txtDate\" value=\"\" class=\"wpcf7-form-control wpcf7-date wpcf7-validates-as-date form-control\" aria-invalid=\"false\" placeholder=\"Birth date\" \/><\/span>\n\t\t<\/div>\n<\/div>\n<\/div>\n<div class=\"row\">\n<div class=\"col-xs-12 col-sm-12 col-md-12 col-lg-12\">\n\t\t<input type=\"submit\" value=\"Submit\" class=\"wpcf7-form-control has-spinner wpcf7-submit btn btn-default\" \/><\/p>\n<input type=\"hidden\" name=\"txtProgram\" value=\"post_title\" class=\"wpcf7-form-control wpcf7-hidden\" \/>\n<\/div>\n<\/div>\n<div class=\"stm_colored_separator\">\n<div class=\"triangled_colored_separator\" style=\"background-color:#fdc735; \">\n<div class=\"triangle\" style=\"border-bottom-color:#fdc735;\"><\/div>\n<\/div>\n<\/div>\n<div class=\"vc_row wpb_row vc_row-fluid\">\n<div class=\"wpb_column vc_column_container vc_col-sm-12\">\n<div class=\"vc_column-inner \">\n<div class=\"wpb_wrapper\">\n<div class=\"vc_empty_space\" style=\"height: 32px\">\n\t\t\t\t\t<span class=\"vc_empty_space_inner\"><\/span>\n\t\t\t\t<\/div>\n<\/div>\n<\/div>\n<\/div>\n<\/div>\n<div class=\"wpcf7-response-output\" aria-hidden=\"true\"><\/div><\/form><\/div>[\/vc_column][\/vc_row][vc_row][vc_column][vc_column_text]<\/p>\n<h3>Objetivo<\/h3>\n<p>Los profesionales que tratan a parejas disfuncionales a menudo recuerdan cuan laboriosa puede ser la psicoterapia; por tanto, este diplomado se plantea para estudiantes y\/o profesionales de la salud mental, quienes en el futuro trabajar\u00e1n o trabajan con parejas y sus diversas situaciones de conflicto. Est\u00e1 dise\u00f1ado para orientar a los estudiantes y\/o profesionales en el manejo de las distintas fases del proceso terap\u00e9utico, retomando los distintos enfoques psicol\u00f3gicos, proporcion\u00e1ndoles los conocimientos necesarios para implementar las diversas t\u00e9cnicas. Adicionalmente, el diplomado ofrece la posibilidad de que tanto estudiantes como profesionales, afiancen sus simpat\u00edas con alguna de los abordajes psicoterap\u00e9uticos, abriendo as\u00ed, las posibilidades de continuar con un posgrado en esta v\u00eda de la psicolog\u00eda cl\u00ednica.[\/vc_column_text][\/vc_column][\/vc_row][vc_row][vc_column][vc_empty_space][\/vc_column][\/vc_row][vc_row el_class=\u00bbwmalla wmallaa\u00bb][vc_column width=\u00bb1\/4&#8243;][vc_column_text]<\/p>\n<h3 class=\"malla_curricular\">MALLA CURRICULAR<\/h3>\n<h2>Plan de Estudios<\/h2>\n<p>[\/vc_column_text][\/vc_column][vc_column width=\u00bb3\/4&#8243;][vc_column_text]Contenido program\u00e1tico[\/vc_column_text][vc_tta_tabs active_section=\u00bb1&#8243;][vc_tta_section title=\u00bbM\u00f3dulo I\u00bb tab_id=\u00bb1496310901735-bf3946d2-995e\u00bb][vc_column_text][\/vc_column_text][vc_column_text]<\/p>\n<ul>\n<li>Tem\u00e1tica I: Teor\u00eda de las Relaciones de Objeto<\/li>\n<li>Tem\u00e1tica II: Entrevista y \u00e1reas del v\u00ednculo a evaluar<\/li>\n<li>Tem\u00e1tica III: Abordaje de los principales conflictos en la relaci\u00f3n de pareja.<\/li>\n<\/ul>\n<p>[\/vc_column_text][vc_column_text][\/vc_column_text][\/vc_tta_section][vc_tta_section title=\u00bbM\u00f3dulo II\u00bb tab_id=\u00bb1496863949583-4995e6cc-d855&#8243; el_class=\u00bbwsemestre\u00bb][vc_column_text][\/vc_column_text][vc_column_text]<\/p>\n<ul>\n<li>Tem\u00e1tica I: Psicoterapia gest\u00e1ltica<\/li>\n<li>Tem\u00e1tica II: Intervenci\u00f3n de parejas y enfoque Gest\u00e1ltico<\/li>\n<li>Tem\u00e1tica III: T\u00e9cnicas de intervenci\u00f3n<\/li>\n<\/ul>\n<p>[\/vc_column_text][vc_column_text][\/vc_column_text][\/vc_tta_section][vc_tta_section title=\u00bbM\u00f3dulo III\u00bb tab_id=\u00bb1496864212442-55cc8a15-98b8&#8243; el_class=\u00bbwsemestre\u00bb][vc_column_text][\/vc_column_text][vc_column_text]<\/p>\n<ul>\n<li>Tem\u00e1tica I: Contextualizaci\u00f3n y proceso de evaluaci\u00f3n.<\/li>\n<li>Tem\u00e1tica II: t\u00e9cnicas y procedimientos de intervenci\u00f3n en terapia cognitiva con parejas<\/li>\n<li>Tem\u00e1tica III: estructura de la terapia cognitiva con parejas<\/li>\n<\/ul>\n<p>[\/vc_column_text][vc_column_text][\/vc_column_text][\/vc_tta_section][vc_tta_section title=\u00bbM\u00f3dulo IV\u00bb tab_id=\u00bb1496864398793-47e2ff2f-4fcc\u00bb el_class=\u00bbwsemestre\u00bb][vc_column_text][\/vc_column_text][vc_column_text]<\/p>\n<ul>\n<li>Tem\u00e1tica I: La pareja en Colombia (parejas en situaciones especiales).<\/li>\n<li>Tem\u00e1tica II: Intervenciones sist\u00e9micas.<\/li>\n<li>Tem\u00e1tica III: Fases y alcances de la terapia de pareja sist\u00e9mica.<\/li>\n<\/ul>\n<p>[\/vc_column_text][vc_column_text][\/vc_column_text][\/vc_tta_section][\/vc_tta_tabs][\/vc_column][\/vc_row]<\/p>\n","protected":false},"excerpt":{"rendered":"<p>[vc_row][vc_column][vc_custom_heading text=\u00bbDiplomado en psicoterapia de pareja\u00bb font_container=\u00bbtag:h1|text_align:left\u00bb google_fonts=\u00bbfont_family:Didact%20Gothic%3Aregular|font_style:400%20regular%3A400%3Anormal\u00bb][\/vc_column][\/vc_row][vc_row][vc_column width=\u00bb1\/2&#8243;][vc_single_image image=\u00bb1845&#8243; img_size=\u00bbfull\u00bb][\/vc_column][vc_column width=\u00bb1\/2&#8243;][vc_column_text]Cada \u00e9poca trae consigo unos modos particulares de relacionarse y de manifestar las problem\u00e1ticas que aquejan al ser humano en diversos aspectos de sus vidas; de manera privilegiada concierne la relaci\u00f3n con los otros, especialmente con quien se establece un v\u00ednculo afectivo sobre la [&hellip;]<\/p>\n","protected":false},"author":1,"featured_media":0,"parent":1923,"menu_order":0,"comment_status":"closed","ping_status":"closed","template":"","meta":{"footnotes":""},"yoast_head":"<!-- This site is optimized with the Yoast SEO plugin v18.4.1 - https:\/\/yoast.com\/wordpress\/plugins\/seo\/ -->\n<title>Diplomado en psicoterapia de pareja - Maria Cano - en<\/title>\n<meta name=\"robots\" content=\"index, follow, max-snippet:-1, max-image-preview:large, max-video-preview:-1\" \/>\n<link rel=\"canonical\" href=\"https:\/\/www.fumc.edu.co\/en\/formacion-continua\/diplomado-psicoterapia-pareja\/\" \/>\n<meta property=\"og:locale\" content=\"es_ES\" \/>\n<meta property=\"og:type\" content=\"article\" \/>\n<meta property=\"og:title\" content=\"Diplomado en psicoterapia de pareja - Maria Cano - en\" \/>\n<meta property=\"og:description\" content=\"[vc_row][vc_column][vc_custom_heading text=\u00bbDiplomado en psicoterapia de pareja\u00bb font_container=\u00bbtag:h1|text_align:left\u00bb google_fonts=\u00bbfont_family:Didact%20Gothic%3Aregular|font_style:400%20regular%3A400%3Anormal\u00bb][\/vc_column][\/vc_row][vc_row][vc_column width=\u00bb1\/2&#8243;][vc_single_image image=\u00bb1845&#8243; img_size=\u00bbfull\u00bb][\/vc_column][vc_column width=\u00bb1\/2&#8243;][vc_column_text]Cada \u00e9poca trae consigo unos modos particulares de relacionarse y de manifestar las problem\u00e1ticas que aquejan al ser humano en diversos aspectos de sus vidas; de manera privilegiada concierne la relaci\u00f3n con los otros, especialmente con quien se establece un v\u00ednculo afectivo sobre la [&hellip;]\" \/>\n<meta property=\"og:url\" content=\"https:\/\/www.fumc.edu.co\/en\/formacion-continua\/diplomado-psicoterapia-pareja\/\" \/>\n<meta property=\"og:site_name\" content=\"Maria Cano - en\" \/>\n<meta property=\"article:modified_time\" content=\"2017-08-17T04:09:55+00:00\" \/>\n<meta name=\"twitter:card\" content=\"summary\" \/>\n<meta name=\"twitter:label1\" content=\"Tiempo de lectura\" \/>\n\t<meta name=\"twitter:data1\" content=\"4 minutos\" \/>\n<script type=\"application\/ld+json\" class=\"yoast-schema-graph\">{\"@context\":\"https:\/\/schema.org\",\"@graph\":[{\"@type\":\"WebSite\",\"@id\":\"https:\/\/www.fumc.edu.co\/en\/#website\",\"url\":\"https:\/\/www.fumc.edu.co\/en\/\",\"name\":\"Maria Cano - en\",\"description\":\"Otro sitio realizado con WordPress\",\"potentialAction\":[{\"@type\":\"SearchAction\",\"target\":{\"@type\":\"EntryPoint\",\"urlTemplate\":\"https:\/\/www.fumc.edu.co\/en\/?s={search_term_string}\"},\"query-input\":\"required name=search_term_string\"}],\"inLanguage\":\"es\"},{\"@type\":\"WebPage\",\"@id\":\"https:\/\/www.fumc.edu.co\/en\/formacion-continua\/diplomado-psicoterapia-pareja\/#webpage\",\"url\":\"https:\/\/www.fumc.edu.co\/en\/formacion-continua\/diplomado-psicoterapia-pareja\/\",\"name\":\"Diplomado en psicoterapia de pareja - Maria Cano - en\",\"isPartOf\":{\"@id\":\"https:\/\/www.fumc.edu.co\/en\/#website\"},\"datePublished\":\"2017-08-17T03:09:42+00:00\",\"dateModified\":\"2017-08-17T04:09:55+00:00\",\"breadcrumb\":{\"@id\":\"https:\/\/www.fumc.edu.co\/en\/formacion-continua\/diplomado-psicoterapia-pareja\/#breadcrumb\"},\"inLanguage\":\"es\",\"potentialAction\":[{\"@type\":\"ReadAction\",\"target\":[\"https:\/\/www.fumc.edu.co\/en\/formacion-continua\/diplomado-psicoterapia-pareja\/\"]}]},{\"@type\":\"BreadcrumbList\",\"@id\":\"https:\/\/www.fumc.edu.co\/en\/formacion-continua\/diplomado-psicoterapia-pareja\/#breadcrumb\",\"itemListElement\":[{\"@type\":\"ListItem\",\"position\":1,\"name\":\"Portada\",\"item\":\"https:\/\/www.fumc.edu.co\/en\/\"},{\"@type\":\"ListItem\",\"position\":2,\"name\":\"Continuing education\",\"item\":\"https:\/\/www.fumc.edu.co\/en\/formacion-continua\/\"},{\"@type\":\"ListItem\",\"position\":3,\"name\":\"Diplomado en psicoterapia de pareja\"}]}]}<\/script>\n<!-- \/ Yoast SEO plugin. -->","yoast_head_json":{"title":"Diplomado en psicoterapia de pareja - Maria Cano - en","robots":{"index":"index","follow":"follow","max-snippet":"max-snippet:-1","max-image-preview":"max-image-preview:large","max-video-preview":"max-video-preview:-1"},"canonical":"https:\/\/www.fumc.edu.co\/en\/formacion-continua\/diplomado-psicoterapia-pareja\/","og_locale":"es_ES","og_type":"article","og_title":"Diplomado en psicoterapia de pareja - Maria Cano - en","og_description":"[vc_row][vc_column][vc_custom_heading text=\u00bbDiplomado en psicoterapia de pareja\u00bb font_container=\u00bbtag:h1|text_align:left\u00bb google_fonts=\u00bbfont_family:Didact%20Gothic%3Aregular|font_style:400%20regular%3A400%3Anormal\u00bb][\/vc_column][\/vc_row][vc_row][vc_column width=\u00bb1\/2&#8243;][vc_single_image image=\u00bb1845&#8243; img_size=\u00bbfull\u00bb][\/vc_column][vc_column width=\u00bb1\/2&#8243;][vc_column_text]Cada \u00e9poca trae consigo unos modos particulares de relacionarse y de manifestar las problem\u00e1ticas que aquejan al ser humano en diversos aspectos de sus vidas; de manera privilegiada concierne la relaci\u00f3n con los otros, especialmente con quien se establece un v\u00ednculo afectivo sobre la [&hellip;]","og_url":"https:\/\/www.fumc.edu.co\/en\/formacion-continua\/diplomado-psicoterapia-pareja\/","og_site_name":"Maria Cano - en","article_modified_time":"2017-08-17T04:09:55+00:00","twitter_card":"summary","twitter_misc":{"Tiempo de lectura":"4 minutos"},"schema":{"@context":"https:\/\/schema.org","@graph":[{"@type":"WebSite","@id":"https:\/\/www.fumc.edu.co\/en\/#website","url":"https:\/\/www.fumc.edu.co\/en\/","name":"Maria Cano - en","description":"Otro sitio realizado con WordPress","potentialAction":[{"@type":"SearchAction","target":{"@type":"EntryPoint","urlTemplate":"https:\/\/www.fumc.edu.co\/en\/?s={search_term_string}"},"query-input":"required name=search_term_string"}],"inLanguage":"es"},{"@type":"WebPage","@id":"https:\/\/www.fumc.edu.co\/en\/formacion-continua\/diplomado-psicoterapia-pareja\/#webpage","url":"https:\/\/www.fumc.edu.co\/en\/formacion-continua\/diplomado-psicoterapia-pareja\/","name":"Diplomado en psicoterapia de pareja - Maria Cano - en","isPartOf":{"@id":"https:\/\/www.fumc.edu.co\/en\/#website"},"datePublished":"2017-08-17T03:09:42+00:00","dateModified":"2017-08-17T04:09:55+00:00","breadcrumb":{"@id":"https:\/\/www.fumc.edu.co\/en\/formacion-continua\/diplomado-psicoterapia-pareja\/#breadcrumb"},"inLanguage":"es","potentialAction":[{"@type":"ReadAction","target":["https:\/\/www.fumc.edu.co\/en\/formacion-continua\/diplomado-psicoterapia-pareja\/"]}]},{"@type":"BreadcrumbList","@id":"https:\/\/www.fumc.edu.co\/en\/formacion-continua\/diplomado-psicoterapia-pareja\/#breadcrumb","itemListElement":[{"@type":"ListItem","position":1,"name":"Portada","item":"https:\/\/www.fumc.edu.co\/en\/"},{"@type":"ListItem","position":2,"name":"Continuing education","item":"https:\/\/www.fumc.edu.co\/en\/formacion-continua\/"},{"@type":"ListItem","position":3,"name":"Diplomado en psicoterapia de pareja"}]}]}},"_links":{"self":[{"href":"https:\/\/www.fumc.edu.co\/en\/wp-json\/wp\/v2\/pages\/2603"}],"collection":[{"href":"https:\/\/www.fumc.edu.co\/en\/wp-json\/wp\/v2\/pages"}],"about":[{"href":"https:\/\/www.fumc.edu.co\/en\/wp-json\/wp\/v2\/types\/page"}],"author":[{"embeddable":true,"href":"https:\/\/www.fumc.edu.co\/en\/wp-json\/wp\/v2\/users\/1"}],"replies":[{"embeddable":true,"href":"https:\/\/www.fumc.edu.co\/en\/wp-json\/wp\/v2\/comments?post=2603"}],"version-history":[{"count":0,"href":"https:\/\/www.fumc.edu.co\/en\/wp-json\/wp\/v2\/pages\/2603\/revisions"}],"up":[{"embeddable":true,"href":"https:\/\/www.fumc.edu.co\/en\/wp-json\/wp\/v2\/pages\/1923"}],"wp:attachment":[{"href":"https:\/\/www.fumc.edu.co\/en\/wp-json\/wp\/v2\/media?parent=2603"}],"curies":[{"name":"wp","href":"https:\/\/api.w.org\/{rel}","templated":true}]}}