{"id":2646,"date":"2017-08-17T15:12:04","date_gmt":"2017-08-17T15:12:04","guid":{"rendered":"http:\/\/10.13.33.7\/?page_id=2646"},"modified":"2017-08-17T15:12:04","modified_gmt":"2017-08-17T15:12:04","slug":"curso-lengua-senas-colombia-sistema-lectura-escritura-braille","status":"publish","type":"page","link":"https:\/\/www.fumc.edu.co\/en\/formacion-continua\/curso-lengua-senas-colombia-sistema-lectura-escritura-braille\/","title":{"rendered":"Curso lengua de se\u00f1as Colombia y sistema de lectura y escritura braille"},"content":{"rendered":"<p>[vc_row][vc_column][vc_custom_heading text=\u00bbCurso lengua de se\u00f1as Colombia y sistema de lectura y escritura braille\u00bb font_container=\u00bbtag:h1|text_align:left\u00bb google_fonts=\u00bbfont_family:Didact%20Gothic%3Aregular|font_style:400%20regular%3A400%3Anormal\u00bb][\/vc_column][\/vc_row][vc_row][vc_column width=\u00bb1\/2&#8243;][vc_single_image image=\u00bb2135&#8243; img_size=\u00bbfull\u00bb][\/vc_column][vc_column width=\u00bb1\/2&#8243;][vc_column_text]Conocer los aspectos propios de la LSC y el sistema de lectura y escritura Braille, \u00a0en los diferentes contextos, usos y aplicaciones en Colombia[\/vc_column_text][\/vc_column][\/vc_row][vc_row el_class=\u00bbwsedes\u00bb][vc_column][vc_tta_tour active_section=\u00bb1&#8243; el_class=\u00bbwsedeg\u00bb][vc_tta_section title=\u00bbMedell\u00edn\u00bb tab_id=\u00bb1496311981022-aaf6caec-471d\u00bb el_class=\u00bbwsedes\u00bb][vc_row_inner][vc_column_inner el_class=\u00bbwleft\u00bb][vc_column_text]<strong>Plan de estudios<\/strong><br \/>\n<strong>Duraci\u00f3n:<\/strong>\u00a040 Horas<br \/>\n<strong>Valor:<\/strong> $ 250.000<br \/>\n<strong>Dirigido a:<\/strong> Est\u00e1 dirigido a profesionales, docentes, estudiantes, voluntarios y personas interesadas en explorar los diferentes temas concernientes a este sistema braille y LSC.[\/vc_column_text][vc_btn title=\u00bbInformes\u00bb shape=\u00bbsquare\u00bb color=\u00bbmariacanob\u00bb i_icon_fontawesome=\u00bbfa fa-phone\u00bb add_icon=\u00bbtrue\u00bb link=\u00bburl:%2Fdirectorio|||\u00bb][\/vc_column_inner][\/vc_row_inner][\/vc_tta_section][\/vc_tta_tour][\/vc_column][\/vc_row][vc_row][vc_column][vc_empty_space][\/vc_column][\/vc_row][vc_row full_width=\u00bbstretch_row_content_no_spaces\u00bb el_class=\u00bbwheadingg\u00bb][vc_column][vc_cta h2=\u00bb\u00bfDesea m\u00e1s informaci\u00f3n sobre este programa?\u00bb txt_align=\u00bbcenter\u00bb shape=\u00bbsquare\u00bb][\/vc_cta][\/vc_column][\/vc_row][vc_row][vc_column]<div role=\"form\" class=\"wpcf7\" id=\"wpcf7-f1855-o1\" lang=\"en-US\" dir=\"ltr\">\n<div class=\"screen-reader-response\"><p role=\"status\" aria-live=\"polite\" aria-atomic=\"true\"><\/p> <ul><\/ul><\/div>\n<form action=\"\/en\/wp-json\/wp\/v2\/pages\/2646#wpcf7-f1855-o1\" method=\"post\" class=\"wpcf7-form init\" novalidate=\"novalidate\" data-status=\"init\">\n<div style=\"display: none;\">\n<input type=\"hidden\" name=\"_wpcf7\" value=\"1855\" \/>\n<input type=\"hidden\" name=\"_wpcf7_version\" value=\"5.5.6\" \/>\n<input type=\"hidden\" name=\"_wpcf7_locale\" value=\"en_US\" \/>\n<input type=\"hidden\" name=\"_wpcf7_unit_tag\" value=\"wpcf7-f1855-o1\" \/>\n<input type=\"hidden\" name=\"_wpcf7_container_post\" value=\"0\" \/>\n<input type=\"hidden\" name=\"_wpcf7_posted_data_hash\" value=\"\" \/>\n<\/div>\n<div class=\"vc_row wpb_row vc_row-fluid\">\n<div class=\"wpb_column vc_column_container vc_col-sm-12\">\n<div class=\"vc_column-inner \">\n<div class=\"wpb_wrapper\">\n<div class=\"vc_empty_space\" style=\"height: 32px\">\n\t\t\t\t\t<span class=\"vc_empty_space_inner\"><\/span>\n\t\t\t\t<\/div>\n<\/div>\n<\/div>\n<\/div>\n<\/div>\n<div class=\"row\">\n<div class=\"col-xs-12 col-sm-6 col-md-6 col-lg-6\">\n<div class=\"form-group\">\n\t\t\t<label>Full name<\/label><br \/>\n\t\t\t<span class=\"wpcf7-form-control-wrap txtName\"><input type=\"text\" name=\"txtName\" value=\"\" size=\"40\" class=\"wpcf7-form-control wpcf7-text wpcf7-validates-as-required form-control\" aria-required=\"true\" aria-invalid=\"false\" placeholder=\"Full name\" \/><\/span>\n\t\t<\/div>\n<\/div>\n<div class=\"col-xs-12 col-sm-6 col-md-6 col-lg-6\">\n<div class=\"form-group\">\n\t\t\t<label>Email address<\/label><br \/>\n\t\t\t<span class=\"wpcf7-form-control-wrap txtEmail\"><input type=\"email\" name=\"txtEmail\" value=\"\" size=\"40\" class=\"wpcf7-form-control wpcf7-text wpcf7-email wpcf7-validates-as-required wpcf7-validates-as-email form-control\" aria-required=\"true\" aria-invalid=\"false\" placeholder=\"Email address\" \/><\/span>\n\t\t<\/div>\n<\/div>\n<\/div>\n<div class=\"row\">\n<div class=\"col-xs-12 col-sm-6 col-md-6 col-lg-6\">\n<div class=\"form-group\">\n\t\t\t<label>Telephone number<\/label><br \/>\n\t\t\t<span class=\"wpcf7-form-control-wrap txtPhone\"><input type=\"text\" name=\"txtPhone\" value=\"\" size=\"40\" class=\"wpcf7-form-control wpcf7-text wpcf7-validates-as-required form-control\" aria-required=\"true\" aria-invalid=\"false\" placeholder=\"Telephone number\" \/><\/span>\n\t\t<\/div>\n<\/div>\n<div class=\"col-xs-12 col-sm-6 col-md-6 col-lg-6\">\n<div class=\"form-group\">\n\t\t\t<label>City<\/label><br \/>\n\t\t\t<span class=\"wpcf7-form-control-wrap txtCiudad\"><input type=\"text\" name=\"txtCiudad\" value=\"\" size=\"40\" class=\"wpcf7-form-control wpcf7-text wpcf7-validates-as-required form-control\" aria-required=\"true\" aria-invalid=\"false\" placeholder=\"City\" \/><\/span>\n\t\t<\/div>\n<\/div>\n<\/div>\n<div class=\"row\">\n<div class=\"col-xs-12 col-sm-12 col-md-12 col-lg-12\">\n<div class=\"form-group\">\n\t\t\t<label>Birth date<\/label><br \/>\n\t\t\t<span class=\"wpcf7-form-control-wrap txtDate\"><input type=\"date\" name=\"txtDate\" value=\"\" class=\"wpcf7-form-control wpcf7-date wpcf7-validates-as-date form-control\" aria-invalid=\"false\" placeholder=\"Birth date\" \/><\/span>\n\t\t<\/div>\n<\/div>\n<\/div>\n<div class=\"row\">\n<div class=\"col-xs-12 col-sm-12 col-md-12 col-lg-12\">\n\t\t<input type=\"submit\" value=\"Submit\" class=\"wpcf7-form-control has-spinner wpcf7-submit btn btn-default\" \/><\/p>\n<input type=\"hidden\" name=\"txtProgram\" value=\"post_title\" class=\"wpcf7-form-control wpcf7-hidden\" \/>\n<\/div>\n<\/div>\n<div class=\"stm_colored_separator\">\n<div class=\"triangled_colored_separator\" style=\"background-color:#fdc735; \">\n<div class=\"triangle\" style=\"border-bottom-color:#fdc735;\"><\/div>\n<\/div>\n<\/div>\n<div class=\"vc_row wpb_row vc_row-fluid\">\n<div class=\"wpb_column vc_column_container vc_col-sm-12\">\n<div class=\"vc_column-inner \">\n<div class=\"wpb_wrapper\">\n<div class=\"vc_empty_space\" style=\"height: 32px\">\n\t\t\t\t\t<span class=\"vc_empty_space_inner\"><\/span>\n\t\t\t\t<\/div>\n<\/div>\n<\/div>\n<\/div>\n<\/div>\n<div class=\"wpcf7-response-output\" aria-hidden=\"true\"><\/div><\/form><\/div>[\/vc_column][\/vc_row][vc_row][vc_column][vc_column_text]<\/p>\n<h3>Objetivos<\/h3>\n<p>Reconocer los aspectos propios de la LSC y sistema braille para lograr una adecuada habilidad comunicativa con las personas con deficiencias auditivas y\/o visuales.<\/p>\n<p>Relacionar la expresi\u00f3n facial y corporal como un elemento de sentido en los diferentes tipos de discursos en los sistemas alternativos de comunicaci\u00f3n.<\/p>\n<p>Aprender y manejar el vocabulario en lengua de se\u00f1as colombiana de las diferentes categor\u00edas sem\u00e1nticas\u00a0 y escribir y leer en sistema braille reconociendo signos b\u00e1sicos de escritura y numeraci\u00f3n matem\u00e1tica.<\/p>\n<p>Proporcionar elementos te\u00f3ricos y metodol\u00f3gicos para el aprendizaje de la electro escritura en el m\u00e9todo braille y manejo de \u00e1baco a las personas normo visuales.[\/vc_column_text][\/vc_column][\/vc_row][vc_row][vc_column][vc_empty_space][\/vc_column][\/vc_row][vc_row el_class=\u00bbwmalla wmallag\u00bb][vc_column width=\u00bb1\/4&#8243;][vc_column_text]<\/p>\n<h3 class=\"malla_curricular\">MALLA CURRICULAR<\/h3>\n<h2>Plan de Estudios<\/h2>\n<p>[\/vc_column_text][\/vc_column][vc_column width=\u00bb3\/4&#8243;][vc_column_text]Contenido program\u00e1tico[\/vc_column_text][vc_tta_tabs active_section=\u00bb1&#8243; el_class=\u00bbwmalla\u00bb][vc_tta_section title=\u00bbM\u00f3dulo I\u00bb tab_id=\u00bb1496310901735-bf3946d2-995e\u00bb el_class=\u00bbwsemestre\u00bb][vc_column_text][\/vc_column_text][vc_column_text]<\/p>\n<ul>\n<li>LSC&nbsp;<\/li>\n<li>Sensibilizaci\u00f3n&nbsp;<\/li>\n<li>Saludos&nbsp;<\/li>\n<li>Pronombres&nbsp;<\/li>\n<li>Pronombres relativos&nbsp;<\/li>\n<li>Pronombres numerales&nbsp;<\/li>\n<li>Pronombres interrogativos y exclamativos&nbsp;<\/li>\n<li>Pronombres indefinidos&nbsp;<\/li>\n<li>sistema de lectura\u00a0y escritura Braille&nbsp;<\/li>\n<li>Poblaci\u00f3n usuaria del Braille&nbsp;<\/li>\n<li>Historia de Louis Braille&nbsp;<\/li>\n<li>Alfabeto braille (N\u00fameros y puntaci\u00f3n&nbsp;<\/li>\n<li>Reconocimiento signos b\u00e1sicos de escritura&nbsp;<\/li>\n<li>Reconocimiento signos b\u00e1sicos de numeraci\u00f3n matem\u00e1tica&nbsp;<\/li>\n<li>Uso del braille en gu\u00eda &#8211; interpretaci\u00f3n&nbsp;<\/li>\n<li>Braille y tecnolog\u00eda.<\/li>\n<\/ul>\n<p>[\/vc_column_text][\/vc_tta_section][\/vc_tta_tabs][\/vc_column][\/vc_row]<\/p>\n","protected":false},"excerpt":{"rendered":"<p>[vc_row][vc_column][vc_custom_heading text=\u00bbCurso lengua de se\u00f1as Colombia y sistema de lectura y escritura braille\u00bb font_container=\u00bbtag:h1|text_align:left\u00bb google_fonts=\u00bbfont_family:Didact%20Gothic%3Aregular|font_style:400%20regular%3A400%3Anormal\u00bb][\/vc_column][\/vc_row][vc_row][vc_column width=\u00bb1\/2&#8243;][vc_single_image image=\u00bb2135&#8243; img_size=\u00bbfull\u00bb][\/vc_column][vc_column width=\u00bb1\/2&#8243;][vc_column_text]Conocer los aspectos propios de la LSC y el sistema de lectura y escritura Braille, \u00a0en los diferentes contextos, usos y aplicaciones en Colombia[\/vc_column_text][\/vc_column][\/vc_row][vc_row el_class=\u00bbwsedes\u00bb][vc_column][vc_tta_tour active_section=\u00bb1&#8243; el_class=\u00bbwsedeg\u00bb][vc_tta_section title=\u00bbMedell\u00edn\u00bb tab_id=\u00bb1496311981022-aaf6caec-471d\u00bb el_class=\u00bbwsedes\u00bb][vc_row_inner][vc_column_inner el_class=\u00bbwleft\u00bb][vc_column_text]Plan de estudios Duraci\u00f3n:\u00a040 Horas Valor: $ [&hellip;]<\/p>\n","protected":false},"author":1,"featured_media":0,"parent":1923,"menu_order":0,"comment_status":"closed","ping_status":"closed","template":"","meta":{"footnotes":""},"yoast_head":"<!-- This site is optimized with the Yoast SEO plugin v18.4.1 - https:\/\/yoast.com\/wordpress\/plugins\/seo\/ -->\n<title>Curso lengua de se\u00f1as Colombia y sistema de lectura y escritura braille - Maria Cano - en<\/title>\n<meta name=\"robots\" content=\"index, follow, max-snippet:-1, max-image-preview:large, max-video-preview:-1\" \/>\n<link rel=\"canonical\" href=\"https:\/\/www.fumc.edu.co\/en\/formacion-continua\/curso-lengua-senas-colombia-sistema-lectura-escritura-braille\/\" \/>\n<meta property=\"og:locale\" content=\"es_ES\" \/>\n<meta property=\"og:type\" content=\"article\" \/>\n<meta property=\"og:title\" content=\"Curso lengua de se\u00f1as Colombia y sistema de lectura y escritura braille - Maria Cano - en\" \/>\n<meta property=\"og:description\" content=\"[vc_row][vc_column][vc_custom_heading text=\u00bbCurso lengua de se\u00f1as Colombia y sistema de lectura y escritura braille\u00bb font_container=\u00bbtag:h1|text_align:left\u00bb google_fonts=\u00bbfont_family:Didact%20Gothic%3Aregular|font_style:400%20regular%3A400%3Anormal\u00bb][\/vc_column][\/vc_row][vc_row][vc_column width=\u00bb1\/2&#8243;][vc_single_image image=\u00bb2135&#8243; img_size=\u00bbfull\u00bb][\/vc_column][vc_column width=\u00bb1\/2&#8243;][vc_column_text]Conocer los aspectos propios de la LSC y el sistema de lectura y escritura Braille, \u00a0en los diferentes contextos, usos y aplicaciones en Colombia[\/vc_column_text][\/vc_column][\/vc_row][vc_row el_class=\u00bbwsedes\u00bb][vc_column][vc_tta_tour active_section=\u00bb1&#8243; el_class=\u00bbwsedeg\u00bb][vc_tta_section title=\u00bbMedell\u00edn\u00bb tab_id=\u00bb1496311981022-aaf6caec-471d\u00bb el_class=\u00bbwsedes\u00bb][vc_row_inner][vc_column_inner el_class=\u00bbwleft\u00bb][vc_column_text]Plan de estudios Duraci\u00f3n:\u00a040 Horas Valor: $ [&hellip;]\" \/>\n<meta property=\"og:url\" content=\"https:\/\/www.fumc.edu.co\/en\/formacion-continua\/curso-lengua-senas-colombia-sistema-lectura-escritura-braille\/\" \/>\n<meta property=\"og:site_name\" content=\"Maria Cano - en\" \/>\n<meta name=\"twitter:card\" content=\"summary\" \/>\n<meta name=\"twitter:label1\" content=\"Tiempo de lectura\" \/>\n\t<meta name=\"twitter:data1\" content=\"3 minutos\" \/>\n<script type=\"application\/ld+json\" class=\"yoast-schema-graph\">{\"@context\":\"https:\/\/schema.org\",\"@graph\":[{\"@type\":\"WebSite\",\"@id\":\"https:\/\/www.fumc.edu.co\/en\/#website\",\"url\":\"https:\/\/www.fumc.edu.co\/en\/\",\"name\":\"Maria Cano - en\",\"description\":\"Otro sitio realizado con WordPress\",\"potentialAction\":[{\"@type\":\"SearchAction\",\"target\":{\"@type\":\"EntryPoint\",\"urlTemplate\":\"https:\/\/www.fumc.edu.co\/en\/?s={search_term_string}\"},\"query-input\":\"required name=search_term_string\"}],\"inLanguage\":\"es\"},{\"@type\":\"WebPage\",\"@id\":\"https:\/\/www.fumc.edu.co\/en\/formacion-continua\/curso-lengua-senas-colombia-sistema-lectura-escritura-braille\/#webpage\",\"url\":\"https:\/\/www.fumc.edu.co\/en\/formacion-continua\/curso-lengua-senas-colombia-sistema-lectura-escritura-braille\/\",\"name\":\"Curso lengua de se\u00f1as Colombia y sistema de lectura y escritura braille - Maria Cano - en\",\"isPartOf\":{\"@id\":\"https:\/\/www.fumc.edu.co\/en\/#website\"},\"datePublished\":\"2017-08-17T15:12:04+00:00\",\"dateModified\":\"2017-08-17T15:12:04+00:00\",\"breadcrumb\":{\"@id\":\"https:\/\/www.fumc.edu.co\/en\/formacion-continua\/curso-lengua-senas-colombia-sistema-lectura-escritura-braille\/#breadcrumb\"},\"inLanguage\":\"es\",\"potentialAction\":[{\"@type\":\"ReadAction\",\"target\":[\"https:\/\/www.fumc.edu.co\/en\/formacion-continua\/curso-lengua-senas-colombia-sistema-lectura-escritura-braille\/\"]}]},{\"@type\":\"BreadcrumbList\",\"@id\":\"https:\/\/www.fumc.edu.co\/en\/formacion-continua\/curso-lengua-senas-colombia-sistema-lectura-escritura-braille\/#breadcrumb\",\"itemListElement\":[{\"@type\":\"ListItem\",\"position\":1,\"name\":\"Portada\",\"item\":\"https:\/\/www.fumc.edu.co\/en\/\"},{\"@type\":\"ListItem\",\"position\":2,\"name\":\"Continuing education\",\"item\":\"https:\/\/www.fumc.edu.co\/en\/formacion-continua\/\"},{\"@type\":\"ListItem\",\"position\":3,\"name\":\"Curso lengua de se\u00f1as Colombia y sistema de lectura y escritura braille\"}]}]}<\/script>\n<!-- \/ Yoast SEO plugin. -->","yoast_head_json":{"title":"Curso lengua de se\u00f1as Colombia y sistema de lectura y escritura braille - Maria Cano - en","robots":{"index":"index","follow":"follow","max-snippet":"max-snippet:-1","max-image-preview":"max-image-preview:large","max-video-preview":"max-video-preview:-1"},"canonical":"https:\/\/www.fumc.edu.co\/en\/formacion-continua\/curso-lengua-senas-colombia-sistema-lectura-escritura-braille\/","og_locale":"es_ES","og_type":"article","og_title":"Curso lengua de se\u00f1as Colombia y sistema de lectura y escritura braille - Maria Cano - en","og_description":"[vc_row][vc_column][vc_custom_heading text=\u00bbCurso lengua de se\u00f1as Colombia y sistema de lectura y escritura braille\u00bb font_container=\u00bbtag:h1|text_align:left\u00bb google_fonts=\u00bbfont_family:Didact%20Gothic%3Aregular|font_style:400%20regular%3A400%3Anormal\u00bb][\/vc_column][\/vc_row][vc_row][vc_column width=\u00bb1\/2&#8243;][vc_single_image image=\u00bb2135&#8243; img_size=\u00bbfull\u00bb][\/vc_column][vc_column width=\u00bb1\/2&#8243;][vc_column_text]Conocer los aspectos propios de la LSC y el sistema de lectura y escritura Braille, \u00a0en los diferentes contextos, usos y aplicaciones en Colombia[\/vc_column_text][\/vc_column][\/vc_row][vc_row el_class=\u00bbwsedes\u00bb][vc_column][vc_tta_tour active_section=\u00bb1&#8243; el_class=\u00bbwsedeg\u00bb][vc_tta_section title=\u00bbMedell\u00edn\u00bb tab_id=\u00bb1496311981022-aaf6caec-471d\u00bb el_class=\u00bbwsedes\u00bb][vc_row_inner][vc_column_inner el_class=\u00bbwleft\u00bb][vc_column_text]Plan de estudios Duraci\u00f3n:\u00a040 Horas Valor: $ [&hellip;]","og_url":"https:\/\/www.fumc.edu.co\/en\/formacion-continua\/curso-lengua-senas-colombia-sistema-lectura-escritura-braille\/","og_site_name":"Maria Cano - en","twitter_card":"summary","twitter_misc":{"Tiempo de lectura":"3 minutos"},"schema":{"@context":"https:\/\/schema.org","@graph":[{"@type":"WebSite","@id":"https:\/\/www.fumc.edu.co\/en\/#website","url":"https:\/\/www.fumc.edu.co\/en\/","name":"Maria Cano - en","description":"Otro sitio realizado con WordPress","potentialAction":[{"@type":"SearchAction","target":{"@type":"EntryPoint","urlTemplate":"https:\/\/www.fumc.edu.co\/en\/?s={search_term_string}"},"query-input":"required name=search_term_string"}],"inLanguage":"es"},{"@type":"WebPage","@id":"https:\/\/www.fumc.edu.co\/en\/formacion-continua\/curso-lengua-senas-colombia-sistema-lectura-escritura-braille\/#webpage","url":"https:\/\/www.fumc.edu.co\/en\/formacion-continua\/curso-lengua-senas-colombia-sistema-lectura-escritura-braille\/","name":"Curso lengua de se\u00f1as Colombia y sistema de lectura y escritura braille - Maria Cano - en","isPartOf":{"@id":"https:\/\/www.fumc.edu.co\/en\/#website"},"datePublished":"2017-08-17T15:12:04+00:00","dateModified":"2017-08-17T15:12:04+00:00","breadcrumb":{"@id":"https:\/\/www.fumc.edu.co\/en\/formacion-continua\/curso-lengua-senas-colombia-sistema-lectura-escritura-braille\/#breadcrumb"},"inLanguage":"es","potentialAction":[{"@type":"ReadAction","target":["https:\/\/www.fumc.edu.co\/en\/formacion-continua\/curso-lengua-senas-colombia-sistema-lectura-escritura-braille\/"]}]},{"@type":"BreadcrumbList","@id":"https:\/\/www.fumc.edu.co\/en\/formacion-continua\/curso-lengua-senas-colombia-sistema-lectura-escritura-braille\/#breadcrumb","itemListElement":[{"@type":"ListItem","position":1,"name":"Portada","item":"https:\/\/www.fumc.edu.co\/en\/"},{"@type":"ListItem","position":2,"name":"Continuing education","item":"https:\/\/www.fumc.edu.co\/en\/formacion-continua\/"},{"@type":"ListItem","position":3,"name":"Curso lengua de se\u00f1as Colombia y sistema de lectura y escritura braille"}]}]}},"_links":{"self":[{"href":"https:\/\/www.fumc.edu.co\/en\/wp-json\/wp\/v2\/pages\/2646"}],"collection":[{"href":"https:\/\/www.fumc.edu.co\/en\/wp-json\/wp\/v2\/pages"}],"about":[{"href":"https:\/\/www.fumc.edu.co\/en\/wp-json\/wp\/v2\/types\/page"}],"author":[{"embeddable":true,"href":"https:\/\/www.fumc.edu.co\/en\/wp-json\/wp\/v2\/users\/1"}],"replies":[{"embeddable":true,"href":"https:\/\/www.fumc.edu.co\/en\/wp-json\/wp\/v2\/comments?post=2646"}],"version-history":[{"count":0,"href":"https:\/\/www.fumc.edu.co\/en\/wp-json\/wp\/v2\/pages\/2646\/revisions"}],"up":[{"embeddable":true,"href":"https:\/\/www.fumc.edu.co\/en\/wp-json\/wp\/v2\/pages\/1923"}],"wp:attachment":[{"href":"https:\/\/www.fumc.edu.co\/en\/wp-json\/wp\/v2\/media?parent=2646"}],"curies":[{"name":"wp","href":"https:\/\/api.w.org\/{rel}","templated":true}]}}