{"id":2715,"date":"2017-09-13T16:14:19","date_gmt":"2017-09-13T16:14:19","guid":{"rendered":"https:\/\/www.fumc.edu.co\/en\/?page_id=2715"},"modified":"2017-09-21T20:12:10","modified_gmt":"2017-09-21T20:12:10","slug":"conexion-al-mundo-mexico","status":"publish","type":"page","link":"https:\/\/www.fumc.edu.co\/en\/internacionalizacion\/conexion-al-mundo\/conexion-al-mundo-mexico\/","title":{"rendered":"Conexi\u00f3n al Mundo M\u00e9xico"},"content":{"rendered":"<p>[vc_row][vc_column][vc_empty_space][\/vc_column][\/vc_row][vc_row][vc_column][vc_column_text]<\/p>\n<h2 style=\"text-align: center;\"><strong>Conexi\u00f3n al Mundo M\u00e9xico\u00a0<\/strong><\/h2>\n<p>[\/vc_column_text][\/vc_column][\/vc_row][vc_row][vc_column][vc_empty_space][\/vc_column][\/vc_row][vc_row][vc_column width=\u00bb1\/3&#8243;][vc_single_image image=\u00bb2726&#8243; img_size=\u00bbmedium\u00bb onclick=\u00bbcustom_link\u00bb img_link_target=\u00bb_blank\u00bb link=\u00bb\/relinter\/agenda_medellin.pdf\u00bb][vc_empty_space][vc_single_image image=\u00bb2728&#8243; img_size=\u00bbmedium\u00bb onclick=\u00bbcustom_link\u00bb img_link_target=\u00bb_blank\u00bb link=\u00bb\/relinter\/Agenda_neiva.pdf\u00bb][\/vc_column][vc_column width=\u00bb1\/3&#8243;][vc_single_image image=\u00bb2727&#8243; img_size=\u00bbmedium\u00bb alignment=\u00bbright\u00bb onclick=\u00bbcustom_link\u00bb img_link_target=\u00bb_blank\u00bb link=\u00bb\/relinter\/Agenda_cali.pdf\u00bb][vc_empty_space][vc_single_image image=\u00bb2729&#8243; img_size=\u00bbmedium\u00bb alignment=\u00bbright\u00bb onclick=\u00bbcustom_link\u00bb link=\u00bb\/relinter\/Agenda_popayan.pdf\u00bb][\/vc_column][vc_column width=\u00bb1\/3&#8243;][vc_column_text]El Programa \u201cConexi\u00f3n al Mundo\u201d es una estrategia de internacionalizaci\u00f3n en casa, que busca establecer un acercamiento a la diversidad de pa\u00edses del mundo, mediante el reconocimiento de la riqueza cultural, material y simb\u00f3lica, de otras sociedades y pueblos; as\u00ed como estimular la participaci\u00f3n de instituciones universitarias, gubernamentales, gremiales, privadas y p\u00fablicas, culturales y educativas de la ciudad, la regi\u00f3n y a nivel internacional, en las diferentes actividades del Programa.<\/p>\n<p>Este encuentro intercultural y acad\u00e9mico se realiza cada a\u00f1o en las diferentes extensiones de la Mar\u00eda Cano, el cual es de participaci\u00f3n gratuita y abierta al p\u00fablico; con el prop\u00f3sito de que la comunidad universitaria conozca sus identidades, avances y perspectivas, mediante actividades acad\u00e9micas, cient\u00edficas, culturales, gastron\u00f3micas, cinematogr\u00e1ficas, editoriales, dramat\u00fargicas, musicales, y deportivas, entre otras.<\/p>\n<p>Para esta segunda versi\u00f3n el pa\u00eds invitado es M\u00e9xico, su elecci\u00f3n se debe a la cercana relaci\u00f3n que tiene la comunidad universitaria a trav\u00e9s de diferentes actividades de cooperaci\u00f3n acad\u00e9mica con varias universidades de este pa\u00eds; as\u00ed mismo de esta manera la instituci\u00f3n aprovecha la plataforma \u201cAlianza del Pacifico\u201d la cual busca fortalecer el crecimiento y competitividad de los pa\u00edses aliados: Chile, Colombia, M\u00e9xico y Per\u00fa.<\/p>\n<p>Informes: diana.jaramillo@fumc.edu.co[\/vc_column_text][\/vc_column][\/vc_row]<\/p>\n","protected":false},"excerpt":{"rendered":"<p>[vc_row][vc_column][vc_empty_space][\/vc_column][\/vc_row][vc_row][vc_column][vc_column_text] Conexi\u00f3n al Mundo M\u00e9xico\u00a0 [\/vc_column_text][\/vc_column][\/vc_row][vc_row][vc_column][vc_empty_space][\/vc_column][\/vc_row][vc_row][vc_column width=\u00bb1\/3&#8243;][vc_single_image image=\u00bb2726&#8243; img_size=\u00bbmedium\u00bb onclick=\u00bbcustom_link\u00bb img_link_target=\u00bb_blank\u00bb link=\u00bb\/relinter\/agenda_medellin.pdf\u00bb][vc_empty_space][vc_single_image image=\u00bb2728&#8243; img_size=\u00bbmedium\u00bb onclick=\u00bbcustom_link\u00bb img_link_target=\u00bb_blank\u00bb link=\u00bb\/relinter\/Agenda_neiva.pdf\u00bb][\/vc_column][vc_column width=\u00bb1\/3&#8243;][vc_single_image image=\u00bb2727&#8243; img_size=\u00bbmedium\u00bb alignment=\u00bbright\u00bb onclick=\u00bbcustom_link\u00bb img_link_target=\u00bb_blank\u00bb link=\u00bb\/relinter\/Agenda_cali.pdf\u00bb][vc_empty_space][vc_single_image image=\u00bb2729&#8243; img_size=\u00bbmedium\u00bb alignment=\u00bbright\u00bb onclick=\u00bbcustom_link\u00bb link=\u00bb\/relinter\/Agenda_popayan.pdf\u00bb][\/vc_column][vc_column width=\u00bb1\/3&#8243;][vc_column_text]El Programa \u201cConexi\u00f3n al Mundo\u201d es una estrategia de internacionalizaci\u00f3n en casa, que busca establecer un acercamiento a la diversidad de pa\u00edses del mundo, mediante el [&hellip;]<\/p>\n","protected":false},"author":1,"featured_media":0,"parent":2189,"menu_order":0,"comment_status":"closed","ping_status":"closed","template":"","meta":{"footnotes":""},"yoast_head":"<!-- This site is optimized with the Yoast SEO plugin v18.4.1 - https:\/\/yoast.com\/wordpress\/plugins\/seo\/ -->\n<title>Conexi\u00f3n al Mundo M\u00e9xico - Maria Cano - en<\/title>\n<meta name=\"robots\" content=\"index, follow, max-snippet:-1, max-image-preview:large, max-video-preview:-1\" \/>\n<link rel=\"canonical\" href=\"https:\/\/www.fumc.edu.co\/en\/internacionalizacion\/conexion-al-mundo\/conexion-al-mundo-mexico\/\" \/>\n<meta property=\"og:locale\" content=\"es_ES\" \/>\n<meta property=\"og:type\" content=\"article\" \/>\n<meta property=\"og:title\" content=\"Conexi\u00f3n al Mundo M\u00e9xico - Maria Cano - en\" \/>\n<meta property=\"og:description\" content=\"[vc_row][vc_column][vc_empty_space][\/vc_column][\/vc_row][vc_row][vc_column][vc_column_text] Conexi\u00f3n al Mundo M\u00e9xico\u00a0 [\/vc_column_text][\/vc_column][\/vc_row][vc_row][vc_column][vc_empty_space][\/vc_column][\/vc_row][vc_row][vc_column width=\u00bb1\/3&#8243;][vc_single_image image=\u00bb2726&#8243; img_size=\u00bbmedium\u00bb onclick=\u00bbcustom_link\u00bb img_link_target=\u00bb_blank\u00bb link=\u00bb\/relinter\/agenda_medellin.pdf\u00bb][vc_empty_space][vc_single_image image=\u00bb2728&#8243; img_size=\u00bbmedium\u00bb onclick=\u00bbcustom_link\u00bb img_link_target=\u00bb_blank\u00bb link=\u00bb\/relinter\/Agenda_neiva.pdf\u00bb][\/vc_column][vc_column width=\u00bb1\/3&#8243;][vc_single_image image=\u00bb2727&#8243; img_size=\u00bbmedium\u00bb alignment=\u00bbright\u00bb onclick=\u00bbcustom_link\u00bb img_link_target=\u00bb_blank\u00bb link=\u00bb\/relinter\/Agenda_cali.pdf\u00bb][vc_empty_space][vc_single_image image=\u00bb2729&#8243; img_size=\u00bbmedium\u00bb alignment=\u00bbright\u00bb onclick=\u00bbcustom_link\u00bb link=\u00bb\/relinter\/Agenda_popayan.pdf\u00bb][\/vc_column][vc_column width=\u00bb1\/3&#8243;][vc_column_text]El Programa \u201cConexi\u00f3n al Mundo\u201d es una estrategia de internacionalizaci\u00f3n en casa, que busca establecer un acercamiento a la diversidad de pa\u00edses del mundo, mediante el [&hellip;]\" \/>\n<meta property=\"og:url\" content=\"https:\/\/www.fumc.edu.co\/en\/internacionalizacion\/conexion-al-mundo\/conexion-al-mundo-mexico\/\" \/>\n<meta property=\"og:site_name\" content=\"Maria Cano - en\" \/>\n<meta property=\"article:modified_time\" content=\"2017-09-21T20:12:10+00:00\" \/>\n<meta name=\"twitter:card\" content=\"summary\" \/>\n<meta name=\"twitter:label1\" content=\"Tiempo de lectura\" \/>\n\t<meta name=\"twitter:data1\" content=\"2 minutos\" \/>\n<script type=\"application\/ld+json\" class=\"yoast-schema-graph\">{\"@context\":\"https:\/\/schema.org\",\"@graph\":[{\"@type\":\"WebSite\",\"@id\":\"https:\/\/www.fumc.edu.co\/en\/#website\",\"url\":\"https:\/\/www.fumc.edu.co\/en\/\",\"name\":\"Maria Cano - en\",\"description\":\"Otro sitio realizado con WordPress\",\"potentialAction\":[{\"@type\":\"SearchAction\",\"target\":{\"@type\":\"EntryPoint\",\"urlTemplate\":\"https:\/\/www.fumc.edu.co\/en\/?s={search_term_string}\"},\"query-input\":\"required name=search_term_string\"}],\"inLanguage\":\"es\"},{\"@type\":\"WebPage\",\"@id\":\"https:\/\/www.fumc.edu.co\/en\/internacionalizacion\/conexion-al-mundo\/conexion-al-mundo-mexico\/#webpage\",\"url\":\"https:\/\/www.fumc.edu.co\/en\/internacionalizacion\/conexion-al-mundo\/conexion-al-mundo-mexico\/\",\"name\":\"Conexi\u00f3n al Mundo M\u00e9xico - Maria Cano - en\",\"isPartOf\":{\"@id\":\"https:\/\/www.fumc.edu.co\/en\/#website\"},\"datePublished\":\"2017-09-13T16:14:19+00:00\",\"dateModified\":\"2017-09-21T20:12:10+00:00\",\"breadcrumb\":{\"@id\":\"https:\/\/www.fumc.edu.co\/en\/internacionalizacion\/conexion-al-mundo\/conexion-al-mundo-mexico\/#breadcrumb\"},\"inLanguage\":\"es\",\"potentialAction\":[{\"@type\":\"ReadAction\",\"target\":[\"https:\/\/www.fumc.edu.co\/en\/internacionalizacion\/conexion-al-mundo\/conexion-al-mundo-mexico\/\"]}]},{\"@type\":\"BreadcrumbList\",\"@id\":\"https:\/\/www.fumc.edu.co\/en\/internacionalizacion\/conexion-al-mundo\/conexion-al-mundo-mexico\/#breadcrumb\",\"itemListElement\":[{\"@type\":\"ListItem\",\"position\":1,\"name\":\"Portada\",\"item\":\"https:\/\/www.fumc.edu.co\/en\/\"},{\"@type\":\"ListItem\",\"position\":2,\"name\":\"Internacionalizaci\u00f3n\",\"item\":\"https:\/\/www.fumc.edu.co\/en\/internacionalizacion\/\"},{\"@type\":\"ListItem\",\"position\":3,\"name\":\"Conexi\u00f3n al mundo\",\"item\":\"https:\/\/www.fumc.edu.co\/en\/internacionalizacion\/conexion-al-mundo\/\"},{\"@type\":\"ListItem\",\"position\":4,\"name\":\"Conexi\u00f3n al Mundo M\u00e9xico\"}]}]}<\/script>\n<!-- \/ Yoast SEO plugin. -->","yoast_head_json":{"title":"Conexi\u00f3n al Mundo M\u00e9xico - Maria Cano - en","robots":{"index":"index","follow":"follow","max-snippet":"max-snippet:-1","max-image-preview":"max-image-preview:large","max-video-preview":"max-video-preview:-1"},"canonical":"https:\/\/www.fumc.edu.co\/en\/internacionalizacion\/conexion-al-mundo\/conexion-al-mundo-mexico\/","og_locale":"es_ES","og_type":"article","og_title":"Conexi\u00f3n al Mundo M\u00e9xico - Maria Cano - en","og_description":"[vc_row][vc_column][vc_empty_space][\/vc_column][\/vc_row][vc_row][vc_column][vc_column_text] Conexi\u00f3n al Mundo M\u00e9xico\u00a0 [\/vc_column_text][\/vc_column][\/vc_row][vc_row][vc_column][vc_empty_space][\/vc_column][\/vc_row][vc_row][vc_column width=\u00bb1\/3&#8243;][vc_single_image image=\u00bb2726&#8243; img_size=\u00bbmedium\u00bb onclick=\u00bbcustom_link\u00bb img_link_target=\u00bb_blank\u00bb link=\u00bb\/relinter\/agenda_medellin.pdf\u00bb][vc_empty_space][vc_single_image image=\u00bb2728&#8243; img_size=\u00bbmedium\u00bb onclick=\u00bbcustom_link\u00bb img_link_target=\u00bb_blank\u00bb link=\u00bb\/relinter\/Agenda_neiva.pdf\u00bb][\/vc_column][vc_column width=\u00bb1\/3&#8243;][vc_single_image image=\u00bb2727&#8243; img_size=\u00bbmedium\u00bb alignment=\u00bbright\u00bb onclick=\u00bbcustom_link\u00bb img_link_target=\u00bb_blank\u00bb link=\u00bb\/relinter\/Agenda_cali.pdf\u00bb][vc_empty_space][vc_single_image image=\u00bb2729&#8243; img_size=\u00bbmedium\u00bb alignment=\u00bbright\u00bb onclick=\u00bbcustom_link\u00bb link=\u00bb\/relinter\/Agenda_popayan.pdf\u00bb][\/vc_column][vc_column width=\u00bb1\/3&#8243;][vc_column_text]El Programa \u201cConexi\u00f3n al Mundo\u201d es una estrategia de internacionalizaci\u00f3n en casa, que busca establecer un acercamiento a la diversidad de pa\u00edses del mundo, mediante el [&hellip;]","og_url":"https:\/\/www.fumc.edu.co\/en\/internacionalizacion\/conexion-al-mundo\/conexion-al-mundo-mexico\/","og_site_name":"Maria Cano - en","article_modified_time":"2017-09-21T20:12:10+00:00","twitter_card":"summary","twitter_misc":{"Tiempo de lectura":"2 minutos"},"schema":{"@context":"https:\/\/schema.org","@graph":[{"@type":"WebSite","@id":"https:\/\/www.fumc.edu.co\/en\/#website","url":"https:\/\/www.fumc.edu.co\/en\/","name":"Maria Cano - en","description":"Otro sitio realizado con WordPress","potentialAction":[{"@type":"SearchAction","target":{"@type":"EntryPoint","urlTemplate":"https:\/\/www.fumc.edu.co\/en\/?s={search_term_string}"},"query-input":"required name=search_term_string"}],"inLanguage":"es"},{"@type":"WebPage","@id":"https:\/\/www.fumc.edu.co\/en\/internacionalizacion\/conexion-al-mundo\/conexion-al-mundo-mexico\/#webpage","url":"https:\/\/www.fumc.edu.co\/en\/internacionalizacion\/conexion-al-mundo\/conexion-al-mundo-mexico\/","name":"Conexi\u00f3n al Mundo M\u00e9xico - Maria Cano - en","isPartOf":{"@id":"https:\/\/www.fumc.edu.co\/en\/#website"},"datePublished":"2017-09-13T16:14:19+00:00","dateModified":"2017-09-21T20:12:10+00:00","breadcrumb":{"@id":"https:\/\/www.fumc.edu.co\/en\/internacionalizacion\/conexion-al-mundo\/conexion-al-mundo-mexico\/#breadcrumb"},"inLanguage":"es","potentialAction":[{"@type":"ReadAction","target":["https:\/\/www.fumc.edu.co\/en\/internacionalizacion\/conexion-al-mundo\/conexion-al-mundo-mexico\/"]}]},{"@type":"BreadcrumbList","@id":"https:\/\/www.fumc.edu.co\/en\/internacionalizacion\/conexion-al-mundo\/conexion-al-mundo-mexico\/#breadcrumb","itemListElement":[{"@type":"ListItem","position":1,"name":"Portada","item":"https:\/\/www.fumc.edu.co\/en\/"},{"@type":"ListItem","position":2,"name":"Internacionalizaci\u00f3n","item":"https:\/\/www.fumc.edu.co\/en\/internacionalizacion\/"},{"@type":"ListItem","position":3,"name":"Conexi\u00f3n al mundo","item":"https:\/\/www.fumc.edu.co\/en\/internacionalizacion\/conexion-al-mundo\/"},{"@type":"ListItem","position":4,"name":"Conexi\u00f3n al Mundo M\u00e9xico"}]}]}},"_links":{"self":[{"href":"https:\/\/www.fumc.edu.co\/en\/wp-json\/wp\/v2\/pages\/2715"}],"collection":[{"href":"https:\/\/www.fumc.edu.co\/en\/wp-json\/wp\/v2\/pages"}],"about":[{"href":"https:\/\/www.fumc.edu.co\/en\/wp-json\/wp\/v2\/types\/page"}],"author":[{"embeddable":true,"href":"https:\/\/www.fumc.edu.co\/en\/wp-json\/wp\/v2\/users\/1"}],"replies":[{"embeddable":true,"href":"https:\/\/www.fumc.edu.co\/en\/wp-json\/wp\/v2\/comments?post=2715"}],"version-history":[{"count":0,"href":"https:\/\/www.fumc.edu.co\/en\/wp-json\/wp\/v2\/pages\/2715\/revisions"}],"up":[{"embeddable":true,"href":"https:\/\/www.fumc.edu.co\/en\/wp-json\/wp\/v2\/pages\/2189"}],"wp:attachment":[{"href":"https:\/\/www.fumc.edu.co\/en\/wp-json\/wp\/v2\/media?parent=2715"}],"curies":[{"name":"wp","href":"https:\/\/api.w.org\/{rel}","templated":true}]}}