{"id":3516,"date":"2018-02-14T16:55:17","date_gmt":"2018-02-14T16:55:17","guid":{"rendered":"https:\/\/www.fumc.edu.co\/en\/?page_id=3516"},"modified":"2021-09-29T13:37:14","modified_gmt":"2021-09-29T13:37:14","slug":"la-investigacion-la-maria-cano","status":"publish","type":"page","link":"https:\/\/www.fumc.edu.co\/en\/investigacion\/la-investigacion-la-maria-cano\/","title":{"rendered":"RESEARCH AT MARIA CANO"},"content":{"rendered":"<p>[vc_row][vc_column][vc_empty_space][\/vc_column][\/vc_row][vc_row][vc_column width=\u00bb1\/4&#8243;][vc_wp_custommenu nav_menu=\u00bb67&#8243; el_class=\u00bbwitemlist\u00bb][\/vc_column][vc_column width=\u00bb3\/4&#8243;][vc_column_text]<\/p>\n<h2>RESEARCH AT MARIA CANO<\/h2>\n<p>The Mar\u00eda Cano University Foundation is a university institution, whose philosophical and legal principles respond to the context of the Colombian State. As an institution of Higher Education, it ensures compliance with the fundamental principles enshrined in the law and responds to its social, scientific and cultural work in the global sphere. In accordance with the constitutional mandate of 1991, the law 30 of 1992, the regulatory decrees and the general statutes of the institution, research is established as one of its substantive functions that interacts harmoniously with the functions of teaching and extension and social projection in contexts of local, national and international action.[\/vc_column_text][vc_empty_space][vc_tta_tabs color=\u00bbmariacanob\u00bb gap=\u00bb2&#8243; active_section=\u00bb1&#8243; el_class=\u00bbwsedea\u00bb][vc_tta_section title=\u00bbRESEARCH SYSTEMS \u00bb tab_id=\u00bb1518626699999-029da1b9-43a7&#8243;][vc_column_text]<b>RESEARCH SYSTEMS <\/b>.<\/p>\n<p>The Research System is conceived as the structure through which research is oriented, supported, facilitated and promoted. In order to respond to the needs of the research context, the Research System organizes its processes to adjust them to the current reality of the country and the regions, and articulates with academic, scientific and business networks at the local, national and international level that contribute to the dissemination of knowledge and institutional visibility.<\/p>\n<p>Its fundamental purpose is to generate scientific, technological and innovation results represented in the different products of new knowledge, technological development, circulation and social appropriation of knowledge and training activities of human talent for science, technology and innovation, from which you can contribute to economic, social and sustainable development and human growth.<\/p>\n<h5>Desliza el\u00a0cursor sobre la imagen para ampliar<\/h5>\n<p>[\/vc_column_text][vc_single_image image=\u00bb3554&#8243; img_size=\u00bbfull\u00bb onclick=\u00bbzoom\u00bb][vc_single_image image=\u00bb3555&#8243; img_size=\u00bbfull\u00bb onclick=\u00bbzoom\u00bb][\/vc_tta_section][vc_tta_section title=\u00bbEl proceso de investigaci\u00f3n \u00bb tab_id=\u00bb1518626700043-1c5f2c82-99c1&#8243;][vc_column_text]El proceso de investigaci\u00f3n de desarrolla a\u00a0 trav\u00e9s de m\u00faltiples dimensiones, con sus respectivos procedimientos y soporte documental, de conformidad con el Sistema de Autoevaluaci\u00f3n y Mejoramiento Continuo. Dichas dimensiones pueden apreciarse a continuaci\u00f3n:<\/p>\n<p><img decoding=\"async\" loading=\"lazy\" class=\"aligncenter size-full wp-image-3903\" src=\"https:\/\/www.fumc.edu.co\/en\/wp-content\/uploads\/Dimensiones_proceso_investigacion.png\" alt=\"\" width=\"1200\" height=\"601\" srcset=\"https:\/\/www.fumc.edu.co\/en\/wp-content\/uploads\/Dimensiones_proceso_investigacion.png 1200w, https:\/\/www.fumc.edu.co\/en\/wp-content\/uploads\/Dimensiones_proceso_investigacion-768x385.png 768w\" sizes=\"(max-width: 1200px) 100vw, 1200px\" \/>[\/vc_column_text][\/vc_tta_section][vc_tta_section title=\u00bbLineas de investigaci\u00f3n institucionales\u00bb tab_id=\u00bb1518626757997-813f9299-f47a\u00bb][vc_column_text]La investigaci\u00f3n en la instituci\u00f3n se desarrolla en el marco de l\u00edneas de investigaci\u00f3n institucionales, en concordancia con las \u00e1reas cient\u00edficas definidas por la Organizaci\u00f3n para la Cooperaci\u00f3n y el Desarrollo Econ\u00f3micos (OCDE) y los programas nacionales de Ciencia, Tecnolog\u00eda e Innovaci\u00f3n, del Sistema Nacional de Ciencia, Tecnolog\u00eda e Innovaci\u00f3n, liderado por COLCIENCIAS. Las l\u00edneas de investigaci\u00f3n institucionales se muestran a continuaci\u00f3n:<\/p>\n<p><b>L\u00edneas de Investigaci\u00f3n Institucionales:<\/b><\/p>\n<p>&nbsp;<\/p>\n<p>[\/vc_column_text][vc_row_inner][vc_column_inner width=\u00bb1\/2&#8243;][vc_column_text]<strong>Desarrollo Humano<\/strong><\/p>\n<p>El desarrollo humano es uno de los puntos en donde gira todo aquello que tenga una peque\u00f1a fracci\u00f3n de conciencia, de inteligencia, de sensibilidad, de la obra del hombre o de la atribuci\u00f3n a sus dioses. Es el elemento que define el estado en el que cada persona se encuentra con relaci\u00f3n a su especie, que tambi\u00e9n es parte de su desarrollo individual. El desarrollo humano, as\u00ed mismo, hace referencia al crecimiento del ni\u00f1o para convertirse en un adulto y luego en un anciano,hace referencia al cambio por una parte, y a la estabilidad en otro. Es pues un concepto muy integral que envuelve el desarrollo del conocimiento. En la fundaci\u00f3n universitaria Maria Cano, el desarrollo nuclea la actividad de la instituci\u00f3n en la medida en que su hacer va en la direcci\u00f3n de la integridad y crecimiento del ser humano.<\/p>\n<p>[\/vc_column_text][\/vc_column_inner][vc_column_inner width=\u00bb1\/2&#8243;][vc_column_text]<strong>Tecnolog\u00eda<\/strong><\/p>\n<p>La sociedad ha asumido su proceso de supervivencia a partir de la creacion de sistemas normativos que determinan no solamente la mediaci\u00f3n relacional, sino tambi\u00e9n que determinan entendimientos sobre la naturaleza.<br \/>\nEn ese af\u00e1n de entendimiento la sociedad ha creado formas de observar e incluso de aprender los fen\u00f3menos para categorizarlos y estudiarlos en profundidad. Ese conocimiento acumulado se materializa en la creaci\u00f3n de estos mecanismos de adquisici\u00f3n de mas conocimiento y de adaptaci\u00f3n a situaciones que en su naturalidad se alejan de su control<\/p>\n<p>[\/vc_column_text][\/vc_column_inner][\/vc_row_inner][\/vc_tta_section][vc_tta_section title=\u00bbNormatividad\u00bb tab_id=\u00bb1518626784751-a129be36-d377&#8243;][vc_row_inner][vc_column_inner width=\u00bb1\/2&#8243;][vc_column_text]<strong>Normatividad Interna que rige la investigaci\u00f3n en la Mar\u00eda Cano<\/strong><\/p>\n<p>&#8211; <a href=\"\/wp-content\/uploads\/resoluciones\/estatutosfumc.pdf\" target=\"_blank\" rel=\"noopener noreferrer\">Estatuto general<\/a><\/p>\n<p>&#8211; <a href=\"\/wp-content\/uploads\/resoluciones\/Presentacion%20PEI.pdf\" target=\"_blank\" rel=\"noopener noreferrer\">Proyecto Educativo Institucional<\/a><\/p>\n<p>&#8211; <a href=\"\/acuerdos\/061_Lineamientos_Pedagogicos_y_Curriculares.pdf\" target=\"_blank\" rel=\"noopener noreferrer\">Lineamientos pedag\u00f3gicos y curriculares<\/a><\/p>\n<p>&#8211; <a href=\"https:\/\/20.232.9.141\/documentos\/normatividadinst\/Acuerdo_096_Actualizacion_reglamento_de_investigaciones%20.pdf\">Reglamento de Investigaci\u00f3n<\/a>[\/vc_column_text][\/vc_column_inner][vc_column_inner width=\u00bb1\/2&#8243;][vc_column_text]<strong>Normatividad Externa a nivel nacional<\/strong><\/p>\n<p>&#8211; <a href=\"http:\/\/www.colciencias.gov.co\/sites\/default\/files\/upload\/reglamentacion\/ley1838-2017.pdf\" target=\"_blank\" rel=\"noopener noreferrer\">Ley 1286 de 2009, por la cual se modifica la Ley 29 de 1990, se transforma a Colciencias en Departamento Administrativo, se fortalece el Sistema Nacional de Ciencia, Tecnolog\u00eda e Innovaci\u00f3n en Colombia y se dictan otras disposiciones.<\/a><\/p>\n<p>&#8211; <a href=\"http:\/\/www.colciencias.gov.co\/sites\/default\/files\/upload\/reglamentacion\/conpes-3582-2009.pdf\" target=\"_blank\" rel=\"noopener noreferrer\">Pol\u00edtica Nacional de Ciencia, Tecnolog\u00eda e innovaci\u00f3n-CONPES 3582<\/a><\/p>\n<p>&#8211;<a href=\"https:\/\/colaboracion.dnp.gov.co\/CDT\/Desarrollo%20Empresarial\/Manual%20de%20Oslo.pdf\"> Manual de Oslo- Gu\u00eda para la recogida e interpretacci\u00f3n de datos sobre, 3a edici\u00f3n OCDE &#8211; 2005<\/a><\/p>\n<p>&#8211; <a href=\"http:\/\/www.wipo.int\/wipolex\/es\/text.jsp?file_id=451513\" target=\"_blank\" rel=\"noopener noreferrer\">Ley 1838 de 2017, por la cual se dictan normas de fomento a la ciencia, tecnolog\u00eda e innovaci\u00f3n mediante la creaci\u00f3n de empresas de base tecnol\u00f3gica (spin-offs) y se dictan otras disposiciones<\/a><\/p>\n<p>&#8211; <a href=\"http:\/\/www.wipo.int\/wipolex\/es\/text.jsp?file_id=310911\" target=\"_blank\" rel=\"noopener noreferrer\">Ley N\u00b0 1648 de 12 de julio de 2013 por medio de la cual se establecen medidas de observancia a los Derechos de Propiedad Industrial<\/a>[\/vc_column_text][\/vc_column_inner][\/vc_row_inner][\/vc_tta_section][\/vc_tta_tabs][\/vc_column][\/vc_row]<\/p>\n","protected":false},"excerpt":{"rendered":"<p>[vc_row][vc_column][vc_empty_space][\/vc_column][\/vc_row][vc_row][vc_column width=\u00bb1\/4&#8243;][vc_wp_custommenu nav_menu=\u00bb67&#8243; el_class=\u00bbwitemlist\u00bb][\/vc_column][vc_column width=\u00bb3\/4&#8243;][vc_column_text] RESEARCH AT MARIA CANO The Mar\u00eda Cano University Foundation is a university institution, whose philosophical and legal principles respond to the context of the Colombian State. As an institution of Higher Education, it ensures compliance with the fundamental principles enshrined in the law and responds to its social, scientific and [&hellip;]<\/p>\n","protected":false},"author":1,"featured_media":0,"parent":3512,"menu_order":0,"comment_status":"closed","ping_status":"closed","template":"","meta":{"footnotes":""},"yoast_head":"<!-- This site is optimized with the Yoast SEO plugin v18.4.1 - https:\/\/yoast.com\/wordpress\/plugins\/seo\/ -->\n<title>RESEARCH AT MARIA CANO - Maria Cano - en<\/title>\n<meta name=\"robots\" content=\"index, follow, max-snippet:-1, max-image-preview:large, max-video-preview:-1\" \/>\n<link rel=\"canonical\" href=\"https:\/\/www.fumc.edu.co\/en\/investigacion\/la-investigacion-la-maria-cano\/\" \/>\n<meta property=\"og:locale\" content=\"es_ES\" \/>\n<meta property=\"og:type\" content=\"article\" \/>\n<meta property=\"og:title\" content=\"RESEARCH AT MARIA CANO - Maria Cano - en\" \/>\n<meta property=\"og:description\" content=\"[vc_row][vc_column][vc_empty_space][\/vc_column][\/vc_row][vc_row][vc_column width=\u00bb1\/4&#8243;][vc_wp_custommenu nav_menu=\u00bb67&#8243; el_class=\u00bbwitemlist\u00bb][\/vc_column][vc_column width=\u00bb3\/4&#8243;][vc_column_text] RESEARCH AT MARIA CANO The Mar\u00eda Cano University Foundation is a university institution, whose philosophical and legal principles respond to the context of the Colombian State. As an institution of Higher Education, it ensures compliance with the fundamental principles enshrined in the law and responds to its social, scientific and [&hellip;]\" \/>\n<meta property=\"og:url\" content=\"https:\/\/www.fumc.edu.co\/en\/investigacion\/la-investigacion-la-maria-cano\/\" \/>\n<meta property=\"og:site_name\" content=\"Maria Cano - en\" \/>\n<meta property=\"article:modified_time\" content=\"2021-09-29T13:37:14+00:00\" \/>\n<meta property=\"og:image\" content=\"https:\/\/www.fumc.edu.co\/en\/wp-content\/uploads\/Dimensiones_proceso_investigacion.png\" \/>\n<meta name=\"twitter:card\" content=\"summary\" \/>\n<meta name=\"twitter:label1\" content=\"Tiempo de lectura\" \/>\n\t<meta name=\"twitter:data1\" content=\"5 minutos\" \/>\n<script type=\"application\/ld+json\" class=\"yoast-schema-graph\">{\"@context\":\"https:\/\/schema.org\",\"@graph\":[{\"@type\":\"WebSite\",\"@id\":\"https:\/\/www.fumc.edu.co\/en\/#website\",\"url\":\"https:\/\/www.fumc.edu.co\/en\/\",\"name\":\"Maria Cano - en\",\"description\":\"Otro sitio realizado con WordPress\",\"potentialAction\":[{\"@type\":\"SearchAction\",\"target\":{\"@type\":\"EntryPoint\",\"urlTemplate\":\"https:\/\/www.fumc.edu.co\/en\/?s={search_term_string}\"},\"query-input\":\"required name=search_term_string\"}],\"inLanguage\":\"es\"},{\"@type\":\"ImageObject\",\"@id\":\"https:\/\/www.fumc.edu.co\/en\/investigacion\/la-investigacion-la-maria-cano\/#primaryimage\",\"inLanguage\":\"es\",\"url\":\"https:\/\/www.fumc.edu.co\/en\/wp-content\/uploads\/Dimensiones_proceso_investigacion.png\",\"contentUrl\":\"https:\/\/www.fumc.edu.co\/en\/wp-content\/uploads\/Dimensiones_proceso_investigacion.png\",\"width\":1200,\"height\":601},{\"@type\":\"WebPage\",\"@id\":\"https:\/\/www.fumc.edu.co\/en\/investigacion\/la-investigacion-la-maria-cano\/#webpage\",\"url\":\"https:\/\/www.fumc.edu.co\/en\/investigacion\/la-investigacion-la-maria-cano\/\",\"name\":\"RESEARCH AT MARIA CANO - Maria Cano - en\",\"isPartOf\":{\"@id\":\"https:\/\/www.fumc.edu.co\/en\/#website\"},\"primaryImageOfPage\":{\"@id\":\"https:\/\/www.fumc.edu.co\/en\/investigacion\/la-investigacion-la-maria-cano\/#primaryimage\"},\"datePublished\":\"2018-02-14T16:55:17+00:00\",\"dateModified\":\"2021-09-29T13:37:14+00:00\",\"breadcrumb\":{\"@id\":\"https:\/\/www.fumc.edu.co\/en\/investigacion\/la-investigacion-la-maria-cano\/#breadcrumb\"},\"inLanguage\":\"es\",\"potentialAction\":[{\"@type\":\"ReadAction\",\"target\":[\"https:\/\/www.fumc.edu.co\/en\/investigacion\/la-investigacion-la-maria-cano\/\"]}]},{\"@type\":\"BreadcrumbList\",\"@id\":\"https:\/\/www.fumc.edu.co\/en\/investigacion\/la-investigacion-la-maria-cano\/#breadcrumb\",\"itemListElement\":[{\"@type\":\"ListItem\",\"position\":1,\"name\":\"Portada\",\"item\":\"https:\/\/www.fumc.edu.co\/en\/\"},{\"@type\":\"ListItem\",\"position\":2,\"name\":\"Research\",\"item\":\"https:\/\/www.fumc.edu.co\/en\/investigacion\/\"},{\"@type\":\"ListItem\",\"position\":3,\"name\":\"RESEARCH AT MARIA CANO\"}]}]}<\/script>\n<!-- \/ Yoast SEO plugin. -->","yoast_head_json":{"title":"RESEARCH AT MARIA CANO - Maria Cano - en","robots":{"index":"index","follow":"follow","max-snippet":"max-snippet:-1","max-image-preview":"max-image-preview:large","max-video-preview":"max-video-preview:-1"},"canonical":"https:\/\/www.fumc.edu.co\/en\/investigacion\/la-investigacion-la-maria-cano\/","og_locale":"es_ES","og_type":"article","og_title":"RESEARCH AT MARIA CANO - Maria Cano - en","og_description":"[vc_row][vc_column][vc_empty_space][\/vc_column][\/vc_row][vc_row][vc_column width=\u00bb1\/4&#8243;][vc_wp_custommenu nav_menu=\u00bb67&#8243; el_class=\u00bbwitemlist\u00bb][\/vc_column][vc_column width=\u00bb3\/4&#8243;][vc_column_text] RESEARCH AT MARIA CANO The Mar\u00eda Cano University Foundation is a university institution, whose philosophical and legal principles respond to the context of the Colombian State. As an institution of Higher Education, it ensures compliance with the fundamental principles enshrined in the law and responds to its social, scientific and [&hellip;]","og_url":"https:\/\/www.fumc.edu.co\/en\/investigacion\/la-investigacion-la-maria-cano\/","og_site_name":"Maria Cano - en","article_modified_time":"2021-09-29T13:37:14+00:00","og_image":[{"url":"https:\/\/www.fumc.edu.co\/en\/wp-content\/uploads\/Dimensiones_proceso_investigacion.png"}],"twitter_card":"summary","twitter_misc":{"Tiempo de lectura":"5 minutos"},"schema":{"@context":"https:\/\/schema.org","@graph":[{"@type":"WebSite","@id":"https:\/\/www.fumc.edu.co\/en\/#website","url":"https:\/\/www.fumc.edu.co\/en\/","name":"Maria Cano - en","description":"Otro sitio realizado con WordPress","potentialAction":[{"@type":"SearchAction","target":{"@type":"EntryPoint","urlTemplate":"https:\/\/www.fumc.edu.co\/en\/?s={search_term_string}"},"query-input":"required name=search_term_string"}],"inLanguage":"es"},{"@type":"ImageObject","@id":"https:\/\/www.fumc.edu.co\/en\/investigacion\/la-investigacion-la-maria-cano\/#primaryimage","inLanguage":"es","url":"https:\/\/www.fumc.edu.co\/en\/wp-content\/uploads\/Dimensiones_proceso_investigacion.png","contentUrl":"https:\/\/www.fumc.edu.co\/en\/wp-content\/uploads\/Dimensiones_proceso_investigacion.png","width":1200,"height":601},{"@type":"WebPage","@id":"https:\/\/www.fumc.edu.co\/en\/investigacion\/la-investigacion-la-maria-cano\/#webpage","url":"https:\/\/www.fumc.edu.co\/en\/investigacion\/la-investigacion-la-maria-cano\/","name":"RESEARCH AT MARIA CANO - Maria Cano - en","isPartOf":{"@id":"https:\/\/www.fumc.edu.co\/en\/#website"},"primaryImageOfPage":{"@id":"https:\/\/www.fumc.edu.co\/en\/investigacion\/la-investigacion-la-maria-cano\/#primaryimage"},"datePublished":"2018-02-14T16:55:17+00:00","dateModified":"2021-09-29T13:37:14+00:00","breadcrumb":{"@id":"https:\/\/www.fumc.edu.co\/en\/investigacion\/la-investigacion-la-maria-cano\/#breadcrumb"},"inLanguage":"es","potentialAction":[{"@type":"ReadAction","target":["https:\/\/www.fumc.edu.co\/en\/investigacion\/la-investigacion-la-maria-cano\/"]}]},{"@type":"BreadcrumbList","@id":"https:\/\/www.fumc.edu.co\/en\/investigacion\/la-investigacion-la-maria-cano\/#breadcrumb","itemListElement":[{"@type":"ListItem","position":1,"name":"Portada","item":"https:\/\/www.fumc.edu.co\/en\/"},{"@type":"ListItem","position":2,"name":"Research","item":"https:\/\/www.fumc.edu.co\/en\/investigacion\/"},{"@type":"ListItem","position":3,"name":"RESEARCH AT MARIA CANO"}]}]}},"_links":{"self":[{"href":"https:\/\/www.fumc.edu.co\/en\/wp-json\/wp\/v2\/pages\/3516"}],"collection":[{"href":"https:\/\/www.fumc.edu.co\/en\/wp-json\/wp\/v2\/pages"}],"about":[{"href":"https:\/\/www.fumc.edu.co\/en\/wp-json\/wp\/v2\/types\/page"}],"author":[{"embeddable":true,"href":"https:\/\/www.fumc.edu.co\/en\/wp-json\/wp\/v2\/users\/1"}],"replies":[{"embeddable":true,"href":"https:\/\/www.fumc.edu.co\/en\/wp-json\/wp\/v2\/comments?post=3516"}],"version-history":[{"count":0,"href":"https:\/\/www.fumc.edu.co\/en\/wp-json\/wp\/v2\/pages\/3516\/revisions"}],"up":[{"embeddable":true,"href":"https:\/\/www.fumc.edu.co\/en\/wp-json\/wp\/v2\/pages\/3512"}],"wp:attachment":[{"href":"https:\/\/www.fumc.edu.co\/en\/wp-json\/wp\/v2\/media?parent=3516"}],"curies":[{"name":"wp","href":"https:\/\/api.w.org\/{rel}","templated":true}]}}