{"id":4212,"date":"2018-05-10T16:58:46","date_gmt":"2018-05-10T16:58:46","guid":{"rendered":"https:\/\/www.fumc.edu.co\/en\/?page_id=4212"},"modified":"2019-08-02T16:44:53","modified_gmt":"2019-08-02T16:44:53","slug":"bases-datos-libre-acceso","status":"publish","type":"page","link":"https:\/\/www.fumc.edu.co\/en\/biblioteca\/bases-datos-libre-acceso\/","title":{"rendered":"Free access databases"},"content":{"rendered":"<p>[vc_row full_width=\u00bbstretch_row\u00bb el_class=\u00bbwmenuaspirantes\u00bb][vc_column][vc_wp_custommenu nav_menu=\u00bb30&#8243;][\/vc_column][\/vc_row][vc_row full_width=\u00bbstretch_row_content_no_spaces\u00bb][vc_column][vc_single_image image=\u00bb4244&#8243; img_size=\u00bb\u00bb][\/vc_column][\/vc_row][vc_row][vc_column][vc_empty_space][\/vc_column][\/vc_row][vc_row][vc_column][vc_column_text]<\/p>\n<h2 style=\"text-align: center;\"><strong>Free access databases<\/strong><\/h2>\n<p>[\/vc_column_text][vc_empty_space][\/vc_column][\/vc_row][vc_row][vc_column width=\u00bb1\/6&#8243;][vc_gallery images=\u00bb4227&#8243; img_size=\u00bb\u00bb onclick=\u00bbcustom_link\u00bb custom_links_target=\u00bb_blank\u00bb custom_links=\u00bb#E-8_JTIwaHR0cCUzQSUyRiUyRnd3dy5ldG5hc3NvZnQuY29tJTJGYmlibGlvdGVjYSUyRg==\u00bb][vc_empty_space][\/vc_column][vc_column width=\u00bb3\/4&#8243;][vc_column_text]OPEN LIBRA<\/p>\n<p>OpenLibra is a project that publishes digital books with free licenses (Creative Commons), where authors allow materials to be used, reproduced and redistributed, to be read online through the Google Docs service or downloaded in PDF format.<\/p>\n<p>The objective of this project is to gather in one place the greatest amount of quality bibliographic resources, mostly written in Spanish, in computing, technical, scientific and related topics; You can find scientific documents, novels, manuals, essays, among others, divided by categories for a more effective search.<br \/>\n[\/vc_column_text][vc_empty_space][\/vc_column][\/vc_row][vc_row content_placement=\u00bbmiddle\u00bb][vc_column width=\u00bb1\/6&#8243;][vc_gallery images=\u00bb4213&#8243; img_size=\u00bb\u00bb onclick=\u00bbcustom_link\u00bb custom_links_target=\u00bb_blank\u00bb custom_links=\u00bb#E-8_aHR0cCUzQSUyRiUyRnd3dy5zY2llbG8uY2wlMkZzY2llbG8ucGhwJTNGc2NyaXB0JTNEc2NpX2FscGhhYmV0aWMlMjZsbmclM0RlcyUyNm5ybSUzRGlzbw==\u00bb][vc_empty_space][\/vc_column][vc_column width=\u00bb3\/4&#8243;][vc_column_text]SCIELO<\/p>\n<p>Collection of scientific journals in all areas of knowledge.[\/vc_column_text][vc_empty_space][\/vc_column][\/vc_row][vc_row content_placement=\u00bbmiddle\u00bb][vc_column width=\u00bb1\/6&#8243;][vc_gallery images=\u00bb4215&#8243; img_size=\u00bb\u00bb onclick=\u00bbcustom_link\u00bb custom_links_target=\u00bb_blank\u00bb custom_links=\u00bb#E-8_aHR0cHMlM0ElMkYlMkZsaW5rLnNwcmluZ2VyLmNvbSUyRg==\u00bb][vc_empty_space][\/vc_column][vc_column width=\u00bb3\/4&#8243;][vc_column_text]SPRINGER LINK<\/p>\n<p>Interactive database in the fields of science, technology, medicine publications, series of books, books, reference works and a complete compilation of files online.<\/p>\n<p>SpringerLink is a powerful access point for researchers and scientists.[\/vc_column_text][vc_empty_space][\/vc_column][\/vc_row][vc_row content_placement=\u00bbmiddle\u00bb][vc_column width=\u00bb1\/6&#8243;][vc_gallery images=\u00bb4216&#8243; img_size=\u00bb\u00bb onclick=\u00bbcustom_link\u00bb custom_links_target=\u00bb_blank\u00bb custom_links=\u00bb#E-8_aHR0cHMlM0ElMkYlMkZkaWFsbmV0LnVuaXJpb2phLmVzJTJG\u00bb][vc_empty_space][\/vc_column][vc_column width=\u00bb3\/4&#8243;][vc_column_text]DIALNET<\/p>\n<p>Multidisciplinary virtual periodicals library with predominant material in Spanish speech and with access to about 3,500 electronic publications and 35,000 articles in complete texts.[\/vc_column_text][vc_empty_space][\/vc_column][\/vc_row][vc_row content_placement=\u00bbmiddle\u00bb][vc_column width=\u00bb1\/6&#8243;][vc_gallery images=\u00bb4217&#8243; img_size=\u00bb\u00bb onclick=\u00bbcustom_link\u00bb custom_links_target=\u00bb_blank\u00bb custom_links=\u00bb#E-8_aHR0cCUzQSUyRiUyRnd3dy5iYW5yZXBjdWx0dXJhbC5vcmclMkZibGFhdmlydHVhbCUyRmluZGljZQ==\u00bb][vc_empty_space][\/vc_column][vc_column width=\u00bb3\/4&#8243;][vc_column_text]BANCO DE LA REPUBLICA<\/p>\n<p>It offers an online library that includes: 130,000 pages in full text through which you can read books, magazines, articles, visit interactive pages, listen to music, download videos, among many other things.[\/vc_column_text][vc_empty_space][\/vc_column][\/vc_row][vc_row content_placement=\u00bbmiddle\u00bb][vc_column width=\u00bb1\/6&#8243;][vc_gallery images=\u00bb4218&#8243; img_size=\u00bb\u00bb onclick=\u00bbcustom_link\u00bb custom_links_target=\u00bb_blank\u00bb custom_links=\u00bb#E-8_aHR0cCUzQSUyRiUyRnd3dy5pbmdlbnRhY29ubmVjdC5jb20lMkYlM0Jqc2Vzc2lvbmlkJTNEN2N1cGZmOWQ0cWMudmljdG9yaWE=\u00bb][vc_empty_space][\/vc_column][vc_column width=\u00bb3\/4&#8243;][vc_column_text]INGENTA OPEN<\/p>\n<p>Bibliographic database of free access with the largest number of records, extracted from 20,000 interdisciplinary journals.[\/vc_column_text][vc_empty_space][\/vc_column][\/vc_row][vc_row content_placement=\u00bbmiddle\u00bb][vc_column width=\u00bb1\/6&#8243;][vc_gallery images=\u00bb4219&#8243; img_size=\u00bb\u00bb onclick=\u00bbcustom_link\u00bb custom_links_target=\u00bb_blank\u00bb custom_links=\u00bb#E-8_aHR0cHMlM0ElMkYlMkZ3d3cubmNiaS5ubG0ubmloLmdvdiUyRnB1Ym1lZA==\u00bb][vc_empty_space][\/vc_column][vc_column width=\u00bb3\/4&#8243;][vc_column_text]PUB MED<\/p>\n<p>Service of the National Library of Medicine where you can find 15 million citations of articles[\/vc_column_text][vc_empty_space][\/vc_column][\/vc_row][vc_row content_placement=\u00bbmiddle\u00bb][vc_column width=\u00bb1\/6&#8243;][vc_gallery images=\u00bb4220&#8243; img_size=\u00bb\u00bb onclick=\u00bbcustom_link\u00bb custom_links_target=\u00bb_blank\u00bb custom_links=\u00bb#E-8_aHR0cCUzQSUyRiUyRmJ2c2FsdWQub3JnJTJG\u00bb][vc_empty_space][\/vc_column][vc_column width=\u00bb3\/4&#8243;][vc_column_text]BVS<\/p>\n<p>Database allows search from 1965 to date.[\/vc_column_text][vc_empty_space][\/vc_column][\/vc_row][vc_row content_placement=\u00bbmiddle\u00bb][vc_column width=\u00bb1\/6&#8243;][vc_gallery images=\u00bb4221&#8243; img_size=\u00bb\u00bb onclick=\u00bbcustom_link\u00bb custom_links_target=\u00bb_blank\u00bb custom_links=\u00bb#E-8_aHR0cCUzQSUyRiUyRnd3dy53aG8uaW50JTJGaGluYXJpJTJGZXMlMkY=\u00bb][vc_empty_space][\/vc_column][vc_column width=\u00bb3\/4&#8243;][vc_column_text]HEALTH INTERNETWORK<\/p>\n<p>It allows access to collections of journals in full text.[\/vc_column_text][vc_empty_space][\/vc_column][\/vc_row][vc_row content_placement=\u00bbmiddle\u00bb][vc_column width=\u00bb1\/6&#8243;][vc_gallery images=\u00bb4222&#8243; img_size=\u00bb\u00bb onclick=\u00bbcustom_link\u00bb custom_links_target=\u00bb_blank\u00bb custom_links=\u00bb#E-8_aHR0cCUzQSUyRiUyRmVzLmNvY2hyYW5lLm9yZyUyRmVz\u00bb][vc_empty_space][\/vc_column][vc_column width=\u00bb3\/4&#8243;][vc_column_text]COCHRANE<\/p>\n<p>Database that contains systematic reviews and other information to help in making diagnostic and therapeutic decisions. It is a reference source for those interested in evidence-based health care. It contains four main databases: systematic reviews, summaries of reviews on effectiveness, registration of controlled clinical trials and review methodology.[\/vc_column_text][vc_empty_space][\/vc_column][\/vc_row][vc_row content_placement=\u00bbmiddle\u00bb][vc_column width=\u00bb1\/6&#8243;][vc_gallery images=\u00bb4223&#8243; img_size=\u00bb\u00bb onclick=\u00bbcustom_link\u00bb custom_links_target=\u00bb_blank\u00bb custom_links=\u00bb#E-8_aHR0cCUzQSUyRiUyRmFkdWFuYXMuY2FtYXJhcy5vcmclMkY=\u00bb][vc_empty_space][\/vc_column][vc_column width=\u00bb3\/4&#8243;][vc_column_text]CAMARAS<\/p>\n<p>Database in Foreign Trade[\/vc_column_text][vc_empty_space][\/vc_column][\/vc_row][vc_row content_placement=\u00bbmiddle\u00bb][vc_column width=\u00bb1\/6&#8243;][vc_gallery images=\u00bb4225&#8243; img_size=\u00bb\u00bb onclick=\u00bbcustom_link\u00bb custom_links_target=\u00bb_blank\u00bb custom_links=\u00bb#E-8_aHR0cHMlM0ElMkYlMkZlcmljLmVkLmdvdiUyRg==\u00bb][vc_empty_space][\/vc_column][vc_column width=\u00bb3\/4&#8243;][vc_column_text]ERIC<\/p>\n<p>Digital library of information resources related to education, sponsored by the Institute of Education Sciences of the U.S. Department of Education. It consists of a bibliographic database, with access to full text articles and other educational materials, such as audio and video, with a coverage from 1966 to date.[\/vc_column_text][vc_empty_space][\/vc_column][\/vc_row][vc_row][vc_column width=\u00bb1\/6&#8243;][vc_gallery images=\u00bb7710&#8243; img_size=\u00bb\u00bb onclick=\u00bbcustom_link\u00bb custom_links_target=\u00bb_blank\u00bb custom_links=\u00bb#E-8_aHR0cHMlM0ElMkYlMkZ3d3cuc2NpbWFnb2pyLmNvbSUyRg==\u00bb][vc_empty_space][\/vc_column][vc_column width=\u00bb3\/4&#8243;][vc_column_text]SCIMAGO JOURNAL RANK SJR<\/p>\n<p>Indice bibliogr\u00e1fico mundial que incluye las revistas y los indicadores estos se utilizan para evaluar y analizar las publicaciones cient\u00edficas en 22.000 revistas y 239 pa\u00edses.[\/vc_column_text][vc_empty_space][\/vc_column][\/vc_row][vc_row][vc_column width=\u00bb1\/6&#8243;][vc_gallery images=\u00bb7712&#8243; img_size=\u00bb\u00bb onclick=\u00bbcustom_link\u00bb custom_links_target=\u00bb_blank\u00bb][vc_empty_space][\/vc_column][vc_column width=\u00bb3\/4&#8243;][vc_column_text]LATIN INDEX<\/p>\n<p>Es un \u00edndice bibliogr\u00e1fico regional de Informaci\u00f3n en L\u00ednea para revistas cient\u00edficas de Am\u00e9rica Latina, el Caribe, Espa\u00f1a y Portugal; incluye un total de 23 pa\u00edses y m\u00e1s de 24.000 revistas[\/vc_column_text][vc_empty_space][\/vc_column][\/vc_row][vc_row][vc_column width=\u00bb1\/6&#8243;][vc_gallery images=\u00bb7714&#8243; img_size=\u00bb\u00bb onclick=\u00bbcustom_link\u00bb custom_links_target=\u00bb_blank\u00bb][vc_empty_space][\/vc_column][vc_column width=\u00bb3\/4&#8243;][vc_column_text]PUBLINDEX (COLCIENCIAS)<\/p>\n<p>Es el \u00cdndice Bibliogr\u00e1fico Nacional est\u00e1 conformado por las Revistas Colombianas Especializadas en Ciencia, Tecnolog\u00eda e Innovaci\u00f3n -CTeI clasificadas en las categor\u00edas A1, A2, B y C, de acuerdo con el cumplimiento de criterios de evaluaci\u00f3n reconocidos internacionalmente para las publicaciones cient\u00edficas relacionadas con los procesos de: gesti\u00f3n editorial, evaluaci\u00f3n visibilidad e impacto.[\/vc_column_text][vc_empty_space][\/vc_column][\/vc_row][vc_row][vc_column][vc_column_text]<\/p>\n<h2 style=\"text-align: center;\">Databases in demonstration<\/h2>\n<p>[\/vc_column_text][vc_empty_space][vc_row_inner][vc_column_inner width=\u00bb1\/6&#8243;][vc_gallery images=\u00bb4230&#8243; img_size=\u00bb\u00bb onclick=\u00bbcustom_link\u00bb custom_links=\u00bb#E-8_aHR0cHMlM0ElMkYlMkZhY2Nlc3NwaHlzaW90aGVyYXB5Lm1obWVkaWNhbC5jb20lMkY=\u00bb][\/vc_column_inner][vc_column_inner width=\u00bb3\/4&#8243;][vc_column_text]Access Physiotherapy: The Mar\u00eda Cano University Foundation Library makes it available to all the university community the ACCESS PHYSIOTHERAPY database of the Mc Graw-Hill Publishing House as a form of Demonstration.<\/p>\n<p>Access Physiotherapy is a comprehensive online resource that contains a wide collection in the physiotherapy area; its content is current, including textbooks, multimedia, cases, an interactive tool for the dissection of corpses, among others.<br \/>\nIt is a comprehensive online education resource for students, teachers and practitioners<br \/>\nThis resource is accessible from any device.<\/p>\n<p>Upon accessing, the following credentials will be requested:<br \/>\nUser: fumc<br \/>\nPassword: Medicine2018<\/p>\n<p>We invite the community to evaluate this resource and make use of it from April 25 to May 25.<br \/>\nPlease send your comments on the relevance of this resource to:<br \/>\ngloria.cordoba@fumc.edu.co<br \/>\n[\/vc_column_text][\/vc_column_inner][\/vc_row_inner][vc_empty_space][\/vc_column][\/vc_row][vc_row][vc_column][vc_column_text]<\/p>\n<h2 style=\"text-align: center;\">Bibliographical References Manager.<\/h2>\n<p>[\/vc_column_text][vc_empty_space][vc_row_inner][vc_column_inner width=\u00bb1\/6&#8243;][vc_gallery images=\u00bb4229&#8243; img_size=\u00bb\u00bb onclick=\u00bbcustom_link\u00bb custom_links=\u00bb#E-8_JTIwaHR0cHMlM0ElMkYlMkZ3d3cuem90ZXJvLm9yZyUyRiUyQyUyQyUyMA==\u00bb][vc_empty_space][\/vc_column_inner][vc_column_inner width=\u00bb3\/4&#8243;][vc_column_text]Zotero is a free access manager or bibliographic reference, which works as an extension of the Firefox browser. It allows users to create their own database (library) where you can: save, manage, search, organize and quote sources of all kinds.<\/p>\n<p>Installation and use guides:<\/p>\n<p><a href=\"https:\/\/www.zotero.org\/support\/es\/guia_rapida_de_inicio\">https:\/\/www.zotero.org\/support\/es\/guia_rapida_de_inicio<\/a><br \/>\n<a href=\"http:\/\/www.uprm.edu\/library\/docs\/tutorias\/zotero_guia4taEd.pdf\">http:\/\/www.uprm.edu\/library\/docs\/tutorias\/zotero_guia4taEd.pdf<\/a>[\/vc_column_text][vc_empty_space][\/vc_column_inner][\/vc_row_inner][\/vc_column][\/vc_row]<\/p>\n","protected":false},"excerpt":{"rendered":"<p>[vc_row full_width=\u00bbstretch_row\u00bb el_class=\u00bbwmenuaspirantes\u00bb][vc_column][vc_wp_custommenu nav_menu=\u00bb30&#8243;][\/vc_column][\/vc_row][vc_row full_width=\u00bbstretch_row_content_no_spaces\u00bb][vc_column][vc_single_image image=\u00bb4244&#8243; img_size=\u00bb\u00bb][\/vc_column][\/vc_row][vc_row][vc_column][vc_empty_space][\/vc_column][\/vc_row][vc_row][vc_column][vc_column_text] Free access databases [\/vc_column_text][vc_empty_space][\/vc_column][\/vc_row][vc_row][vc_column width=\u00bb1\/6&#8243;][vc_gallery images=\u00bb4227&#8243; img_size=\u00bb\u00bb onclick=\u00bbcustom_link\u00bb custom_links_target=\u00bb_blank\u00bb custom_links=\u00bb#E-8_JTIwaHR0cCUzQSUyRiUyRnd3dy5ldG5hc3NvZnQuY29tJTJGYmlibGlvdGVjYSUyRg==\u00bb][vc_empty_space][\/vc_column][vc_column width=\u00bb3\/4&#8243;][vc_column_text]OPEN LIBRA OpenLibra is a project that publishes digital books with free licenses (Creative Commons), where authors allow materials to be used, reproduced and redistributed, to be read online through the Google Docs service or downloaded in PDF [&hellip;]<\/p>\n","protected":false},"author":1,"featured_media":0,"parent":1988,"menu_order":0,"comment_status":"closed","ping_status":"closed","template":"","meta":{"footnotes":""},"yoast_head":"<!-- This site is optimized with the Yoast SEO plugin v18.4.1 - https:\/\/yoast.com\/wordpress\/plugins\/seo\/ -->\n<title>Free access databases - Maria Cano - en<\/title>\n<meta name=\"robots\" content=\"index, follow, max-snippet:-1, max-image-preview:large, max-video-preview:-1\" \/>\n<link rel=\"canonical\" href=\"https:\/\/www.fumc.edu.co\/en\/biblioteca\/bases-datos-libre-acceso\/\" \/>\n<meta property=\"og:locale\" content=\"es_ES\" \/>\n<meta property=\"og:type\" content=\"article\" \/>\n<meta property=\"og:title\" content=\"Free access databases - Maria Cano - en\" \/>\n<meta property=\"og:description\" content=\"[vc_row full_width=\u00bbstretch_row\u00bb el_class=\u00bbwmenuaspirantes\u00bb][vc_column][vc_wp_custommenu nav_menu=\u00bb30&#8243;][\/vc_column][\/vc_row][vc_row full_width=\u00bbstretch_row_content_no_spaces\u00bb][vc_column][vc_single_image image=\u00bb4244&#8243; img_size=\u00bb\u00bb][\/vc_column][\/vc_row][vc_row][vc_column][vc_empty_space][\/vc_column][\/vc_row][vc_row][vc_column][vc_column_text] Free access databases [\/vc_column_text][vc_empty_space][\/vc_column][\/vc_row][vc_row][vc_column width=\u00bb1\/6&#8243;][vc_gallery images=\u00bb4227&#8243; img_size=\u00bb\u00bb onclick=\u00bbcustom_link\u00bb custom_links_target=\u00bb_blank\u00bb custom_links=\u00bb#E-8_JTIwaHR0cCUzQSUyRiUyRnd3dy5ldG5hc3NvZnQuY29tJTJGYmlibGlvdGVjYSUyRg==\u00bb][vc_empty_space][\/vc_column][vc_column width=\u00bb3\/4&#8243;][vc_column_text]OPEN LIBRA OpenLibra is a project that publishes digital books with free licenses (Creative Commons), where authors allow materials to be used, reproduced and redistributed, to be read online through the Google Docs service or downloaded in PDF [&hellip;]\" \/>\n<meta property=\"og:url\" content=\"https:\/\/www.fumc.edu.co\/en\/biblioteca\/bases-datos-libre-acceso\/\" \/>\n<meta property=\"og:site_name\" content=\"Maria Cano - en\" \/>\n<meta property=\"article:modified_time\" content=\"2019-08-02T16:44:53+00:00\" \/>\n<meta name=\"twitter:card\" content=\"summary\" \/>\n<meta name=\"twitter:label1\" content=\"Tiempo de lectura\" \/>\n\t<meta name=\"twitter:data1\" content=\"8 minutos\" \/>\n<script type=\"application\/ld+json\" class=\"yoast-schema-graph\">{\"@context\":\"https:\/\/schema.org\",\"@graph\":[{\"@type\":\"WebSite\",\"@id\":\"https:\/\/www.fumc.edu.co\/en\/#website\",\"url\":\"https:\/\/www.fumc.edu.co\/en\/\",\"name\":\"Maria Cano - en\",\"description\":\"Otro sitio realizado con WordPress\",\"potentialAction\":[{\"@type\":\"SearchAction\",\"target\":{\"@type\":\"EntryPoint\",\"urlTemplate\":\"https:\/\/www.fumc.edu.co\/en\/?s={search_term_string}\"},\"query-input\":\"required name=search_term_string\"}],\"inLanguage\":\"es\"},{\"@type\":\"WebPage\",\"@id\":\"https:\/\/www.fumc.edu.co\/en\/biblioteca\/bases-datos-libre-acceso\/#webpage\",\"url\":\"https:\/\/www.fumc.edu.co\/en\/biblioteca\/bases-datos-libre-acceso\/\",\"name\":\"Free access databases - Maria Cano - en\",\"isPartOf\":{\"@id\":\"https:\/\/www.fumc.edu.co\/en\/#website\"},\"datePublished\":\"2018-05-10T16:58:46+00:00\",\"dateModified\":\"2019-08-02T16:44:53+00:00\",\"breadcrumb\":{\"@id\":\"https:\/\/www.fumc.edu.co\/en\/biblioteca\/bases-datos-libre-acceso\/#breadcrumb\"},\"inLanguage\":\"es\",\"potentialAction\":[{\"@type\":\"ReadAction\",\"target\":[\"https:\/\/www.fumc.edu.co\/en\/biblioteca\/bases-datos-libre-acceso\/\"]}]},{\"@type\":\"BreadcrumbList\",\"@id\":\"https:\/\/www.fumc.edu.co\/en\/biblioteca\/bases-datos-libre-acceso\/#breadcrumb\",\"itemListElement\":[{\"@type\":\"ListItem\",\"position\":1,\"name\":\"Portada\",\"item\":\"https:\/\/www.fumc.edu.co\/en\/\"},{\"@type\":\"ListItem\",\"position\":2,\"name\":\"Library\",\"item\":\"https:\/\/www.fumc.edu.co\/en\/biblioteca\/\"},{\"@type\":\"ListItem\",\"position\":3,\"name\":\"Free access databases\"}]}]}<\/script>\n<!-- \/ Yoast SEO plugin. -->","yoast_head_json":{"title":"Free access databases - Maria Cano - en","robots":{"index":"index","follow":"follow","max-snippet":"max-snippet:-1","max-image-preview":"max-image-preview:large","max-video-preview":"max-video-preview:-1"},"canonical":"https:\/\/www.fumc.edu.co\/en\/biblioteca\/bases-datos-libre-acceso\/","og_locale":"es_ES","og_type":"article","og_title":"Free access databases - Maria Cano - en","og_description":"[vc_row full_width=\u00bbstretch_row\u00bb el_class=\u00bbwmenuaspirantes\u00bb][vc_column][vc_wp_custommenu nav_menu=\u00bb30&#8243;][\/vc_column][\/vc_row][vc_row full_width=\u00bbstretch_row_content_no_spaces\u00bb][vc_column][vc_single_image image=\u00bb4244&#8243; img_size=\u00bb\u00bb][\/vc_column][\/vc_row][vc_row][vc_column][vc_empty_space][\/vc_column][\/vc_row][vc_row][vc_column][vc_column_text] Free access databases [\/vc_column_text][vc_empty_space][\/vc_column][\/vc_row][vc_row][vc_column width=\u00bb1\/6&#8243;][vc_gallery images=\u00bb4227&#8243; img_size=\u00bb\u00bb onclick=\u00bbcustom_link\u00bb custom_links_target=\u00bb_blank\u00bb custom_links=\u00bb#E-8_JTIwaHR0cCUzQSUyRiUyRnd3dy5ldG5hc3NvZnQuY29tJTJGYmlibGlvdGVjYSUyRg==\u00bb][vc_empty_space][\/vc_column][vc_column width=\u00bb3\/4&#8243;][vc_column_text]OPEN LIBRA OpenLibra is a project that publishes digital books with free licenses (Creative Commons), where authors allow materials to be used, reproduced and redistributed, to be read online through the Google Docs service or downloaded in PDF [&hellip;]","og_url":"https:\/\/www.fumc.edu.co\/en\/biblioteca\/bases-datos-libre-acceso\/","og_site_name":"Maria Cano - en","article_modified_time":"2019-08-02T16:44:53+00:00","twitter_card":"summary","twitter_misc":{"Tiempo de lectura":"8 minutos"},"schema":{"@context":"https:\/\/schema.org","@graph":[{"@type":"WebSite","@id":"https:\/\/www.fumc.edu.co\/en\/#website","url":"https:\/\/www.fumc.edu.co\/en\/","name":"Maria Cano - en","description":"Otro sitio realizado con WordPress","potentialAction":[{"@type":"SearchAction","target":{"@type":"EntryPoint","urlTemplate":"https:\/\/www.fumc.edu.co\/en\/?s={search_term_string}"},"query-input":"required name=search_term_string"}],"inLanguage":"es"},{"@type":"WebPage","@id":"https:\/\/www.fumc.edu.co\/en\/biblioteca\/bases-datos-libre-acceso\/#webpage","url":"https:\/\/www.fumc.edu.co\/en\/biblioteca\/bases-datos-libre-acceso\/","name":"Free access databases - Maria Cano - en","isPartOf":{"@id":"https:\/\/www.fumc.edu.co\/en\/#website"},"datePublished":"2018-05-10T16:58:46+00:00","dateModified":"2019-08-02T16:44:53+00:00","breadcrumb":{"@id":"https:\/\/www.fumc.edu.co\/en\/biblioteca\/bases-datos-libre-acceso\/#breadcrumb"},"inLanguage":"es","potentialAction":[{"@type":"ReadAction","target":["https:\/\/www.fumc.edu.co\/en\/biblioteca\/bases-datos-libre-acceso\/"]}]},{"@type":"BreadcrumbList","@id":"https:\/\/www.fumc.edu.co\/en\/biblioteca\/bases-datos-libre-acceso\/#breadcrumb","itemListElement":[{"@type":"ListItem","position":1,"name":"Portada","item":"https:\/\/www.fumc.edu.co\/en\/"},{"@type":"ListItem","position":2,"name":"Library","item":"https:\/\/www.fumc.edu.co\/en\/biblioteca\/"},{"@type":"ListItem","position":3,"name":"Free access databases"}]}]}},"_links":{"self":[{"href":"https:\/\/www.fumc.edu.co\/en\/wp-json\/wp\/v2\/pages\/4212"}],"collection":[{"href":"https:\/\/www.fumc.edu.co\/en\/wp-json\/wp\/v2\/pages"}],"about":[{"href":"https:\/\/www.fumc.edu.co\/en\/wp-json\/wp\/v2\/types\/page"}],"author":[{"embeddable":true,"href":"https:\/\/www.fumc.edu.co\/en\/wp-json\/wp\/v2\/users\/1"}],"replies":[{"embeddable":true,"href":"https:\/\/www.fumc.edu.co\/en\/wp-json\/wp\/v2\/comments?post=4212"}],"version-history":[{"count":0,"href":"https:\/\/www.fumc.edu.co\/en\/wp-json\/wp\/v2\/pages\/4212\/revisions"}],"up":[{"embeddable":true,"href":"https:\/\/www.fumc.edu.co\/en\/wp-json\/wp\/v2\/pages\/1988"}],"wp:attachment":[{"href":"https:\/\/www.fumc.edu.co\/en\/wp-json\/wp\/v2\/media?parent=4212"}],"curies":[{"name":"wp","href":"https:\/\/api.w.org\/{rel}","templated":true}]}}