{"id":4714,"date":"2018-07-17T14:39:40","date_gmt":"2018-07-17T14:39:40","guid":{"rendered":"https:\/\/www.fumc.edu.co\/en\/?page_id=4714"},"modified":"2019-01-24T21:20:48","modified_gmt":"2019-01-24T21:20:48","slug":"induccion-estudiantes-2019-1","status":"publish","type":"page","link":"https:\/\/www.fumc.edu.co\/en\/induccion-estudiantes-2019-1\/","title":{"rendered":"Induccion estudiantes 20191"},"content":{"rendered":"<p>[vc_row full_width=\u00bbstretch_row_content_no_spaces\u00bb][vc_column][vc_single_image image=\u00bb6146&#8243; img_size=\u00bbfull\u00bb][\/vc_column][\/vc_row][vc_row][vc_column][vc_empty_space][\/vc_column][\/vc_row][vc_row][vc_column width=\u00bb1\/2&#8243;][vc_tta_accordion active_section=\u00bb1&#8243; el_class=\u00bbwaccordion\u00bb][vc_tta_section title=\u00bbInducci\u00f3n estudiantes presenciales &#8211; virtuales\u00bb tab_id=\u00bb1548184345699-4f6c9d33-5682&#8243;][vc_single_image image=\u00bb6147&#8243; img_size=\u00bbfull\u00bb onclick=\u00bblink_image\u00bb][vc_empty_space][vc_row_inner][vc_column_inner width=\u00bb1\/2&#8243;][vc_btn title=\u00bbProgramaci\u00f3n de Inducci\u00f3n estudiantes de la Facultad de Ciencias Salud &#8211; sede Medell\u00edn\u00bb style=\u00bboutline\u00bb color=\u00bbmariacanob\u00bb i_icon_fontawesome=\u00bbfa-icon-stm_icon_book_stack\u00bb css_animation=\u00bbslideInDown\u00bb add_icon=\u00bbtrue\u00bb link=\u00bburl:%2Fdocumentos%2Fadmisiones%2FAgenda_induccion_estudiantes_medellin_salud_2019_I.pdf||target:%20_blank|\u00bb][\/vc_column_inner][vc_column_inner width=\u00bb1\/2&#8243;][vc_btn title=\u00bb Programaci\u00f3n de Inducci\u00f3n estudiantes de Facultad Ciencias Empresariales e Ingenier\u00eda\u00bb color=\u00bbmariacanob\u00bb i_icon_fontawesome=\u00bbfa fa-eye-slash\u00bb css_animation=\u00bbslideInDown\u00bb add_icon=\u00bbtrue\u00bb link=\u00bburl:%2Fdocumentos%2Fadmisiones%2FAgenda_induccion_estudiantes_medellin_empresariales_ingenieria_2019_I.pdf||target:%20_blank|\u00bb][\/vc_column_inner][\/vc_row_inner][vc_row_inner][vc_column_inner width=\u00bb1\/2&#8243;][vc_btn title=\u00bbProgramaci\u00f3n de Inducci\u00f3n estudiantes sedes Cali &#8211; Neiva y Popay\u00e1n\u00bb color=\u00bbmariacanob\u00bb i_icon_fontawesome=\u00bbfa-icon-stm_icon_doc_edit\u00bb css_animation=\u00bbslideInDown\u00bb add_icon=\u00bbtrue\u00bb link=\u00bburl:%2Fdocumentos%2Fadmisiones%2FAgenda_induccion_estudiantes_sedes_2019_I.pdf||target:%20_blank|\u00bb][\/vc_column_inner][vc_column_inner width=\u00bb1\/2&#8243;][vc_btn title=\u00bbProgramaci\u00f3n de Inducci\u00f3n estudiantes de programas virtuales\u00bb color=\u00bbmariacanob\u00bb align=\u00bbleft\u00bb i_icon_fontawesome=\u00bbfa-icon-stm_icon_seo_monitoring\u00bb css_animation=\u00bbslideInDown\u00bb add_icon=\u00bbtrue\u00bb link=\u00bburl:%2Fdocumentos%2Fadmisiones%2FAgenda_induccion_estudiantes_virtualidad_2019_I.pdf||target:%20_blank|\u00bb][\/vc_column_inner][\/vc_row_inner][vc_empty_space][\/vc_tta_section][\/vc_tta_accordion][\/vc_column][vc_column width=\u00bb1\/2&#8243;][vc_tta_accordion active_section=\u00bb1&#8243; el_class=\u00bbwaccordion\u00bb][vc_tta_section title=\u00bbInducci\u00f3n profesores Medell\u00edn, Cali, Neiva y Popay\u00e1n\u00bb tab_id=\u00bb1519134692145-f7da5151-2d8b\u00bb][vc_single_image image=\u00bb6148&#8243; img_size=\u00bbfull\u00bb][vc_empty_space][vc_row_inner][vc_column_inner width=\u00bb1\/2&#8243;][vc_btn title=\u00bbProgramaci\u00f3n de Inducci\u00f3n Profesores &#8211; Medell\u00edn\u00bb color=\u00bbmariacanob\u00bb i_icon_fontawesome=\u00bbfa-icon-stm_icon_book_stack\u00bb css_animation=\u00bbslideInDown\u00bb add_icon=\u00bbtrue\u00bb link=\u00bburl:%2Fdocumentos%2Fadmisiones%2FAgenda_induccion_profesores_medellin_2019_I.pdf||target:%20_blank|\u00bb][\/vc_column_inner][vc_column_inner width=\u00bb1\/2&#8243;][vc_btn title=\u00bb Programaci\u00f3n de Inducci\u00f3n Profesores &#8211; Sedes\u00bb color=\u00bbmariacanob\u00bb i_icon_fontawesome=\u00bbfa fa-eye-slash\u00bb css_animation=\u00bbslideInDown\u00bb add_icon=\u00bbtrue\u00bb link=\u00bburl:%2Fdocumentos%2Fadmisiones%2FAgenda_induccion_profesores_sedes_2019_I.pdf||target:%20_blank|\u00bb][\/vc_column_inner][\/vc_row_inner][vc_empty_space][\/vc_tta_section][\/vc_tta_accordion][\/vc_column][\/vc_row]<\/p>\n","protected":false},"excerpt":{"rendered":"<p>[vc_row full_width=\u00bbstretch_row_content_no_spaces\u00bb][vc_column][vc_single_image image=\u00bb6146&#8243; img_size=\u00bbfull\u00bb][\/vc_column][\/vc_row][vc_row][vc_column][vc_empty_space][\/vc_column][\/vc_row][vc_row][vc_column width=\u00bb1\/2&#8243;][vc_tta_accordion active_section=\u00bb1&#8243; el_class=\u00bbwaccordion\u00bb][vc_tta_section title=\u00bbInducci\u00f3n estudiantes presenciales &#8211; virtuales\u00bb tab_id=\u00bb1548184345699-4f6c9d33-5682&#8243;][vc_single_image image=\u00bb6147&#8243; img_size=\u00bbfull\u00bb onclick=\u00bblink_image\u00bb][vc_empty_space][vc_row_inner][vc_column_inner width=\u00bb1\/2&#8243;][vc_btn title=\u00bbProgramaci\u00f3n de Inducci\u00f3n estudiantes de la Facultad de Ciencias Salud &#8211; sede Medell\u00edn\u00bb style=\u00bboutline\u00bb color=\u00bbmariacanob\u00bb i_icon_fontawesome=\u00bbfa-icon-stm_icon_book_stack\u00bb css_animation=\u00bbslideInDown\u00bb add_icon=\u00bbtrue\u00bb link=\u00bburl:%2Fdocumentos%2Fadmisiones%2FAgenda_induccion_estudiantes_medellin_salud_2019_I.pdf||target:%20_blank|\u00bb][\/vc_column_inner][vc_column_inner width=\u00bb1\/2&#8243;][vc_btn title=\u00bb Programaci\u00f3n de Inducci\u00f3n estudiantes de Facultad Ciencias Empresariales e Ingenier\u00eda\u00bb color=\u00bbmariacanob\u00bb i_icon_fontawesome=\u00bbfa fa-eye-slash\u00bb css_animation=\u00bbslideInDown\u00bb add_icon=\u00bbtrue\u00bb link=\u00bburl:%2Fdocumentos%2Fadmisiones%2FAgenda_induccion_estudiantes_medellin_empresariales_ingenieria_2019_I.pdf||target:%20_blank|\u00bb][\/vc_column_inner][\/vc_row_inner][vc_row_inner][vc_column_inner width=\u00bb1\/2&#8243;][vc_btn [&hellip;]<\/p>\n","protected":false},"author":5,"featured_media":0,"parent":0,"menu_order":0,"comment_status":"closed","ping_status":"closed","template":"","meta":{"footnotes":""},"yoast_head":"<!-- This site is optimized with the Yoast SEO plugin v18.4.1 - https:\/\/yoast.com\/wordpress\/plugins\/seo\/ -->\n<title>Induccion estudiantes 20191 - Maria Cano - en<\/title>\n<meta name=\"robots\" content=\"index, follow, max-snippet:-1, max-image-preview:large, max-video-preview:-1\" \/>\n<link rel=\"canonical\" href=\"https:\/\/www.fumc.edu.co\/en\/induccion-estudiantes-2019-1\/\" \/>\n<meta property=\"og:locale\" content=\"es_ES\" \/>\n<meta property=\"og:type\" content=\"article\" \/>\n<meta property=\"og:title\" content=\"Induccion estudiantes 20191 - Maria Cano - en\" \/>\n<meta property=\"og:description\" content=\"[vc_row full_width=\u00bbstretch_row_content_no_spaces\u00bb][vc_column][vc_single_image image=\u00bb6146&#8243; img_size=\u00bbfull\u00bb][\/vc_column][\/vc_row][vc_row][vc_column][vc_empty_space][\/vc_column][\/vc_row][vc_row][vc_column width=\u00bb1\/2&#8243;][vc_tta_accordion active_section=\u00bb1&#8243; el_class=\u00bbwaccordion\u00bb][vc_tta_section title=\u00bbInducci\u00f3n estudiantes presenciales &#8211; virtuales\u00bb tab_id=\u00bb1548184345699-4f6c9d33-5682&#8243;][vc_single_image image=\u00bb6147&#8243; img_size=\u00bbfull\u00bb onclick=\u00bblink_image\u00bb][vc_empty_space][vc_row_inner][vc_column_inner width=\u00bb1\/2&#8243;][vc_btn title=\u00bbProgramaci\u00f3n de Inducci\u00f3n estudiantes de la Facultad de Ciencias Salud &#8211; sede Medell\u00edn\u00bb style=\u00bboutline\u00bb color=\u00bbmariacanob\u00bb i_icon_fontawesome=\u00bbfa-icon-stm_icon_book_stack\u00bb css_animation=\u00bbslideInDown\u00bb add_icon=\u00bbtrue\u00bb link=\u00bburl:%2Fdocumentos%2Fadmisiones%2FAgenda_induccion_estudiantes_medellin_salud_2019_I.pdf||target:%20_blank|\u00bb][\/vc_column_inner][vc_column_inner width=\u00bb1\/2&#8243;][vc_btn title=\u00bb Programaci\u00f3n de Inducci\u00f3n estudiantes de Facultad Ciencias Empresariales e Ingenier\u00eda\u00bb color=\u00bbmariacanob\u00bb i_icon_fontawesome=\u00bbfa fa-eye-slash\u00bb css_animation=\u00bbslideInDown\u00bb add_icon=\u00bbtrue\u00bb link=\u00bburl:%2Fdocumentos%2Fadmisiones%2FAgenda_induccion_estudiantes_medellin_empresariales_ingenieria_2019_I.pdf||target:%20_blank|\u00bb][\/vc_column_inner][\/vc_row_inner][vc_row_inner][vc_column_inner width=\u00bb1\/2&#8243;][vc_btn [&hellip;]\" \/>\n<meta property=\"og:url\" content=\"https:\/\/www.fumc.edu.co\/en\/induccion-estudiantes-2019-1\/\" \/>\n<meta property=\"og:site_name\" content=\"Maria Cano - en\" \/>\n<meta property=\"article:modified_time\" content=\"2019-01-24T21:20:48+00:00\" \/>\n<meta name=\"twitter:card\" content=\"summary\" \/>\n<meta name=\"twitter:label1\" content=\"Tiempo de lectura\" \/>\n\t<meta name=\"twitter:data1\" content=\"2 minutos\" \/>\n<script type=\"application\/ld+json\" class=\"yoast-schema-graph\">{\"@context\":\"https:\/\/schema.org\",\"@graph\":[{\"@type\":\"WebSite\",\"@id\":\"https:\/\/www.fumc.edu.co\/en\/#website\",\"url\":\"https:\/\/www.fumc.edu.co\/en\/\",\"name\":\"Maria Cano - en\",\"description\":\"Otro sitio realizado con WordPress\",\"potentialAction\":[{\"@type\":\"SearchAction\",\"target\":{\"@type\":\"EntryPoint\",\"urlTemplate\":\"https:\/\/www.fumc.edu.co\/en\/?s={search_term_string}\"},\"query-input\":\"required name=search_term_string\"}],\"inLanguage\":\"es\"},{\"@type\":\"WebPage\",\"@id\":\"https:\/\/www.fumc.edu.co\/en\/induccion-estudiantes-2019-1\/#webpage\",\"url\":\"https:\/\/www.fumc.edu.co\/en\/induccion-estudiantes-2019-1\/\",\"name\":\"Induccion estudiantes 20191 - Maria Cano - en\",\"isPartOf\":{\"@id\":\"https:\/\/www.fumc.edu.co\/en\/#website\"},\"datePublished\":\"2018-07-17T14:39:40+00:00\",\"dateModified\":\"2019-01-24T21:20:48+00:00\",\"breadcrumb\":{\"@id\":\"https:\/\/www.fumc.edu.co\/en\/induccion-estudiantes-2019-1\/#breadcrumb\"},\"inLanguage\":\"es\",\"potentialAction\":[{\"@type\":\"ReadAction\",\"target\":[\"https:\/\/www.fumc.edu.co\/en\/induccion-estudiantes-2019-1\/\"]}]},{\"@type\":\"BreadcrumbList\",\"@id\":\"https:\/\/www.fumc.edu.co\/en\/induccion-estudiantes-2019-1\/#breadcrumb\",\"itemListElement\":[{\"@type\":\"ListItem\",\"position\":1,\"name\":\"Portada\",\"item\":\"https:\/\/www.fumc.edu.co\/en\/\"},{\"@type\":\"ListItem\",\"position\":2,\"name\":\"Induccion estudiantes 20191\"}]}]}<\/script>\n<!-- \/ Yoast SEO plugin. -->","yoast_head_json":{"title":"Induccion estudiantes 20191 - Maria Cano - en","robots":{"index":"index","follow":"follow","max-snippet":"max-snippet:-1","max-image-preview":"max-image-preview:large","max-video-preview":"max-video-preview:-1"},"canonical":"https:\/\/www.fumc.edu.co\/en\/induccion-estudiantes-2019-1\/","og_locale":"es_ES","og_type":"article","og_title":"Induccion estudiantes 20191 - Maria Cano - en","og_description":"[vc_row full_width=\u00bbstretch_row_content_no_spaces\u00bb][vc_column][vc_single_image image=\u00bb6146&#8243; img_size=\u00bbfull\u00bb][\/vc_column][\/vc_row][vc_row][vc_column][vc_empty_space][\/vc_column][\/vc_row][vc_row][vc_column width=\u00bb1\/2&#8243;][vc_tta_accordion active_section=\u00bb1&#8243; el_class=\u00bbwaccordion\u00bb][vc_tta_section title=\u00bbInducci\u00f3n estudiantes presenciales &#8211; virtuales\u00bb tab_id=\u00bb1548184345699-4f6c9d33-5682&#8243;][vc_single_image image=\u00bb6147&#8243; img_size=\u00bbfull\u00bb onclick=\u00bblink_image\u00bb][vc_empty_space][vc_row_inner][vc_column_inner width=\u00bb1\/2&#8243;][vc_btn title=\u00bbProgramaci\u00f3n de Inducci\u00f3n estudiantes de la Facultad de Ciencias Salud &#8211; sede Medell\u00edn\u00bb style=\u00bboutline\u00bb color=\u00bbmariacanob\u00bb i_icon_fontawesome=\u00bbfa-icon-stm_icon_book_stack\u00bb css_animation=\u00bbslideInDown\u00bb add_icon=\u00bbtrue\u00bb link=\u00bburl:%2Fdocumentos%2Fadmisiones%2FAgenda_induccion_estudiantes_medellin_salud_2019_I.pdf||target:%20_blank|\u00bb][\/vc_column_inner][vc_column_inner width=\u00bb1\/2&#8243;][vc_btn title=\u00bb Programaci\u00f3n de Inducci\u00f3n estudiantes de Facultad Ciencias Empresariales e Ingenier\u00eda\u00bb color=\u00bbmariacanob\u00bb i_icon_fontawesome=\u00bbfa fa-eye-slash\u00bb css_animation=\u00bbslideInDown\u00bb add_icon=\u00bbtrue\u00bb link=\u00bburl:%2Fdocumentos%2Fadmisiones%2FAgenda_induccion_estudiantes_medellin_empresariales_ingenieria_2019_I.pdf||target:%20_blank|\u00bb][\/vc_column_inner][\/vc_row_inner][vc_row_inner][vc_column_inner width=\u00bb1\/2&#8243;][vc_btn [&hellip;]","og_url":"https:\/\/www.fumc.edu.co\/en\/induccion-estudiantes-2019-1\/","og_site_name":"Maria Cano - en","article_modified_time":"2019-01-24T21:20:48+00:00","twitter_card":"summary","twitter_misc":{"Tiempo de lectura":"2 minutos"},"schema":{"@context":"https:\/\/schema.org","@graph":[{"@type":"WebSite","@id":"https:\/\/www.fumc.edu.co\/en\/#website","url":"https:\/\/www.fumc.edu.co\/en\/","name":"Maria Cano - en","description":"Otro sitio realizado con WordPress","potentialAction":[{"@type":"SearchAction","target":{"@type":"EntryPoint","urlTemplate":"https:\/\/www.fumc.edu.co\/en\/?s={search_term_string}"},"query-input":"required name=search_term_string"}],"inLanguage":"es"},{"@type":"WebPage","@id":"https:\/\/www.fumc.edu.co\/en\/induccion-estudiantes-2019-1\/#webpage","url":"https:\/\/www.fumc.edu.co\/en\/induccion-estudiantes-2019-1\/","name":"Induccion estudiantes 20191 - Maria Cano - en","isPartOf":{"@id":"https:\/\/www.fumc.edu.co\/en\/#website"},"datePublished":"2018-07-17T14:39:40+00:00","dateModified":"2019-01-24T21:20:48+00:00","breadcrumb":{"@id":"https:\/\/www.fumc.edu.co\/en\/induccion-estudiantes-2019-1\/#breadcrumb"},"inLanguage":"es","potentialAction":[{"@type":"ReadAction","target":["https:\/\/www.fumc.edu.co\/en\/induccion-estudiantes-2019-1\/"]}]},{"@type":"BreadcrumbList","@id":"https:\/\/www.fumc.edu.co\/en\/induccion-estudiantes-2019-1\/#breadcrumb","itemListElement":[{"@type":"ListItem","position":1,"name":"Portada","item":"https:\/\/www.fumc.edu.co\/en\/"},{"@type":"ListItem","position":2,"name":"Induccion estudiantes 20191"}]}]}},"_links":{"self":[{"href":"https:\/\/www.fumc.edu.co\/en\/wp-json\/wp\/v2\/pages\/4714"}],"collection":[{"href":"https:\/\/www.fumc.edu.co\/en\/wp-json\/wp\/v2\/pages"}],"about":[{"href":"https:\/\/www.fumc.edu.co\/en\/wp-json\/wp\/v2\/types\/page"}],"author":[{"embeddable":true,"href":"https:\/\/www.fumc.edu.co\/en\/wp-json\/wp\/v2\/users\/5"}],"replies":[{"embeddable":true,"href":"https:\/\/www.fumc.edu.co\/en\/wp-json\/wp\/v2\/comments?post=4714"}],"version-history":[{"count":0,"href":"https:\/\/www.fumc.edu.co\/en\/wp-json\/wp\/v2\/pages\/4714\/revisions"}],"wp:attachment":[{"href":"https:\/\/www.fumc.edu.co\/en\/wp-json\/wp\/v2\/media?parent=4714"}],"curies":[{"name":"wp","href":"https:\/\/api.w.org\/{rel}","templated":true}]}}