{"id":4823,"date":"2018-07-27T15:30:54","date_gmt":"2018-07-27T15:30:54","guid":{"rendered":"https:\/\/www.fumc.edu.co\/en\/?page_id=4823"},"modified":"2018-09-19T20:37:37","modified_gmt":"2018-09-19T20:37:37","slug":"simposiointernacionalinvestigacion_encuentrogruposinvestigacion","status":"publish","type":"page","link":"https:\/\/www.fumc.edu.co\/en\/simposiointernacionalinvestigacion_encuentrogruposinvestigacion\/","title":{"rendered":"V Encuentro de Grupos de Investigaci\u00f3n ACIET"},"content":{"rendered":"<p>[vc_row full_width=\u00bbstretch_row_content_no_spaces\u00bb][vc_column][vc_single_image image=\u00bb4845&#8243; img_size=\u00bbfull\u00bb][\/vc_column][\/vc_row][vc_row][vc_column][vc_empty_space][\/vc_column][\/vc_row][vc_row][vc_column width=\u00bb1\/4&#8243; el_class=\u00bbwitemlist\u00bb][vc_wp_custommenu nav_menu=\u00bb73&#8243;][\/vc_column][vc_column width=\u00bb3\/4&#8243;][vc_column_text]<\/p>\n<h2 style=\"text-align: center;\">Presentaci\u00f3n<\/h2>\n<p>El Encuentro de Grupos de Investigaci\u00f3n se desarrollar\u00e1 metodol\u00f3gicamente en dos momentos, como se describe a continuaci\u00f3n.[\/vc_column_text][vc_row_inner][vc_column_inner width=\u00bb1\/2&#8243;][vc_single_image image=\u00bb5291&#8243; img_size=\u00bbfull\u00bb alignment=\u00bbcenter\u00bb onclick=\u00bbcustom_link\u00bb link=\u00bbhttps:\/\/www.fumc.edu.co\/en\/agenda-simposio-3&#8243;][vc_empty_space][vc_message message_box_color=\u00bbgrey\u00bb icon_fontawesome=\u00bbfa fa-street-view\u00bb]<span style=\"font-family: 'Didact Gothic',serif; color: #555555;\">Busca promover la divulgaci\u00f3n de los avances o los resultados finales de los trabajos de investigaci\u00f3n desarrollados por los docentes investigadores de nuestras instituciones, el intercambio de experiencias en la generaci\u00f3n, transferencia y uso del conocimiento a nivel nacional e internacional buscando dar cuenta de la articulaci\u00f3n de la investigaci\u00f3n con los procesos misionales de docencia y extensi\u00f3n. La metodolog\u00eda del encuentro busca posibilitar el di\u00e1logo acad\u00e9mico. El Encuentro de Grupos de Investigaci\u00f3n se desarrollar\u00e1 metodol\u00f3gicamente en dos momentos, como se describe a continuaci\u00f3n.<\/span>[\/vc_message][\/vc_column_inner][vc_column_inner width=\u00bb1\/2&#8243;][vc_single_image image=\u00bb4883&#8243; img_size=\u00bbmedium\u00bb][vc_message message_box_color=\u00bbgrey\u00bb]Una vez aprobadas las ponencias, se conformar\u00e1n mesas tem\u00e1ticas m\u00e1s espec\u00edficas para favorecer el di\u00e1logo entre proyectos con intereses similares. Estas mesas tem\u00e1ticas espec\u00edficas se comunicar\u00e1n con anticipaci\u00f3n.[\/vc_message][vc_message message_box_color=\u00bbgrey\u00bb]<\/p>\n<h3>Fechas claves<\/h3>\n<p><strong>Env\u00edo de documento escrito de ponencia y power point: <\/strong>15 de septiembre de 2018<\/p>\n<p><strong>Fecha l\u00edmite de pago:<\/strong> 23 de septiembre de 2018[\/vc_message][\/vc_column_inner][\/vc_row_inner][\/vc_column][\/vc_row][vc_column width=\u00bb1\/6&#8243;][\/vc_column][vc_column width=\u00bb2\/3&#8243;][\/vc_column][vc_row][vc_column][vc_empty_space][\/vc_column][\/vc_row][vc_row][vc_column width=\u00bb1\/2&#8243;][stm_icon_box icon=\u00bbfa-icon-stm_icon_seo_monitoring\u00bb icon_align=\u00bbleft\u00bb icon_color=\u00bb#ffffff\u00bb title=\u00bbPrimer momento\u00bb box_bg_color=\u00bb#d5075e\u00bb box_text_color=\u00bb#ffffff\u00bb css=\u00bb.vc_custom_1532706917218{padding-bottom: 20px !important;}\u00bb link=\u00bburl:%2Fbiblioteca%2Fservicios%2F|title:Servicios%2C%20Colecciones%20Pol%C3%ADticas%20de%20Pr%C3%A9stamo||\u00bb][\/stm_icon_box][\/vc_column][vc_column width=\u00bb1\/2&#8243;][stm_icon_box icon=\u00bbfa-icon-stm_icon_add_user\u00bb icon_align=\u00bbleft\u00bb icon_color=\u00bb#ffffff\u00bb title=\u00bbSegundo momento \u00bb box_bg_color=\u00bb#5c6770&#8243; box_text_color=\u00bb#ffffff\u00bb css=\u00bb.vc_custom_1532981902211{padding-bottom: 20px !important;}\u00bb link=\u00bburl:%2Fbiblioteca%2Fconvenios-interbibliotecarios%2F|title:Convenios%20Interbibliotecarios||\u00bb][\/stm_icon_box][\/vc_column][\/vc_row][vc_row][vc_column][vc_empty_space][\/vc_column][\/vc_row][vc_row][vc_column width=\u00bb1\/2&#8243;][vc_column_text]En este encuentro se podr\u00e1n presentar propuestas de investigaci\u00f3n, proyectos en curso y resultados de investigaci\u00f3n terminada.<\/p>\n<p>El Encuentro de Grupos de Investigaci\u00f3n se desarrolla metodol\u00f3gicamente en dos momentos:<\/p>\n<ul>\n<li><strong>Exposiciones orales<\/strong>. La exposici\u00f3n desarrolla el contenido de un documento escrito que debe ser entregado previamente, con una extensi\u00f3n entre 12 y 15 p\u00e1ginas incluyendo bibliograf\u00eda, en el cual se desarrolla el contexto y pregunta que orienta la investigaci\u00f3n, los campos te\u00f3ricos m\u00e1s relevantes, la metodolog\u00eda, resultados y an\u00e1lisis de resultados, conclusiones, referencias bibliogr\u00e1ficas. Para la exposici\u00f3n se requiere tambi\u00e9n realizar power point y enviarlo previamente. Los ponentes contar\u00e1n con un espacio de 15 minutos y 5 minutos de preguntas. La realimentaci\u00f3n y conversaci\u00f3n sobre las exposiciones se realizar\u00e1n por bloques de 3 ponencias con una duraci\u00f3n m\u00e1xima de 15 minutos.<\/li>\n<\/ul>\n<p>[\/vc_column_text][vc_empty_space height=\u00bb20px\u00bb][vc_btn title=\u00bbDescargue formato de power point\u00bb link=\u00bburl:%2Fdocumentos%2Fsimposioinvestigacion%2FPlantilla_presentaci%C3%B3n_aciet.pptx|||\u00bb][vc_btn title=\u00bbDescargue formato para aceptaci\u00f3n conflicto de intereses\u00bb link=\u00bburl:%2Fdocumentos%2Fsimposioinvestigacion%2FAceptacion_condiciones_conflicto_intereses.doc|||\u00bb][vc_btn title=\u00bbDescargue formato para ponencia en word\u00bb link=\u00bburl:%2Fdocumentos%2Fsimposioinvestigacion%2FFormato_ponencia_completa.docx|||\u00bb][\/vc_column][vc_column width=\u00bb1\/2&#8243;][vc_single_image image=\u00bb1992&#8243; img_size=\u00bbfull\u00bb][vc_column_text]<\/p>\n<h3>Taller sobre estrategias de articulaci\u00f3n investigaci\u00f3n-docencia y extensi\u00f3n<\/h3>\n<p style=\"margin: 0cm; margin-bottom: .0001pt; background: white;\"><span style=\"font-family: 'Didact Gothic',serif; color: #555555;\">Este taller de hora y media se realizar\u00e1 al finalizar la jornada de la ma\u00f1ana y se repetir\u00e1 al finalizar la jornada de la tarde. Para participar de este taller ser\u00e1 necesario ser ponente y presentar por lo menos 10 puntos acumulados entre la participaci\u00f3n en el simposio internacional y el encuentro de grupos de investigaci\u00f3n.<\/span><\/p>\n<p>[\/vc_column_text][\/vc_column][\/vc_row][vc_row][vc_column][vc_single_image image=\u00bb5056&#8243; img_size=\u00bbmedium\u00bb][\/vc_column][\/vc_row]<\/p>\n","protected":false},"excerpt":{"rendered":"<p>[vc_row full_width=\u00bbstretch_row_content_no_spaces\u00bb][vc_column][vc_single_image image=\u00bb4845&#8243; img_size=\u00bbfull\u00bb][\/vc_column][\/vc_row][vc_row][vc_column][vc_empty_space][\/vc_column][\/vc_row][vc_row][vc_column width=\u00bb1\/4&#8243; el_class=\u00bbwitemlist\u00bb][vc_wp_custommenu nav_menu=\u00bb73&#8243;][\/vc_column][vc_column width=\u00bb3\/4&#8243;][vc_column_text] Presentaci\u00f3n El Encuentro de Grupos de Investigaci\u00f3n se desarrollar\u00e1 metodol\u00f3gicamente en dos momentos, como se describe a continuaci\u00f3n.[\/vc_column_text][vc_row_inner][vc_column_inner width=\u00bb1\/2&#8243;][vc_single_image image=\u00bb5291&#8243; img_size=\u00bbfull\u00bb alignment=\u00bbcenter\u00bb onclick=\u00bbcustom_link\u00bb link=\u00bbhttps:\/\/www.fumc.edu.co\/en\/agenda-simposio-3&#8243;][vc_empty_space][vc_message message_box_color=\u00bbgrey\u00bb icon_fontawesome=\u00bbfa fa-street-view\u00bb]Busca promover la divulgaci\u00f3n de los avances o los resultados finales de los trabajos de investigaci\u00f3n desarrollados por los docentes investigadores [&hellip;]<\/p>\n","protected":false},"author":5,"featured_media":0,"parent":0,"menu_order":0,"comment_status":"closed","ping_status":"closed","template":"","meta":{"footnotes":""},"yoast_head":"<!-- This site is optimized with the Yoast SEO plugin v18.4.1 - https:\/\/yoast.com\/wordpress\/plugins\/seo\/ -->\n<title>V Encuentro de Grupos de Investigaci\u00f3n ACIET - Maria Cano - en<\/title>\n<meta name=\"robots\" content=\"index, follow, max-snippet:-1, max-image-preview:large, max-video-preview:-1\" \/>\n<link rel=\"canonical\" href=\"https:\/\/www.fumc.edu.co\/en\/simposiointernacionalinvestigacion_encuentrogruposinvestigacion\/\" \/>\n<meta property=\"og:locale\" content=\"es_ES\" \/>\n<meta property=\"og:type\" content=\"article\" \/>\n<meta property=\"og:title\" content=\"V Encuentro de Grupos de Investigaci\u00f3n ACIET - Maria Cano - en\" \/>\n<meta property=\"og:description\" content=\"[vc_row full_width=\u00bbstretch_row_content_no_spaces\u00bb][vc_column][vc_single_image image=\u00bb4845&#8243; img_size=\u00bbfull\u00bb][\/vc_column][\/vc_row][vc_row][vc_column][vc_empty_space][\/vc_column][\/vc_row][vc_row][vc_column width=\u00bb1\/4&#8243; el_class=\u00bbwitemlist\u00bb][vc_wp_custommenu nav_menu=\u00bb73&#8243;][\/vc_column][vc_column width=\u00bb3\/4&#8243;][vc_column_text] Presentaci\u00f3n El Encuentro de Grupos de Investigaci\u00f3n se desarrollar\u00e1 metodol\u00f3gicamente en dos momentos, como se describe a continuaci\u00f3n.[\/vc_column_text][vc_row_inner][vc_column_inner width=\u00bb1\/2&#8243;][vc_single_image image=\u00bb5291&#8243; img_size=\u00bbfull\u00bb alignment=\u00bbcenter\u00bb onclick=\u00bbcustom_link\u00bb link=\u00bbhttps:\/\/www.fumc.edu.co\/en\/agenda-simposio-3&#8243;][vc_empty_space][vc_message message_box_color=\u00bbgrey\u00bb icon_fontawesome=\u00bbfa fa-street-view\u00bb]Busca promover la divulgaci\u00f3n de los avances o los resultados finales de los trabajos de investigaci\u00f3n desarrollados por los docentes investigadores [&hellip;]\" \/>\n<meta property=\"og:url\" content=\"https:\/\/www.fumc.edu.co\/en\/simposiointernacionalinvestigacion_encuentrogruposinvestigacion\/\" \/>\n<meta property=\"og:site_name\" content=\"Maria Cano - en\" \/>\n<meta property=\"article:modified_time\" content=\"2018-09-19T20:37:37+00:00\" \/>\n<meta name=\"twitter:card\" content=\"summary\" \/>\n<meta name=\"twitter:label1\" content=\"Tiempo de lectura\" \/>\n\t<meta name=\"twitter:data1\" content=\"4 minutos\" \/>\n<script type=\"application\/ld+json\" class=\"yoast-schema-graph\">{\"@context\":\"https:\/\/schema.org\",\"@graph\":[{\"@type\":\"WebSite\",\"@id\":\"https:\/\/www.fumc.edu.co\/en\/#website\",\"url\":\"https:\/\/www.fumc.edu.co\/en\/\",\"name\":\"Maria Cano - en\",\"description\":\"Otro sitio realizado con WordPress\",\"potentialAction\":[{\"@type\":\"SearchAction\",\"target\":{\"@type\":\"EntryPoint\",\"urlTemplate\":\"https:\/\/www.fumc.edu.co\/en\/?s={search_term_string}\"},\"query-input\":\"required name=search_term_string\"}],\"inLanguage\":\"es\"},{\"@type\":\"WebPage\",\"@id\":\"https:\/\/www.fumc.edu.co\/en\/simposiointernacionalinvestigacion_encuentrogruposinvestigacion\/#webpage\",\"url\":\"https:\/\/www.fumc.edu.co\/en\/simposiointernacionalinvestigacion_encuentrogruposinvestigacion\/\",\"name\":\"V Encuentro de Grupos de Investigaci\u00f3n ACIET - Maria Cano - en\",\"isPartOf\":{\"@id\":\"https:\/\/www.fumc.edu.co\/en\/#website\"},\"datePublished\":\"2018-07-27T15:30:54+00:00\",\"dateModified\":\"2018-09-19T20:37:37+00:00\",\"breadcrumb\":{\"@id\":\"https:\/\/www.fumc.edu.co\/en\/simposiointernacionalinvestigacion_encuentrogruposinvestigacion\/#breadcrumb\"},\"inLanguage\":\"es\",\"potentialAction\":[{\"@type\":\"ReadAction\",\"target\":[\"https:\/\/www.fumc.edu.co\/en\/simposiointernacionalinvestigacion_encuentrogruposinvestigacion\/\"]}]},{\"@type\":\"BreadcrumbList\",\"@id\":\"https:\/\/www.fumc.edu.co\/en\/simposiointernacionalinvestigacion_encuentrogruposinvestigacion\/#breadcrumb\",\"itemListElement\":[{\"@type\":\"ListItem\",\"position\":1,\"name\":\"Portada\",\"item\":\"https:\/\/www.fumc.edu.co\/en\/\"},{\"@type\":\"ListItem\",\"position\":2,\"name\":\"V Encuentro de Grupos de Investigaci\u00f3n ACIET\"}]}]}<\/script>\n<!-- \/ Yoast SEO plugin. -->","yoast_head_json":{"title":"V Encuentro de Grupos de Investigaci\u00f3n ACIET - Maria Cano - en","robots":{"index":"index","follow":"follow","max-snippet":"max-snippet:-1","max-image-preview":"max-image-preview:large","max-video-preview":"max-video-preview:-1"},"canonical":"https:\/\/www.fumc.edu.co\/en\/simposiointernacionalinvestigacion_encuentrogruposinvestigacion\/","og_locale":"es_ES","og_type":"article","og_title":"V Encuentro de Grupos de Investigaci\u00f3n ACIET - Maria Cano - en","og_description":"[vc_row full_width=\u00bbstretch_row_content_no_spaces\u00bb][vc_column][vc_single_image image=\u00bb4845&#8243; img_size=\u00bbfull\u00bb][\/vc_column][\/vc_row][vc_row][vc_column][vc_empty_space][\/vc_column][\/vc_row][vc_row][vc_column width=\u00bb1\/4&#8243; el_class=\u00bbwitemlist\u00bb][vc_wp_custommenu nav_menu=\u00bb73&#8243;][\/vc_column][vc_column width=\u00bb3\/4&#8243;][vc_column_text] Presentaci\u00f3n El Encuentro de Grupos de Investigaci\u00f3n se desarrollar\u00e1 metodol\u00f3gicamente en dos momentos, como se describe a continuaci\u00f3n.[\/vc_column_text][vc_row_inner][vc_column_inner width=\u00bb1\/2&#8243;][vc_single_image image=\u00bb5291&#8243; img_size=\u00bbfull\u00bb alignment=\u00bbcenter\u00bb onclick=\u00bbcustom_link\u00bb link=\u00bbhttps:\/\/www.fumc.edu.co\/en\/agenda-simposio-3&#8243;][vc_empty_space][vc_message message_box_color=\u00bbgrey\u00bb icon_fontawesome=\u00bbfa fa-street-view\u00bb]Busca promover la divulgaci\u00f3n de los avances o los resultados finales de los trabajos de investigaci\u00f3n desarrollados por los docentes investigadores [&hellip;]","og_url":"https:\/\/www.fumc.edu.co\/en\/simposiointernacionalinvestigacion_encuentrogruposinvestigacion\/","og_site_name":"Maria Cano - en","article_modified_time":"2018-09-19T20:37:37+00:00","twitter_card":"summary","twitter_misc":{"Tiempo de lectura":"4 minutos"},"schema":{"@context":"https:\/\/schema.org","@graph":[{"@type":"WebSite","@id":"https:\/\/www.fumc.edu.co\/en\/#website","url":"https:\/\/www.fumc.edu.co\/en\/","name":"Maria Cano - en","description":"Otro sitio realizado con WordPress","potentialAction":[{"@type":"SearchAction","target":{"@type":"EntryPoint","urlTemplate":"https:\/\/www.fumc.edu.co\/en\/?s={search_term_string}"},"query-input":"required name=search_term_string"}],"inLanguage":"es"},{"@type":"WebPage","@id":"https:\/\/www.fumc.edu.co\/en\/simposiointernacionalinvestigacion_encuentrogruposinvestigacion\/#webpage","url":"https:\/\/www.fumc.edu.co\/en\/simposiointernacionalinvestigacion_encuentrogruposinvestigacion\/","name":"V Encuentro de Grupos de Investigaci\u00f3n ACIET - Maria Cano - en","isPartOf":{"@id":"https:\/\/www.fumc.edu.co\/en\/#website"},"datePublished":"2018-07-27T15:30:54+00:00","dateModified":"2018-09-19T20:37:37+00:00","breadcrumb":{"@id":"https:\/\/www.fumc.edu.co\/en\/simposiointernacionalinvestigacion_encuentrogruposinvestigacion\/#breadcrumb"},"inLanguage":"es","potentialAction":[{"@type":"ReadAction","target":["https:\/\/www.fumc.edu.co\/en\/simposiointernacionalinvestigacion_encuentrogruposinvestigacion\/"]}]},{"@type":"BreadcrumbList","@id":"https:\/\/www.fumc.edu.co\/en\/simposiointernacionalinvestigacion_encuentrogruposinvestigacion\/#breadcrumb","itemListElement":[{"@type":"ListItem","position":1,"name":"Portada","item":"https:\/\/www.fumc.edu.co\/en\/"},{"@type":"ListItem","position":2,"name":"V Encuentro de Grupos de Investigaci\u00f3n ACIET"}]}]}},"_links":{"self":[{"href":"https:\/\/www.fumc.edu.co\/en\/wp-json\/wp\/v2\/pages\/4823"}],"collection":[{"href":"https:\/\/www.fumc.edu.co\/en\/wp-json\/wp\/v2\/pages"}],"about":[{"href":"https:\/\/www.fumc.edu.co\/en\/wp-json\/wp\/v2\/types\/page"}],"author":[{"embeddable":true,"href":"https:\/\/www.fumc.edu.co\/en\/wp-json\/wp\/v2\/users\/5"}],"replies":[{"embeddable":true,"href":"https:\/\/www.fumc.edu.co\/en\/wp-json\/wp\/v2\/comments?post=4823"}],"version-history":[{"count":0,"href":"https:\/\/www.fumc.edu.co\/en\/wp-json\/wp\/v2\/pages\/4823\/revisions"}],"wp:attachment":[{"href":"https:\/\/www.fumc.edu.co\/en\/wp-json\/wp\/v2\/media?parent=4823"}],"curies":[{"name":"wp","href":"https:\/\/api.w.org\/{rel}","templated":true}]}}