{"id":5299,"date":"2018-09-19T20:36:53","date_gmt":"2018-09-19T20:36:53","guid":{"rendered":"https:\/\/www.fumc.edu.co\/en\/?page_id=5299"},"modified":"2018-09-19T20:36:53","modified_gmt":"2018-09-19T20:36:53","slug":"agenda-simposio-3","status":"publish","type":"page","link":"https:\/\/www.fumc.edu.co\/en\/agenda-simposio-3\/","title":{"rendered":"Agenda Simposio 3"},"content":{"rendered":"<p>[vc_row full_width=\u00bbstretch_row_content_no_spaces\u00bb][vc_column 0=\u00bb\u00bb][vc_single_image image=\u00bb4842&#8243; img_size=\u00bbfull\u00bb alignment=\u00bbcenter\u00bb css_animation=\u00bbfadeIn\u00bb][vc_empty_space 0=\u00bb\u00bb][\/vc_column][\/vc_row][vc_row el_class=\u00bbwadmisiones\u00bb][vc_column width=\u00bb1\/4&#8243; el_class=\u00bb.witemlist\u00bb][vc_wp_custommenu nav_menu=\u00bb73&#8243;][\/vc_column][vc_column width=\u00bb3\/4&#8243;][vc_row_inner][vc_column_inner][vc_column_text]<\/p>\n<h2 style=\"text-align: center;\">Agenda<\/h2>\n<p>[\/vc_column_text][\/vc_column_inner][\/vc_row_inner][vc_empty_space][vc_single_image image=\u00bb5300&#8243; img_size=\u00bbfull\u00bb add_caption=\u00bbyes\u00bb alignment=\u00bbcenter\u00bb onclick=\u00bbimg_link_large\u00bb img_link_target=\u00bb_blank\u00bb css_animation=\u00bbzoomIn\u00bb][vc_empty_space][vc_message]Haga clic sobre la imagen para visualizar al 100%[\/vc_message][vc_empty_space][\/vc_column][\/vc_row][vc_row][vc_column width=\u00bb1\/4&#8243;][\/vc_column][vc_column width=\u00bb3\/4&#8243;][vc_row_inner][vc_column_inner][vc_column_text]<strong>Sandra M\u00f3nica Ramos Ospina<\/strong><br \/>\nComit\u00e9 organizador<br \/>\nCorreo para temas log\u00edsticos:\u00a0<a href=\"mailto:simposiodeinvestigacion@fumc.edu.co\">simposiodeinvestigacion@fumc.edu.co<\/a><br \/>\nPBX (4) 480 60 21[\/vc_column_text][\/vc_column_inner][\/vc_row_inner][\/vc_column][\/vc_row]<\/p>\n","protected":false},"excerpt":{"rendered":"<p>[vc_row full_width=\u00bbstretch_row_content_no_spaces\u00bb][vc_column 0=\u00bb\u00bb][vc_single_image image=\u00bb4842&#8243; img_size=\u00bbfull\u00bb alignment=\u00bbcenter\u00bb css_animation=\u00bbfadeIn\u00bb][vc_empty_space 0=\u00bb\u00bb][\/vc_column][\/vc_row][vc_row el_class=\u00bbwadmisiones\u00bb][vc_column width=\u00bb1\/4&#8243; el_class=\u00bb.witemlist\u00bb][vc_wp_custommenu nav_menu=\u00bb73&#8243;][\/vc_column][vc_column width=\u00bb3\/4&#8243;][vc_row_inner][vc_column_inner][vc_column_text] Agenda [\/vc_column_text][\/vc_column_inner][\/vc_row_inner][vc_empty_space][vc_single_image image=\u00bb5300&#8243; img_size=\u00bbfull\u00bb add_caption=\u00bbyes\u00bb alignment=\u00bbcenter\u00bb onclick=\u00bbimg_link_large\u00bb img_link_target=\u00bb_blank\u00bb css_animation=\u00bbzoomIn\u00bb][vc_empty_space][vc_message]Haga clic sobre la imagen para visualizar al 100%[\/vc_message][vc_empty_space][\/vc_column][\/vc_row][vc_row][vc_column width=\u00bb1\/4&#8243;][\/vc_column][vc_column width=\u00bb3\/4&#8243;][vc_row_inner][vc_column_inner][vc_column_text]Sandra M\u00f3nica Ramos Ospina Comit\u00e9 organizador Correo para temas log\u00edsticos:\u00a0simposiodeinvestigacion@fumc.edu.co PBX (4) 480 60 21[\/vc_column_text][\/vc_column_inner][\/vc_row_inner][\/vc_column][\/vc_row]<\/p>\n","protected":false},"author":5,"featured_media":0,"parent":0,"menu_order":0,"comment_status":"closed","ping_status":"closed","template":"","meta":{"footnotes":""},"yoast_head":"<!-- This site is optimized with the Yoast SEO plugin v18.4.1 - https:\/\/yoast.com\/wordpress\/plugins\/seo\/ -->\n<title>Agenda Simposio 3 - Maria Cano - en<\/title>\n<meta name=\"robots\" content=\"index, follow, max-snippet:-1, max-image-preview:large, max-video-preview:-1\" \/>\n<link rel=\"canonical\" href=\"https:\/\/www.fumc.edu.co\/en\/agenda-simposio-3\/\" \/>\n<meta property=\"og:locale\" content=\"es_ES\" \/>\n<meta property=\"og:type\" content=\"article\" \/>\n<meta property=\"og:title\" content=\"Agenda Simposio 3 - Maria Cano - en\" \/>\n<meta property=\"og:description\" content=\"[vc_row full_width=\u00bbstretch_row_content_no_spaces\u00bb][vc_column 0=\u00bb\u00bb][vc_single_image image=\u00bb4842&#8243; img_size=\u00bbfull\u00bb alignment=\u00bbcenter\u00bb css_animation=\u00bbfadeIn\u00bb][vc_empty_space 0=\u00bb\u00bb][\/vc_column][\/vc_row][vc_row el_class=\u00bbwadmisiones\u00bb][vc_column width=\u00bb1\/4&#8243; el_class=\u00bb.witemlist\u00bb][vc_wp_custommenu nav_menu=\u00bb73&#8243;][\/vc_column][vc_column width=\u00bb3\/4&#8243;][vc_row_inner][vc_column_inner][vc_column_text] Agenda [\/vc_column_text][\/vc_column_inner][\/vc_row_inner][vc_empty_space][vc_single_image image=\u00bb5300&#8243; img_size=\u00bbfull\u00bb add_caption=\u00bbyes\u00bb alignment=\u00bbcenter\u00bb onclick=\u00bbimg_link_large\u00bb img_link_target=\u00bb_blank\u00bb css_animation=\u00bbzoomIn\u00bb][vc_empty_space][vc_message]Haga clic sobre la imagen para visualizar al 100%[\/vc_message][vc_empty_space][\/vc_column][\/vc_row][vc_row][vc_column width=\u00bb1\/4&#8243;][\/vc_column][vc_column width=\u00bb3\/4&#8243;][vc_row_inner][vc_column_inner][vc_column_text]Sandra M\u00f3nica Ramos Ospina Comit\u00e9 organizador Correo para temas log\u00edsticos:\u00a0simposiodeinvestigacion@fumc.edu.co PBX (4) 480 60 21[\/vc_column_text][\/vc_column_inner][\/vc_row_inner][\/vc_column][\/vc_row]\" \/>\n<meta property=\"og:url\" content=\"https:\/\/www.fumc.edu.co\/en\/agenda-simposio-3\/\" \/>\n<meta property=\"og:site_name\" content=\"Maria Cano - en\" \/>\n<meta name=\"twitter:card\" content=\"summary\" \/>\n<meta name=\"twitter:label1\" content=\"Tiempo de lectura\" \/>\n\t<meta name=\"twitter:data1\" content=\"1 minuto\" \/>\n<script type=\"application\/ld+json\" class=\"yoast-schema-graph\">{\"@context\":\"https:\/\/schema.org\",\"@graph\":[{\"@type\":\"WebSite\",\"@id\":\"https:\/\/www.fumc.edu.co\/en\/#website\",\"url\":\"https:\/\/www.fumc.edu.co\/en\/\",\"name\":\"Maria Cano - en\",\"description\":\"Otro sitio realizado con WordPress\",\"potentialAction\":[{\"@type\":\"SearchAction\",\"target\":{\"@type\":\"EntryPoint\",\"urlTemplate\":\"https:\/\/www.fumc.edu.co\/en\/?s={search_term_string}\"},\"query-input\":\"required name=search_term_string\"}],\"inLanguage\":\"es\"},{\"@type\":\"WebPage\",\"@id\":\"https:\/\/www.fumc.edu.co\/en\/agenda-simposio-3\/#webpage\",\"url\":\"https:\/\/www.fumc.edu.co\/en\/agenda-simposio-3\/\",\"name\":\"Agenda Simposio 3 - Maria Cano - en\",\"isPartOf\":{\"@id\":\"https:\/\/www.fumc.edu.co\/en\/#website\"},\"datePublished\":\"2018-09-19T20:36:53+00:00\",\"dateModified\":\"2018-09-19T20:36:53+00:00\",\"breadcrumb\":{\"@id\":\"https:\/\/www.fumc.edu.co\/en\/agenda-simposio-3\/#breadcrumb\"},\"inLanguage\":\"es\",\"potentialAction\":[{\"@type\":\"ReadAction\",\"target\":[\"https:\/\/www.fumc.edu.co\/en\/agenda-simposio-3\/\"]}]},{\"@type\":\"BreadcrumbList\",\"@id\":\"https:\/\/www.fumc.edu.co\/en\/agenda-simposio-3\/#breadcrumb\",\"itemListElement\":[{\"@type\":\"ListItem\",\"position\":1,\"name\":\"Portada\",\"item\":\"https:\/\/www.fumc.edu.co\/en\/\"},{\"@type\":\"ListItem\",\"position\":2,\"name\":\"Agenda Simposio 3\"}]}]}<\/script>\n<!-- \/ Yoast SEO plugin. -->","yoast_head_json":{"title":"Agenda Simposio 3 - Maria Cano - en","robots":{"index":"index","follow":"follow","max-snippet":"max-snippet:-1","max-image-preview":"max-image-preview:large","max-video-preview":"max-video-preview:-1"},"canonical":"https:\/\/www.fumc.edu.co\/en\/agenda-simposio-3\/","og_locale":"es_ES","og_type":"article","og_title":"Agenda Simposio 3 - Maria Cano - en","og_description":"[vc_row full_width=\u00bbstretch_row_content_no_spaces\u00bb][vc_column 0=\u00bb\u00bb][vc_single_image image=\u00bb4842&#8243; img_size=\u00bbfull\u00bb alignment=\u00bbcenter\u00bb css_animation=\u00bbfadeIn\u00bb][vc_empty_space 0=\u00bb\u00bb][\/vc_column][\/vc_row][vc_row el_class=\u00bbwadmisiones\u00bb][vc_column width=\u00bb1\/4&#8243; el_class=\u00bb.witemlist\u00bb][vc_wp_custommenu nav_menu=\u00bb73&#8243;][\/vc_column][vc_column width=\u00bb3\/4&#8243;][vc_row_inner][vc_column_inner][vc_column_text] Agenda [\/vc_column_text][\/vc_column_inner][\/vc_row_inner][vc_empty_space][vc_single_image image=\u00bb5300&#8243; img_size=\u00bbfull\u00bb add_caption=\u00bbyes\u00bb alignment=\u00bbcenter\u00bb onclick=\u00bbimg_link_large\u00bb img_link_target=\u00bb_blank\u00bb css_animation=\u00bbzoomIn\u00bb][vc_empty_space][vc_message]Haga clic sobre la imagen para visualizar al 100%[\/vc_message][vc_empty_space][\/vc_column][\/vc_row][vc_row][vc_column width=\u00bb1\/4&#8243;][\/vc_column][vc_column width=\u00bb3\/4&#8243;][vc_row_inner][vc_column_inner][vc_column_text]Sandra M\u00f3nica Ramos Ospina Comit\u00e9 organizador Correo para temas log\u00edsticos:\u00a0simposiodeinvestigacion@fumc.edu.co PBX (4) 480 60 21[\/vc_column_text][\/vc_column_inner][\/vc_row_inner][\/vc_column][\/vc_row]","og_url":"https:\/\/www.fumc.edu.co\/en\/agenda-simposio-3\/","og_site_name":"Maria Cano - en","twitter_card":"summary","twitter_misc":{"Tiempo de lectura":"1 minuto"},"schema":{"@context":"https:\/\/schema.org","@graph":[{"@type":"WebSite","@id":"https:\/\/www.fumc.edu.co\/en\/#website","url":"https:\/\/www.fumc.edu.co\/en\/","name":"Maria Cano - en","description":"Otro sitio realizado con WordPress","potentialAction":[{"@type":"SearchAction","target":{"@type":"EntryPoint","urlTemplate":"https:\/\/www.fumc.edu.co\/en\/?s={search_term_string}"},"query-input":"required name=search_term_string"}],"inLanguage":"es"},{"@type":"WebPage","@id":"https:\/\/www.fumc.edu.co\/en\/agenda-simposio-3\/#webpage","url":"https:\/\/www.fumc.edu.co\/en\/agenda-simposio-3\/","name":"Agenda Simposio 3 - Maria Cano - en","isPartOf":{"@id":"https:\/\/www.fumc.edu.co\/en\/#website"},"datePublished":"2018-09-19T20:36:53+00:00","dateModified":"2018-09-19T20:36:53+00:00","breadcrumb":{"@id":"https:\/\/www.fumc.edu.co\/en\/agenda-simposio-3\/#breadcrumb"},"inLanguage":"es","potentialAction":[{"@type":"ReadAction","target":["https:\/\/www.fumc.edu.co\/en\/agenda-simposio-3\/"]}]},{"@type":"BreadcrumbList","@id":"https:\/\/www.fumc.edu.co\/en\/agenda-simposio-3\/#breadcrumb","itemListElement":[{"@type":"ListItem","position":1,"name":"Portada","item":"https:\/\/www.fumc.edu.co\/en\/"},{"@type":"ListItem","position":2,"name":"Agenda Simposio 3"}]}]}},"_links":{"self":[{"href":"https:\/\/www.fumc.edu.co\/en\/wp-json\/wp\/v2\/pages\/5299"}],"collection":[{"href":"https:\/\/www.fumc.edu.co\/en\/wp-json\/wp\/v2\/pages"}],"about":[{"href":"https:\/\/www.fumc.edu.co\/en\/wp-json\/wp\/v2\/types\/page"}],"author":[{"embeddable":true,"href":"https:\/\/www.fumc.edu.co\/en\/wp-json\/wp\/v2\/users\/5"}],"replies":[{"embeddable":true,"href":"https:\/\/www.fumc.edu.co\/en\/wp-json\/wp\/v2\/comments?post=5299"}],"version-history":[{"count":0,"href":"https:\/\/www.fumc.edu.co\/en\/wp-json\/wp\/v2\/pages\/5299\/revisions"}],"wp:attachment":[{"href":"https:\/\/www.fumc.edu.co\/en\/wp-json\/wp\/v2\/media?parent=5299"}],"curies":[{"name":"wp","href":"https:\/\/api.w.org\/{rel}","templated":true}]}}