{"id":5977,"date":"2018-12-10T19:32:52","date_gmt":"2018-12-10T19:32:52","guid":{"rendered":"https:\/\/www.fumc.edu.co\/en\/?page_id=5977"},"modified":"2019-10-30T20:55:29","modified_gmt":"2019-10-30T20:55:29","slug":"orientacion-vocacional","status":"publish","type":"page","link":"https:\/\/www.fumc.edu.co\/en\/orientacion-vocacional\/","title":{"rendered":"Orientaci\u00f3n Vocacional"},"content":{"rendered":"<p>[vc_row full_width=\u00bbstretch_row_content_no_spaces\u00bb el_class=\u00bbwmenuaspirantes\u00bb][vc_column][vc_wp_custommenu nav_menu=\u00bb44&#8243;][\/vc_column][\/vc_row][vc_row][vc_column][vc_empty_space][vc_single_image image=\u00bb5978&#8243; img_size=\u00bbfull\u00bb alignment=\u00bbcenter\u00bb onclick=\u00bblink_image\u00bb][\/vc_column][\/vc_row][vc_row][vc_column][vc_empty_space][\/vc_column][\/vc_row][vc_row full_width=\u00bbstretch_row_content_no_spaces\u00bb el_class=\u00bbwheadinga\u00bb][vc_column][vc_cta h2=\u00bb Would you like more information about this program?\u00bb txt_align=\u00bbcenter\u00bb shape=\u00bbsquare\u00bb][\/vc_cta][\/vc_column][\/vc_row][vc_row][vc_column]<div role=\"form\" class=\"wpcf7\" id=\"wpcf7-f5685-o1\" lang=\"en-US\" dir=\"ltr\">\n<div class=\"screen-reader-response\"><p role=\"status\" aria-live=\"polite\" aria-atomic=\"true\"><\/p> <ul><\/ul><\/div>\n<form action=\"\/en\/wp-json\/wp\/v2\/pages\/5977#wpcf7-f5685-o1\" method=\"post\" class=\"wpcf7-form init\" novalidate=\"novalidate\" data-status=\"init\">\n<div style=\"display: none;\">\n<input type=\"hidden\" name=\"_wpcf7\" value=\"5685\" \/>\n<input type=\"hidden\" name=\"_wpcf7_version\" value=\"5.5.6\" \/>\n<input type=\"hidden\" name=\"_wpcf7_locale\" value=\"en_US\" \/>\n<input type=\"hidden\" name=\"_wpcf7_unit_tag\" value=\"wpcf7-f5685-o1\" \/>\n<input type=\"hidden\" name=\"_wpcf7_container_post\" value=\"0\" \/>\n<input type=\"hidden\" name=\"_wpcf7_posted_data_hash\" value=\"\" \/>\n<\/div>\n<div class=\"vc_row wpb_row vc_row-fluid\">\n<div class=\"wpb_column vc_column_container vc_col-sm-12\">\n<div class=\"vc_column-inner \">\n<div class=\"wpb_wrapper\">\n<div class=\"vc_empty_space\" style=\"height: 32px\">\n\t\t\t\t\t<span class=\"vc_empty_space_inner\"><\/span>\n\t\t\t\t<\/div>\n<\/div>\n<\/div>\n<\/div>\n<\/div>\n<div class=\"row\">\n<div class=\"col-xs-12 col-sm-6 col-md-6 col-lg-6\">\n<div class=\"form-group\">\n\t\t\t<label>Nombres y apellidos<\/label><br \/>\n\t\t\t<span class=\"wpcf7-form-control-wrap txtName\"><input type=\"text\" name=\"txtName\" value=\"\" size=\"40\" class=\"wpcf7-form-control wpcf7-text wpcf7-validates-as-required form-control\" aria-required=\"true\" aria-invalid=\"false\" placeholder=\"Nombres y apellidos\" \/><\/span>\n\t\t<\/div>\n<\/div>\n<div class=\"col-xs-12 col-sm-6 col-md-6 col-lg-6\">\n<div class=\"form-group\">\n\t\t\t<label>Email<\/label><br \/>\n\t\t\t<span class=\"wpcf7-form-control-wrap txtEmail\"><input type=\"email\" name=\"txtEmail\" value=\"\" size=\"40\" class=\"wpcf7-form-control wpcf7-text wpcf7-email wpcf7-validates-as-required wpcf7-validates-as-email form-control\" aria-required=\"true\" aria-invalid=\"false\" placeholder=\"Email\" \/><\/span>\n\t\t<\/div>\n<\/div>\n<\/div>\n<div class=\"row\">\n<div class=\"col-xs-12 col-sm-6 col-md-6 col-lg-6\">\n<div class=\"form-group\">\n\t\t\t<label>Tel\u00e9fonos de contacto<\/label><br \/>\n\t\t\t<span class=\"wpcf7-form-control-wrap txtPhone\"><input type=\"text\" name=\"txtPhone\" value=\"\" size=\"40\" class=\"wpcf7-form-control wpcf7-text wpcf7-validates-as-required form-control\" aria-required=\"true\" aria-invalid=\"false\" placeholder=\"Tel\u00e9fonos de contacto\" \/><\/span>\n\t\t<\/div>\n<\/div>\n<div class=\"col-xs-12 col-sm-6 col-md-6 col-lg-6\">\n<div class=\"form-group\">\n\t\t\t<label>Ciudad<\/label><br \/>\n\t\t\t<span class=\"wpcf7-form-control-wrap txtCiudad\"><input type=\"text\" name=\"txtCiudad\" value=\"\" size=\"40\" class=\"wpcf7-form-control wpcf7-text wpcf7-validates-as-required form-control\" aria-required=\"true\" aria-invalid=\"false\" placeholder=\"Ciudad\" \/><\/span>\n\t\t<\/div>\n<\/div>\n<\/div>\n<div class=\"row\">\n<div class=\"col-xs-12 col-sm-12 col-md-12 col-lg-12\">\n<div class=\"form-group\">\n\t\t\t<label>Fecha de cumplea\u00f1os<\/label><br \/>\n\t\t\t<span class=\"wpcf7-form-control-wrap txtDate\"><input type=\"date\" name=\"txtDate\" value=\"\" class=\"wpcf7-form-control wpcf7-date wpcf7-validates-as-date form-control\" aria-invalid=\"false\" placeholder=\"Fecha de cumplea\u00f1os\" \/><\/span>\n\t\t<\/div>\n<\/div>\n<\/div>\n<div class=\"row\">\n<div class=\"col-xs-12 col-sm-6 col-md-6 col-lg-6\">\n<div class=\"form-group\">\n                <label>Programa <\/label><br \/>\n\t\t<span class=\"wpcf7-form-control-wrap txtprograma\"><select name=\"txtprograma\" class=\"wpcf7-form-control wpcf7-select form-control\" aria-invalid=\"false\"><option value=\"Fisioterapia Cali\">Fisioterapia Cali<\/option><option value=\"Fisioterapia Neiva\">Fisioterapia Neiva<\/option><option value=\"Fisioterapia Popay\u00e1n\">Fisioterapia Popay\u00e1n<\/option><option value=\"Psicolog\u00eda\">Psicolog\u00eda<\/option><option value=\"Fonoaudiolog\u00eda\">Fonoaudiolog\u00eda<\/option><option value=\"Contadur\u00eda P\u00fablica\">Contadur\u00eda P\u00fablica<\/option><option value=\"Ingenier\u00eda de Software\">Ingenier\u00eda de Software<\/option><option value=\"Tecnolog\u00eda en Electromedicina\">Tecnolog\u00eda en Electromedicina<\/option><option value=\"Tecnolog\u00eda en Rob\u00f3tica y Automatizaci\u00f3n\">Tecnolog\u00eda en Rob\u00f3tica y Automatizaci\u00f3n<\/option><\/select><\/span>\n\t\t<\/div>\n<\/div>\n<\/div>\n<div class=\"row\">\n<div class=\"col-xs-12 col-sm-12 col-md-12 col-lg-12\">\n\t\t<input type=\"submit\" value=\"Enviar\" class=\"wpcf7-form-control has-spinner wpcf7-submit btn btn-default\" \/><\/p>\n<input type=\"hidden\" name=\"txtProgram\" value=\"post_title\" class=\"wpcf7-form-control wpcf7-hidden\" \/>\n<\/div>\n<\/div>\n<div class=\"stm_colored_separator\">\n<div class=\"triangled_colored_separator\" style=\"background-color:#fdc735; \">\n<div class=\"triangle\" style=\"border-bottom-color:#fdc735;\"><\/div>\n<\/div>\n<\/div>\n<div class=\"vc_row wpb_row vc_row-fluid\">\n<div class=\"wpb_column vc_column_container vc_col-sm-12\">\n<div class=\"vc_column-inner \">\n<div class=\"wpb_wrapper\">\n<div class=\"vc_empty_space\" style=\"height: 32px\">\n\t\t\t\t\t<span class=\"vc_empty_space_inner\"><\/span>\n\t\t\t\t<\/div>\n<\/div>\n<\/div>\n<\/div>\n<\/div>\n<div class=\"wpcf7-response-output\" aria-hidden=\"true\"><\/div><\/form><\/div>[\/vc_column][\/vc_row][vc_column width=\u00bb1\/2&#8243;][\/vc_column]<\/p>\n","protected":false},"excerpt":{"rendered":"<p>[vc_row full_width=\u00bbstretch_row_content_no_spaces\u00bb el_class=\u00bbwmenuaspirantes\u00bb][vc_column][vc_wp_custommenu nav_menu=\u00bb44&#8243;][\/vc_column][\/vc_row][vc_row][vc_column][vc_empty_space][vc_single_image image=\u00bb5978&#8243; img_size=\u00bbfull\u00bb alignment=\u00bbcenter\u00bb onclick=\u00bblink_image\u00bb][\/vc_column][\/vc_row][vc_row][vc_column][vc_empty_space][\/vc_column][\/vc_row][vc_row full_width=\u00bbstretch_row_content_no_spaces\u00bb el_class=\u00bbwheadinga\u00bb][vc_column][vc_cta h2=\u00bb Would you like more information about this program?\u00bb txt_align=\u00bbcenter\u00bb shape=\u00bbsquare\u00bb][\/vc_cta][\/vc_column][\/vc_row][vc_row][vc_column][\/vc_column][\/vc_row][vc_column width=\u00bb1\/2&#8243;][\/vc_column]<\/p>\n","protected":false},"author":5,"featured_media":0,"parent":0,"menu_order":0,"comment_status":"closed","ping_status":"closed","template":"","meta":{"footnotes":""},"yoast_head":"<!-- This site is optimized with the Yoast SEO plugin v18.4.1 - https:\/\/yoast.com\/wordpress\/plugins\/seo\/ -->\n<title>Orientaci\u00f3n Vocacional - Maria Cano - en<\/title>\n<meta name=\"robots\" content=\"index, follow, max-snippet:-1, max-image-preview:large, max-video-preview:-1\" \/>\n<link rel=\"canonical\" href=\"https:\/\/www.fumc.edu.co\/en\/orientacion-vocacional\/\" \/>\n<meta property=\"og:locale\" content=\"es_ES\" \/>\n<meta property=\"og:type\" content=\"article\" \/>\n<meta property=\"og:title\" content=\"Orientaci\u00f3n Vocacional - Maria Cano - en\" \/>\n<meta property=\"og:description\" content=\"[vc_row full_width=\u00bbstretch_row_content_no_spaces\u00bb el_class=\u00bbwmenuaspirantes\u00bb][vc_column][vc_wp_custommenu nav_menu=\u00bb44&#8243;][\/vc_column][\/vc_row][vc_row][vc_column][vc_empty_space][vc_single_image image=\u00bb5978&#8243; img_size=\u00bbfull\u00bb alignment=\u00bbcenter\u00bb onclick=\u00bblink_image\u00bb][\/vc_column][\/vc_row][vc_row][vc_column][vc_empty_space][\/vc_column][\/vc_row][vc_row full_width=\u00bbstretch_row_content_no_spaces\u00bb el_class=\u00bbwheadinga\u00bb][vc_column][vc_cta h2=\u00bb Would you like more information about this program?\u00bb txt_align=\u00bbcenter\u00bb shape=\u00bbsquare\u00bb][\/vc_cta][\/vc_column][\/vc_row][vc_row][vc_column][\/vc_column][\/vc_row][vc_column width=\u00bb1\/2&#8243;][\/vc_column]\" \/>\n<meta property=\"og:url\" content=\"https:\/\/www.fumc.edu.co\/en\/orientacion-vocacional\/\" \/>\n<meta property=\"og:site_name\" content=\"Maria Cano - en\" \/>\n<meta property=\"article:modified_time\" content=\"2019-10-30T20:55:29+00:00\" \/>\n<meta name=\"twitter:card\" content=\"summary\" \/>\n<meta name=\"twitter:label1\" content=\"Tiempo de lectura\" \/>\n\t<meta name=\"twitter:data1\" content=\"1 minuto\" \/>\n<script type=\"application\/ld+json\" class=\"yoast-schema-graph\">{\"@context\":\"https:\/\/schema.org\",\"@graph\":[{\"@type\":\"WebSite\",\"@id\":\"https:\/\/www.fumc.edu.co\/en\/#website\",\"url\":\"https:\/\/www.fumc.edu.co\/en\/\",\"name\":\"Maria Cano - en\",\"description\":\"Otro sitio realizado con WordPress\",\"potentialAction\":[{\"@type\":\"SearchAction\",\"target\":{\"@type\":\"EntryPoint\",\"urlTemplate\":\"https:\/\/www.fumc.edu.co\/en\/?s={search_term_string}\"},\"query-input\":\"required name=search_term_string\"}],\"inLanguage\":\"es\"},{\"@type\":\"WebPage\",\"@id\":\"https:\/\/www.fumc.edu.co\/en\/orientacion-vocacional\/#webpage\",\"url\":\"https:\/\/www.fumc.edu.co\/en\/orientacion-vocacional\/\",\"name\":\"Orientaci\u00f3n Vocacional - Maria Cano - en\",\"isPartOf\":{\"@id\":\"https:\/\/www.fumc.edu.co\/en\/#website\"},\"datePublished\":\"2018-12-10T19:32:52+00:00\",\"dateModified\":\"2019-10-30T20:55:29+00:00\",\"breadcrumb\":{\"@id\":\"https:\/\/www.fumc.edu.co\/en\/orientacion-vocacional\/#breadcrumb\"},\"inLanguage\":\"es\",\"potentialAction\":[{\"@type\":\"ReadAction\",\"target\":[\"https:\/\/www.fumc.edu.co\/en\/orientacion-vocacional\/\"]}]},{\"@type\":\"BreadcrumbList\",\"@id\":\"https:\/\/www.fumc.edu.co\/en\/orientacion-vocacional\/#breadcrumb\",\"itemListElement\":[{\"@type\":\"ListItem\",\"position\":1,\"name\":\"Portada\",\"item\":\"https:\/\/www.fumc.edu.co\/en\/\"},{\"@type\":\"ListItem\",\"position\":2,\"name\":\"Orientaci\u00f3n Vocacional\"}]}]}<\/script>\n<!-- \/ Yoast SEO plugin. -->","yoast_head_json":{"title":"Orientaci\u00f3n Vocacional - Maria Cano - en","robots":{"index":"index","follow":"follow","max-snippet":"max-snippet:-1","max-image-preview":"max-image-preview:large","max-video-preview":"max-video-preview:-1"},"canonical":"https:\/\/www.fumc.edu.co\/en\/orientacion-vocacional\/","og_locale":"es_ES","og_type":"article","og_title":"Orientaci\u00f3n Vocacional - Maria Cano - en","og_description":"[vc_row full_width=\u00bbstretch_row_content_no_spaces\u00bb el_class=\u00bbwmenuaspirantes\u00bb][vc_column][vc_wp_custommenu nav_menu=\u00bb44&#8243;][\/vc_column][\/vc_row][vc_row][vc_column][vc_empty_space][vc_single_image image=\u00bb5978&#8243; img_size=\u00bbfull\u00bb alignment=\u00bbcenter\u00bb onclick=\u00bblink_image\u00bb][\/vc_column][\/vc_row][vc_row][vc_column][vc_empty_space][\/vc_column][\/vc_row][vc_row full_width=\u00bbstretch_row_content_no_spaces\u00bb el_class=\u00bbwheadinga\u00bb][vc_column][vc_cta h2=\u00bb Would you like more information about this program?\u00bb txt_align=\u00bbcenter\u00bb shape=\u00bbsquare\u00bb][\/vc_cta][\/vc_column][\/vc_row][vc_row][vc_column][\/vc_column][\/vc_row][vc_column width=\u00bb1\/2&#8243;][\/vc_column]","og_url":"https:\/\/www.fumc.edu.co\/en\/orientacion-vocacional\/","og_site_name":"Maria Cano - en","article_modified_time":"2019-10-30T20:55:29+00:00","twitter_card":"summary","twitter_misc":{"Tiempo de lectura":"1 minuto"},"schema":{"@context":"https:\/\/schema.org","@graph":[{"@type":"WebSite","@id":"https:\/\/www.fumc.edu.co\/en\/#website","url":"https:\/\/www.fumc.edu.co\/en\/","name":"Maria Cano - en","description":"Otro sitio realizado con WordPress","potentialAction":[{"@type":"SearchAction","target":{"@type":"EntryPoint","urlTemplate":"https:\/\/www.fumc.edu.co\/en\/?s={search_term_string}"},"query-input":"required name=search_term_string"}],"inLanguage":"es"},{"@type":"WebPage","@id":"https:\/\/www.fumc.edu.co\/en\/orientacion-vocacional\/#webpage","url":"https:\/\/www.fumc.edu.co\/en\/orientacion-vocacional\/","name":"Orientaci\u00f3n Vocacional - Maria Cano - en","isPartOf":{"@id":"https:\/\/www.fumc.edu.co\/en\/#website"},"datePublished":"2018-12-10T19:32:52+00:00","dateModified":"2019-10-30T20:55:29+00:00","breadcrumb":{"@id":"https:\/\/www.fumc.edu.co\/en\/orientacion-vocacional\/#breadcrumb"},"inLanguage":"es","potentialAction":[{"@type":"ReadAction","target":["https:\/\/www.fumc.edu.co\/en\/orientacion-vocacional\/"]}]},{"@type":"BreadcrumbList","@id":"https:\/\/www.fumc.edu.co\/en\/orientacion-vocacional\/#breadcrumb","itemListElement":[{"@type":"ListItem","position":1,"name":"Portada","item":"https:\/\/www.fumc.edu.co\/en\/"},{"@type":"ListItem","position":2,"name":"Orientaci\u00f3n Vocacional"}]}]}},"_links":{"self":[{"href":"https:\/\/www.fumc.edu.co\/en\/wp-json\/wp\/v2\/pages\/5977"}],"collection":[{"href":"https:\/\/www.fumc.edu.co\/en\/wp-json\/wp\/v2\/pages"}],"about":[{"href":"https:\/\/www.fumc.edu.co\/en\/wp-json\/wp\/v2\/types\/page"}],"author":[{"embeddable":true,"href":"https:\/\/www.fumc.edu.co\/en\/wp-json\/wp\/v2\/users\/5"}],"replies":[{"embeddable":true,"href":"https:\/\/www.fumc.edu.co\/en\/wp-json\/wp\/v2\/comments?post=5977"}],"version-history":[{"count":0,"href":"https:\/\/www.fumc.edu.co\/en\/wp-json\/wp\/v2\/pages\/5977\/revisions"}],"wp:attachment":[{"href":"https:\/\/www.fumc.edu.co\/en\/wp-json\/wp\/v2\/media?parent=5977"}],"curies":[{"name":"wp","href":"https:\/\/api.w.org\/{rel}","templated":true}]}}