{"id":6672,"date":"2019-03-07T15:43:00","date_gmt":"2019-03-07T15:43:00","guid":{"rendered":"https:\/\/www.fumc.edu.co\/en\/?page_id=6672"},"modified":"2019-03-07T16:45:34","modified_gmt":"2019-03-07T16:45:34","slug":"english-week-historic-walking-tour-cali","status":"publish","type":"page","link":"https:\/\/www.fumc.edu.co\/en\/english-week-historic-walking-tour-cali\/","title":{"rendered":"Historic Walking Tour -Cali"},"content":{"rendered":"<p>[vc_row full_width=\u00bbstretch_row_content_no_spaces\u00bb][vc_column][vc_row_inner][vc_column_inner][vc_single_image image=\u00bb6631&#8243; img_size=\u00bbfull\u00bb][\/vc_column_inner][\/vc_row_inner][vc_empty_space][\/vc_column][\/vc_row][vc_row][vc_column][vc_row_inner][vc_column_inner][vc_column_text]<\/p>\n<h2 style=\"text-align: center;\">Historic Walking Tour &#8211; Cali<\/h2>\n<p>[\/vc_column_text][\/vc_column_inner][\/vc_row_inner][vc_column_text]Redescubre Cali con este recorrido guiado en ingl\u00e9s por los sitios m\u00e1s emblem\u00e1ticos del centro hist\u00f3rico de esta ciudad.<\/p>\n<p>Como parte del English Week, realizaremos este recorrido a pie de aproximadamente dos horas, en el cual veremos como la modernidad se mezcla con lo antiguo visitando la Plaza de Caicedo y de San Francisco. Recorreremos el centro hist\u00f3rico y les hablaremos de su fundaci\u00f3n en el siglo XVI y posteriores, tambi\u00e9n les contaremos toda la historia de la Ermita y los secretos y an\u00e9cdotas que esconde La Merced, incluso veremos los teatros m\u00e1s antiguos de Cali. Terminaremos en el Gato de Tejada y sus Gatas, Obras pl\u00e1sticas del Artistas Vallecaucanos, como emblema de la Cali Nueva.<\/p>\n<p>Si deseas participar, inscr\u00edbete dando clic sobre la imagen. Son 20 cupos disponibles que se asignar\u00e1n por sorteo.<\/p>\n<p>[\/vc_column_text][\/vc_column][\/vc_row][vc_row][vc_column width=\u00bb1\/2&#8243;][vc_column_text]<strong>Fecha:<\/strong> mi\u00e9rcoles 20 de marzo<\/p>\n<p><strong>Hora:<\/strong> 1:30 p.m.<\/p>\n<p><strong>Incluye:<\/strong><\/p>\n<ul>\n<li>Gu\u00eda en ingl\u00e9s<\/li>\n<li>Hidrataci\u00f3n y refrigerio<\/li>\n<\/ul>\n<p><strong>No incluye:\u00a0<\/strong>Propinas voluntarias, gastos, consumos y servicios no especificados en la salida cultural.<\/p>\n<p>*\u00a0<strong>S\u00e9 amigable con el medio ambiente, protege el patrimonio arquitect\u00f3nico y cultural*<\/strong>[\/vc_column_text][\/vc_column][vc_column width=\u00bb1\/2&#8243;][vc_empty_space][vc_empty_space][stm_icon_box icon=\u00bbfa-icon-stm_icon_doc_edit\u00bb icon_align=\u00bbleft\u00bb icon_color=\u00bb#ffffff\u00bb title=\u00bbInscripciones aqu\u00ed\u00bb link=\u00bburl:https%3A%2F%2Fforms.office.com%2FPages%2FResponsePage.aspx%3Fid%3D6bBsnA4cN0GsVGuhOJhO8qfLJN1ZBIJNjlL3JqWDD61UOERXVjQxMVRXWTUxMEVIR1MzOUFGQUU0WC4u||target:%20_blank|\u00bb box_bg_color=\u00bb#1e73be\u00bb box_text_color=\u00bb#ffffff\u00bb][\/stm_icon_box][\/vc_column][\/vc_row][vc_row][vc_column][vc_empty_space][\/vc_column][\/vc_row][vc_row][vc_column][vc_message]<\/p>\n<h2>Para tener en cuenta:<\/h2>\n<ul>\n<li>Usar zapatos y ropa c\u00f3moda.<\/li>\n<li>Prever dinero para consumos no especificados.<\/li>\n<li>Porta siempre tus documentos de identidad originales.<\/li>\n<\/ul>\n<p>[\/vc_message][\/vc_column][\/vc_row]<\/p>\n","protected":false},"excerpt":{"rendered":"<p>[vc_row full_width=\u00bbstretch_row_content_no_spaces\u00bb][vc_column][vc_row_inner][vc_column_inner][vc_single_image image=\u00bb6631&#8243; img_size=\u00bbfull\u00bb][\/vc_column_inner][\/vc_row_inner][vc_empty_space][\/vc_column][\/vc_row][vc_row][vc_column][vc_row_inner][vc_column_inner][vc_column_text] Historic Walking Tour &#8211; Cali [\/vc_column_text][\/vc_column_inner][\/vc_row_inner][vc_column_text]Redescubre Cali con este recorrido guiado en ingl\u00e9s por los sitios m\u00e1s emblem\u00e1ticos del centro hist\u00f3rico de esta ciudad. Como parte del English Week, realizaremos este recorrido a pie de aproximadamente dos horas, en el cual veremos como la modernidad se mezcla con lo antiguo visitando [&hellip;]<\/p>\n","protected":false},"author":5,"featured_media":0,"parent":0,"menu_order":0,"comment_status":"closed","ping_status":"closed","template":"","meta":{"footnotes":""},"yoast_head":"<!-- This site is optimized with the Yoast SEO plugin v18.4.1 - https:\/\/yoast.com\/wordpress\/plugins\/seo\/ -->\n<title>Historic Walking Tour -Cali - Maria Cano - en<\/title>\n<meta name=\"robots\" content=\"index, follow, max-snippet:-1, max-image-preview:large, max-video-preview:-1\" \/>\n<link rel=\"canonical\" href=\"https:\/\/www.fumc.edu.co\/en\/english-week-historic-walking-tour-cali\/\" \/>\n<meta property=\"og:locale\" content=\"es_ES\" \/>\n<meta property=\"og:type\" content=\"article\" \/>\n<meta property=\"og:title\" content=\"Historic Walking Tour -Cali - Maria Cano - en\" \/>\n<meta property=\"og:description\" content=\"[vc_row full_width=\u00bbstretch_row_content_no_spaces\u00bb][vc_column][vc_row_inner][vc_column_inner][vc_single_image image=\u00bb6631&#8243; img_size=\u00bbfull\u00bb][\/vc_column_inner][\/vc_row_inner][vc_empty_space][\/vc_column][\/vc_row][vc_row][vc_column][vc_row_inner][vc_column_inner][vc_column_text] Historic Walking Tour &#8211; Cali [\/vc_column_text][\/vc_column_inner][\/vc_row_inner][vc_column_text]Redescubre Cali con este recorrido guiado en ingl\u00e9s por los sitios m\u00e1s emblem\u00e1ticos del centro hist\u00f3rico de esta ciudad. Como parte del English Week, realizaremos este recorrido a pie de aproximadamente dos horas, en el cual veremos como la modernidad se mezcla con lo antiguo visitando [&hellip;]\" \/>\n<meta property=\"og:url\" content=\"https:\/\/www.fumc.edu.co\/en\/english-week-historic-walking-tour-cali\/\" \/>\n<meta property=\"og:site_name\" content=\"Maria Cano - en\" \/>\n<meta property=\"article:modified_time\" content=\"2019-03-07T16:45:34+00:00\" \/>\n<meta name=\"twitter:card\" content=\"summary\" \/>\n<meta name=\"twitter:label1\" content=\"Tiempo de lectura\" \/>\n\t<meta name=\"twitter:data1\" content=\"2 minutos\" \/>\n<script type=\"application\/ld+json\" class=\"yoast-schema-graph\">{\"@context\":\"https:\/\/schema.org\",\"@graph\":[{\"@type\":\"WebSite\",\"@id\":\"https:\/\/www.fumc.edu.co\/en\/#website\",\"url\":\"https:\/\/www.fumc.edu.co\/en\/\",\"name\":\"Maria Cano - en\",\"description\":\"Otro sitio realizado con WordPress\",\"potentialAction\":[{\"@type\":\"SearchAction\",\"target\":{\"@type\":\"EntryPoint\",\"urlTemplate\":\"https:\/\/www.fumc.edu.co\/en\/?s={search_term_string}\"},\"query-input\":\"required name=search_term_string\"}],\"inLanguage\":\"es\"},{\"@type\":\"WebPage\",\"@id\":\"https:\/\/www.fumc.edu.co\/en\/english-week-historic-walking-tour-cali\/#webpage\",\"url\":\"https:\/\/www.fumc.edu.co\/en\/english-week-historic-walking-tour-cali\/\",\"name\":\"Historic Walking Tour -Cali - Maria Cano - en\",\"isPartOf\":{\"@id\":\"https:\/\/www.fumc.edu.co\/en\/#website\"},\"datePublished\":\"2019-03-07T15:43:00+00:00\",\"dateModified\":\"2019-03-07T16:45:34+00:00\",\"breadcrumb\":{\"@id\":\"https:\/\/www.fumc.edu.co\/en\/english-week-historic-walking-tour-cali\/#breadcrumb\"},\"inLanguage\":\"es\",\"potentialAction\":[{\"@type\":\"ReadAction\",\"target\":[\"https:\/\/www.fumc.edu.co\/en\/english-week-historic-walking-tour-cali\/\"]}]},{\"@type\":\"BreadcrumbList\",\"@id\":\"https:\/\/www.fumc.edu.co\/en\/english-week-historic-walking-tour-cali\/#breadcrumb\",\"itemListElement\":[{\"@type\":\"ListItem\",\"position\":1,\"name\":\"Portada\",\"item\":\"https:\/\/www.fumc.edu.co\/en\/\"},{\"@type\":\"ListItem\",\"position\":2,\"name\":\"Historic Walking Tour -Cali\"}]}]}<\/script>\n<!-- \/ Yoast SEO plugin. -->","yoast_head_json":{"title":"Historic Walking Tour -Cali - Maria Cano - en","robots":{"index":"index","follow":"follow","max-snippet":"max-snippet:-1","max-image-preview":"max-image-preview:large","max-video-preview":"max-video-preview:-1"},"canonical":"https:\/\/www.fumc.edu.co\/en\/english-week-historic-walking-tour-cali\/","og_locale":"es_ES","og_type":"article","og_title":"Historic Walking Tour -Cali - Maria Cano - en","og_description":"[vc_row full_width=\u00bbstretch_row_content_no_spaces\u00bb][vc_column][vc_row_inner][vc_column_inner][vc_single_image image=\u00bb6631&#8243; img_size=\u00bbfull\u00bb][\/vc_column_inner][\/vc_row_inner][vc_empty_space][\/vc_column][\/vc_row][vc_row][vc_column][vc_row_inner][vc_column_inner][vc_column_text] Historic Walking Tour &#8211; Cali [\/vc_column_text][\/vc_column_inner][\/vc_row_inner][vc_column_text]Redescubre Cali con este recorrido guiado en ingl\u00e9s por los sitios m\u00e1s emblem\u00e1ticos del centro hist\u00f3rico de esta ciudad. Como parte del English Week, realizaremos este recorrido a pie de aproximadamente dos horas, en el cual veremos como la modernidad se mezcla con lo antiguo visitando [&hellip;]","og_url":"https:\/\/www.fumc.edu.co\/en\/english-week-historic-walking-tour-cali\/","og_site_name":"Maria Cano - en","article_modified_time":"2019-03-07T16:45:34+00:00","twitter_card":"summary","twitter_misc":{"Tiempo de lectura":"2 minutos"},"schema":{"@context":"https:\/\/schema.org","@graph":[{"@type":"WebSite","@id":"https:\/\/www.fumc.edu.co\/en\/#website","url":"https:\/\/www.fumc.edu.co\/en\/","name":"Maria Cano - en","description":"Otro sitio realizado con WordPress","potentialAction":[{"@type":"SearchAction","target":{"@type":"EntryPoint","urlTemplate":"https:\/\/www.fumc.edu.co\/en\/?s={search_term_string}"},"query-input":"required name=search_term_string"}],"inLanguage":"es"},{"@type":"WebPage","@id":"https:\/\/www.fumc.edu.co\/en\/english-week-historic-walking-tour-cali\/#webpage","url":"https:\/\/www.fumc.edu.co\/en\/english-week-historic-walking-tour-cali\/","name":"Historic Walking Tour -Cali - Maria Cano - en","isPartOf":{"@id":"https:\/\/www.fumc.edu.co\/en\/#website"},"datePublished":"2019-03-07T15:43:00+00:00","dateModified":"2019-03-07T16:45:34+00:00","breadcrumb":{"@id":"https:\/\/www.fumc.edu.co\/en\/english-week-historic-walking-tour-cali\/#breadcrumb"},"inLanguage":"es","potentialAction":[{"@type":"ReadAction","target":["https:\/\/www.fumc.edu.co\/en\/english-week-historic-walking-tour-cali\/"]}]},{"@type":"BreadcrumbList","@id":"https:\/\/www.fumc.edu.co\/en\/english-week-historic-walking-tour-cali\/#breadcrumb","itemListElement":[{"@type":"ListItem","position":1,"name":"Portada","item":"https:\/\/www.fumc.edu.co\/en\/"},{"@type":"ListItem","position":2,"name":"Historic Walking Tour -Cali"}]}]}},"_links":{"self":[{"href":"https:\/\/www.fumc.edu.co\/en\/wp-json\/wp\/v2\/pages\/6672"}],"collection":[{"href":"https:\/\/www.fumc.edu.co\/en\/wp-json\/wp\/v2\/pages"}],"about":[{"href":"https:\/\/www.fumc.edu.co\/en\/wp-json\/wp\/v2\/types\/page"}],"author":[{"embeddable":true,"href":"https:\/\/www.fumc.edu.co\/en\/wp-json\/wp\/v2\/users\/5"}],"replies":[{"embeddable":true,"href":"https:\/\/www.fumc.edu.co\/en\/wp-json\/wp\/v2\/comments?post=6672"}],"version-history":[{"count":0,"href":"https:\/\/www.fumc.edu.co\/en\/wp-json\/wp\/v2\/pages\/6672\/revisions"}],"wp:attachment":[{"href":"https:\/\/www.fumc.edu.co\/en\/wp-json\/wp\/v2\/media?parent=6672"}],"curies":[{"name":"wp","href":"https:\/\/api.w.org\/{rel}","templated":true}]}}