{"id":8713,"date":"2020-06-09T20:59:30","date_gmt":"2020-06-09T20:59:30","guid":{"rendered":"https:\/\/www.fumc.edu.co\/en\/?page_id=8713"},"modified":"2025-10-29T21:32:11","modified_gmt":"2025-10-29T21:32:11","slug":"fonoaudiologia2","status":"publish","type":"page","link":"https:\/\/www.fumc.edu.co\/en\/fonoaudiologia2\/","title":{"rendered":"Fonoaudiologia 2"},"content":{"rendered":"<p>[vc_row 0=\u00bb\u00bb][vc_column 0=\u00bb\u00bb][vc_column_text 0=\u00bb\u00bb]<\/p>\n<h1>Speech Pathology<\/h1>\n<p>[\/vc_column_text][vc_empty_space 0=\u00bb\u00bb][\/vc_column][\/vc_row][vc_row 0=\u00bb\u00bb][vc_column width=\u00bb1\/2&#8243;][vc_single_image image=\u00bb14863&#8243; img_size=\u00bbfull\u00bb onclick=\u00bbcustom_link\u00bb link=\u00bbhttps:\/\/www.fumc.edu.co\/en\/pregrado\/fonoaudiologia\/\u00bb][vc_separator style=\u00bbshadow\u00bb][\/vc_column][vc_column width=\u00bb1\/2&#8243;][vc_single_image image=\u00bb14864&#8243; img_size=\u00bbfull\u00bb onclick=\u00bbcustom_link\u00bb link=\u00bbhttps:\/\/www.fumc.edu.co\/en\/pregrado-fonoaudiologia-cali\/\u00bb][vc_separator style=\u00bbshadow\u00bb][\/vc_column][\/vc_row][vc_row 0=\u00bb\u00bb][vc_column width=\u00bb1\/2&#8243;][vc_single_image image=\u00bb14865&#8243; img_size=\u00bbfull\u00bb onclick=\u00bbcustom_link\u00bb link=\u00bbhttps:\/\/www.fumc.edu.co\/en\/pregrado-fonoaudiologia-neiva\/\u00bb][vc_separator style=\u00bbshadow\u00bb][\/vc_column][vc_column width=\u00bb1\/2&#8243;][vc_single_image image=\u00bb14866&#8243; img_size=\u00bbfull\u00bb onclick=\u00bbcustom_link\u00bb link=\u00bbhttps:\/\/www.fumc.edu.co\/en\/pregrado-fonoaudiologia-popayan\/\u00bb][vc_separator style=\u00bbshadow\u00bb][\/vc_column][\/vc_row][vc_row 0=\u00bb\u00bb][vc_column 0=\u00bb\u00bb][vc_empty_space 0=\u00bb\u00bb][\/vc_column][\/vc_row][vc_row 0=\u00bb\u00bb][vc_column 0=\u00bb\u00bb][vc_empty_space 0=\u00bb\u00bb][vc_row_inner 0=\u00bb\u00bb][vc_column_inner width=\u00bb1\/6&#8243;][\/vc_column_inner][vc_column_inner width=\u00bb2\/3&#8243;][vc_btn title=\u00bbQuality events\u00bb color=\u00bbinverse\u00bb size=\u00bblg\u00bb align=\u00bbcenter\u00bb i_icon_fontawesome=\u00bbfa fa-google-plus-square\u00bb button_block=\u00bbtrue\u00bb add_icon=\u00bbtrue\u00bb link=\u00bburl:https%3A%2F%2Fwww.fumc.edu.co%2Feventos-fonoaudiologia%2F|||\u00bb][\/vc_column_inner][vc_column_inner width=\u00bb1\/6&#8243;][\/vc_column_inner][\/vc_row_inner][vc_empty_space 0=\u00bb\u00bb][\/vc_column][\/vc_row][vc_row css=\u00bb.vc_custom_1612379576608{background-color: #c9c9c9 !important;}\u00bb][vc_column width=\u00bb1\/4&#8243;][vc_single_image image=\u00bb9376&#8243; img_size=\u00bb280&#215;300&#8243; onclick=\u00bbcustom_link\u00bb link=\u00bbhttps:\/\/20.232.9.141\/red-de-fonoaudiologia-mariacano\/\u00bb][\/vc_column][vc_column width=\u00bb3\/4&#8243;][vc_empty_space 0=\u00bb\u00bb][vc_empty_space 0=\u00bb\u00bb][vc_empty_space 0=\u00bb\u00bb][vc_column_text 0=\u00bb\u00bb]<\/p>\n<h3>La Red RIFONO\u00a0es un espacio pedag\u00f3gico de investigaci\u00f3n, desde el cual se busca generar una comunidad cient\u00edfica motivante y motivadora para los individuos, grupos y programas acad\u00e9micos.<\/h3>\n<h2 style=\"text-align: right;\"><a href=\"https:\/\/20.232.9.141\/red-de-fonoaudiologia-mariacano\/\"><strong>Ingresa aqu\u00ed<\/strong><\/a><\/h2>\n<p>[\/vc_column_text][\/vc_column][\/vc_row]<\/p>\n","protected":false},"excerpt":{"rendered":"<p>[vc_row 0=\u00bb\u00bb][vc_column 0=\u00bb\u00bb][vc_column_text 0=\u00bb\u00bb] Speech Pathology [\/vc_column_text][vc_empty_space 0=\u00bb\u00bb][\/vc_column][\/vc_row][vc_row 0=\u00bb\u00bb][vc_column width=\u00bb1\/2&#8243;][vc_single_image image=\u00bb14863&#8243; img_size=\u00bbfull\u00bb onclick=\u00bbcustom_link\u00bb link=\u00bbhttps:\/\/www.fumc.edu.co\/en\/pregrado\/fonoaudiologia\/\u00bb][vc_separator style=\u00bbshadow\u00bb][\/vc_column][vc_column width=\u00bb1\/2&#8243;][vc_single_image image=\u00bb14864&#8243; img_size=\u00bbfull\u00bb onclick=\u00bbcustom_link\u00bb link=\u00bbhttps:\/\/www.fumc.edu.co\/en\/pregrado-fonoaudiologia-cali\/\u00bb][vc_separator style=\u00bbshadow\u00bb][\/vc_column][\/vc_row][vc_row 0=\u00bb\u00bb][vc_column width=\u00bb1\/2&#8243;][vc_single_image image=\u00bb14865&#8243; img_size=\u00bbfull\u00bb onclick=\u00bbcustom_link\u00bb link=\u00bbhttps:\/\/www.fumc.edu.co\/en\/pregrado-fonoaudiologia-neiva\/\u00bb][vc_separator style=\u00bbshadow\u00bb][\/vc_column][vc_column width=\u00bb1\/2&#8243;][vc_single_image image=\u00bb14866&#8243; img_size=\u00bbfull\u00bb onclick=\u00bbcustom_link\u00bb link=\u00bbhttps:\/\/www.fumc.edu.co\/en\/pregrado-fonoaudiologia-popayan\/\u00bb][vc_separator style=\u00bbshadow\u00bb][\/vc_column][\/vc_row][vc_row 0=\u00bb\u00bb][vc_column 0=\u00bb\u00bb][vc_empty_space 0=\u00bb\u00bb][\/vc_column][\/vc_row][vc_row 0=\u00bb\u00bb][vc_column 0=\u00bb\u00bb][vc_empty_space 0=\u00bb\u00bb][vc_row_inner 0=\u00bb\u00bb][vc_column_inner width=\u00bb1\/6&#8243;][\/vc_column_inner][vc_column_inner width=\u00bb2\/3&#8243;][vc_btn title=\u00bbQuality events\u00bb color=\u00bbinverse\u00bb size=\u00bblg\u00bb align=\u00bbcenter\u00bb i_icon_fontawesome=\u00bbfa fa-google-plus-square\u00bb button_block=\u00bbtrue\u00bb add_icon=\u00bbtrue\u00bb link=\u00bburl:https%3A%2F%2Fwww.fumc.edu.co%2Feventos-fonoaudiologia%2F|||\u00bb][\/vc_column_inner][vc_column_inner width=\u00bb1\/6&#8243;][\/vc_column_inner][\/vc_row_inner][vc_empty_space 0=\u00bb\u00bb][\/vc_column][\/vc_row][vc_row [&hellip;]<\/p>\n","protected":false},"author":5,"featured_media":0,"parent":0,"menu_order":0,"comment_status":"closed","ping_status":"closed","template":"","meta":{"footnotes":""},"yoast_head":"<!-- This site is optimized with the Yoast SEO plugin v18.4.1 - https:\/\/yoast.com\/wordpress\/plugins\/seo\/ -->\n<title>Fonoaudiologia 2 - Maria Cano - en<\/title>\n<meta name=\"robots\" content=\"index, follow, max-snippet:-1, max-image-preview:large, max-video-preview:-1\" \/>\n<link rel=\"canonical\" href=\"https:\/\/www.fumc.edu.co\/en\/fonoaudiologia2\/\" \/>\n<meta property=\"og:locale\" content=\"es_ES\" \/>\n<meta property=\"og:type\" content=\"article\" \/>\n<meta property=\"og:title\" content=\"Fonoaudiologia 2 - Maria Cano - en\" \/>\n<meta property=\"og:description\" content=\"[vc_row 0=\u00bb\u00bb][vc_column 0=\u00bb\u00bb][vc_column_text 0=\u00bb\u00bb] Speech Pathology [\/vc_column_text][vc_empty_space 0=\u00bb\u00bb][\/vc_column][\/vc_row][vc_row 0=\u00bb\u00bb][vc_column width=\u00bb1\/2&#8243;][vc_single_image image=\u00bb14863&#8243; img_size=\u00bbfull\u00bb onclick=\u00bbcustom_link\u00bb link=\u00bbhttps:\/\/www.fumc.edu.co\/en\/pregrado\/fonoaudiologia\/\u00bb][vc_separator style=\u00bbshadow\u00bb][\/vc_column][vc_column width=\u00bb1\/2&#8243;][vc_single_image image=\u00bb14864&#8243; img_size=\u00bbfull\u00bb onclick=\u00bbcustom_link\u00bb link=\u00bbhttps:\/\/www.fumc.edu.co\/en\/pregrado-fonoaudiologia-cali\/\u00bb][vc_separator style=\u00bbshadow\u00bb][\/vc_column][\/vc_row][vc_row 0=\u00bb\u00bb][vc_column width=\u00bb1\/2&#8243;][vc_single_image image=\u00bb14865&#8243; img_size=\u00bbfull\u00bb onclick=\u00bbcustom_link\u00bb link=\u00bbhttps:\/\/www.fumc.edu.co\/en\/pregrado-fonoaudiologia-neiva\/\u00bb][vc_separator style=\u00bbshadow\u00bb][\/vc_column][vc_column width=\u00bb1\/2&#8243;][vc_single_image image=\u00bb14866&#8243; img_size=\u00bbfull\u00bb onclick=\u00bbcustom_link\u00bb link=\u00bbhttps:\/\/www.fumc.edu.co\/en\/pregrado-fonoaudiologia-popayan\/\u00bb][vc_separator style=\u00bbshadow\u00bb][\/vc_column][\/vc_row][vc_row 0=\u00bb\u00bb][vc_column 0=\u00bb\u00bb][vc_empty_space 0=\u00bb\u00bb][\/vc_column][\/vc_row][vc_row 0=\u00bb\u00bb][vc_column 0=\u00bb\u00bb][vc_empty_space 0=\u00bb\u00bb][vc_row_inner 0=\u00bb\u00bb][vc_column_inner width=\u00bb1\/6&#8243;][\/vc_column_inner][vc_column_inner width=\u00bb2\/3&#8243;][vc_btn title=\u00bbQuality events\u00bb color=\u00bbinverse\u00bb size=\u00bblg\u00bb align=\u00bbcenter\u00bb i_icon_fontawesome=\u00bbfa fa-google-plus-square\u00bb button_block=\u00bbtrue\u00bb add_icon=\u00bbtrue\u00bb link=\u00bburl:https%3A%2F%2Fwww.fumc.edu.co%2Feventos-fonoaudiologia%2F|||\u00bb][\/vc_column_inner][vc_column_inner width=\u00bb1\/6&#8243;][\/vc_column_inner][\/vc_row_inner][vc_empty_space 0=\u00bb\u00bb][\/vc_column][\/vc_row][vc_row [&hellip;]\" \/>\n<meta property=\"og:url\" content=\"https:\/\/www.fumc.edu.co\/en\/fonoaudiologia2\/\" \/>\n<meta property=\"og:site_name\" content=\"Maria Cano - en\" \/>\n<meta property=\"article:modified_time\" content=\"2025-10-29T21:32:11+00:00\" \/>\n<meta name=\"twitter:card\" content=\"summary\" \/>\n<meta name=\"twitter:label1\" content=\"Tiempo de lectura\" \/>\n\t<meta name=\"twitter:data1\" content=\"1 minuto\" \/>\n<script type=\"application\/ld+json\" class=\"yoast-schema-graph\">{\"@context\":\"https:\/\/schema.org\",\"@graph\":[{\"@type\":\"WebSite\",\"@id\":\"https:\/\/www.fumc.edu.co\/en\/#website\",\"url\":\"https:\/\/www.fumc.edu.co\/en\/\",\"name\":\"Maria Cano - en\",\"description\":\"Otro sitio realizado con WordPress\",\"potentialAction\":[{\"@type\":\"SearchAction\",\"target\":{\"@type\":\"EntryPoint\",\"urlTemplate\":\"https:\/\/www.fumc.edu.co\/en\/?s={search_term_string}\"},\"query-input\":\"required name=search_term_string\"}],\"inLanguage\":\"es\"},{\"@type\":\"WebPage\",\"@id\":\"https:\/\/www.fumc.edu.co\/en\/fonoaudiologia2\/#webpage\",\"url\":\"https:\/\/www.fumc.edu.co\/en\/fonoaudiologia2\/\",\"name\":\"Fonoaudiologia 2 - Maria Cano - en\",\"isPartOf\":{\"@id\":\"https:\/\/www.fumc.edu.co\/en\/#website\"},\"datePublished\":\"2020-06-09T20:59:30+00:00\",\"dateModified\":\"2025-10-29T21:32:11+00:00\",\"breadcrumb\":{\"@id\":\"https:\/\/www.fumc.edu.co\/en\/fonoaudiologia2\/#breadcrumb\"},\"inLanguage\":\"es\",\"potentialAction\":[{\"@type\":\"ReadAction\",\"target\":[\"https:\/\/www.fumc.edu.co\/en\/fonoaudiologia2\/\"]}]},{\"@type\":\"BreadcrumbList\",\"@id\":\"https:\/\/www.fumc.edu.co\/en\/fonoaudiologia2\/#breadcrumb\",\"itemListElement\":[{\"@type\":\"ListItem\",\"position\":1,\"name\":\"Portada\",\"item\":\"https:\/\/www.fumc.edu.co\/en\/\"},{\"@type\":\"ListItem\",\"position\":2,\"name\":\"Fonoaudiologia 2\"}]}]}<\/script>\n<!-- \/ Yoast SEO plugin. -->","yoast_head_json":{"title":"Fonoaudiologia 2 - Maria Cano - en","robots":{"index":"index","follow":"follow","max-snippet":"max-snippet:-1","max-image-preview":"max-image-preview:large","max-video-preview":"max-video-preview:-1"},"canonical":"https:\/\/www.fumc.edu.co\/en\/fonoaudiologia2\/","og_locale":"es_ES","og_type":"article","og_title":"Fonoaudiologia 2 - Maria Cano - en","og_description":"[vc_row 0=\u00bb\u00bb][vc_column 0=\u00bb\u00bb][vc_column_text 0=\u00bb\u00bb] Speech Pathology [\/vc_column_text][vc_empty_space 0=\u00bb\u00bb][\/vc_column][\/vc_row][vc_row 0=\u00bb\u00bb][vc_column width=\u00bb1\/2&#8243;][vc_single_image image=\u00bb14863&#8243; img_size=\u00bbfull\u00bb onclick=\u00bbcustom_link\u00bb link=\u00bbhttps:\/\/www.fumc.edu.co\/en\/pregrado\/fonoaudiologia\/\u00bb][vc_separator style=\u00bbshadow\u00bb][\/vc_column][vc_column width=\u00bb1\/2&#8243;][vc_single_image image=\u00bb14864&#8243; img_size=\u00bbfull\u00bb onclick=\u00bbcustom_link\u00bb link=\u00bbhttps:\/\/www.fumc.edu.co\/en\/pregrado-fonoaudiologia-cali\/\u00bb][vc_separator style=\u00bbshadow\u00bb][\/vc_column][\/vc_row][vc_row 0=\u00bb\u00bb][vc_column width=\u00bb1\/2&#8243;][vc_single_image image=\u00bb14865&#8243; img_size=\u00bbfull\u00bb onclick=\u00bbcustom_link\u00bb link=\u00bbhttps:\/\/www.fumc.edu.co\/en\/pregrado-fonoaudiologia-neiva\/\u00bb][vc_separator style=\u00bbshadow\u00bb][\/vc_column][vc_column width=\u00bb1\/2&#8243;][vc_single_image image=\u00bb14866&#8243; img_size=\u00bbfull\u00bb onclick=\u00bbcustom_link\u00bb link=\u00bbhttps:\/\/www.fumc.edu.co\/en\/pregrado-fonoaudiologia-popayan\/\u00bb][vc_separator style=\u00bbshadow\u00bb][\/vc_column][\/vc_row][vc_row 0=\u00bb\u00bb][vc_column 0=\u00bb\u00bb][vc_empty_space 0=\u00bb\u00bb][\/vc_column][\/vc_row][vc_row 0=\u00bb\u00bb][vc_column 0=\u00bb\u00bb][vc_empty_space 0=\u00bb\u00bb][vc_row_inner 0=\u00bb\u00bb][vc_column_inner width=\u00bb1\/6&#8243;][\/vc_column_inner][vc_column_inner width=\u00bb2\/3&#8243;][vc_btn title=\u00bbQuality events\u00bb color=\u00bbinverse\u00bb size=\u00bblg\u00bb align=\u00bbcenter\u00bb i_icon_fontawesome=\u00bbfa fa-google-plus-square\u00bb button_block=\u00bbtrue\u00bb add_icon=\u00bbtrue\u00bb link=\u00bburl:https%3A%2F%2Fwww.fumc.edu.co%2Feventos-fonoaudiologia%2F|||\u00bb][\/vc_column_inner][vc_column_inner width=\u00bb1\/6&#8243;][\/vc_column_inner][\/vc_row_inner][vc_empty_space 0=\u00bb\u00bb][\/vc_column][\/vc_row][vc_row [&hellip;]","og_url":"https:\/\/www.fumc.edu.co\/en\/fonoaudiologia2\/","og_site_name":"Maria Cano - en","article_modified_time":"2025-10-29T21:32:11+00:00","twitter_card":"summary","twitter_misc":{"Tiempo de lectura":"1 minuto"},"schema":{"@context":"https:\/\/schema.org","@graph":[{"@type":"WebSite","@id":"https:\/\/www.fumc.edu.co\/en\/#website","url":"https:\/\/www.fumc.edu.co\/en\/","name":"Maria Cano - en","description":"Otro sitio realizado con WordPress","potentialAction":[{"@type":"SearchAction","target":{"@type":"EntryPoint","urlTemplate":"https:\/\/www.fumc.edu.co\/en\/?s={search_term_string}"},"query-input":"required name=search_term_string"}],"inLanguage":"es"},{"@type":"WebPage","@id":"https:\/\/www.fumc.edu.co\/en\/fonoaudiologia2\/#webpage","url":"https:\/\/www.fumc.edu.co\/en\/fonoaudiologia2\/","name":"Fonoaudiologia 2 - Maria Cano - en","isPartOf":{"@id":"https:\/\/www.fumc.edu.co\/en\/#website"},"datePublished":"2020-06-09T20:59:30+00:00","dateModified":"2025-10-29T21:32:11+00:00","breadcrumb":{"@id":"https:\/\/www.fumc.edu.co\/en\/fonoaudiologia2\/#breadcrumb"},"inLanguage":"es","potentialAction":[{"@type":"ReadAction","target":["https:\/\/www.fumc.edu.co\/en\/fonoaudiologia2\/"]}]},{"@type":"BreadcrumbList","@id":"https:\/\/www.fumc.edu.co\/en\/fonoaudiologia2\/#breadcrumb","itemListElement":[{"@type":"ListItem","position":1,"name":"Portada","item":"https:\/\/www.fumc.edu.co\/en\/"},{"@type":"ListItem","position":2,"name":"Fonoaudiologia 2"}]}]}},"_links":{"self":[{"href":"https:\/\/www.fumc.edu.co\/en\/wp-json\/wp\/v2\/pages\/8713"}],"collection":[{"href":"https:\/\/www.fumc.edu.co\/en\/wp-json\/wp\/v2\/pages"}],"about":[{"href":"https:\/\/www.fumc.edu.co\/en\/wp-json\/wp\/v2\/types\/page"}],"author":[{"embeddable":true,"href":"https:\/\/www.fumc.edu.co\/en\/wp-json\/wp\/v2\/users\/5"}],"replies":[{"embeddable":true,"href":"https:\/\/www.fumc.edu.co\/en\/wp-json\/wp\/v2\/comments?post=8713"}],"version-history":[{"count":0,"href":"https:\/\/www.fumc.edu.co\/en\/wp-json\/wp\/v2\/pages\/8713\/revisions"}],"wp:attachment":[{"href":"https:\/\/www.fumc.edu.co\/en\/wp-json\/wp\/v2\/media?parent=8713"}],"curies":[{"name":"wp","href":"https:\/\/api.w.org\/{rel}","templated":true}]}}